{"id":872,"date":"2015-03-16T12:50:42","date_gmt":"2015-03-16T12:50:42","guid":{"rendered":"http:\/\/blogsaverroes.juntadeandalucia.es\/pre\/ceip\/?page_id=120"},"modified":"2019-11-27T16:25:09","modified_gmt":"2019-11-27T16:25:09","slug":"contactar","status":"publish","type":"page","link":"https:\/\/blogsaverroes.juntadeandalucia.es\/soledadalonsodrysdale\/contactar\/","title":{"rendered":"Contactar"},"content":{"rendered":"<table class=\" aligncenter\" style=\"width: 540px\">\n<tbody>\n<tr>\n<td style=\"width: 169px;text-align: center\"><strong>C\u00f3digo centro<\/strong><\/td>\n<td style=\"width: 355px\">04002593<\/td>\n<\/tr>\n<tr>\n<td style=\"width: 169px;text-align: center\"><strong>Tel\u00e9fono<\/strong><\/td>\n<td style=\"width: 355px\">950 15 66 70<\/td>\n<\/tr>\n<tr>\n<td style=\"width: 169px;text-align: center\"><strong>Fax<\/strong><\/td>\n<td style=\"width: 355px\">950 15 67 10<\/td>\n<\/tr>\n<tr>\n<td style=\"width: 169px;text-align: center\"><strong>E-mail<\/strong><\/td>\n<td style=\"width: 355px\">04002593.edu@juntadeandalucia.es<\/p>\n<p>ceipgador@gmail.com<\/td>\n<\/tr>\n<tr>\n<td style=\"width: 169px;text-align: center\"><strong>Direcci\u00f3n<\/strong><\/td>\n<td style=\"width: 355px\">Calle La Paz, 11; G\u00e1dor (Almer\u00eda); 04560<\/td>\n<\/tr>\n<\/tbody>\n<\/table>\n<p>&nbsp;<br \/>\n&nbsp;<br \/>\n<div id=\"wpgmza_map\" class=\"wpgmza_map\" data-settings='{\"id\":\"1\",\"map_title\":\"ubicaci\\u00f3n colegio\",\"map_width\":\"100\",\"map_height\":\"400\",\"map_start_lat\":\"36.846767\",\"map_start_lng\":\"-2.469141\",\"map_start_location\":\"36.846767,-2.469141000000036\",\"map_start_zoom\":\"13\",\"default_marker\":\"0\",\"type\":\"1\",\"alignment\":\"1\",\"directions_enabled\":\"1\",\"styling_enabled\":\"0\",\"styling_json\":\"\",\"active\":\"0\",\"kml\":\"\",\"bicycle\":\"0\",\"traffic\":\"0\",\"dbox\":\"1\",\"dbox_width\":\"100\",\"listmarkers\":\"0\",\"listmarkers_advanced\":\"0\",\"filterbycat\":\"0\",\"ugm_enabled\":\"0\",\"ugm_category_enabled\":\"0\",\"fusion\":\"\",\"map_width_type\":\"\\\\%\",\"map_height_type\":\"px\",\"mass_marker_support\":\"1\",\"ugm_access\":\"0\",\"order_markers_by\":\"1\",\"order_markers_choice\":\"2\",\"show_user_location\":\"0\",\"default_to\":\"\",\"other_settings\":{\"store_locator_enabled\":2,\"store_locator_distance\":2,\"store_locator_default_radius\":\"10\",\"store_locator_not_found_message\":\"No results found in this location. Please try again.\",\"store_locator_bounce\":1,\"store_locator_query_string\":\"ZIP \\\/ C\\u00f3digo Postal \\\/ Direcci\\u00f3n\",\"store_locator_default_address\":\"\",\"wpgmza_store_locator_restrict\":\"\",\"map_max_zoom\":\"1\",\"transport_layer\":0,\"wpgmza_theme_data\":\"\",\"wpgmza_show_points_of_interest\":1}}' data-map-id='1' Data-maps-engine='' data-shortcode-attributes='{\"id\":\"1\"}' style=\"display:block; overflow:auto; width:100%; height:400px; float:left;\"><\/div><\/p>\n","protected":false},"excerpt":{"rendered":"<p>C\u00f3digo centro 04002593 Tel\u00e9fono 950 15 66 70 Fax 950 15 67 10 E-mail 04002593.edu@juntadeandalucia.es ceipgador@gmail.com Direcci\u00f3n Calle La Paz, 11; G\u00e1dor (Almer\u00eda); 04560 &nbsp; &nbsp;<\/p>\n","protected":false},"author":1,"featured_media":0,"parent":0,"menu_order":0,"comment_status":"open","ping_status":"open","template":"","meta":{"ngg_post_thumbnail":0,"footnotes":"","_mc_calendar":[]},"aioseo_notices":[],"_links":{"self":[{"href":"https:\/\/blogsaverroes.juntadeandalucia.es\/soledadalonsodrysdale\/wp-json\/wp\/v2\/pages\/872"}],"collection":[{"href":"https:\/\/blogsaverroes.juntadeandalucia.es\/soledadalonsodrysdale\/wp-json\/wp\/v2\/pages"}],"about":[{"href":"https:\/\/blogsaverroes.juntadeandalucia.es\/soledadalonsodrysdale\/wp-json\/wp\/v2\/types\/page"}],"author":[{"embeddable":true,"href":"https:\/\/blogsaverroes.juntadeandalucia.es\/soledadalonsodrysdale\/wp-json\/wp\/v2\/users\/1"}],"replies":[{"embeddable":true,"href":"https:\/\/blogsaverroes.juntadeandalucia.es\/soledadalonsodrysdale\/wp-json\/wp\/v2\/comments?post=872"}],"version-history":[{"count":15,"href":"https:\/\/blogsaverroes.juntadeandalucia.es\/soledadalonsodrysdale\/wp-json\/wp\/v2\/pages\/872\/revisions"}],"predecessor-version":[{"id":2414,"href":"https:\/\/blogsaverroes.juntadeandalucia.es\/soledadalonsodrysdale\/wp-json\/wp\/v2\/pages\/872\/revisions\/2414"}],"wp:attachment":[{"href":"https:\/\/blogsaverroes.juntadeandalucia.es\/soledadalonsodrysdale\/wp-json\/wp\/v2\/media?parent=872"}],"curies":[{"name":"wp","href":"https:\/\/api.w.org\/{rel}","templated":true}]}}