{"id":194,"date":"2023-03-27T19:34:13","date_gmt":"2023-03-27T19:34:13","guid":{"rendered":"https:\/\/blogsaverroes.juntadeandalucia.es\/solfeamos\/?page_id=194"},"modified":"2023-03-28T14:59:16","modified_gmt":"2023-03-28T14:59:16","slug":"4o-primaria-tema-4","status":"publish","type":"page","link":"https:\/\/blogsaverroes.juntadeandalucia.es\/solfeamos\/4o-primaria-tema-4\/","title":{"rendered":"4\u00ba PRIMARIA  TEMA 4   Compositores importantes"},"content":{"rendered":"<p><strong>Buenos d\u00edas alumn@s:<\/strong><\/p>\n<p>Aqu\u00ed ten\u00e9is la teor\u00eda sobre los compositores que hemos vista en clase y que deb\u00e9is tener copiada en vuestro cuaderno justo despu\u00e9s de la portada.<\/p>\n<p>&nbsp;<\/p>\n<p>&nbsp;<\/p>\n<p style=\"text-align: center\"><span style=\"font-family: 'trebuchet ms', geneva, sans-serif;font-size: 24pt;color: #339966\"><strong>PARTITURA DE FLAUTA: NOTAS MI y FA<\/strong><\/span><\/p>\n<p>Esta es la nueva partitura de flauta que vamos a trabajar. En ella recordamos posiciones antiguas y dos nuevas: nota mi y nota fa.<\/p>\n<p style=\"text-align: center\"><a href=\"https:\/\/blogsaverroes.juntadeandalucia.es\/solfeamos\/files\/2023\/03\/2023-03-28.png\"><img loading=\"lazy\" decoding=\"async\" class=\"alignnone size-medium wp-image-251\" src=\"https:\/\/blogsaverroes.juntadeandalucia.es\/solfeamos\/files\/2023\/03\/2023-03-28-300x169.png\" alt=\"\" width=\"300\" height=\"169\" srcset=\"https:\/\/blogsaverroes.juntadeandalucia.es\/solfeamos\/files\/2023\/03\/2023-03-28-300x169.png 300w, https:\/\/blogsaverroes.juntadeandalucia.es\/solfeamos\/files\/2023\/03\/2023-03-28-1024x576.png 1024w, https:\/\/blogsaverroes.juntadeandalucia.es\/solfeamos\/files\/2023\/03\/2023-03-28-768x432.png 768w, https:\/\/blogsaverroes.juntadeandalucia.es\/solfeamos\/files\/2023\/03\/2023-03-28.png 1366w\" sizes=\"(max-width: 300px) 100vw, 300px\" \/><\/a><\/p>\n","protected":false},"excerpt":{"rendered":"<p>Buenos d\u00edas alumn@s: Aqu\u00ed ten\u00e9is la teor\u00eda sobre los compositores que hemos vista en clase y que deb\u00e9is tener copiada en vuestro cuaderno justo despu\u00e9s de la portada. &nbsp; &nbsp; PARTITURA DE FLAUTA: NOTAS&#46;&#46;&#46;<\/p>\n","protected":false},"author":16968,"featured_media":0,"parent":0,"menu_order":0,"comment_status":"closed","ping_status":"closed","template":"","meta":{"ngg_post_thumbnail":0,"footnotes":""},"aioseo_notices":[],"_links":{"self":[{"href":"https:\/\/blogsaverroes.juntadeandalucia.es\/solfeamos\/wp-json\/wp\/v2\/pages\/194"}],"collection":[{"href":"https:\/\/blogsaverroes.juntadeandalucia.es\/solfeamos\/wp-json\/wp\/v2\/pages"}],"about":[{"href":"https:\/\/blogsaverroes.juntadeandalucia.es\/solfeamos\/wp-json\/wp\/v2\/types\/page"}],"author":[{"embeddable":true,"href":"https:\/\/blogsaverroes.juntadeandalucia.es\/solfeamos\/wp-json\/wp\/v2\/users\/16968"}],"replies":[{"embeddable":true,"href":"https:\/\/blogsaverroes.juntadeandalucia.es\/solfeamos\/wp-json\/wp\/v2\/comments?post=194"}],"version-history":[{"count":5,"href":"https:\/\/blogsaverroes.juntadeandalucia.es\/solfeamos\/wp-json\/wp\/v2\/pages\/194\/revisions"}],"predecessor-version":[{"id":255,"href":"https:\/\/blogsaverroes.juntadeandalucia.es\/solfeamos\/wp-json\/wp\/v2\/pages\/194\/revisions\/255"}],"wp:attachment":[{"href":"https:\/\/blogsaverroes.juntadeandalucia.es\/solfeamos\/wp-json\/wp\/v2\/media?parent=194"}],"curies":[{"name":"wp","href":"https:\/\/api.w.org\/{rel}","templated":true}]}}