{"id":215,"date":"2023-03-27T19:37:19","date_gmt":"2023-03-27T19:37:19","guid":{"rendered":"https:\/\/blogsaverroes.juntadeandalucia.es\/solfeamos\/?page_id=215"},"modified":"2024-05-03T15:50:04","modified_gmt":"2024-05-03T15:50:04","slug":"6o-primaria-tema-5","status":"publish","type":"page","link":"https:\/\/blogsaverroes.juntadeandalucia.es\/solfeamos\/6o-primaria-tema-5\/","title":{"rendered":"6\u00ba PRIMARIA  TEMA 5 POLIRRITMIA Y POLIFON\u00cdA"},"content":{"rendered":"<p style=\"text-align: center\"><span style=\"color: #ff0000;font-size: 36pt\"><strong>PORTADAS<\/strong><\/span><\/p>\n<p><a href=\"https:\/\/blogsaverroes.juntadeandalucia.es\/solfeamos\/files\/2024\/04\/1713976280097-scaled.jpg\"><img loading=\"lazy\" decoding=\"async\" class=\"alignnone wp-image-445\" src=\"https:\/\/blogsaverroes.juntadeandalucia.es\/solfeamos\/files\/2024\/04\/1713976280097-225x300.jpg\" alt=\"\" width=\"268\" height=\"358\" srcset=\"https:\/\/blogsaverroes.juntadeandalucia.es\/solfeamos\/files\/2024\/04\/1713976280097-225x300.jpg 225w, https:\/\/blogsaverroes.juntadeandalucia.es\/solfeamos\/files\/2024\/04\/1713976280097-768x1024.jpg 768w, https:\/\/blogsaverroes.juntadeandalucia.es\/solfeamos\/files\/2024\/04\/1713976280097-1152x1536.jpg 1152w, https:\/\/blogsaverroes.juntadeandalucia.es\/solfeamos\/files\/2024\/04\/1713976280097-1536x2048.jpg 1536w, https:\/\/blogsaverroes.juntadeandalucia.es\/solfeamos\/files\/2024\/04\/1713976280097-scaled.jpg 1920w\" sizes=\"(max-width: 268px) 100vw, 268px\" \/><\/a> <a href=\"https:\/\/blogsaverroes.juntadeandalucia.es\/solfeamos\/files\/2024\/04\/1713976280089-scaled.jpg\"><img loading=\"lazy\" decoding=\"async\" class=\"alignnone wp-image-446\" src=\"https:\/\/blogsaverroes.juntadeandalucia.es\/solfeamos\/files\/2024\/04\/1713976280089-225x300.jpg\" alt=\"\" width=\"269\" height=\"358\" srcset=\"https:\/\/blogsaverroes.juntadeandalucia.es\/solfeamos\/files\/2024\/04\/1713976280089-225x300.jpg 225w, https:\/\/blogsaverroes.juntadeandalucia.es\/solfeamos\/files\/2024\/04\/1713976280089-768x1024.jpg 768w, https:\/\/blogsaverroes.juntadeandalucia.es\/solfeamos\/files\/2024\/04\/1713976280089-1152x1536.jpg 1152w, https:\/\/blogsaverroes.juntadeandalucia.es\/solfeamos\/files\/2024\/04\/1713976280089-1536x2048.jpg 1536w, https:\/\/blogsaverroes.juntadeandalucia.es\/solfeamos\/files\/2024\/04\/1713976280089-scaled.jpg 1920w\" sizes=\"(max-width: 269px) 100vw, 269px\" \/><\/a> <a href=\"https:\/\/blogsaverroes.juntadeandalucia.es\/solfeamos\/files\/2024\/04\/1713976280076-scaled.jpg\"><img loading=\"lazy\" decoding=\"async\" class=\"alignnone wp-image-447\" src=\"https:\/\/blogsaverroes.juntadeandalucia.es\/solfeamos\/files\/2024\/04\/1713976280076-225x300.jpg\" alt=\"\" width=\"269\" height=\"359\" srcset=\"https:\/\/blogsaverroes.juntadeandalucia.es\/solfeamos\/files\/2024\/04\/1713976280076-225x300.jpg 225w, https:\/\/blogsaverroes.juntadeandalucia.es\/solfeamos\/files\/2024\/04\/1713976280076-768x1024.jpg 768w, https:\/\/blogsaverroes.juntadeandalucia.es\/solfeamos\/files\/2024\/04\/1713976280076-1152x1536.jpg 1152w, https:\/\/blogsaverroes.juntadeandalucia.es\/solfeamos\/files\/2024\/04\/1713976280076-1536x2048.jpg 1536w, https:\/\/blogsaverroes.juntadeandalucia.es\/solfeamos\/files\/2024\/04\/1713976280076-scaled.jpg 1920w\" sizes=\"(max-width: 269px) 100vw, 269px\" \/><\/a><\/p>\n<p><span style=\"font-size: 18pt\"><strong><span style=\"color: #000080\">1. DEFICINI\u00d3N DE POLIRRITMIA Y POLIFON\u00cdA<\/span><\/strong><\/span><\/p>\n<p><a href=\"https:\/\/blogsaverroes.juntadeandalucia.es\/solfeamos\/files\/2024\/04\/TEORIA-DE-PILIRRITMIA-Y-EJEMPLOS.pdf\">TEOR\u00cdA DE PILIRRITMIA Y EJEMPLOS<\/a><\/p>\n<p>&nbsp;<\/p>\n<p><strong><span style=\"color: #ff0000;font-size: 18pt\">RITMO A DOS MANOS<\/span><\/strong><\/p>\n<p><a href=\"https:\/\/www.musilandia.org\/ritmosadosmanos\">https:\/\/www.musilandia.org\/ritmosadosmanos<\/a><\/p>\n<p><span style=\"font-size: 14pt\"><strong><span style=\"color: #008000\">Ejercicios ritmo a dos manos: FICHAS<\/span><\/strong><\/span><\/p>\n<p><a href=\"https:\/\/blogsaverroes.juntadeandalucia.es\/solfeamos\/files\/2024\/05\/Ejercicios-Ritmicos-3.-MusiLandia.pdf\">Ejercicios R\u00edtmicos 3. MusiLandia<\/a><\/p>\n<p>ejercicios r\u00edtmicos musilandia 4:<\/p>\n<p><iframe loading=\"lazy\" src=\"https:\/\/drive.google.com\/file\/d\/1Q6ndxBX3muv11DilkI3f7qmVBeox4Y1O\/preview\" width=\"640\" height=\"480\"><\/iframe><\/p>\n<p><a href=\"https:\/\/blogsaverroes.juntadeandalucia.es\/solfeamos\/files\/2024\/04\/Ejercicios-Ritmicos-6.-MusiLandia-1.pdf\">Ejercicios R\u00edtmicos 6. MusiLandia<\/a>&nbsp; &nbsp;<span style=\"font-size: 18pt\"><strong><span style=\"color: #ff0000\">ATENCI\u00d3N:<\/span><\/strong><\/span>&nbsp; <span style=\"color: #ff0000\">S\u00f3lo practicamos el n\u00famero 22<\/span><\/p>\n<p>&nbsp;<\/p>\n<p><span style=\"font-size: 18pt;color: #000080\"><strong>2. EJERCICIO RITMICO&nbsp; 2, 3, 4 GRUPOS.<\/strong><\/span><\/p>\n<p><span style=\"font-size: 18pt;color: #000080\"><strong>3.&nbsp;<\/strong><\/span><span style=\"color: #000080;font-size: 24px\">Ejercicio practico hacer una polirr\u00edtmia. Ficha para imprimir.<\/span><\/p>\n<p><span style=\"font-size: 18pt;color: #000080\">4.&nbsp;<\/span><strong style=\"color: #000080;font-size: 18pt\">POLIFON\u00cdA DE DOS FLAUTAS.<\/strong><\/p>\n<p><a href=\"https:\/\/www.youtube.com\/watch?v=5kbctcAsr6Y&amp;t=47s\">https:\/\/www.youtube.com\/watch?v=5kbctcAsr6Y&amp;t=47s5.<\/a><\/p>\n<p>&nbsp;<\/p>\n<p><span style=\"color: #000080\"><strong><span style=\"font-size: 18pt\">5. POLIFON\u00cdA HARRY POTTER <span style=\"color: #ff0000\">FLAYTA Y METAL\u00d3FONO<\/span><\/span><\/strong><\/span><\/p>\n<p><a href=\"https:\/\/www.youtube.com\/watch?v=7tlsD7Nj62k\">https:\/\/www.youtube.com\/watch?v=7tlsD7Nj62k<\/a><\/p>\n<p>&nbsp;<\/p>\n<p>&nbsp;<\/p>\n","protected":false},"excerpt":{"rendered":"<p>PORTADAS 1. DEFICINI\u00d3N DE POLIRRITMIA Y POLIFON\u00cdA TEOR\u00cdA DE PILIRRITMIA Y EJEMPLOS &nbsp; RITMO A DOS MANOS https:\/\/www.musilandia.org\/ritmosadosmanos Ejercicios ritmo a dos manos: FICHAS Ejercicios R\u00edtmicos 3. MusiLandia ejercicios r\u00edtmicos musilandia 4: Ejercicios R\u00edtmicos&#46;&#46;&#46;<\/p>\n","protected":false},"author":16968,"featured_media":0,"parent":0,"menu_order":0,"comment_status":"closed","ping_status":"closed","template":"","meta":{"ngg_post_thumbnail":0,"footnotes":""},"aioseo_notices":[],"_links":{"self":[{"href":"https:\/\/blogsaverroes.juntadeandalucia.es\/solfeamos\/wp-json\/wp\/v2\/pages\/215"}],"collection":[{"href":"https:\/\/blogsaverroes.juntadeandalucia.es\/solfeamos\/wp-json\/wp\/v2\/pages"}],"about":[{"href":"https:\/\/blogsaverroes.juntadeandalucia.es\/solfeamos\/wp-json\/wp\/v2\/types\/page"}],"author":[{"embeddable":true,"href":"https:\/\/blogsaverroes.juntadeandalucia.es\/solfeamos\/wp-json\/wp\/v2\/users\/16968"}],"replies":[{"embeddable":true,"href":"https:\/\/blogsaverroes.juntadeandalucia.es\/solfeamos\/wp-json\/wp\/v2\/comments?post=215"}],"version-history":[{"count":12,"href":"https:\/\/blogsaverroes.juntadeandalucia.es\/solfeamos\/wp-json\/wp\/v2\/pages\/215\/revisions"}],"predecessor-version":[{"id":492,"href":"https:\/\/blogsaverroes.juntadeandalucia.es\/solfeamos\/wp-json\/wp\/v2\/pages\/215\/revisions\/492"}],"wp:attachment":[{"href":"https:\/\/blogsaverroes.juntadeandalucia.es\/solfeamos\/wp-json\/wp\/v2\/media?parent=215"}],"curies":[{"name":"wp","href":"https:\/\/api.w.org\/{rel}","templated":true}]}}