{"id":227,"date":"2023-03-27T19:39:08","date_gmt":"2023-03-27T19:39:08","guid":{"rendered":"https:\/\/blogsaverroes.juntadeandalucia.es\/solfeamos\/?page_id=227"},"modified":"2023-12-03T10:04:20","modified_gmt":"2023-12-03T10:04:20","slug":"5o-primaria-tema-3","status":"publish","type":"page","link":"https:\/\/blogsaverroes.juntadeandalucia.es\/solfeamos\/5o-primaria-tema-3\/","title":{"rendered":"5\u00ba PRIMARIA  TEMA 2 CUALIDADES DEL SONIDO"},"content":{"rendered":"<p>&nbsp;<\/p>\n<p style=\"text-align: center\"><strong><span style=\"font-size: 36pt;color: #ff0000\">PORTADAS&nbsp;<\/span><\/strong><\/p>\n<p>&nbsp;<\/p>\n<p>&nbsp;<\/p>\n<p>Buenos d\u00edas alumnos y alumnas de 5\u00ba de primaria. en este tema vamos a conocer cosas interesantes sobre los sonidos y haremos algunos experimentos. ESPERO QUE OS GUSTEN&#8230;<\/p>\n<p style=\"text-align: center\"><strong><span style=\"font-size: 36pt;color: #800080\">TEOR\u00cdA<\/span><\/strong><\/p>\n<p><span style=\"font-size: 18pt;color: #000000\">Gracias al sentido del o\u00eddo, percibimos todos los sonidos de nuestra vida. El sonido se produce como resultado de la vibraci\u00f3n de un cuerpo que genera unas ondas que se expanden por el medio en el que se ha producido y es percibido por nuestro o\u00eddo. de una manera m\u00e1s reducida, decimos que el <strong><span style=\"color: #ff6600\">SONIDO es una vibraci\u00f3n que nuestro o\u00eddo percibe.<\/span><\/strong><\/span><\/p>\n<p><span style=\"font-size: 18pt\">El sonido se propaga mediante varios medios: el agua, el aire, la madera etc&#8230; pero el medio por que se propaga m\u00e1s r\u00e1pidamente es el AIRE.<\/span><\/p>\n<p><span style=\"font-size: 18pt\">En nuestro entorno, tenemos sonidos agradables a nuestro o\u00eddo y desagradables. los desagradables son m\u00e1s conocidos como RUIDO y si en nuestro entorno hay mucho ruido, se habla de contaminaci\u00f3n ac\u00fastica.&nbsp;<\/span><\/p>\n<p><span style=\"font-size: 18pt\">El sonido tiene una serie de <strong><span style=\"color: #0000ff\">CUALIDADES&nbsp;<span style=\"color: #000000\">que nos ayudan a identificar o diferenciar una sonido de otro,<\/span><\/span><\/strong><\/span><\/p>\n<p style=\"text-align: center\"><span style=\"font-size: 18pt\"><strong>\u00bfCU\u00c1LES SON?<\/strong><\/span><\/p>\n<p><img loading=\"lazy\" decoding=\"async\" class=\"\" src=\"https:\/\/i.pinimg.com\/564x\/dc\/d7\/c3\/dcd7c393cd93185d10f1cd3ea8dae880.jpg\" width=\"819\" height=\"579\"><\/p>\n<p>&nbsp;<\/p>\n<p><img loading=\"lazy\" decoding=\"async\" class=\"\" src=\"https:\/\/i.pinimg.com\/564x\/e5\/f6\/06\/e5f6069f6afc291ab1f4822963456747.jpg\" width=\"801\" height=\"561\"><\/p>\n<p><img decoding=\"async\" src=\"https:\/\/3.bp.blogspot.com\/-X0e0oqoFtjs\/VeHmxAIRFeI\/AAAAAAAABYw\/1nwxX9iTKrc\/s1600\/la_intensidad_3%25C2%25BA.PNG\" alt=\"ESO es M\u00fasica: 5. Las cualidades del sonido\"><\/p>\n<p><img loading=\"lazy\" decoding=\"async\" class=\"aligncenter\" src=\"https:\/\/image.slidesharecdn.com\/cualidadesdelsonido-101026115109-phpapp01\/85\/cualidades-del-sonido-4-320.jpg?cb=1666749863\" alt=\"Cualidades del sonido | PPT\" width=\"591\" height=\"443\"><\/p>\n<p><span style=\"color: #000000\"><strong>Actividad 1<\/strong><\/span>: completa el esquema resumen para ayudarte en el estudio de este tema.<\/p>\n<p><img decoding=\"async\" src=\"https:\/\/www.liveworksheets.com\/sites\/default\/files\/styles\/worksheet\/public\/def_files\/2020\/4\/21\/4211208290616\/4211208290616001.jpg?itok=J75IINVx\" alt=\"Cualidades del sonido activity | Live Worksheets\"><\/p>\n<p><span style=\"color: #000080\"><strong>VIDEOS<\/strong><\/span><\/p>\n<p><a href=\"https:\/\/www.youtube.com\/watch?v=xQBeSWXFVd8\">https:\/\/www.youtube.com\/watch?v=xQBeSWXFVd8<\/a><\/p>\n<p><strong><span style=\"color: #000080\">Experimentos del sonido<\/span><\/strong><\/p>\n<p><a href=\"https:\/\/www.youtube.com\/watch?v=l0e2JFHPm1U\">https:\/\/www.youtube.com\/watch?v=l0e2JFHPm1U<\/a><\/p>\n<p><a href=\"https:\/\/www.youtube.com\/watch?v=9IRNj_HcoJc\">https:\/\/www.youtube.com\/watch?v=9IRNj_HcoJc<\/a><\/p>\n<p><a href=\"https:\/\/www.youtube.com\/watch?v=Qv_dPAr5AhY\">https:\/\/www.youtube.com\/watch?v=Qv_dPAr5AhY<\/a><\/p>\n<p><span style=\"color: #ff0000\"><strong>ACTIVIDAD 2:<\/strong> <\/span>TIENES QUE HACER EN CASA UN EXPERIMENTO DEL SONIDO, GR\u00c1BATE Y LLEVALO AL COLE PARA VERLO EN CLASE CON TUS COMPA\u00d1EROS.<\/p>\n<p>&nbsp;<\/p>\n<p><span style=\"font-size: 24pt\"><span style=\"color: #ff0000\">PARTITURA DE FLAUTA<\/span> NOTAS SI, LA, SOL Y MI muy facilita.<\/span><\/p>\n<p><a href=\"https:\/\/blogsaverroes.juntadeandalucia.es\/solfeamos\/files\/2023\/12\/silasol-y-mi.mov\">si,la,sol y mi<\/a><\/p>\n","protected":false},"excerpt":{"rendered":"<p>&nbsp; PORTADAS&nbsp; &nbsp; &nbsp; Buenos d\u00edas alumnos y alumnas de 5\u00ba de primaria. en este tema vamos a conocer cosas interesantes sobre los sonidos y haremos algunos experimentos. ESPERO QUE OS GUSTEN&#8230; TEOR\u00cdA Gracias&#46;&#46;&#46;<\/p>\n","protected":false},"author":16968,"featured_media":0,"parent":0,"menu_order":0,"comment_status":"closed","ping_status":"closed","template":"","meta":{"ngg_post_thumbnail":0,"footnotes":""},"aioseo_notices":[],"_links":{"self":[{"href":"https:\/\/blogsaverroes.juntadeandalucia.es\/solfeamos\/wp-json\/wp\/v2\/pages\/227"}],"collection":[{"href":"https:\/\/blogsaverroes.juntadeandalucia.es\/solfeamos\/wp-json\/wp\/v2\/pages"}],"about":[{"href":"https:\/\/blogsaverroes.juntadeandalucia.es\/solfeamos\/wp-json\/wp\/v2\/types\/page"}],"author":[{"embeddable":true,"href":"https:\/\/blogsaverroes.juntadeandalucia.es\/solfeamos\/wp-json\/wp\/v2\/users\/16968"}],"replies":[{"embeddable":true,"href":"https:\/\/blogsaverroes.juntadeandalucia.es\/solfeamos\/wp-json\/wp\/v2\/comments?post=227"}],"version-history":[{"count":4,"href":"https:\/\/blogsaverroes.juntadeandalucia.es\/solfeamos\/wp-json\/wp\/v2\/pages\/227\/revisions"}],"predecessor-version":[{"id":391,"href":"https:\/\/blogsaverroes.juntadeandalucia.es\/solfeamos\/wp-json\/wp\/v2\/pages\/227\/revisions\/391"}],"wp:attachment":[{"href":"https:\/\/blogsaverroes.juntadeandalucia.es\/solfeamos\/wp-json\/wp\/v2\/media?parent=227"}],"curies":[{"name":"wp","href":"https:\/\/api.w.org\/{rel}","templated":true}]}}