{"id":230,"date":"2023-03-27T19:39:31","date_gmt":"2023-03-27T19:39:31","guid":{"rendered":"https:\/\/blogsaverroes.juntadeandalucia.es\/solfeamos\/?page_id=230"},"modified":"2024-02-02T17:37:45","modified_gmt":"2024-02-02T17:37:45","slug":"5o-primaria-tema-4","status":"publish","type":"page","link":"https:\/\/blogsaverroes.juntadeandalucia.es\/solfeamos\/5o-primaria-tema-4\/","title":{"rendered":"5\u00ba PRIMARIA  TEMA 3 LOS INSTRUMENTOS DE VIENTO"},"content":{"rendered":"<p style=\"text-align: center\"><strong><span style=\"font-size: 36pt;color: #ff0000\">PORTADAS<\/span><\/strong><\/p>\n<p style=\"text-align: center\"><span style=\"font-size: 24pt\">TEOR\u00cdA&nbsp;<\/span><\/p>\n<p><span style=\"font-size: 18pt\">Los instrumentos que pertenecen a la familia de viento se caracterizan porque necesitan <span style=\"color: #ff0000\"><em>aire&nbsp;<\/em><span style=\"color: #000000\">para producir el sonido. Todos tienen un mecanismo por donde el m\u00fasico introduce el aire que puede ser: un bisel, una leng\u00fceta simple, una leng\u00fceta doble, una embocadura u otro mecanismo diferente. Adem\u00e1s, tienen un tubo de diferentes tama\u00f1os por donde circula y vibra el aire que se ha introducido.<\/span><\/span><\/span><\/p>\n<p><span style=\"font-size: 18pt\">Los instrumentos de esta familia se clasifican en tres grupos:<\/span><\/p>\n<table style=\"width: 98.1869%;height: 590px\" width=\"1049\">\n<tbody>\n<tr>\n<td width=\"350\"><strong>VIENTO MADERA<\/strong><\/td>\n<td width=\"350\"><strong>VIENTO METAL<\/strong><\/td>\n<td width=\"350\"><strong>OTRO MECANISMO<\/strong><\/td>\n<\/tr>\n<tr>\n<td width=\"350\">&nbsp;<\/p>\n<ul>\n<li>Flaut\u00edn<\/li>\n<li>Flauta travesera<\/li>\n<li>Oboe<\/li>\n<li>Clarinete<\/li>\n<li>Corno ingl\u00e9s<\/li>\n<li>Fagot<\/li>\n<li>Contrafagot<\/li>\n<li>Saxof\u00f3n<\/li>\n<\/ul>\n<p>otros:<\/p>\n<ul>\n<li>Gaita<\/li>\n<li>Arm\u00f3nica<\/li>\n<\/ul>\n<p>&nbsp;<\/td>\n<td width=\"350\">&nbsp;<\/p>\n<p>\u00b7&nbsp;&nbsp;&nbsp;&nbsp;&nbsp;&nbsp; TROMPA<\/p>\n<p>\u00b7&nbsp;&nbsp;&nbsp;&nbsp;&nbsp;&nbsp; TROMPETA<\/p>\n<p>\u00b7&nbsp;&nbsp;&nbsp;&nbsp;&nbsp;&nbsp; TROMB\u00d3N<\/p>\n<p>\u00b7&nbsp;&nbsp;&nbsp;&nbsp;&nbsp;&nbsp; TUBA<\/td>\n<td width=\"350\">&nbsp;<\/p>\n<p>\u00b7&nbsp;&nbsp;&nbsp;&nbsp;&nbsp;&nbsp; ACORDE\u00d3N<\/p>\n<p>\u00b7&nbsp;&nbsp;&nbsp;&nbsp;&nbsp;&nbsp; \u00d3RGANO<\/td>\n<\/tr>\n<tr>\n<td width=\"350\">Estos instrumentos tiene bisel, leng\u00fceta simple o leng\u00fceta doble.<\/td>\n<td width=\"350\">Estos instrumentos tienen boquilla<\/td>\n<td width=\"350\">&nbsp;<\/td>\n<\/tr>\n<\/tbody>\n<\/table>\n<p>para descargar la table, pincha en el enlace:<\/p>\n<p><a href=\"https:\/\/blogsaverroes.juntadeandalucia.es\/solfeamos\/files\/2023\/12\/VIENTO-MADERA.docx\">VIENTO MADERA<\/a><\/p>\n<p><span style=\"font-size: 24pt;color: #ff0000\">ACTIVIDAD TRABAJO COOPERATIVO:<\/span><\/p>\n<p style=\"text-align: center\"><span style=\"color: #808000;font-size: 18pt\">Entre todos, el pr\u00f3ximo d\u00eda vamos a crear un mural gigante con im\u00e1genes de instrumentos musicales coloc\u00e1ndolos en su lugar correspondiente seg\u00fan la clasificaci\u00f3n que hemos trabajado en clase. Para ello, debes traer una fotograf\u00eda, fotocopia o dibujo, de un instrumento de viento que quieras. Despu\u00e9s colgaremos en nuestro blog este trabajo&#8230;<\/span><\/p>\n<p>&nbsp;<\/p>\n<p style=\"text-align: center\"><span style=\"color: #ff0000\"><strong><span style=\"font-size: 36pt\">PARTITURA DE FLAUTA<\/span><\/strong><\/span><\/p>\n<p>\u00a1 Hola alumno y alumnas! Aqu\u00ed os he dejado la adaptaci\u00f3n para la flauta dulce del tema principal del personaje: PEDRO, de la obra descriptiva que hemos estudiado en clase, \u00abPedro y el lobo\u00bb. Practicarla cuantas veces sean necesarias. Ten\u00e9is un video a una velocidad lenta y otra normal para cuando os salga mejor.<\/p>\n<p>velocidad lenta:<\/p>\n<div style=\"width: 1102px;\" class=\"wp-video\"><!--[if lt IE 9]><script>document.createElement('video');<\/script><![endif]-->\n<video class=\"wp-video-shortcode\" id=\"video-230-1\" width=\"1102\" height=\"492\" preload=\"metadata\" controls=\"controls\"><source type=\"video\/mp4\" src=\"https:\/\/blogsaverroes.juntadeandalucia.es\/solfeamos\/files\/2024\/02\/PEDRO-Y-EL-LOBO.mp4?_=1\" \/><a href=\"https:\/\/blogsaverroes.juntadeandalucia.es\/solfeamos\/files\/2024\/02\/PEDRO-Y-EL-LOBO.mp4\">https:\/\/blogsaverroes.juntadeandalucia.es\/solfeamos\/files\/2024\/02\/PEDRO-Y-EL-LOBO.mp4<\/a><\/video><\/div>\n<p>VELOCIDAD NORMAL<\/p>\n<div style=\"width: 1098px;\" class=\"wp-video\"><video class=\"wp-video-shortcode\" id=\"video-230-2\" width=\"1098\" height=\"478\" preload=\"metadata\" controls=\"controls\"><source type=\"video\/mp4\" src=\"https:\/\/blogsaverroes.juntadeandalucia.es\/solfeamos\/files\/2024\/02\/PEDRO-Y-EL-LOBO-VELOCIDAD-NORMAL.mp4?_=2\" \/><a href=\"https:\/\/blogsaverroes.juntadeandalucia.es\/solfeamos\/files\/2024\/02\/PEDRO-Y-EL-LOBO-VELOCIDAD-NORMAL.mp4\">https:\/\/blogsaverroes.juntadeandalucia.es\/solfeamos\/files\/2024\/02\/PEDRO-Y-EL-LOBO-VELOCIDAD-NORMAL.mp4<\/a><\/video><\/div>\n","protected":false},"excerpt":{"rendered":"<p>PORTADAS TEOR\u00cdA&nbsp; Los instrumentos que pertenecen a la familia de viento se caracterizan porque necesitan aire&nbsp;para producir el sonido. Todos tienen un mecanismo por donde el m\u00fasico introduce el aire que puede ser: un&#46;&#46;&#46;<\/p>\n","protected":false},"author":16968,"featured_media":0,"parent":0,"menu_order":0,"comment_status":"closed","ping_status":"closed","template":"","meta":{"ngg_post_thumbnail":0,"footnotes":""},"aioseo_notices":[],"_links":{"self":[{"href":"https:\/\/blogsaverroes.juntadeandalucia.es\/solfeamos\/wp-json\/wp\/v2\/pages\/230"}],"collection":[{"href":"https:\/\/blogsaverroes.juntadeandalucia.es\/solfeamos\/wp-json\/wp\/v2\/pages"}],"about":[{"href":"https:\/\/blogsaverroes.juntadeandalucia.es\/solfeamos\/wp-json\/wp\/v2\/types\/page"}],"author":[{"embeddable":true,"href":"https:\/\/blogsaverroes.juntadeandalucia.es\/solfeamos\/wp-json\/wp\/v2\/users\/16968"}],"replies":[{"embeddable":true,"href":"https:\/\/blogsaverroes.juntadeandalucia.es\/solfeamos\/wp-json\/wp\/v2\/comments?post=230"}],"version-history":[{"count":8,"href":"https:\/\/blogsaverroes.juntadeandalucia.es\/solfeamos\/wp-json\/wp\/v2\/pages\/230\/revisions"}],"predecessor-version":[{"id":415,"href":"https:\/\/blogsaverroes.juntadeandalucia.es\/solfeamos\/wp-json\/wp\/v2\/pages\/230\/revisions\/415"}],"wp:attachment":[{"href":"https:\/\/blogsaverroes.juntadeandalucia.es\/solfeamos\/wp-json\/wp\/v2\/media?parent=230"}],"curies":[{"name":"wp","href":"https:\/\/api.w.org\/{rel}","templated":true}]}}