{"id":12,"date":"2020-01-16T09:36:52","date_gmt":"2020-01-16T08:36:52","guid":{"rendered":"https:\/\/blogsaverroes.juntadeandalucia.es\/soportedelegacionmalaga\/?page_id=12"},"modified":"2023-11-20T14:23:22","modified_gmt":"2023-11-20T13:23:22","slug":"informatica-y-telecomunicaciones","status":"publish","type":"page","link":"https:\/\/blogsaverroes.juntadeandalucia.es\/soportedelegacionmalaga\/","title":{"rendered":"Inicio"},"content":{"rendered":"<p style=\"text-align: center\">La presente p\u00e1gina esta destinada a dar <strong>informaci\u00f3n<\/strong> a los distintos centros educativos de la provincia sobre la <strong>DELEGACI\u00d3N TERRITORIAL DE DESARROLLO EDUCATIVO DE M\u00c1LAGA.<\/strong><\/p>\n<p><iframe loading=\"lazy\" src=\"https:\/\/create.piktochart.com\/embed\/50457458-blog-soporte-principal\" width=\"800\" height=\"1220\"><\/iframe><\/p>\n<p style=\"text-align: left\"><strong>Como solicitar o renovar :&nbsp;<\/strong><\/p>\n<div id=\"bodyContent\" class=\"mw-body-content\">\n<div id=\"mw-content-text\" class=\"mw-content-ltr\" dir=\"ltr\" lang=\"es\">\n<ul>\n<li id=\"firstHeading\" class=\"firstHeading\"><a href=\"https:\/\/blogsaverroes.juntadeandalucia.es\/soportedelegacionmalaga\/correo-pas\/\"><span style=\"font-size: 14pt\">CORREO CORPORATIVO DEL PERSONAL NO DOCENTE.<\/span><\/a><\/li>\n<li class=\"firstHeading\"><a href=\"https:\/\/blogsaverroes.juntadeandalucia.es\/soportedelegacionmalaga\/coordenadas\/\"><span style=\"font-size: 14pt\">TARJETA DE COORDENADAS PARA DOCENTES NO FUNCIONARIOS.<\/span><\/a><\/li>\n<li class=\"firstHeading\"><a href=\"https:\/\/blogsaverroes.juntadeandalucia.es\/soportedelegacionmalaga\/2023\/11\/17\/traslado-de-sede\/?preview_id=271&amp;preview_nonce=801b55eff8&amp;_thumbnail_id=-1&amp;preview=true\"><span style=\"font-size: 14pt\">TRASLADO DE SEDE.<\/span><\/a><\/li>\n<li class=\"firstHeading\"><a href=\"https:\/\/blogsaverroes.juntadeandalucia.es\/soportedelegacionmalaga\/2023\/11\/17\/incidencias-informaticas\/?preview_id=262&amp;preview_nonce=6b65ca0d80&amp;_thumbnail_id=-1&amp;preview=true\"><span style=\"font-size: 14pt\">INCIDENCIAS INFORM\u00c1TICAS CENTROS NO P\u00daBLICOS.<\/span><\/a><\/li>\n<li><a href=\"https:\/\/blogsaverroes.juntadeandalucia.es\/soportedelegacionmalaga\/2023\/11\/17\/incidencias-informaticas-en-eoes\/?preview_id=281&amp;preview_nonce=7318f8624f&amp;_thumbnail_id=-1&amp;preview=true\"><span style=\"font-size: 14pt\">INCIDENCIAS INFORM\u00c1TICAS EOEs<\/span><\/a><\/li>\n<\/ul>\n<\/div>\n<\/div>\n<p>&nbsp;<\/p>\n<p style=\"text-align: left\"><strong>Enlaces <\/strong><strong>:<\/strong><strong><br \/>\n<\/strong><\/p>\n<ul>\n<li id=\"firstHeading\" class=\"firstHeading\"><a href=\"https:\/\/juntadeandalucia.es\/organismos\/epaise.html\"><span style=\"font-size: 14pt\">APAE<\/span><\/a><\/li>\n<li class=\"firstHeading\"><a href=\"https:\/\/juntadeandalucia.es\/organismos\/desarrolloeducativoyformacionprofesional\/areas\/centros-educativos\/innovacion-educativa\/paginas\/portal-averroes.html\"><span style=\"font-size: 14pt\">AVERROES<\/span><\/a><\/li>\n<li><a href=\"https:\/\/portals.ced.junta-andalucia.es\/educacion\/portals\/web\/educacion-permanente\/contacto\"><span style=\"font-size: 14pt\">CAUCE<\/span><\/a><\/li>\n<li><a href=\"https:\/\/apl.ced.junta-andalucia.es\/educacion\/apl\/dipa\/\" target=\"_blank\" rel=\"noopener noreferrer\"><span style=\"font-size: 14pt\">DIPA<\/span><\/a><\/li>\n<li><a href=\"https:\/\/ws045.juntadeandalucia.es\/empleadopublico\/\" target=\"_blank\" rel=\"noopener noreferrer\"><span style=\"font-size: 14pt\">PORTAL DEL EMPLEADO P\u00daBLICO<\/span><\/a><\/li>\n<li><a href=\"https:\/\/www.juntadeandalucia.es\/educacion\/portaldocente\/\" target=\"_blank\" rel=\"noopener noreferrer\"><span style=\"font-size: 14pt\">PORTAL DOCENTE<\/span><\/a><\/li>\n<li class=\"firstHeading\"><a href=\"https:\/\/senecav2.ced.junta-andalucia.es\/seneca\/jsp\/portal\/\" target=\"_blank\" rel=\"noopener noreferrer\"><span style=\"font-size: 14pt\">S\u00c9NECA<\/span><\/a><\/li>\n<li class=\"firstHeading\"><a href=\"https:\/\/juntadeandalucia.es\/organismos\/economiaconocimientoempresasyuniversidad\/areas\/tic-telecomunicaciones\/serv-corporativos\/paginas\/red-corporativa-jda.html\" target=\"_blank\" rel=\"noopener noreferrer\"><span style=\"font-size: 14pt\">RED CORPORATIVA<\/span><\/a><\/li>\n<\/ul>\n<p>&nbsp;<\/p>\n","protected":false},"excerpt":{"rendered":"<p>La presente p\u00e1gina esta destinada a dar informaci\u00f3n a los distintos centros educativos de la provincia sobre la DELEGACI\u00d3N TERRITORIAL DE DESARROLLO EDUCATIVO DE M\u00c1LAGA.&hellip;<\/p>\n","protected":false},"author":8239,"featured_media":0,"parent":0,"menu_order":0,"comment_status":"closed","ping_status":"closed","template":"","meta":{"ngg_post_thumbnail":0,"footnotes":""},"aioseo_notices":[],"_links":{"self":[{"href":"https:\/\/blogsaverroes.juntadeandalucia.es\/soportedelegacionmalaga\/wp-json\/wp\/v2\/pages\/12"}],"collection":[{"href":"https:\/\/blogsaverroes.juntadeandalucia.es\/soportedelegacionmalaga\/wp-json\/wp\/v2\/pages"}],"about":[{"href":"https:\/\/blogsaverroes.juntadeandalucia.es\/soportedelegacionmalaga\/wp-json\/wp\/v2\/types\/page"}],"author":[{"embeddable":true,"href":"https:\/\/blogsaverroes.juntadeandalucia.es\/soportedelegacionmalaga\/wp-json\/wp\/v2\/users\/8239"}],"replies":[{"embeddable":true,"href":"https:\/\/blogsaverroes.juntadeandalucia.es\/soportedelegacionmalaga\/wp-json\/wp\/v2\/comments?post=12"}],"version-history":[{"count":51,"href":"https:\/\/blogsaverroes.juntadeandalucia.es\/soportedelegacionmalaga\/wp-json\/wp\/v2\/pages\/12\/revisions"}],"predecessor-version":[{"id":291,"href":"https:\/\/blogsaverroes.juntadeandalucia.es\/soportedelegacionmalaga\/wp-json\/wp\/v2\/pages\/12\/revisions\/291"}],"wp:attachment":[{"href":"https:\/\/blogsaverroes.juntadeandalucia.es\/soportedelegacionmalaga\/wp-json\/wp\/v2\/media?parent=12"}],"curies":[{"name":"wp","href":"https:\/\/api.w.org\/{rel}","templated":true}]}}