{"id":20,"date":"2023-05-04T11:19:50","date_gmt":"2023-05-04T11:19:50","guid":{"rendered":"https:\/\/blogsaverroes.juntadeandalucia.es\/sotodesenreda\/?page_id=20"},"modified":"2023-05-04T11:19:50","modified_gmt":"2023-05-04T11:19:50","slug":"television","status":"publish","type":"page","link":"https:\/\/blogsaverroes.juntadeandalucia.es\/sotodesenreda\/television\/","title":{"rendered":"Televisi\u00f3n"},"content":{"rendered":"<p>Aqu\u00ed aparecer\u00e1n los enlaces a los trabajos realizados por los alumnos sobre TV.<\/p>\n","protected":false},"excerpt":{"rendered":"<p>Aqu\u00ed aparecer\u00e1n los enlaces a los trabajos realizados por los alumnos sobre TV.<\/p>\n","protected":false},"author":13747,"featured_media":0,"parent":0,"menu_order":0,"comment_status":"closed","ping_status":"closed","template":"","meta":{"ngg_post_thumbnail":0,"footnotes":""},"aioseo_notices":[],"_links":{"self":[{"href":"https:\/\/blogsaverroes.juntadeandalucia.es\/sotodesenreda\/wp-json\/wp\/v2\/pages\/20"}],"collection":[{"href":"https:\/\/blogsaverroes.juntadeandalucia.es\/sotodesenreda\/wp-json\/wp\/v2\/pages"}],"about":[{"href":"https:\/\/blogsaverroes.juntadeandalucia.es\/sotodesenreda\/wp-json\/wp\/v2\/types\/page"}],"author":[{"embeddable":true,"href":"https:\/\/blogsaverroes.juntadeandalucia.es\/sotodesenreda\/wp-json\/wp\/v2\/users\/13747"}],"replies":[{"embeddable":true,"href":"https:\/\/blogsaverroes.juntadeandalucia.es\/sotodesenreda\/wp-json\/wp\/v2\/comments?post=20"}],"version-history":[{"count":1,"href":"https:\/\/blogsaverroes.juntadeandalucia.es\/sotodesenreda\/wp-json\/wp\/v2\/pages\/20\/revisions"}],"predecessor-version":[{"id":21,"href":"https:\/\/blogsaverroes.juntadeandalucia.es\/sotodesenreda\/wp-json\/wp\/v2\/pages\/20\/revisions\/21"}],"wp:attachment":[{"href":"https:\/\/blogsaverroes.juntadeandalucia.es\/sotodesenreda\/wp-json\/wp\/v2\/media?parent=20"}],"curies":[{"name":"wp","href":"https:\/\/api.w.org\/{rel}","templated":true}]}}