{"id":336,"date":"2022-04-20T20:13:29","date_gmt":"2022-04-20T20:13:29","guid":{"rendered":"https:\/\/blogsaverroes.juntadeandalucia.es\/steamaeroespacialryc\/?page_id=336"},"modified":"2022-04-20T20:46:52","modified_gmt":"2022-04-20T20:46:52","slug":"nave-orion","status":"publish","type":"page","link":"https:\/\/blogsaverroes.juntadeandalucia.es\/steamaeroespacialryc\/nave-orion\/","title":{"rendered":"Nave Ori\u00f3n"},"content":{"rendered":"<!--themify_builder_content-->\n<div id=\"themify_builder_content-336\" data-postid=\"336\" class=\"themify_builder_content themify_builder_content-336 themify_builder tf_clear\">\n                    <div  data-lazy=\"1\" class=\"module_row themify_builder_row tb_lyeg43 tb_first tf_w\">\n                        <div class=\"row_inner col_align_top tb_col_count_1 tf_box tf_rel\">\n                        <div  data-lazy=\"1\" class=\"module_column tb-column col-full tb_sk6444 first\">\n                            <div  data-lazy=\"1\" class=\"module_subrow themify_builder_sub_row tf_w col_align_top tb_col_count_2 tb_miqx598\">\n                <div  data-lazy=\"1\" class=\"module_column sub_column col2-1 tb_o78p599 first\">\n                    <!-- module video -->\n<div  class=\"module module-video tb_pynb788 video-top  \" data-lazy=\"1\">\n                    <div class=\"video-wrap-outer\">\n            <div class=\"video-wrap tf_rel tf_overflow\">\n                                    <noscript><iframe data-no-script src=\"https:\/\/www.youtube.com\/embed\/XcPtQYalkcs?pip=1&playsinline=1\" allow=\"accelerometer;encrypted-media;gyroscope;picture-in-picture;fullscreen\" class=\"tf_abs tf_w tf_h\"><\/iframe><\/noscript>\n                                <\/div>\n            <!-- \/video-wrap -->\n        <\/div>\n        <!-- \/video-wrap-outer -->\n            <\/div>\n        <\/div>\n                    <div  data-lazy=\"1\" class=\"module_column sub_column col2-1 tb_uotv599 last\">\n        <span class=\"tb_row_frame_wrap tf_overflow tf_abs\" data-lazy=\"1\"><span class=\"tb_row_frame tb_row_frame_top  tf_abs tf_hide tf_overflow tf_w\"><\/span><\/span>            <!-- module box -->\n<div  class=\"module module-box tb_njhe594 \" data-lazy=\"1\">\n    <div class=\"module-box-content ui  tb_default_color\">\n                <div class=\"tb_text_wrap\"><p>Puedes conocer m\u00e1s sobre el tema en los siguientes enlaces:<\/p><\/div>\n    <\/div>\n<\/div>\n<!-- \/module box -->\n<!-- module text -->\n<div  class=\"module module-text tb_v0f1119   \" data-lazy=\"1\">\n        <div  class=\"tb_text_wrap\">\n        <p><a href=\"https:\/\/www.europapress.es\/ciencia\/misiones-espaciales\/noticia-cohete-lunar-artemis-dispone-ultimo-viaje-tierra-20220303104125.html\" target=\"_blank\" rel=\"noopener\">https:\/\/www.europapress.es\/ciencia\/misiones-espaciales\/noticia-cohete-lunar-artemis-dispone-ultimo-viaje-tierra-20220303104125.html<\/a><\/p>    <\/div>\n<\/div>\n<!-- \/module text --><!-- module text -->\n<div  class=\"module module-text tb_6gaz583   \" data-lazy=\"1\">\n        <div  class=\"tb_text_wrap\">\n        <p><a href=\"https:\/\/www.nasa.gov\/exploration\/systems\/orion\/index.html\" target=\"_blank\" rel=\"noopener\">https:\/\/www.nasa.gov\/exploration\/systems\/orion\/index.html<\/a><\/p>    <\/div>\n<\/div>\n<!-- \/module text --><!-- module text -->\n<div  class=\"module module-text tb_kqoj517   \" data-lazy=\"1\">\n        <div  class=\"tb_text_wrap\">\n        <p><a href=\"https:\/\/www.nasa.gov\/topics\/moon-to-mars\" target=\"_blank\" rel=\"noopener\">https:\/\/www.nasa.gov\/topics\/moon-to-mars<\/a><\/p>    <\/div>\n<\/div>\n<!-- \/module text -->        <\/div>\n                    <\/div>\n                <\/div>\n                        <\/div>\n        <\/div>\n                        <div  data-lazy=\"1\" class=\"module_row themify_builder_row tb_rr5z810 tf_w\">\n                        <div class=\"row_inner col_align_top tb_col_count_1 tf_box tf_rel\">\n                        <div  data-lazy=\"1\" class=\"module_column tb-column col-full tb_lpkd812 first\">\n                    <!-- module box -->\n<div  class=\"module module-box tb_ttgf825 \" data-lazy=\"1\">\n    <div class=\"module-box-content ui rounded gradient embossed shadow tb_default_color\">\n                <div class=\"tb_text_wrap\"><p>Ori\u00f3n es la nave espacial interplanetaria que llevar\u00e1 a los astronautas a Marte. Pero primero realizar\u00e1 diversas pruebas viajando a la Luna.<\/p>\n<p>La NASA ha construido el m\u00f3dulo de la tripulaci\u00f3n y el sistema de abordo de lanzamiento, mientras que la Agencia Espacial Europea (ESA) proporciona el m\u00f3dulo de servicio europeo para Ori\u00f3n.<\/p>\n<p>La misi\u00f3n Artemisa I ser\u00e1 el primer lanzamiento para la nave espacial Ori\u00f3n a bordo del cohete Space Launch System de la NASA. En el transcurso de tres semanas, la c\u00e1psula Ori\u00f3n sin tripulaci\u00f3n volar\u00e1, orbitar\u00e1 la Luna y regresar\u00e1 a la Tierra. Esta misi\u00f3n de prueba validar\u00e1 la nave espacial, el cohete y los sistemas terrestres para futuras misiones tripuladas.<\/p><\/div>\n    <\/div>\n<\/div>\n<!-- \/module box -->\n        <\/div>\n                        <\/div>\n        <\/div>\n        <\/div>\n<!--\/themify_builder_content-->","protected":false},"excerpt":{"rendered":"<p>Puedes conocer m\u00e1s sobre el tema en los siguientes enlaces: https:\/\/www.europapress.es\/ciencia\/misiones-espaciales\/noticia-cohete-lunar-artemis-dispone-ultimo-viaje-tierra-20220303104125.html https:\/\/www.nasa.gov\/exploration\/systems\/orion\/index.html https:\/\/www.nasa.gov\/topics\/moon-to-mars Ori\u00f3n es la nave espacial interplanetaria que llevar\u00e1 a los astronautas a Marte. Pero primero realizar\u00e1 diversas pruebas viajando a la Luna. La NASA ha construido el m\u00f3dulo de la tripulaci\u00f3n y el sistema de abordo de lanzamiento, mientras que la Agencia [&hellip;]<\/p>\n","protected":false},"author":2391,"featured_media":0,"parent":0,"menu_order":0,"comment_status":"closed","ping_status":"closed","template":"","meta":{"ngg_post_thumbnail":0,"footnotes":""},"aioseo_notices":[],"_links":{"self":[{"href":"https:\/\/blogsaverroes.juntadeandalucia.es\/steamaeroespacialryc\/wp-json\/wp\/v2\/pages\/336"}],"collection":[{"href":"https:\/\/blogsaverroes.juntadeandalucia.es\/steamaeroespacialryc\/wp-json\/wp\/v2\/pages"}],"about":[{"href":"https:\/\/blogsaverroes.juntadeandalucia.es\/steamaeroespacialryc\/wp-json\/wp\/v2\/types\/page"}],"author":[{"embeddable":true,"href":"https:\/\/blogsaverroes.juntadeandalucia.es\/steamaeroespacialryc\/wp-json\/wp\/v2\/users\/2391"}],"replies":[{"embeddable":true,"href":"https:\/\/blogsaverroes.juntadeandalucia.es\/steamaeroespacialryc\/wp-json\/wp\/v2\/comments?post=336"}],"version-history":[{"count":5,"href":"https:\/\/blogsaverroes.juntadeandalucia.es\/steamaeroespacialryc\/wp-json\/wp\/v2\/pages\/336\/revisions"}],"predecessor-version":[{"id":346,"href":"https:\/\/blogsaverroes.juntadeandalucia.es\/steamaeroespacialryc\/wp-json\/wp\/v2\/pages\/336\/revisions\/346"}],"wp:attachment":[{"href":"https:\/\/blogsaverroes.juntadeandalucia.es\/steamaeroespacialryc\/wp-json\/wp\/v2\/media?parent=336"}],"curies":[{"name":"wp","href":"https:\/\/api.w.org\/{rel}","templated":true}]}}