{"id":408,"date":"2022-05-06T15:19:31","date_gmt":"2022-05-06T15:19:31","guid":{"rendered":"https:\/\/blogsaverroes.juntadeandalucia.es\/steamaeroespacialryc\/?page_id=408"},"modified":"2022-05-06T16:51:12","modified_gmt":"2022-05-06T16:51:12","slug":"proyecto-energia","status":"publish","type":"page","link":"https:\/\/blogsaverroes.juntadeandalucia.es\/steamaeroespacialryc\/proyecto-energia\/","title":{"rendered":"Proyecto Energ\u00eda"},"content":{"rendered":"<!--themify_builder_content-->\n<div id=\"themify_builder_content-408\" data-postid=\"408\" class=\"themify_builder_content themify_builder_content-408 themify_builder tf_clear\">\n                    <div  data-lazy=\"1\" class=\"module_row themify_builder_row tb_j8v7737 tb_first tf_w\">\n                        <div class=\"row_inner col_align_top tb_col_count_1 tf_box tf_rel\">\n                        <div  data-lazy=\"1\" class=\"module_column tb-column col-full tb_qd5n738 first\">\n                    <!-- module box -->\n<div  class=\"module module-box tb_zny6327 \" data-lazy=\"1\">\n    <div class=\"module-box-content ui  tb_default_color\">\n                <div class=\"tb_text_wrap\"><p>En F\u00edsica y Qu\u00edmica de 2\u00ba ESO se est\u00e1 realizando un Proyecto para el tema de Energ\u00eda. El hilo conductor del proyecto es enviar una misi\u00f3n a Marte en la Nave Ori\u00f3n y all\u00ed construir una colonia utilizando energ\u00edas e\u00f3licas y solares, bas\u00e1ndonos en los recursos de ESERO para construir un invernadero en la Luna y un todoterreno Lunar.<\/p><\/div>\n    <\/div>\n<\/div>\n<!-- \/module box -->\n        <div  data-lazy=\"1\" class=\"module_subrow themify_builder_sub_row tf_w col_align_top tb_col_count_2 tb_i3fe866\">\n                <div  data-lazy=\"1\" class=\"module_column sub_column col2-1 tb_yn1p868 first\">\n                    <!-- module image -->\n<div  class=\"module module-image tb_j5m379 image-center rounded drop-shadow bordered  tf_mw wow\" data-tf-animation=\"jello\" data-lazy=\"1\">\n        <div class=\"image-wrap tf_rel tf_mw\">\n            <a href=\"https:\/\/esero.es\/recurso\/todoterreno-lunar\/\">\n                   <img decoding=\"async\" src=\"https:\/\/blogsaverroes.juntadeandalucia.es\/steamaeroespacialryc\/files\/2022\/05\/todoterreno-151x200.jpg\" height=\"200\" class=\"wp-post-image wp-image-411\" title=\"todoterreno\" alt=\"todoterreno\" srcset=\"https:\/\/blogsaverroes.juntadeandalucia.es\/steamaeroespacialryc\/files\/2022\/05\/todoterreno-151x200.jpg 151w, https:\/\/blogsaverroes.juntadeandalucia.es\/steamaeroespacialryc\/files\/2022\/05\/todoterreno-227x300.jpg 227w, https:\/\/blogsaverroes.juntadeandalucia.es\/steamaeroespacialryc\/files\/2022\/05\/todoterreno.jpg 508w\" sizes=\"(max-width: 151px) 100vw, 151px\" \/>        <\/a>\n    \n        <\/div>\n    <!-- \/image-wrap -->\n    \n        <\/div>\n<!-- \/module image -->        <\/div>\n                    <div  data-lazy=\"1\" class=\"module_column sub_column col2-1 tb_ci4p868 last\">\n                    <!-- module image -->\n<div  class=\"module module-image tb_gv4q930 image-center rounded drop-shadow bordered  tf_mw wow\" data-tf-animation=\"jello\" data-lazy=\"1\">\n        <div class=\"image-wrap tf_rel tf_mw\">\n            <img decoding=\"async\" src=\"https:\/\/blogsaverroes.juntadeandalucia.es\/steamaeroespacialryc\/files\/2022\/05\/refugio-153x200.jpg\" height=\"200\" class=\"wp-post-image wp-image-410\" title=\"refugio\" alt=\"refugio\" srcset=\"https:\/\/blogsaverroes.juntadeandalucia.es\/steamaeroespacialryc\/files\/2022\/05\/refugio-153x200.jpg 153w, https:\/\/blogsaverroes.juntadeandalucia.es\/steamaeroespacialryc\/files\/2022\/05\/refugio-230x300.jpg 230w, https:\/\/blogsaverroes.juntadeandalucia.es\/steamaeroespacialryc\/files\/2022\/05\/refugio.jpg 481w\" sizes=\"(max-width: 153px) 100vw, 153px\" \/>    \n        <\/div>\n    <!-- \/image-wrap -->\n    \n        <\/div>\n<!-- \/module image -->        <\/div>\n                    <\/div>\n                <\/div>\n                        <\/div>\n        <\/div>\n                        <div  data-css_id=\"gizt980\" data-lazy=\"1\" class=\"module_row themify_builder_row fullwidth_row_container tb_gizt980 tf_w\">\n                        <div class=\"row_inner col_auto_height gutter-none direction_rtl col_align_bottom tb_col_count_1 tf_box tf_rel\">\n                        <div  data-lazy=\"1\" class=\"module_column tb-column col-full tb_uqtg984 first\">\n                            <div  data-lazy=\"1\" class=\"module_subrow themify_builder_sub_row tf_w gutter-none col_align_middle tb_col_count_2 tb_4h6h985\">\n                <div  data-lazy=\"1\" class=\"module_column sub_column col2-1 tb_bq30986 first\">\n                    <!-- module image -->\n<div  class=\"module module-image tb_wikb44 image-top rounded drop-shadow bordered  tf_mw\" data-lazy=\"1\">\n        <div class=\"image-wrap tf_rel tf_mw\">\n            <a href=\"https:\/\/view.genial.ly\/62277b8085ad7c0018b9ad11\/presentation-viaje-a-marte-proyecto-energia\" rel=\"noopener\" target=\"_blank\">\n                   <img loading=\"lazy\" decoding=\"async\" width=\"1044\" height=\"675\" src=\"https:\/\/blogsaverroes.juntadeandalucia.es\/steamaeroespacialryc\/files\/2022\/05\/energiapres.jpg\" class=\"wp-post-image wp-image-413\" title=\"energiapres\" alt=\"energiapres\" srcset=\"https:\/\/blogsaverroes.juntadeandalucia.es\/steamaeroespacialryc\/files\/2022\/05\/energiapres.jpg 1044w, https:\/\/blogsaverroes.juntadeandalucia.es\/steamaeroespacialryc\/files\/2022\/05\/energiapres-300x194.jpg 300w, https:\/\/blogsaverroes.juntadeandalucia.es\/steamaeroespacialryc\/files\/2022\/05\/energiapres-1024x662.jpg 1024w, https:\/\/blogsaverroes.juntadeandalucia.es\/steamaeroespacialryc\/files\/2022\/05\/energiapres-768x497.jpg 768w\" sizes=\"(max-width: 1044px) 100vw, 1044px\" \/>        <\/a>\n    \n        <\/div>\n    <!-- \/image-wrap -->\n    \n        <\/div>\n<!-- \/module image -->        <\/div>\n                    <div  data-lazy=\"1\" class=\"module_column sub_column col2-1 tb_of0k988 last\">\n                    <!-- module text -->\n<div  class=\"module module-text tb_ctg2988  repeat \" data-lazy=\"1\">\n        <div  class=\"tb_text_wrap\">\n        <h2><span style=\"font-size: 12pt;\">1\u00aa Parte: Trabajo y Energ\u00eda<\/span><\/h2>\n<p>En la primera parte del proyecto, el alumnado es introducido en los conceptos de trabajo, energ\u00eda y sus formas y la conservaci\u00f3n de la energ\u00eda, a trav\u00e9s de la construcci\u00f3n de la nave ORI\u00d3N y su lanzamiento hacia Marte.<\/p>    <\/div>\n<\/div>\n<!-- \/module text -->        <\/div>\n                    <\/div>\n                <div  data-lazy=\"1\" class=\"module_subrow themify_builder_sub_row tf_w gutter-none col_align_middle tb_col_count_2 tb_becn989\">\n                <div  data-lazy=\"1\" class=\"module_column sub_column col2-1 tb_ughe989 first\">\n                    <!-- module text -->\n<div  class=\"module module-text tb_q11s990  repeat \" data-lazy=\"1\">\n        <div  class=\"tb_text_wrap\">\n        <h1><span style=\"font-size: 12pt;\">2\u00aa Parte: Construcci\u00f3n de una colonia en Marte<\/span><\/h1>\n<p>En la segunda parte se aplican los conocimientos de tipos de fuentes de energ\u00eda en la construcci\u00f3n de la colonia en Marte. En esta colonia habr\u00e1 refugios, invernaderos y todoterrenos, usando la energ\u00eda solar y e\u00f3lica.<\/p>    <\/div>\n<\/div>\n<!-- \/module text -->        <\/div>\n                    <div  data-lazy=\"1\" class=\"module_column sub_column col2-1 tb_nwc5990 last\">\n                    <!-- module image -->\n<div  class=\"module module-image tb_qe7l412 image-top rounded drop-shadow bordered  tf_mw\" data-lazy=\"1\">\n        <div class=\"image-wrap tf_rel tf_mw\">\n            <a href=\"https:\/\/view.genial.ly\/621d1b69972bae00105abf78\/interactive-content-como-colonizaremos-marte\" rel=\"noopener\" target=\"_blank\">\n                   <img loading=\"lazy\" decoding=\"async\" width=\"1288\" height=\"699\" src=\"https:\/\/blogsaverroes.juntadeandalucia.es\/steamaeroespacialryc\/files\/2022\/05\/marte.jpg\" class=\"wp-post-image wp-image-414\" title=\"marte\" alt=\"marte\" srcset=\"https:\/\/blogsaverroes.juntadeandalucia.es\/steamaeroespacialryc\/files\/2022\/05\/marte.jpg 1288w, https:\/\/blogsaverroes.juntadeandalucia.es\/steamaeroespacialryc\/files\/2022\/05\/marte-300x163.jpg 300w, https:\/\/blogsaverroes.juntadeandalucia.es\/steamaeroespacialryc\/files\/2022\/05\/marte-1024x556.jpg 1024w, https:\/\/blogsaverroes.juntadeandalucia.es\/steamaeroespacialryc\/files\/2022\/05\/marte-768x417.jpg 768w\" sizes=\"(max-width: 1288px) 100vw, 1288px\" \/>        <\/a>\n    \n        <\/div>\n    <!-- \/image-wrap -->\n    \n        <\/div>\n<!-- \/module image -->        <\/div>\n                    <\/div>\n                <\/div>\n                        <\/div>\n        <\/div>\n                        <div  data-lazy=\"1\" class=\"module_row themify_builder_row tb_qjvy348 tf_w\">\n                        <div class=\"row_inner col_align_middle tb_col_count_2 tf_box tf_rel\">\n                        <div  data-lazy=\"1\" class=\"module_column tb-column col4-2 tb_eobg348 first\">\n                    <!-- module text -->\n<div  class=\"module module-text tb_2gdk349   \" data-lazy=\"1\">\n        <div  class=\"tb_text_wrap\">\n        <p>Aqu\u00ed podemos ver las im\u00e1genes del proceso.<\/p>    <\/div>\n<\/div>\n<!-- \/module text -->        <\/div>\n                    <div  data-lazy=\"1\" class=\"module_column tb-column col4-2 tb_el0a350 last\">\n                    <!-- module image -->\n<div  class=\"module module-image tb_ej2l935 image-top rounded drop-shadow bordered  tf_mw hover-wow wow\" data-tf-animation_hover=\"pulse\" data-tf-animation=\"bounceInUp\" data-lazy=\"1\">\n        <div class=\"image-wrap tf_rel tf_mw\">\n            <a href=\"https:\/\/flic.kr\/s\/aHBqjzNDyc\" rel=\"noopener\" target=\"_blank\">\n                   <img loading=\"lazy\" decoding=\"async\" width=\"2560\" height=\"2560\" src=\"https:\/\/blogsaverroes.juntadeandalucia.es\/steamaeroespacialryc\/files\/2022\/05\/wp-1651853267070-scaled.jpg\" class=\"wp-post-image wp-image-416\" title=\"wp-1651853267070.jpg\" alt=\"wp-1651853267070.jpg\" srcset=\"https:\/\/blogsaverroes.juntadeandalucia.es\/steamaeroespacialryc\/files\/2022\/05\/wp-1651853267070-scaled.jpg 2560w, https:\/\/blogsaverroes.juntadeandalucia.es\/steamaeroespacialryc\/files\/2022\/05\/wp-1651853267070-300x300.jpg 300w, https:\/\/blogsaverroes.juntadeandalucia.es\/steamaeroespacialryc\/files\/2022\/05\/wp-1651853267070-1024x1024.jpg 1024w, https:\/\/blogsaverroes.juntadeandalucia.es\/steamaeroespacialryc\/files\/2022\/05\/wp-1651853267070-150x150.jpg 150w, https:\/\/blogsaverroes.juntadeandalucia.es\/steamaeroespacialryc\/files\/2022\/05\/wp-1651853267070-768x768.jpg 768w, https:\/\/blogsaverroes.juntadeandalucia.es\/steamaeroespacialryc\/files\/2022\/05\/wp-1651853267070-1536x1536.jpg 1536w, https:\/\/blogsaverroes.juntadeandalucia.es\/steamaeroespacialryc\/files\/2022\/05\/wp-1651853267070-2048x2048.jpg 2048w\" sizes=\"(max-width: 2560px) 100vw, 2560px\" \/>        <\/a>\n    \n        <\/div>\n    <!-- \/image-wrap -->\n    \n        <\/div>\n<!-- \/module image -->        <\/div>\n                        <\/div>\n        <\/div>\n        <\/div>\n<!--\/themify_builder_content-->","protected":false},"excerpt":{"rendered":"<p>En F\u00edsica y Qu\u00edmica de 2\u00ba ESO se est\u00e1 realizando un Proyecto para el tema de Energ\u00eda. El hilo conductor del proyecto es enviar una misi\u00f3n a Marte en la Nave Ori\u00f3n y all\u00ed construir una colonia utilizando energ\u00edas e\u00f3licas y solares, bas\u00e1ndonos en los recursos de ESERO para construir un invernadero en la Luna [&hellip;]<\/p>\n","protected":false},"author":2391,"featured_media":0,"parent":0,"menu_order":0,"comment_status":"closed","ping_status":"closed","template":"","meta":{"ngg_post_thumbnail":0,"footnotes":""},"aioseo_notices":[],"_links":{"self":[{"href":"https:\/\/blogsaverroes.juntadeandalucia.es\/steamaeroespacialryc\/wp-json\/wp\/v2\/pages\/408"}],"collection":[{"href":"https:\/\/blogsaverroes.juntadeandalucia.es\/steamaeroespacialryc\/wp-json\/wp\/v2\/pages"}],"about":[{"href":"https:\/\/blogsaverroes.juntadeandalucia.es\/steamaeroespacialryc\/wp-json\/wp\/v2\/types\/page"}],"author":[{"embeddable":true,"href":"https:\/\/blogsaverroes.juntadeandalucia.es\/steamaeroespacialryc\/wp-json\/wp\/v2\/users\/2391"}],"replies":[{"embeddable":true,"href":"https:\/\/blogsaverroes.juntadeandalucia.es\/steamaeroespacialryc\/wp-json\/wp\/v2\/comments?post=408"}],"version-history":[{"count":7,"href":"https:\/\/blogsaverroes.juntadeandalucia.es\/steamaeroespacialryc\/wp-json\/wp\/v2\/pages\/408\/revisions"}],"predecessor-version":[{"id":422,"href":"https:\/\/blogsaverroes.juntadeandalucia.es\/steamaeroespacialryc\/wp-json\/wp\/v2\/pages\/408\/revisions\/422"}],"wp:attachment":[{"href":"https:\/\/blogsaverroes.juntadeandalucia.es\/steamaeroespacialryc\/wp-json\/wp\/v2\/media?parent=408"}],"curies":[{"name":"wp","href":"https:\/\/api.w.org\/{rel}","templated":true}]}}