{"id":290,"date":"2022-05-26T08:11:02","date_gmt":"2022-05-26T08:11:02","guid":{"rendered":"https:\/\/blogsaverroes.juntadeandalucia.es\/stem\/?page_id=290"},"modified":"2023-06-15T06:08:24","modified_gmt":"2023-06-15T06:08:24","slug":"actividades","status":"publish","type":"page","link":"https:\/\/blogsaverroes.juntadeandalucia.es\/stem\/actividades\/","title":{"rendered":"Actividades"},"content":{"rendered":"<!--themify_builder_content-->\n<div id=\"themify_builder_content-290\" data-postid=\"290\" class=\"themify_builder_content themify_builder_content-290 themify_builder tf_clear\">\n                    <div  data-lazy=\"1\" class=\"module_row themify_builder_row tb_e6q8964 tb_first tf_w\">\n            <span class=\"builder_row_cover tf_abs\"><\/span>            <div class=\"row_inner col_align_top tb_col_count_2 tf_box tf_rel\">\n                        <div  data-lazy=\"1\" class=\"module_column tb-column col3-2 tb_goav965 first\">\n                    <!-- module text -->\n<div  class=\"module module-text tb_nyqf966   \" data-lazy=\"1\">\n        <div  class=\"tb_text_wrap\">\n        <h1>Actividades<\/h1>    <\/div>\n<\/div>\n<!-- \/module text -->        <\/div>\n                    <div  data-lazy=\"1\" class=\"module_column tb-column col3-1 tb_90kg966 last\">\n                            <\/div>\n                        <\/div>\n        <\/div>\n                        <div  data-lazy=\"1\" class=\"module_row themify_builder_row tb_i5xf964 tf_w\">\n                        <div class=\"row_inner col_align_top tb_col_count_1 tf_box tf_rel\">\n                        <div  data-lazy=\"1\" class=\"module_column tb-column col-full tb_capx966 first\">\n                    <!-- module post -->\n<div  class=\"module module-post tb_3b9g502  tb_fullwidth_image\">\n    <div  class=\"builder-posts-wrap loops-wrapper list-large-image classic tf_clear tf_clearfix\" data-lazy=\"1\">\n    <article id=\"post-449\" class=\"post tf_clearfix post-449 type-post status-publish format-standard has-post-thumbnail hentry category-sin-categoria has-post-title has-post-date has-post-category has-post-tag has-post-comment has-post-author \">\n\t    \n\t                <figure class=\"post-image tf_clearfix\">\n                                                            <a href=\"https:\/\/blogsaverroes.juntadeandalucia.es\/stem\/2023\/06\/03\/xi-feria-de-la-ciencia-en-la-calle-de-jerez\/\">\n                                        <img loading=\"lazy\" decoding=\"async\" src=\"https:\/\/blogsaverroes.juntadeandalucia.es\/stem\/files\/2023\/06\/XI-Feria-Ciencia-Jerez-1000x600.jpg\" width=\"1000\" height=\"600\" class=\"wp-post-image wp-image-407\" title=\"XI-Feria-Ciencia-Jerez\" alt=\"XI-Feria-Ciencia-Jerez\" srcset=\"https:\/\/blogsaverroes.juntadeandalucia.es\/stem\/files\/2023\/06\/XI-Feria-Ciencia-Jerez-1000x600.jpg 1000w, https:\/\/blogsaverroes.juntadeandalucia.es\/stem\/files\/2023\/06\/XI-Feria-Ciencia-Jerez-500x300.jpg 500w\" sizes=\"(max-width: 1000px) 100vw, 1000px\" \/>                                                                    <\/a>\n                                                                <\/figure>\n                    \t<div class=\"post-content\">\n\t\t<div class=\"post-content-inner\">\n\n\t\t\t\t\t\t\t\t<div class=\"post-date-wrap post-date-inline\">\n\t\t<time class=\"post-date entry-date updated\" datetime=\"2023-06-03\">\n\t\t\t\t\t<span class=\"year\">3 de junio de 2023<\/span>\n\t\t\t\t<\/time>\n\t<\/div><!-- .post-date-wrap -->\n\t\t\t\t\n\t\t\t<h2 class=\"post-title entry-title\"><a href=\"https:\/\/blogsaverroes.juntadeandalucia.es\/stem\/2023\/06\/03\/xi-feria-de-la-ciencia-en-la-calle-de-jerez\/\">XI Feria de la Ciencia en la calle de Jerez<\/a><\/h2>\n\t\t\t\n\t\t\t\n\t\t\t        <div class=\"entry-content\">\n\n        \n            <p>\u00a1MateMagia! Los matemagos del IES Santas Isabel de Hungr\u00eda han participado en la XI Feria de la Ciencia en la Calle de Jerez. El alumnado participante de 2\u00ba ESO y 3\u00ba ESO realiz\u00f3 sus asombrosos trucos durante los d\u00edas del 31 de mayo al 2 de junio en el stand n\u00famero 16 de la Feria [&hellip;]<\/p>\n\n                \n                    <div class=\"more-link-wrap\"><a href=\"https:\/\/blogsaverroes.juntadeandalucia.es\/stem\/2023\/06\/03\/xi-feria-de-la-ciencia-en-la-calle-de-jerez\/\" class=\"more-link\">Read More<\/a><\/div>\n\n            \n            \n        <\/div><!-- \/.entry-content -->\n        \n\t\t<\/div>\n\t\t<!-- \/.post-content-inner -->\n\t<\/div>\n\t<!-- \/.post-content -->\n\t\n<\/article>\n<!-- \/.post -->\n<article id=\"post-465\" class=\"post tf_clearfix post-465 type-post status-publish format-standard has-post-thumbnail hentry category-sin-categoria has-post-title has-post-date has-post-category has-post-tag has-post-comment has-post-author \">\n\t    \n\t                <figure class=\"post-image tf_clearfix\">\n                                                            <a href=\"https:\/\/blogsaverroes.juntadeandalucia.es\/stem\/2023\/05\/26\/excursion-a-cordoba-22-23\/\">\n                                        <img loading=\"lazy\" decoding=\"async\" src=\"https:\/\/blogsaverroes.juntadeandalucia.es\/stem\/files\/2023\/05\/fc0bba68-9026-483d-b59e-2017ad4ff1ca-1000x600.jpg\" width=\"1000\" height=\"600\" class=\"wp-post-image wp-image-505\" title=\"fc0bba68-9026-483d-b59e-2017ad4ff1ca\" alt=\"fc0bba68-9026-483d-b59e-2017ad4ff1ca\">                                                                    <\/a>\n                                                                <\/figure>\n                    \t<div class=\"post-content\">\n\t\t<div class=\"post-content-inner\">\n\n\t\t\t\t\t\t\t\t<div class=\"post-date-wrap post-date-inline\">\n\t\t<time class=\"post-date entry-date updated\" datetime=\"2023-05-26\">\n\t\t\t\t\t<span class=\"year\">26 de mayo de 2023<\/span>\n\t\t\t\t<\/time>\n\t<\/div><!-- .post-date-wrap -->\n\t\t\t\t\n\t\t\t<h2 class=\"post-title entry-title\"><a href=\"https:\/\/blogsaverroes.juntadeandalucia.es\/stem\/2023\/05\/26\/excursion-a-cordoba-22-23\/\">Excursi\u00f3n a C\u00f3rdoba 22\/23<\/a><\/h2>\n\t\t\t\n\t\t\t\n\t\t\t        <div class=\"entry-content\">\n\n        \n            <p>El pasado jueves 25 de mayo de 2023 el alumnado de 2\u00ba ESO disfrut\u00f3 de una jornada muy intensa en la ciudad de C\u00f3rdoba. La visita, organizada por el Departamento de Matem\u00e1ticas, consisti\u00f3 en la realizaci\u00f3n de una Gymkhana Matem\u00e1tica por el casco antiguo de la ciudad dise\u00f1ada por la empresa de turismo C\u00f3rdoba Viva. [&hellip;]<\/p>\n\n                \n                    <div class=\"more-link-wrap\"><a href=\"https:\/\/blogsaverroes.juntadeandalucia.es\/stem\/2023\/05\/26\/excursion-a-cordoba-22-23\/\" class=\"more-link\">Read More<\/a><\/div>\n\n            \n            \n        <\/div><!-- \/.entry-content -->\n        \n\t\t<\/div>\n\t\t<!-- \/.post-content-inner -->\n\t<\/div>\n\t<!-- \/.post-content -->\n\t\n<\/article>\n<!-- \/.post -->\n<article id=\"post-488\" class=\"post tf_clearfix post-488 type-post status-publish format-standard has-post-thumbnail hentry category-sin-categoria has-post-title has-post-date has-post-category has-post-tag has-post-comment has-post-author \">\n\t    \n\t                <figure class=\"post-image tf_clearfix\">\n                                                            <a href=\"https:\/\/blogsaverroes.juntadeandalucia.es\/stem\/2023\/03\/20\/olimpiada-matematica-thales-22-23\/\">\n                                        <img loading=\"lazy\" decoding=\"async\" src=\"https:\/\/blogsaverroes.juntadeandalucia.es\/stem\/files\/2023\/06\/A7CC2B74-DE6C-4E5C-919F-89199A9E06AE-scaled-1-1024x768-1000x600.jpeg\" width=\"1000\" height=\"600\" class=\"wp-post-image wp-image-489\" title=\"A7CC2B74-DE6C-4E5C-919F-89199A9E06AE-scaled\" alt=\"A7CC2B74-DE6C-4E5C-919F-89199A9E06AE-scaled\" srcset=\"https:\/\/blogsaverroes.juntadeandalucia.es\/stem\/files\/2023\/06\/A7CC2B74-DE6C-4E5C-919F-89199A9E06AE-scaled-1-1024x768-1000x600.jpeg 1000w, https:\/\/blogsaverroes.juntadeandalucia.es\/stem\/files\/2023\/06\/A7CC2B74-DE6C-4E5C-919F-89199A9E06AE-scaled-1-1024x768-500x300.jpeg 500w\" sizes=\"(max-width: 1000px) 100vw, 1000px\" \/>                                                                    <\/a>\n                                                                <\/figure>\n                    \t<div class=\"post-content\">\n\t\t<div class=\"post-content-inner\">\n\n\t\t\t\t\t\t\t\t<div class=\"post-date-wrap post-date-inline\">\n\t\t<time class=\"post-date entry-date updated\" datetime=\"2023-03-20\">\n\t\t\t\t\t<span class=\"year\">20 de marzo de 2023<\/span>\n\t\t\t\t<\/time>\n\t<\/div><!-- .post-date-wrap -->\n\t\t\t\t\n\t\t\t<h2 class=\"post-title entry-title\"><a href=\"https:\/\/blogsaverroes.juntadeandalucia.es\/stem\/2023\/03\/20\/olimpiada-matematica-thales-22-23\/\">Olimpiada Matem\u00e1tica Thales 22\/23<\/a><\/h2>\n\t\t\t\n\t\t\t\n\t\t\t        <div class=\"entry-content\">\n\n        \n            <p>El pasado s\u00e1bado 18 de marzo la Sociedad Andaluza &nbsp;de Educaci\u00f3n Matem\u00e1tica (SAEM Thales) organiz\u00f3 la fase provincial de la XXXVII Olimpiada Matem\u00e1tica. Esta jornada tuvo lugar en la Facultad de Ciencias del Campus de Puerto Real (Universidad de C\u00e1diz). Nuestro alumnado participante de 2\u00ba ESO, tuvo la oportunidad de vivir esta enriquecedora experiencia, enfrent\u00e1ndose [&hellip;]<\/p>\n\n                \n                    <div class=\"more-link-wrap\"><a href=\"https:\/\/blogsaverroes.juntadeandalucia.es\/stem\/2023\/03\/20\/olimpiada-matematica-thales-22-23\/\" class=\"more-link\">Read More<\/a><\/div>\n\n            \n            \n        <\/div><!-- \/.entry-content -->\n        \n\t\t<\/div>\n\t\t<!-- \/.post-content-inner -->\n\t<\/div>\n\t<!-- \/.post-content -->\n\t\n<\/article>\n<!-- \/.post -->\n<article id=\"post-541\" class=\"post tf_clearfix post-541 type-post status-publish format-standard hentry category-sin-categoria has-post-title has-post-date has-post-category has-post-tag has-post-comment has-post-author \">\n\t    \n\t\t<div class=\"post-content\">\n\t\t<div class=\"post-content-inner\">\n\n\t\t\t\t\t\t\t\t<div class=\"post-date-wrap post-date-inline\">\n\t\t<time class=\"post-date entry-date updated\" datetime=\"2023-03-15\">\n\t\t\t\t\t<span class=\"year\">15 de marzo de 2023<\/span>\n\t\t\t\t<\/time>\n\t<\/div><!-- .post-date-wrap -->\n\t\t\t\t\n\t\t\t<h2 class=\"post-title entry-title\"><a href=\"https:\/\/blogsaverroes.juntadeandalucia.es\/stem\/2023\/03\/15\/i-gymkhana-matematica\/\">I Gymkhana Matem\u00e1tica<\/a><\/h2>\n\t\t\t\n\t\t\t\n\t\t\t        <div class=\"entry-content\">\n\n        \n            <p>Este curso el alumnado de 3\u00ba de ESO ha participado en la I Gymkhana Matem\u00e1tica del IES Santa Isabel de Hungr\u00eda, celebrada el 22 de febrero durante la Semana Cultural. La actividad super\u00f3 todas nuestras expectativas ya que todos los equipos que compitieron demostraron un gran inter\u00e9s durante todo el tiempo que dur\u00f3 la Gymkhana. [&hellip;]<\/p>\n\n                \n                    <div class=\"more-link-wrap\"><a href=\"https:\/\/blogsaverroes.juntadeandalucia.es\/stem\/2023\/03\/15\/i-gymkhana-matematica\/\" class=\"more-link\">Read More<\/a><\/div>\n\n            \n            \n        <\/div><!-- \/.entry-content -->\n        \n\t\t<\/div>\n\t\t<!-- \/.post-content-inner -->\n\t<\/div>\n\t<!-- \/.post-content -->\n\t\n<\/article>\n<!-- \/.post -->\n    <\/div><!-- .builder-posts-wrap -->\n                                <div class=\"pagenav tf_clear tf_box tf_textr tf_clearfix \"> <span class=\"number current\">1<\/span> <a href=\"https:\/\/blogsaverroes.juntadeandalucia.es\/stem\/wp-json\/wp\/v2\/pages\/290\/page\/2\/\" class=\"number\">2<\/a><\/div>                <\/div>\n<!-- \/module post -->\n            <\/div>\n                        <\/div>\n        <\/div>\n        <\/div>\n<!--\/themify_builder_content-->","protected":false},"excerpt":{"rendered":"<p>Actividades<\/p>\n","protected":false},"author":12290,"featured_media":0,"parent":0,"menu_order":0,"comment_status":"closed","ping_status":"closed","template":"","meta":{"ngg_post_thumbnail":0,"footnotes":""},"aioseo_notices":[],"_links":{"self":[{"href":"https:\/\/blogsaverroes.juntadeandalucia.es\/stem\/wp-json\/wp\/v2\/pages\/290"}],"collection":[{"href":"https:\/\/blogsaverroes.juntadeandalucia.es\/stem\/wp-json\/wp\/v2\/pages"}],"about":[{"href":"https:\/\/blogsaverroes.juntadeandalucia.es\/stem\/wp-json\/wp\/v2\/types\/page"}],"author":[{"embeddable":true,"href":"https:\/\/blogsaverroes.juntadeandalucia.es\/stem\/wp-json\/wp\/v2\/users\/12290"}],"replies":[{"embeddable":true,"href":"https:\/\/blogsaverroes.juntadeandalucia.es\/stem\/wp-json\/wp\/v2\/comments?post=290"}],"version-history":[{"count":13,"href":"https:\/\/blogsaverroes.juntadeandalucia.es\/stem\/wp-json\/wp\/v2\/pages\/290\/revisions"}],"predecessor-version":[{"id":558,"href":"https:\/\/blogsaverroes.juntadeandalucia.es\/stem\/wp-json\/wp\/v2\/pages\/290\/revisions\/558"}],"wp:attachment":[{"href":"https:\/\/blogsaverroes.juntadeandalucia.es\/stem\/wp-json\/wp\/v2\/media?parent=290"}],"curies":[{"name":"wp","href":"https:\/\/api.w.org\/{rel}","templated":true}]}}