{"id":368,"date":"2022-05-27T19:42:27","date_gmt":"2022-05-27T19:42:27","guid":{"rendered":"https:\/\/blogsaverroes.juntadeandalucia.es\/stem\/?page_id=368"},"modified":"2023-06-14T09:09:56","modified_gmt":"2023-06-14T09:09:56","slug":"feria-de-la-ciencia-2021-22","status":"publish","type":"page","link":"https:\/\/blogsaverroes.juntadeandalucia.es\/stem\/proyectos\/feria-de-la-ciencia-2021-22\/","title":{"rendered":"X Feria de la Ciencia"},"content":{"rendered":"<!--themify_builder_content-->\n<div id=\"themify_builder_content-368\" data-postid=\"368\" class=\"themify_builder_content themify_builder_content-368 themify_builder tf_clear\">\n                    <div  data-lazy=\"1\" class=\"module_row themify_builder_row tb_56j5678 tb_first tf_w\">\n                        <div class=\"row_inner col_align_top tb_col_count_1 tf_box tf_rel\">\n                        <div  data-lazy=\"1\" class=\"module_column tb-column col-full tb_ahtu689 first\">\n                    <!-- module fancy heading -->\n<div  class=\"module module-fancy-heading tb_wg49692 \" data-lazy=\"1\">\n        <h1 class=\"fancy-heading\">\n    <span class=\"main-head tf_block\">\n                    Las especias desde una perspectiva hist\u00f3rica            <\/span>\n\n    \n    <span class=\"sub-head tf_block tf_rel\">\n                    X Feria de la Ciencia en la calle de Jerez            <\/span>\n    <\/h1>\n<\/div>\n<!-- \/module fancy heading -->\n        <\/div>\n                        <\/div>\n        <\/div>\n                        <div  data-lazy=\"1\" class=\"module_row themify_builder_row tb_0mvg93 tf_w\">\n                        <div class=\"row_inner col_align_top tb_col_count_2 tf_box tf_rel\">\n                        <div  data-lazy=\"1\" class=\"module_column tb-column col3-1 tb_tvh7101 first\">\n                            <div  data-sticky-active=\"{&quot;d&quot;:{&quot;stick&quot;:{&quot;v&quot;:&quot;100&quot;},&quot;unstick&quot;:{&quot;type&quot;:&quot;builder&quot;}}}\" data-lazy=\"1\" class=\"module_subrow themify_builder_sub_row tf_w col_align_top tb_col_count_1 tb_isea103\">\n                <div  data-lazy=\"1\" class=\"module_column sub_column col-full tb_fp07104 first\">\n                    <!-- module text -->\n<div  class=\"module module-text tb_xr8q106   \" data-lazy=\"1\">\n        <div  class=\"tb_text_wrap\">\n        <h3>Experiencias<span style=\"font-size: 16px;\">\u00a0<\/span><\/h3>    <\/div>\n<\/div>\n<!-- \/module text --><!-- module icon -->\n<div  class=\"module module-icon tb_jtbv110  normal circle icon_vertical \" data-lazy=\"1\">\n            <div class=\"module-icon-item\">\n                            <a href=\"#exp1\">\n                                                                    <em class=\"tf_boxtransparent\"><svg  class=\"tf_fa tf-ti-angle-right\" aria-hidden=\"true\"><use href=\"#tf-ti-angle-right\"><\/use><\/svg><\/em>\n                                                                            <span>Origen de las especias<\/span>\n                                                                    <\/a>\n                    <\/div>\n            <div class=\"module-icon-item\">\n                            <a href=\"#exp2\">\n                                                                    <em class=\"tf_boxtransparent\"><svg  class=\"tf_fa tf-ti-angle-right\" aria-hidden=\"true\"><use href=\"#tf-ti-angle-right\"><\/use><\/svg><\/em>\n                                                                            <span>Era de los descubrimientos<\/span>\n                                                                    <\/a>\n                    <\/div>\n            <div class=\"module-icon-item\">\n                            <a href=\"#exp3\">\n                                                                    <em class=\"tf_boxtransparent\"><svg  class=\"tf_fa tf-ti-angle-right\" aria-hidden=\"true\"><use href=\"#tf-ti-angle-right\"><\/use><\/svg><\/em>\n                                                                            <span>Cata olfativa<\/span>\n                                                                    <\/a>\n                    <\/div>\n            <div class=\"module-icon-item\">\n                            <a href=\"#exp4\">\n                                                                    <em class=\"tf_boxtransparent\"><svg  class=\"tf_fa tf-ti-angle-right\" aria-hidden=\"true\"><use href=\"#tf-ti-angle-right\"><\/use><\/svg><\/em>\n                                                                            <span>Extracci\u00f3n de aceites esenciales<\/span>\n                                                                    <\/a>\n                    <\/div>\n    <\/div>\n<!-- \/module icon -->\n<!-- module buttons -->\n<div  class=\"module module-buttons tb_43la111 buttons-horizontal solid  squared buttons-fullwidth\" data-lazy=\"1\">\n        <div class=\"module-buttons-item tf_in_flx\">\n                        <a href=\"https:\/\/blogsaverroes.juntadeandalucia.es\/stem\/files\/2022\/05\/LAS-ESPECIAS.pdf\" class=\"ui builder_button tf_in_flx orange\" >\n                                    <em><svg  class=\"tf_fa tf-far-file-pdf\" aria-hidden=\"true\"><use href=\"#tf-far-file-pdf\"><\/use><\/svg><\/em>                                        Proyecto PDF                                        <\/a>\n                <\/div>\n            <\/div>\n<!-- \/module buttons -->\n        <\/div>\n                    <\/div>\n                <\/div>\n                    <div  data-lazy=\"1\" class=\"module_column tb-column col3-2 tb_xvm4113 last\">\n                    <!-- module text -->\n<div  class=\"module module-text tb_tvqw114   \" data-lazy=\"1\">\n        <div  class=\"tb_text_wrap\">\n        <h3 style=\"text-align: left;\">Tem\u00e1tica del proyecto:<\/h3>\n<p style=\"text-align: justify;\">El IES Santa Isabel de Hungr\u00eda se sumerge en la Historia de la Ciencia investigando sobre las especias. A trav\u00e9s de varias dramatizaciones podremos conocer el por qu\u00e9 de la importancia de las especias y sus caracter\u00edsticas qu\u00edmicas, que han sido aprovechadas por el ser humano.<\/p>    <\/div>\n<\/div>\n<!-- \/module text --><!-- module image -->\n<div  class=\"module module-image tb_xn4s726 image-top   tf_mw\" data-lazy=\"1\">\n        <div class=\"image-wrap tf_rel tf_mw\">\n            <img loading=\"lazy\" decoding=\"async\" width=\"1080\" height=\"675\" src=\"https:\/\/blogsaverroes.juntadeandalucia.es\/stem\/files\/2022\/06\/especias.jpg\" class=\"wp-post-image wp-image-402\" title=\"especias\" alt=\"especias\" srcset=\"https:\/\/blogsaverroes.juntadeandalucia.es\/stem\/files\/2022\/06\/especias.jpg 1080w, https:\/\/blogsaverroes.juntadeandalucia.es\/stem\/files\/2022\/06\/especias-300x188.jpg 300w, https:\/\/blogsaverroes.juntadeandalucia.es\/stem\/files\/2022\/06\/especias-1024x640.jpg 1024w, https:\/\/blogsaverroes.juntadeandalucia.es\/stem\/files\/2022\/06\/especias-768x480.jpg 768w\" sizes=\"(max-width: 1080px) 100vw, 1080px\" \/>    \n        <\/div>\n    <!-- \/image-wrap -->\n    \n        <\/div>\n<!-- \/module image -->        <\/div>\n                        <\/div>\n        <\/div>\n                        <div  data-anchor=\"exp1\" data-lazy=\"1\" class=\"module_row themify_builder_row tb_has_section tb_section-exp1 tb_qulh680 tf_w\">\n                        <div class=\"row_inner col_align_top tb_col_count_2 tf_box tf_rel\">\n                        <div  data-lazy=\"1\" class=\"module_column tb-column col3-1 tb_k6p7705 first\">\n                            <\/div>\n                    <div  data-lazy=\"1\" class=\"module_column tb-column col3-2 tb_bbpu705 last\">\n                    <!-- module divider -->\n<div  class=\"module tf_mw module-divider tb_5vqc706 solid   \" style=\"border-width: 1px;border-color: #d1d1d1;margin-top: 20px;margin-bottom: 20px;\" data-lazy=\"1\">\n    <\/div>\n<!-- \/module divider -->\n<!-- module text -->\n<div  class=\"module module-text tb_zxbf708   \" data-lazy=\"1\">\n        <div  class=\"tb_text_wrap\">\n        <h3 style=\"text-align: left;\">Origen de las especias<\/h3>\n<p style=\"text-align: justify;\">Organizaremos un escenario apto para ser grabado en video o dramatizado en forma de teatro. En \u00e9l, el espectador se encontrar\u00e1 con diversas estancias, siendo la primera un despacho de un comerciante italiano.\u00a0<\/p>\n<p style=\"text-align: justify;\">En esta primera experiencia, nos topamos con dos personajes disfrazados de comerciantes venecianos. Estos personajes escenificar\u00e1n un di\u00e1logo donde se respondan a los interrogantes planteados.<\/p>    <\/div>\n<\/div>\n<!-- \/module text --><!-- module video -->\n<div  class=\"module module-video tb_2pcg115 video-overlay  \" data-lazy=\"1\">\n                    <div class=\"video-wrap-outer\">\n            <div class=\"video-wrap tf_rel tf_overflow\">\n                                    <noscript><iframe data-no-script src=\"https:\/\/www.youtube.com\/embed\/kvhAJK5lr18?pip=1&playsinline=1\" allow=\"accelerometer;encrypted-media;gyroscope;picture-in-picture;fullscreen\" class=\"tf_abs tf_w tf_h\"><\/iframe><\/noscript>\n                                <\/div>\n            <!-- \/video-wrap -->\n        <\/div>\n        <!-- \/video-wrap-outer -->\n                    <div class=\"video-content\">\n                                    <h3 class=\"video-title\">\n                                            Experiencia 1                                        <\/h3>\n                \n                            <\/div>\n            <!-- \/video-content -->\n            <\/div>\n        <\/div>\n                        <\/div>\n        <\/div>\n                        <div  data-anchor=\"exp2\" data-lazy=\"1\" class=\"module_row themify_builder_row tb_has_section tb_section-exp2 tb_q2ef680 tf_w\">\n                        <div class=\"row_inner col_align_top tb_col_count_2 tf_box tf_rel\">\n                        <div  data-lazy=\"1\" class=\"module_column tb-column col3-1 tb_r5t0711 first\">\n                            <\/div>\n                    <div  data-lazy=\"1\" class=\"module_column tb-column col3-2 tb_idku711 last\">\n                    <!-- module divider -->\n<div  class=\"module tf_mw module-divider tb_t973711 solid   \" style=\"border-width: 1px;border-color: #d1d1d1;margin-top: 20px;margin-bottom: 20px;\" data-lazy=\"1\">\n    <\/div>\n<!-- \/module divider -->\n<!-- module text -->\n<div  class=\"module module-text tb_dfba712   \" data-lazy=\"1\">\n        <div  class=\"tb_text_wrap\">\n        <h3>Era de los descubrimientos<\/h3>\n<p style=\"text-align: justify;\">En el segundo punto de nuestro escenario, el espectador se encuentra con un personaje disfrazado de navegante. Este personaje, de nuevo, mediante la representaci\u00f3n de un mon\u00f3logo y con la ayuda de un enorme mapamundi y objetos varios, responder\u00e1 a los interrogantes planteados.<\/p>    <\/div>\n<\/div>\n<!-- \/module text --><!-- module video -->\n<div  class=\"module module-video tb_lils269 video-overlay  \" data-lazy=\"1\">\n                    <div class=\"video-wrap-outer\">\n            <div class=\"video-wrap tf_rel tf_overflow\">\n                                    <noscript><iframe data-no-script src=\"https:\/\/www.youtube.com\/embed\/oiioA3xNr3w?pip=1&playsinline=1\" allow=\"accelerometer;encrypted-media;gyroscope;picture-in-picture;fullscreen\" class=\"tf_abs tf_w tf_h\"><\/iframe><\/noscript>\n                                <\/div>\n            <!-- \/video-wrap -->\n        <\/div>\n        <!-- \/video-wrap-outer -->\n                    <div class=\"video-content\">\n                                    <h3 class=\"video-title\">\n                                            Experiencia 2                                        <\/h3>\n                \n                            <\/div>\n            <!-- \/video-content -->\n            <\/div>\n        <\/div>\n                        <\/div>\n        <\/div>\n                        <div  data-anchor=\"exp3\" data-lazy=\"1\" class=\"module_row themify_builder_row tb_has_section tb_section-exp3 tb_c1kp934 tf_w\">\n                        <div class=\"row_inner col_align_top tb_col_count_2 tf_box tf_rel\">\n                        <div  data-lazy=\"1\" class=\"module_column tb-column col3-1 tb_v826936 first\">\n                            <\/div>\n                    <div  data-lazy=\"1\" class=\"module_column tb-column col3-2 tb_m2vd936 last\">\n                    <!-- module divider -->\n<div  class=\"module tf_mw module-divider tb_vq41937 solid   \" style=\"border-width: 1px;border-color: #d1d1d1;margin-top: 20px;margin-bottom: 20px;\" data-lazy=\"1\">\n    <\/div>\n<!-- \/module divider -->\n<!-- module text -->\n<div  class=\"module module-text tb_tjzw719   \" data-lazy=\"1\">\n        <div  class=\"tb_text_wrap\">\n        <h3>Cata olfativa<\/h3>\n<p style=\"text-align: justify;\">Se han seleccionado 3 tipos de sales, una de salina de interior, concretamente de Prado del Rey, otra de una salinera de Chiclana y por \u00faltimo sal com\u00fan de supermercado. Se ha realizado una disoluci\u00f3n con agua de 35 g por litro, se han rellenado los tres eclosionadores y se ha vertido una unidad de huevos, se ha puesto bomba de aireaci\u00f3n. Una vez eclosionados, se pasan por el tamiz, se pesan y se pasan al tanque de desarrollo, aqu\u00ed se alimentan de fitoplancton. Una vez que se llega al final de su desarrollo se vuelven a sacar y se pesan. En todos estos pasos se van anotando las distintas cantidades recogidas para su posterior valoraci\u00f3n.<\/p>    <\/div>\n<\/div>\n<!-- \/module text --><!-- module video -->\n<div  class=\"module module-video tb_2bjn460 video-overlay  \" data-lazy=\"1\">\n                    <div class=\"video-wrap-outer\">\n            <div class=\"video-wrap tf_rel tf_overflow\">\n                                    <noscript><iframe data-no-script src=\"https:\/\/www.youtube.com\/embed\/x5JoEspE09M?pip=1&playsinline=1\" allow=\"accelerometer;encrypted-media;gyroscope;picture-in-picture;fullscreen\" class=\"tf_abs tf_w tf_h\"><\/iframe><\/noscript>\n                                <\/div>\n            <!-- \/video-wrap -->\n        <\/div>\n        <!-- \/video-wrap-outer -->\n                    <div class=\"video-content\">\n                                    <h3 class=\"video-title\">\n                                            Experiencia 3                                        <\/h3>\n                \n                            <\/div>\n            <!-- \/video-content -->\n            <\/div>\n        <\/div>\n                        <\/div>\n        <\/div>\n                        <div  data-anchor=\"exp4\" data-lazy=\"1\" class=\"module_row themify_builder_row tb_has_section tb_section-exp4 tb_m5yi681 tf_w\">\n                        <div class=\"row_inner col_align_top tb_col_count_2 tf_box tf_rel\">\n                        <div  data-lazy=\"1\" class=\"module_column tb-column col3-1 tb_lkh2719 first\">\n                            <\/div>\n                    <div  data-lazy=\"1\" class=\"module_column tb-column col3-2 tb_zp1b719 last\">\n                    <!-- module divider -->\n<div  class=\"module tf_mw module-divider tb_jpy1719 solid   \" style=\"border-width: 1px;border-color: #d1d1d1;margin-top: 20px;margin-bottom: 20px;\" data-lazy=\"1\">\n    <\/div>\n<!-- \/module divider -->\n<!-- module text -->\n<div  class=\"module module-text tb_lzb5939   \" data-lazy=\"1\">\n        <div  class=\"tb_text_wrap\">\n        <h3>Extracci\u00f3n de aceites esenciales<\/h3>\n<p style=\"text-align: justify;\">Los \u00faltimos personajes, los perfumistas, nos explican diferentes formas de extraer aceites. Habr\u00e1 un sistema de destilaci\u00f3n funcionando en directo, extrayendo aceite de azahar o de lavanda.<\/p>\n<p style=\"text-align: justify;\">Presentaremos preparaciones realizadas en el proyecto tales como aceites perfumados para masajes o jabones especiados.<\/p>\n<p style=\"text-align: justify;\">Adem\u00e1s en este puesto nos revelar\u00e1n, por \u00faltimo, creencias curativas atribuidas a las especias, que van, desde las m\u00e1scaras m\u00e9dicas venecianas, hasta su uso como afrodis\u00edacos.<\/p>    <\/div>\n<\/div>\n<!-- \/module text --><!-- module video -->\n<div  class=\"module module-video tb_pahw660 video-overlay  \" data-lazy=\"1\">\n                    <div class=\"video-wrap-outer\">\n            <div class=\"video-wrap tf_rel tf_overflow\">\n                                    <noscript><iframe data-no-script src=\"https:\/\/www.youtube.com\/embed\/zEOJ_Ui02WY?pip=1&playsinline=1\" allow=\"accelerometer;encrypted-media;gyroscope;picture-in-picture;fullscreen\" class=\"tf_abs tf_w tf_h\"><\/iframe><\/noscript>\n                                <\/div>\n            <!-- \/video-wrap -->\n        <\/div>\n        <!-- \/video-wrap-outer -->\n                    <div class=\"video-content\">\n                                    <h3 class=\"video-title\">\n                                            Experiencia 4                                        <\/h3>\n                \n                            <\/div>\n            <!-- \/video-content -->\n            <\/div>\n        <\/div>\n                        <\/div>\n        <\/div>\n        <\/div>\n<!--\/themify_builder_content-->","protected":false},"excerpt":{"rendered":"<p>Las especias desde una perspectiva hist\u00f3ricaX Feria de la Ciencia en la calle de Jerez Experiencias\u00a0 Origen de las especias Era de los descubrimientos Cata olfativa Extracci\u00f3n de aceites esenciales Proyecto PDF Tem\u00e1tica del proyecto: El IES Santa Isabel de Hungr\u00eda se sumerge en la Historia de la Ciencia investigando sobre las especias. A trav\u00e9s [&hellip;]<\/p>\n","protected":false},"author":12290,"featured_media":0,"parent":336,"menu_order":0,"comment_status":"closed","ping_status":"closed","template":"","meta":{"ngg_post_thumbnail":0,"footnotes":""},"aioseo_notices":[],"_links":{"self":[{"href":"https:\/\/blogsaverroes.juntadeandalucia.es\/stem\/wp-json\/wp\/v2\/pages\/368"}],"collection":[{"href":"https:\/\/blogsaverroes.juntadeandalucia.es\/stem\/wp-json\/wp\/v2\/pages"}],"about":[{"href":"https:\/\/blogsaverroes.juntadeandalucia.es\/stem\/wp-json\/wp\/v2\/types\/page"}],"author":[{"embeddable":true,"href":"https:\/\/blogsaverroes.juntadeandalucia.es\/stem\/wp-json\/wp\/v2\/users\/12290"}],"replies":[{"embeddable":true,"href":"https:\/\/blogsaverroes.juntadeandalucia.es\/stem\/wp-json\/wp\/v2\/comments?post=368"}],"version-history":[{"count":16,"href":"https:\/\/blogsaverroes.juntadeandalucia.es\/stem\/wp-json\/wp\/v2\/pages\/368\/revisions"}],"predecessor-version":[{"id":498,"href":"https:\/\/blogsaverroes.juntadeandalucia.es\/stem\/wp-json\/wp\/v2\/pages\/368\/revisions\/498"}],"up":[{"embeddable":true,"href":"https:\/\/blogsaverroes.juntadeandalucia.es\/stem\/wp-json\/wp\/v2\/pages\/336"}],"wp:attachment":[{"href":"https:\/\/blogsaverroes.juntadeandalucia.es\/stem\/wp-json\/wp\/v2\/media?parent=368"}],"curies":[{"name":"wp","href":"https:\/\/api.w.org\/{rel}","templated":true}]}}