{"id":410,"date":"2023-06-12T06:36:07","date_gmt":"2023-06-12T06:36:07","guid":{"rendered":"https:\/\/blogsaverroes.juntadeandalucia.es\/stem\/?page_id=410"},"modified":"2023-06-14T09:10:21","modified_gmt":"2023-06-14T09:10:21","slug":"proyecto-stem-2022-23","status":"publish","type":"page","link":"https:\/\/blogsaverroes.juntadeandalucia.es\/stem\/proyectos\/proyecto-stem-2022-23\/","title":{"rendered":"Proyecto STEM 2022\/23"},"content":{"rendered":"<!--themify_builder_content-->\n<div id=\"themify_builder_content-410\" data-postid=\"410\" class=\"themify_builder_content themify_builder_content-410 themify_builder tf_clear\">\n                    <div  data-lazy=\"1\" class=\"module_row themify_builder_row tb_0962740 tb_first tf_w\">\n                        <div class=\"row_inner col_align_top tb_col_count_1 tf_box tf_rel\">\n                        <div  data-lazy=\"1\" class=\"module_column tb-column col-full tb_na3u741 first\">\n                    <!-- module fancy heading -->\n<div  class=\"module module-fancy-heading tb_vhuy741 \" data-lazy=\"1\">\n        <h1 class=\"fancy-heading\">\n    <span class=\"main-head tf_block\">\n                    Conociendo el arbolado de jerez            <\/span>\n\n    \n    <span class=\"sub-head tf_block tf_rel\">\n                    Proyecto STEM 2022\/23            <\/span>\n    <\/h1>\n<\/div>\n<!-- \/module fancy heading -->\n        <\/div>\n                        <\/div>\n        <\/div>\n                        <div  data-lazy=\"1\" class=\"module_row themify_builder_row tb_1gko740 tf_w\">\n                        <div class=\"row_inner col_align_top tb_col_count_2 tf_box tf_rel\">\n                        <div  data-lazy=\"1\" class=\"module_column tb-column col3-1 tb_cjeu741 first\">\n                            <div  data-sticky-active=\"{&quot;d&quot;:{&quot;stick&quot;:{&quot;v&quot;:&quot;100&quot;},&quot;unstick&quot;:{&quot;type&quot;:&quot;builder&quot;}}}\" data-lazy=\"1\" class=\"module_subrow themify_builder_sub_row tf_w col_align_top tb_col_count_1 tb_uiqm741\">\n                <div  data-lazy=\"1\" class=\"module_column sub_column col-full tb_8coa742 first\">\n                    <!-- module text -->\n<div  class=\"module module-text tb_x7e7742   \" data-lazy=\"1\">\n        <div  class=\"tb_text_wrap\">\n        <h3>Actuaciones<span style=\"font-size: 16px;\">\u00a0<\/span><\/h3>    <\/div>\n<\/div>\n<!-- \/module text --><!-- module icon -->\n<div  class=\"module module-icon tb_wfsm742  normal circle icon_vertical \" data-lazy=\"1\">\n            <div class=\"module-icon-item\">\n                            <a href=\"#act1\">\n                                                                    <em class=\"tf_boxtransparent\"><svg  class=\"tf_fa tf-ti-angle-right\" aria-hidden=\"true\"><use href=\"#tf-ti-angle-right\"><\/use><\/svg><\/em>\n                                                                            <span>Dise\u00f1o 3D con Tinkercad<\/span>\n                                                                    <\/a>\n                    <\/div>\n            <div class=\"module-icon-item\">\n                            <a href=\"#act2\">\n                                                                    <em class=\"tf_boxtransparent\"><svg  class=\"tf_fa tf-ti-angle-right\" aria-hidden=\"true\"><use href=\"#tf-ti-angle-right\"><\/use><\/svg><\/em>\n                                                                            <span>Programaci\u00f3n con Makecode<\/span>\n                                                                    <\/a>\n                    <\/div>\n    <\/div>\n<!-- \/module icon -->\n        <\/div>\n                    <\/div>\n                <\/div>\n                    <div  data-lazy=\"1\" class=\"module_column tb-column col3-2 tb_j79y742 last\">\n                    <!-- module text -->\n<div  class=\"module module-text tb_eymf742   \" data-lazy=\"1\">\n        <div  class=\"tb_text_wrap\">\n        <h3 style=\"text-align: center;\">Presentaci\u00f3n del proyecto<\/h3>    <\/div>\n<\/div>\n<!-- \/module text --><!-- module video -->\n<div  class=\"module module-video tb_asdi742 video-overlay  \" data-lazy=\"1\">\n                    <div class=\"video-wrap-outer\">\n            <div class=\"video-wrap tf_rel tf_overflow\">\n                                    <noscript><iframe data-no-script src=\"https:\/\/www.youtube.com\/embed\/tXShlbqHhfA?pip=1&playsinline=1\" allow=\"accelerometer;encrypted-media;gyroscope;picture-in-picture;fullscreen\" class=\"tf_abs tf_w tf_h\"><\/iframe><\/noscript>\n                                <\/div>\n            <!-- \/video-wrap -->\n        <\/div>\n        <!-- \/video-wrap-outer -->\n                    <div class=\"video-content\">\n                                    <h3 class=\"video-title\">\n                                            PROYECTO STEM 22\/23                                        <\/h3>\n                \n                            <\/div>\n            <!-- \/video-content -->\n            <\/div>\n        <\/div>\n                        <\/div>\n        <\/div>\n                        <div  data-anchor=\"act1\" data-lazy=\"1\" class=\"module_row themify_builder_row tb_has_section tb_section-act1 tb_sn6a740 tf_w\">\n                        <div class=\"row_inner col_align_top tb_col_count_2 tf_box tf_rel\">\n                        <div  data-lazy=\"1\" class=\"module_column tb-column col3-1 tb_paox742 first\">\n                            <\/div>\n                    <div  data-lazy=\"1\" class=\"module_column tb-column col3-2 tb_n0r2742 last\">\n                    <!-- module divider -->\n<div  class=\"module tf_mw module-divider tb_9foj742 solid   \" style=\"border-width: 1px;border-color: #d1d1d1;margin-top: 20px;margin-bottom: 20px;\" data-lazy=\"1\">\n    <\/div>\n<!-- \/module divider -->\n<!-- module text -->\n<div  class=\"module module-text tb_zr6o742   \" data-lazy=\"1\">\n        <div  class=\"tb_text_wrap\">\n        <h3>Dise\u00f1o (e impresi\u00f3n) 3D de la arboleda con Tinkercad<\/h3>\n<p style=\"text-align: justify;\">El alumnado de 3\u00ba de ESO de Rob\u00f3tica y Tecnolog\u00eda ha dise\u00f1ado los distintos \u00e1rboles en Tinkercad para su posterior impresi\u00f3n con la impresora 3D.<\/p>    <\/div>\n<\/div>\n<!-- \/module text -->        <div  data-lazy=\"1\" class=\"module_subrow themify_builder_sub_row tf_w col_align_top tb_col_count_2 tb_gyow743\">\n                <div  data-lazy=\"1\" class=\"module_column sub_column col4-2 tb_guri743 first\">\n                    <!-- module image -->\n<div  class=\"module module-image tb_4622743 image-center   tf_mw\" data-lazy=\"1\">\n        <div class=\"image-wrap tf_rel tf_mw\">\n            <a href=\"https:\/\/blogsaverroes.juntadeandalucia.es\/stem\/files\/2022\/04\/codigos-qr-1.jpg\" class=\"lightbox-builder themify_lightbox\">\n                                   <span class=\"zoom\">\n                <svg  aria-label=\"Open\" class=\"tf_fa tf-ti-search\" role=\"img\"><use href=\"#tf-ti-search\"><\/use><\/svg>            <\/span>\n                    <img loading=\"lazy\" decoding=\"async\" width=\"1414\" height=\"2000\" src=\"https:\/\/blogsaverroes.juntadeandalucia.es\/stem\/files\/2022\/04\/codigos-qr-1.jpg\" class=\"wp-post-image wp-image-145\" title=\"codigos-qr-1\" alt=\"C\u00f3digos QR\" srcset=\"https:\/\/blogsaverroes.juntadeandalucia.es\/stem\/files\/2022\/04\/codigos-qr-1.jpg 1414w, https:\/\/blogsaverroes.juntadeandalucia.es\/stem\/files\/2022\/04\/codigos-qr-1-212x300.jpg 212w, https:\/\/blogsaverroes.juntadeandalucia.es\/stem\/files\/2022\/04\/codigos-qr-1-724x1024.jpg 724w, https:\/\/blogsaverroes.juntadeandalucia.es\/stem\/files\/2022\/04\/codigos-qr-1-768x1086.jpg 768w, https:\/\/blogsaverroes.juntadeandalucia.es\/stem\/files\/2022\/04\/codigos-qr-1-1086x1536.jpg 1086w\" sizes=\"(max-width: 1414px) 100vw, 1414px\" \/>        <\/a>\n    \n        <\/div>\n    <!-- \/image-wrap -->\n    \n        <\/div>\n<!-- \/module image -->        <\/div>\n                    <div  data-lazy=\"1\" class=\"module_column sub_column col4-2 tb_wd7k743 last\">\n                    <!-- module image -->\n<div  class=\"module module-image tb_zwes743 image-center   tf_mw\" data-lazy=\"1\">\n        <div class=\"image-wrap tf_rel tf_mw\">\n            <a href=\"https:\/\/blogsaverroes.juntadeandalucia.es\/stem\/files\/2022\/04\/codigos-qr-2.jpg\" class=\"lightbox-builder themify_lightbox\">\n                                   <span class=\"zoom\">\n                <svg  aria-label=\"Open\" class=\"tf_fa tf-ti-search\" role=\"img\"><use href=\"#tf-ti-search\"><\/use><\/svg>            <\/span>\n                    <img loading=\"lazy\" decoding=\"async\" width=\"1414\" height=\"2000\" src=\"https:\/\/blogsaverroes.juntadeandalucia.es\/stem\/files\/2022\/04\/codigos-qr-2.jpg\" class=\"wp-post-image wp-image-146\" title=\"codigos-qr-2\" alt=\"C\u00f3digos QR\" srcset=\"https:\/\/blogsaverroes.juntadeandalucia.es\/stem\/files\/2022\/04\/codigos-qr-2.jpg 1414w, https:\/\/blogsaverroes.juntadeandalucia.es\/stem\/files\/2022\/04\/codigos-qr-2-212x300.jpg 212w, https:\/\/blogsaverroes.juntadeandalucia.es\/stem\/files\/2022\/04\/codigos-qr-2-724x1024.jpg 724w, https:\/\/blogsaverroes.juntadeandalucia.es\/stem\/files\/2022\/04\/codigos-qr-2-768x1086.jpg 768w, https:\/\/blogsaverroes.juntadeandalucia.es\/stem\/files\/2022\/04\/codigos-qr-2-1086x1536.jpg 1086w\" sizes=\"(max-width: 1414px) 100vw, 1414px\" \/>        <\/a>\n    \n        <\/div>\n    <!-- \/image-wrap -->\n    \n        <\/div>\n<!-- \/module image -->        <\/div>\n                    <\/div>\n                <\/div>\n                        <\/div>\n        <\/div>\n                        <div  data-anchor=\"act2\" data-lazy=\"1\" class=\"module_row themify_builder_row tb_has_section tb_section-act2 tb_3llo740 tf_w\">\n                        <div class=\"row_inner col_align_top tb_col_count_2 tf_box tf_rel\">\n                        <div  data-lazy=\"1\" class=\"module_column tb-column col3-1 tb_tmzh743 first\">\n                            <\/div>\n                    <div  data-lazy=\"1\" class=\"module_column tb-column col3-2 tb_l8wv743 last\">\n                    <!-- module divider -->\n<div  class=\"module tf_mw module-divider tb_jo8i743 solid   \" style=\"border-width: 1px;border-color: #d1d1d1;margin-top: 20px;margin-bottom: 20px;\" data-lazy=\"1\">\n    <\/div>\n<!-- \/module divider -->\n<!-- module text -->\n<div  class=\"module module-text tb_m53j743   \" data-lazy=\"1\">\n        <div  class=\"tb_text_wrap\">\n        <h3>Programaci\u00f3n del recorrido con Makecode<\/h3>\n<p style=\"text-align: justify;\">El alumnado de 3\u00ba de ESO ha elaborado con Makecode los programa que permite a Maqueen realizar el recorrido de forma aut\u00f3noma, as\u00ed como el env\u00edo y recepci\u00f3n de la informaci\u00f3n por radio para su muestra en la pantalla LCD.<\/p>    <\/div>\n<\/div>\n<!-- \/module text --><!-- module image -->\n<div  class=\"module module-image tb_o32s745 image-center   auto_fullwidth tf_mw\" data-lazy=\"1\">\n        <div class=\"image-wrap tf_rel tf_mw\">\n            <a href=\"https:\/\/blogsaverroes.juntadeandalucia.es\/stem\/files\/2023\/06\/PROGRAMA.png\" class=\"lightbox-builder themify_lightbox\">\n                                   <span class=\"zoom\">\n                <svg  aria-label=\"Open\" class=\"tf_fa tf-ti-search\" role=\"img\"><use href=\"#tf-ti-search\"><\/use><\/svg>            <\/span>\n                    <img loading=\"lazy\" decoding=\"async\" src=\"https:\/\/blogsaverroes.juntadeandalucia.es\/stem\/files\/2023\/06\/PROGRAMA-1024x653-700x400.png\" width=\"700\" height=\"400\" class=\"wp-post-image wp-image-419\" title=\"PROGRAMA\" alt=\"PROGRAMA\">        <\/a>\n    \n        <\/div>\n    <!-- \/image-wrap -->\n    \n        <\/div>\n<!-- \/module image -->        <\/div>\n                        <\/div>\n        <\/div>\n        <\/div>\n<!--\/themify_builder_content-->","protected":false},"excerpt":{"rendered":"<p>Conociendo el arbolado de jerezProyecto STEM 2022\/23 Actuaciones\u00a0 Dise\u00f1o 3D con Tinkercad Programaci\u00f3n con Makecode Presentaci\u00f3n del proyecto PROYECTO STEM 22\/23 Dise\u00f1o (e impresi\u00f3n) 3D de la arboleda con Tinkercad El alumnado de 3\u00ba de ESO de Rob\u00f3tica y Tecnolog\u00eda ha dise\u00f1ado los distintos \u00e1rboles en Tinkercad para su posterior impresi\u00f3n con la impresora 3D. [&hellip;]<\/p>\n","protected":false},"author":12290,"featured_media":0,"parent":336,"menu_order":0,"comment_status":"closed","ping_status":"closed","template":"","meta":{"ngg_post_thumbnail":0,"footnotes":""},"aioseo_notices":[],"_links":{"self":[{"href":"https:\/\/blogsaverroes.juntadeandalucia.es\/stem\/wp-json\/wp\/v2\/pages\/410"}],"collection":[{"href":"https:\/\/blogsaverroes.juntadeandalucia.es\/stem\/wp-json\/wp\/v2\/pages"}],"about":[{"href":"https:\/\/blogsaverroes.juntadeandalucia.es\/stem\/wp-json\/wp\/v2\/types\/page"}],"author":[{"embeddable":true,"href":"https:\/\/blogsaverroes.juntadeandalucia.es\/stem\/wp-json\/wp\/v2\/users\/12290"}],"replies":[{"embeddable":true,"href":"https:\/\/blogsaverroes.juntadeandalucia.es\/stem\/wp-json\/wp\/v2\/comments?post=410"}],"version-history":[{"count":6,"href":"https:\/\/blogsaverroes.juntadeandalucia.es\/stem\/wp-json\/wp\/v2\/pages\/410\/revisions"}],"predecessor-version":[{"id":499,"href":"https:\/\/blogsaverroes.juntadeandalucia.es\/stem\/wp-json\/wp\/v2\/pages\/410\/revisions\/499"}],"up":[{"embeddable":true,"href":"https:\/\/blogsaverroes.juntadeandalucia.es\/stem\/wp-json\/wp\/v2\/pages\/336"}],"wp:attachment":[{"href":"https:\/\/blogsaverroes.juntadeandalucia.es\/stem\/wp-json\/wp\/v2\/media?parent=410"}],"curies":[{"name":"wp","href":"https:\/\/api.w.org\/{rel}","templated":true}]}}