{"id":90,"date":"2019-10-12T04:02:54","date_gmt":"2019-10-12T04:02:54","guid":{"rendered":"https:\/\/themify.me\/demo\/themes\/construction\/?page_id=5"},"modified":"2023-06-17T09:23:10","modified_gmt":"2023-06-17T09:23:10","slug":"home","status":"publish","type":"page","link":"https:\/\/blogsaverroes.juntadeandalucia.es\/stem\/","title":{"rendered":"Home"},"content":{"rendered":"<!--themify_builder_content-->\n<div id=\"themify_builder_content-90\" data-postid=\"90\" class=\"themify_builder_content themify_builder_content-90 themify_builder tf_clear\">\n                    <div  data-lazy=\"1\" class=\"module_row themify_builder_row tb_qxyz83 tb_first tf_w\">\n                        <div class=\"row_inner col_align_top tb_col_count_1 tf_box tf_rel\">\n                        <div  data-lazy=\"1\" class=\"module_column tb-column col-full tb_x4za85 first\">\n                    <!-- module text -->\n<div  class=\"module module-text tb_2qev289   \" data-lazy=\"1\">\n        <div  class=\"tb_text_wrap\">\n        <h1>Ciencias, Tecnolog\u00eda, Ingenier\u00eda y Matem\u00e1ticas<\/h1>\n<p>Espacio STEM es un sitio creado desde el IES Santa Isabel de Hungr\u00eda para compartir nuestra experiencia en este \u00e1mbito.<\/p>    <\/div>\n<\/div>\n<!-- \/module text --><!-- module buttons -->\n<div  class=\"module module-buttons tb_6jb0376 buttons-horizontal solid  squared\" data-lazy=\"1\">\n        <div class=\"module-buttons-item tf_in_flx\">\n                        <a href=\"https:\/\/blogsaverroes.juntadeandalucia.es\/stem\/proyecto-stem-2022-23\" class=\"ui builder_button tf_in_flx orange\" >\n                                                Proyecto STEAM                                        <\/a>\n                <\/div>\n                    <div class=\"module-buttons-item tf_in_flx\">\n                        <a href=\"https:\/\/blogsaverroes.juntadeandalucia.es\/stem\/proyectos\/feria-de-la-ciencia-2022-23\" class=\"ui builder_button tf_in_flx tb_default_color\" >\n                                                FERIA DE LA CIENCIA                                        <\/a>\n                <\/div>\n            <\/div>\n<!-- \/module buttons -->\n        <\/div>\n                        <\/div>\n        <\/div>\n                        <div  data-lazy=\"1\" class=\"module_row themify_builder_row tb_l4jk307 tf_w\">\n                        <div class=\"row_inner col_align_top tb_col_count_1 tf_box tf_rel\">\n                        <div  data-lazy=\"1\" class=\"module_column tb-column col-full tb_iqe4308 first\">\n                    <!-- module fancy heading -->\n<div  class=\"module module-fancy-heading tb_eouj761 \" data-lazy=\"1\">\n        <h3 class=\"fancy-heading tf_textc\">\n    <span class=\"main-head tf_block\">\n                    Actividades            <\/span>\n\n    \n    <span class=\"sub-head tf_block tf_rel\">\n                                <\/span>\n    <\/h3>\n<\/div>\n<!-- \/module fancy heading -->\n<!-- module post -->\n<div  class=\"module module-post tb_uisf885 \">\n    <div  class=\"builder-posts-wrap loops-wrapper tf_tiles_more auto_tiles classic tf_clear tf_clearfix\" data-lazy=\"1\">\n    <article id=\"post-449\" class=\"post tf_clearfix post-449 type-post status-publish format-standard has-post-thumbnail hentry category-sin-categoria has-post-title no-post-date has-post-category has-post-tag has-post-comment has-post-author \">\n\t    \n\t                <figure class=\"post-image tf_clearfix\">\n                                                            <a href=\"https:\/\/blogsaverroes.juntadeandalucia.es\/stem\/2023\/06\/03\/xi-feria-de-la-ciencia-en-la-calle-de-jerez\/\">\n                                        <img loading=\"lazy\" decoding=\"async\" width=\"1024\" height=\"573\" src=\"https:\/\/blogsaverroes.juntadeandalucia.es\/stem\/files\/2023\/06\/XI-Feria-Ciencia-Jerez.jpg\" class=\"wp-post-image wp-image-407\" title=\"XI-Feria-Ciencia-Jerez\" alt=\"XI-Feria-Ciencia-Jerez\" srcset=\"https:\/\/blogsaverroes.juntadeandalucia.es\/stem\/files\/2023\/06\/XI-Feria-Ciencia-Jerez.jpg 1024w, https:\/\/blogsaverroes.juntadeandalucia.es\/stem\/files\/2023\/06\/XI-Feria-Ciencia-Jerez-300x168.jpg 300w, https:\/\/blogsaverroes.juntadeandalucia.es\/stem\/files\/2023\/06\/XI-Feria-Ciencia-Jerez-768x430.jpg 768w, https:\/\/blogsaverroes.juntadeandalucia.es\/stem\/files\/2023\/06\/XI-Feria-Ciencia-Jerez-360x200.jpg 360w, https:\/\/blogsaverroes.juntadeandalucia.es\/stem\/files\/2023\/06\/XI-Feria-Ciencia-Jerez-893x500.jpg 893w, https:\/\/blogsaverroes.juntadeandalucia.es\/stem\/files\/2023\/06\/XI-Feria-Ciencia-Jerez-536x300.jpg 536w, https:\/\/blogsaverroes.juntadeandalucia.es\/stem\/files\/2023\/06\/XI-Feria-Ciencia-Jerez-714x400.jpg 714w, https:\/\/blogsaverroes.juntadeandalucia.es\/stem\/files\/2023\/06\/XI-Feria-Ciencia-Jerez-804x450.jpg 804w\" sizes=\"(max-width: 1024px) 100vw, 1024px\" \/>                                                                    <\/a>\n                                                                <\/figure>\n                    \t<div class=\"post-content\">\n\t\t<div class=\"post-content-inner\">\n\n\t\t\t\n\t\t\t<h2 class=\"post-title entry-title\"><a href=\"https:\/\/blogsaverroes.juntadeandalucia.es\/stem\/2023\/06\/03\/xi-feria-de-la-ciencia-en-la-calle-de-jerez\/\">XI Feria de la Ciencia en la calle de Jerez<\/a><\/h2>\n\t\t\t\n\t\t\t\n\t\t\t        <div class=\"entry-content\">\n\n        \n        <\/div><!-- \/.entry-content -->\n        \n\t\t<\/div>\n\t\t<!-- \/.post-content-inner -->\n\t<\/div>\n\t<!-- \/.post-content -->\n\t\n<\/article>\n<!-- \/.post -->\n<article id=\"post-465\" class=\"post tf_clearfix post-465 type-post status-publish format-standard has-post-thumbnail hentry category-sin-categoria has-post-title no-post-date has-post-category has-post-tag has-post-comment has-post-author \">\n\t    \n\t                <figure class=\"post-image tf_clearfix\">\n                                                            <a href=\"https:\/\/blogsaverroes.juntadeandalucia.es\/stem\/2023\/05\/26\/excursion-a-cordoba-22-23\/\">\n                                        <img loading=\"lazy\" decoding=\"async\" width=\"1024\" height=\"642\" src=\"https:\/\/blogsaverroes.juntadeandalucia.es\/stem\/files\/2023\/05\/fc0bba68-9026-483d-b59e-2017ad4ff1ca.jpg\" class=\"wp-post-image wp-image-505\" title=\"fc0bba68-9026-483d-b59e-2017ad4ff1ca\" alt=\"fc0bba68-9026-483d-b59e-2017ad4ff1ca\" srcset=\"https:\/\/blogsaverroes.juntadeandalucia.es\/stem\/files\/2023\/05\/fc0bba68-9026-483d-b59e-2017ad4ff1ca.jpg 1024w, https:\/\/blogsaverroes.juntadeandalucia.es\/stem\/files\/2023\/05\/fc0bba68-9026-483d-b59e-2017ad4ff1ca-300x188.jpg 300w, https:\/\/blogsaverroes.juntadeandalucia.es\/stem\/files\/2023\/05\/fc0bba68-9026-483d-b59e-2017ad4ff1ca-768x482.jpg 768w\" sizes=\"(max-width: 1024px) 100vw, 1024px\" \/>                                                                    <\/a>\n                                                                <\/figure>\n                    \t<div class=\"post-content\">\n\t\t<div class=\"post-content-inner\">\n\n\t\t\t\n\t\t\t<h2 class=\"post-title entry-title\"><a href=\"https:\/\/blogsaverroes.juntadeandalucia.es\/stem\/2023\/05\/26\/excursion-a-cordoba-22-23\/\">Excursi\u00f3n a C\u00f3rdoba 22\/23<\/a><\/h2>\n\t\t\t\n\t\t\t\n\t\t\t        <div class=\"entry-content\">\n\n        \n        <\/div><!-- \/.entry-content -->\n        \n\t\t<\/div>\n\t\t<!-- \/.post-content-inner -->\n\t<\/div>\n\t<!-- \/.post-content -->\n\t\n<\/article>\n<!-- \/.post -->\n<article id=\"post-488\" class=\"post tf_clearfix post-488 type-post status-publish format-standard has-post-thumbnail hentry category-sin-categoria has-post-title no-post-date has-post-category has-post-tag has-post-comment has-post-author \">\n\t    \n\t                <figure class=\"post-image tf_clearfix\">\n                                                            <a href=\"https:\/\/blogsaverroes.juntadeandalucia.es\/stem\/2023\/03\/20\/olimpiada-matematica-thales-22-23\/\">\n                                        <img loading=\"lazy\" decoding=\"async\" width=\"2560\" height=\"1920\" src=\"https:\/\/blogsaverroes.juntadeandalucia.es\/stem\/files\/2023\/06\/A7CC2B74-DE6C-4E5C-919F-89199A9E06AE-scaled-1.jpeg\" class=\"wp-post-image wp-image-489\" title=\"A7CC2B74-DE6C-4E5C-919F-89199A9E06AE-scaled\" alt=\"A7CC2B74-DE6C-4E5C-919F-89199A9E06AE-scaled\" srcset=\"https:\/\/blogsaverroes.juntadeandalucia.es\/stem\/files\/2023\/06\/A7CC2B74-DE6C-4E5C-919F-89199A9E06AE-scaled-1.jpeg 2560w, https:\/\/blogsaverroes.juntadeandalucia.es\/stem\/files\/2023\/06\/A7CC2B74-DE6C-4E5C-919F-89199A9E06AE-scaled-1-300x225.jpeg 300w, https:\/\/blogsaverroes.juntadeandalucia.es\/stem\/files\/2023\/06\/A7CC2B74-DE6C-4E5C-919F-89199A9E06AE-scaled-1-1024x768.jpeg 1024w, https:\/\/blogsaverroes.juntadeandalucia.es\/stem\/files\/2023\/06\/A7CC2B74-DE6C-4E5C-919F-89199A9E06AE-scaled-1-768x576.jpeg 768w, https:\/\/blogsaverroes.juntadeandalucia.es\/stem\/files\/2023\/06\/A7CC2B74-DE6C-4E5C-919F-89199A9E06AE-scaled-1-1536x1152.jpeg 1536w, https:\/\/blogsaverroes.juntadeandalucia.es\/stem\/files\/2023\/06\/A7CC2B74-DE6C-4E5C-919F-89199A9E06AE-scaled-1-2048x1536.jpeg 2048w, https:\/\/blogsaverroes.juntadeandalucia.es\/stem\/files\/2023\/06\/A7CC2B74-DE6C-4E5C-919F-89199A9E06AE-scaled-1-1024x768-666x500.jpeg 666w, https:\/\/blogsaverroes.juntadeandalucia.es\/stem\/files\/2023\/06\/A7CC2B74-DE6C-4E5C-919F-89199A9E06AE-scaled-1-1024x768-400x300.jpeg 400w, https:\/\/blogsaverroes.juntadeandalucia.es\/stem\/files\/2023\/06\/A7CC2B74-DE6C-4E5C-919F-89199A9E06AE-scaled-1-1024x768-533x400.jpeg 533w, https:\/\/blogsaverroes.juntadeandalucia.es\/stem\/files\/2023\/06\/A7CC2B74-DE6C-4E5C-919F-89199A9E06AE-scaled-1-1024x768-600x450.jpeg 600w\" sizes=\"(max-width: 2560px) 100vw, 2560px\" \/>                                                                    <\/a>\n                                                                <\/figure>\n                    \t<div class=\"post-content\">\n\t\t<div class=\"post-content-inner\">\n\n\t\t\t\n\t\t\t<h2 class=\"post-title entry-title\"><a href=\"https:\/\/blogsaverroes.juntadeandalucia.es\/stem\/2023\/03\/20\/olimpiada-matematica-thales-22-23\/\">Olimpiada Matem\u00e1tica Thales 22\/23<\/a><\/h2>\n\t\t\t\n\t\t\t\n\t\t\t        <div class=\"entry-content\">\n\n        \n        <\/div><!-- \/.entry-content -->\n        \n\t\t<\/div>\n\t\t<!-- \/.post-content-inner -->\n\t<\/div>\n\t<!-- \/.post-content -->\n\t\n<\/article>\n<!-- \/.post -->\n<article id=\"post-541\" class=\"post tf_clearfix post-541 type-post status-publish format-standard hentry category-sin-categoria has-post-title no-post-date has-post-category has-post-tag has-post-comment has-post-author \">\n\t    \n\t\t<div class=\"post-content\">\n\t\t<div class=\"post-content-inner\">\n\n\t\t\t\n\t\t\t<h2 class=\"post-title entry-title\"><a href=\"https:\/\/blogsaverroes.juntadeandalucia.es\/stem\/2023\/03\/15\/i-gymkhana-matematica\/\">I Gymkhana Matem\u00e1tica<\/a><\/h2>\n\t\t\t\n\t\t\t\n\t\t\t        <div class=\"entry-content\">\n\n        \n        <\/div><!-- \/.entry-content -->\n        \n\t\t<\/div>\n\t\t<!-- \/.post-content-inner -->\n\t<\/div>\n\t<!-- \/.post-content -->\n\t\n<\/article>\n<!-- \/.post -->\n    <\/div><!-- .builder-posts-wrap -->\n            <\/div>\n<!-- \/module post -->\n    <!-- module buttons -->\n<div  class=\"module module-buttons tb_3y0a460 buttons-horizontal solid  squared\" data-lazy=\"1\">\n        <div class=\"module-buttons-item tf_in_flx\">\n                        <a href=\"https:\/\/blogsaverroes.juntadeandalucia.es\/stem\/actividades\/\" class=\"ui builder_button tf_in_flx orange\" >\n                                                M\u00c1S ACTIVIDADES                                        <\/a>\n                <\/div>\n            <\/div>\n<!-- \/module buttons -->\n        <\/div>\n                        <\/div>\n        <\/div>\n        <\/div>\n<!--\/themify_builder_content--><p>&nbsp;<\/p>\r\n<p>&nbsp;<\/p>\r\n<p>&nbsp;<\/p>","protected":false},"excerpt":{"rendered":"<p>Ciencias, Tecnolog\u00eda, Ingenier\u00eda y Matem\u00e1ticas Espacio STEM es un sitio creado desde el IES Santa Isabel de Hungr\u00eda para compartir nuestra experiencia en este \u00e1mbito. Proyecto STEAM FERIA DE LA CIENCIA Actividades M\u00c1S ACTIVIDADES &nbsp; &nbsp; &nbsp;<\/p>\n","protected":false},"author":12290,"featured_media":0,"parent":0,"menu_order":0,"comment_status":"closed","ping_status":"closed","template":"","meta":{"ngg_post_thumbnail":0,"footnotes":""},"aioseo_notices":[],"_links":{"self":[{"href":"https:\/\/blogsaverroes.juntadeandalucia.es\/stem\/wp-json\/wp\/v2\/pages\/90"}],"collection":[{"href":"https:\/\/blogsaverroes.juntadeandalucia.es\/stem\/wp-json\/wp\/v2\/pages"}],"about":[{"href":"https:\/\/blogsaverroes.juntadeandalucia.es\/stem\/wp-json\/wp\/v2\/types\/page"}],"author":[{"embeddable":true,"href":"https:\/\/blogsaverroes.juntadeandalucia.es\/stem\/wp-json\/wp\/v2\/users\/12290"}],"replies":[{"embeddable":true,"href":"https:\/\/blogsaverroes.juntadeandalucia.es\/stem\/wp-json\/wp\/v2\/comments?post=90"}],"version-history":[{"count":67,"href":"https:\/\/blogsaverroes.juntadeandalucia.es\/stem\/wp-json\/wp\/v2\/pages\/90\/revisions"}],"predecessor-version":[{"id":566,"href":"https:\/\/blogsaverroes.juntadeandalucia.es\/stem\/wp-json\/wp\/v2\/pages\/90\/revisions\/566"}],"wp:attachment":[{"href":"https:\/\/blogsaverroes.juntadeandalucia.es\/stem\/wp-json\/wp\/v2\/media?parent=90"}],"curies":[{"name":"wp","href":"https:\/\/api.w.org\/{rel}","templated":true}]}}