{"id":63,"date":"2022-10-31T10:04:30","date_gmt":"2022-10-31T10:04:30","guid":{"rendered":"https:\/\/blogsaverroes.juntadeandalucia.es\/susanamoreno\/?page_id=63"},"modified":"2022-12-08T08:54:25","modified_gmt":"2022-12-08T08:54:25","slug":"hola-cellistas","status":"publish","type":"page","link":"https:\/\/blogsaverroes.juntadeandalucia.es\/susanamoreno\/","title":{"rendered":"Hola cellistas!"},"content":{"rendered":"<p>Bienvenid@s al rinc\u00f3n del cellista!<\/p>\n<p>La finalidad de este blog es facilitar a mis querid\u00edmos alumnos y alumnas el acceso&nbsp; a materiales de inter\u00e9s relacionados con el cello. Poco a poco ir\u00e9 complet\u00e1ndolo con enlaces, im\u00e1genes, partituras&#8230;<\/p>\n<p>Espero que os sea de ayuda.<\/p>\n<p>&nbsp;<\/p>\n<p>Susana&nbsp;<\/p>\n<p style=\"text-align: center\"><img loading=\"lazy\" decoding=\"async\" class=\"alignnone size-medium wp-image-20\" src=\"https:\/\/blogsaverroes.juntadeandalucia.es\/susanamoreno\/files\/2019\/03\/cello-300x200.jpg\" alt=\"\" width=\"300\" height=\"200\" srcset=\"https:\/\/blogsaverroes.juntadeandalucia.es\/susanamoreno\/files\/2019\/03\/cello-300x200.jpg 300w, https:\/\/blogsaverroes.juntadeandalucia.es\/susanamoreno\/files\/2019\/03\/cello-768x512.jpg 768w, https:\/\/blogsaverroes.juntadeandalucia.es\/susanamoreno\/files\/2019\/03\/cello-24x16.jpg 24w, https:\/\/blogsaverroes.juntadeandalucia.es\/susanamoreno\/files\/2019\/03\/cello-36x24.jpg 36w, https:\/\/blogsaverroes.juntadeandalucia.es\/susanamoreno\/files\/2019\/03\/cello-48x32.jpg 48w, https:\/\/blogsaverroes.juntadeandalucia.es\/susanamoreno\/files\/2019\/03\/cello.jpg 960w\" sizes=\"(max-width: 300px) 100vw, 300px\" \/><\/p>\n","protected":false},"excerpt":{"rendered":"<p>Bienvenid@s al rinc\u00f3n del cellista! La finalidad de este blog es facilitar a mis querid\u00edmos alumnos y alumnas el acceso&nbsp; a materiales de inter\u00e9s relacionados con el cello. Poco a poco ir\u00e9 complet\u00e1ndolo con&#46;&#46;&#46;<\/p>\n","protected":false},"author":7280,"featured_media":0,"parent":0,"menu_order":0,"comment_status":"closed","ping_status":"closed","template":"","meta":{"ngg_post_thumbnail":0,"footnotes":""},"aioseo_notices":[],"_links":{"self":[{"href":"https:\/\/blogsaverroes.juntadeandalucia.es\/susanamoreno\/wp-json\/wp\/v2\/pages\/63"}],"collection":[{"href":"https:\/\/blogsaverroes.juntadeandalucia.es\/susanamoreno\/wp-json\/wp\/v2\/pages"}],"about":[{"href":"https:\/\/blogsaverroes.juntadeandalucia.es\/susanamoreno\/wp-json\/wp\/v2\/types\/page"}],"author":[{"embeddable":true,"href":"https:\/\/blogsaverroes.juntadeandalucia.es\/susanamoreno\/wp-json\/wp\/v2\/users\/7280"}],"replies":[{"embeddable":true,"href":"https:\/\/blogsaverroes.juntadeandalucia.es\/susanamoreno\/wp-json\/wp\/v2\/comments?post=63"}],"version-history":[{"count":5,"href":"https:\/\/blogsaverroes.juntadeandalucia.es\/susanamoreno\/wp-json\/wp\/v2\/pages\/63\/revisions"}],"predecessor-version":[{"id":239,"href":"https:\/\/blogsaverroes.juntadeandalucia.es\/susanamoreno\/wp-json\/wp\/v2\/pages\/63\/revisions\/239"}],"wp:attachment":[{"href":"https:\/\/blogsaverroes.juntadeandalucia.es\/susanamoreno\/wp-json\/wp\/v2\/media?parent=63"}],"curies":[{"name":"wp","href":"https:\/\/api.w.org\/{rel}","templated":true}]}}