{"id":106,"date":"2023-05-11T17:28:02","date_gmt":"2023-05-11T17:28:02","guid":{"rendered":"https:\/\/blogsaverroes.juntadeandalucia.es\/tallerdesenredaieszoco\/?page_id=106"},"modified":"2023-06-11T18:04:11","modified_gmt":"2023-06-11T18:04:11","slug":"taller-de-alfabetizacion-mediatica-desenreda-curso-2022-23","status":"publish","type":"page","link":"https:\/\/blogsaverroes.juntadeandalucia.es\/tallerdesenredaieszoco\/taller-de-alfabetizacion-mediatica-desenreda-curso-2022-23\/","title":{"rendered":"TALLER \u00abDESENREDA\u00bb 2022-23"},"content":{"rendered":"<p>En este espacio aparecer\u00e1n los trabajos del alumnado que este curso 2022-23 han sido objeto del este taller.<\/p>\n<div id=\"attachment_114\" style=\"width: 310px\" class=\"wp-caption alignleft\"><img loading=\"lazy\" decoding=\"async\" aria-describedby=\"caption-attachment-114\" class=\"wp-image-114 size-medium\" src=\"https:\/\/blogsaverroes.juntadeandalucia.es\/tallerdesenredaieszoco\/files\/2023\/06\/WhatsApp-Image-2023-06-11-at-19.53.18-300x225.jpeg\" alt=\"\" width=\"300\" height=\"225\" srcset=\"https:\/\/blogsaverroes.juntadeandalucia.es\/tallerdesenredaieszoco\/files\/2023\/06\/WhatsApp-Image-2023-06-11-at-19.53.18-300x225.jpeg 300w, https:\/\/blogsaverroes.juntadeandalucia.es\/tallerdesenredaieszoco\/files\/2023\/06\/WhatsApp-Image-2023-06-11-at-19.53.18-1024x768.jpeg 1024w, https:\/\/blogsaverroes.juntadeandalucia.es\/tallerdesenredaieszoco\/files\/2023\/06\/WhatsApp-Image-2023-06-11-at-19.53.18-768x576.jpeg 768w, https:\/\/blogsaverroes.juntadeandalucia.es\/tallerdesenredaieszoco\/files\/2023\/06\/WhatsApp-Image-2023-06-11-at-19.53.18-1536x1152.jpeg 1536w, https:\/\/blogsaverroes.juntadeandalucia.es\/tallerdesenredaieszoco\/files\/2023\/06\/WhatsApp-Image-2023-06-11-at-19.53.18.jpeg 2048w\" sizes=\"(max-width: 300px) 100vw, 300px\" \/><p id=\"caption-attachment-114\" class=\"wp-caption-text\">Nuestro periodista durante una de las sesiones del taller<\/p><\/div>\n<p>En primer lugar, queremos se\u00f1alar que el periodista encargado de impartir el taller formativo ha sido<strong> Hip\u00f3lito Fern\u00e1ndez<\/strong>, licenciado en Periodismo por la Universidad Complutense de Madrid.&nbsp;<\/p>\n<div id=\"attachment_116\" style=\"width: 310px\" class=\"wp-caption alignright\"><img loading=\"lazy\" decoding=\"async\" aria-describedby=\"caption-attachment-116\" class=\"wp-image-116 size-medium\" src=\"https:\/\/blogsaverroes.juntadeandalucia.es\/tallerdesenredaieszoco\/files\/2023\/06\/WhatsApp-Image-2023-06-11-at-19.53.19-300x225.jpeg\" alt=\"\" width=\"300\" height=\"225\" srcset=\"https:\/\/blogsaverroes.juntadeandalucia.es\/tallerdesenredaieszoco\/files\/2023\/06\/WhatsApp-Image-2023-06-11-at-19.53.19-300x225.jpeg 300w, https:\/\/blogsaverroes.juntadeandalucia.es\/tallerdesenredaieszoco\/files\/2023\/06\/WhatsApp-Image-2023-06-11-at-19.53.19-1024x768.jpeg 1024w, https:\/\/blogsaverroes.juntadeandalucia.es\/tallerdesenredaieszoco\/files\/2023\/06\/WhatsApp-Image-2023-06-11-at-19.53.19-768x576.jpeg 768w, https:\/\/blogsaverroes.juntadeandalucia.es\/tallerdesenredaieszoco\/files\/2023\/06\/WhatsApp-Image-2023-06-11-at-19.53.19-1536x1152.jpeg 1536w, https:\/\/blogsaverroes.juntadeandalucia.es\/tallerdesenredaieszoco\/files\/2023\/06\/WhatsApp-Image-2023-06-11-at-19.53.19.jpeg 2048w\" sizes=\"(max-width: 300px) 100vw, 300px\" \/><p id=\"caption-attachment-116\" class=\"wp-caption-text\">Alumnado de 3\u00ba ESO-A<\/p><\/div>\n<p>Este taller ha tenido lugar durante tres sesiones de dos horas, realizadas durante el&nbsp;tercer trimestre. Las fechas fueron el 11 y 25 de abril, para finalizar el 9 de mayo.<\/p>\n<p><img loading=\"lazy\" decoding=\"async\" class=\"wp-image-115 alignleft\" src=\"https:\/\/blogsaverroes.juntadeandalucia.es\/tallerdesenredaieszoco\/files\/2023\/06\/WhatsApp-Image-2023-06-11-at-19.53.19-1-300x225.jpeg\" alt=\"\" width=\"293\" height=\"220\" srcset=\"https:\/\/blogsaverroes.juntadeandalucia.es\/tallerdesenredaieszoco\/files\/2023\/06\/WhatsApp-Image-2023-06-11-at-19.53.19-1-300x225.jpeg 300w, https:\/\/blogsaverroes.juntadeandalucia.es\/tallerdesenredaieszoco\/files\/2023\/06\/WhatsApp-Image-2023-06-11-at-19.53.19-1-1024x768.jpeg 1024w, https:\/\/blogsaverroes.juntadeandalucia.es\/tallerdesenredaieszoco\/files\/2023\/06\/WhatsApp-Image-2023-06-11-at-19.53.19-1-768x576.jpeg 768w, https:\/\/blogsaverroes.juntadeandalucia.es\/tallerdesenredaieszoco\/files\/2023\/06\/WhatsApp-Image-2023-06-11-at-19.53.19-1-1536x1152.jpeg 1536w, https:\/\/blogsaverroes.juntadeandalucia.es\/tallerdesenredaieszoco\/files\/2023\/06\/WhatsApp-Image-2023-06-11-at-19.53.19-1.jpeg 2048w\" sizes=\"(max-width: 293px) 100vw, 293px\" \/><\/p>\n<p><img loading=\"lazy\" decoding=\"async\" class=\"size-medium wp-image-117 alignright\" src=\"https:\/\/blogsaverroes.juntadeandalucia.es\/tallerdesenredaieszoco\/files\/2023\/06\/WhatsApp-Image-2023-06-11-at-19.53.20-1-300x225.jpeg\" alt=\"\" width=\"300\" height=\"225\" srcset=\"https:\/\/blogsaverroes.juntadeandalucia.es\/tallerdesenredaieszoco\/files\/2023\/06\/WhatsApp-Image-2023-06-11-at-19.53.20-1-300x225.jpeg 300w, https:\/\/blogsaverroes.juntadeandalucia.es\/tallerdesenredaieszoco\/files\/2023\/06\/WhatsApp-Image-2023-06-11-at-19.53.20-1-1024x768.jpeg 1024w, https:\/\/blogsaverroes.juntadeandalucia.es\/tallerdesenredaieszoco\/files\/2023\/06\/WhatsApp-Image-2023-06-11-at-19.53.20-1-768x576.jpeg 768w, https:\/\/blogsaverroes.juntadeandalucia.es\/tallerdesenredaieszoco\/files\/2023\/06\/WhatsApp-Image-2023-06-11-at-19.53.20-1-1536x1152.jpeg 1536w, https:\/\/blogsaverroes.juntadeandalucia.es\/tallerdesenredaieszoco\/files\/2023\/06\/WhatsApp-Image-2023-06-11-at-19.53.20-1.jpeg 2048w\" sizes=\"(max-width: 300px) 100vw, 300px\" \/><\/p>\n","protected":false},"excerpt":{"rendered":"<p>En este espacio aparecer\u00e1n los trabajos del alumnado que este curso 2022-23 han sido objeto del este taller. En primer lugar, queremos se\u00f1alar que el periodista encargado de impartir el taller formativo ha sido&#46;&#46;&#46;<\/p>\n","protected":false},"author":3416,"featured_media":0,"parent":0,"menu_order":0,"comment_status":"closed","ping_status":"closed","template":"","meta":{"ngg_post_thumbnail":0,"footnotes":""},"aioseo_notices":[],"_links":{"self":[{"href":"https:\/\/blogsaverroes.juntadeandalucia.es\/tallerdesenredaieszoco\/wp-json\/wp\/v2\/pages\/106"}],"collection":[{"href":"https:\/\/blogsaverroes.juntadeandalucia.es\/tallerdesenredaieszoco\/wp-json\/wp\/v2\/pages"}],"about":[{"href":"https:\/\/blogsaverroes.juntadeandalucia.es\/tallerdesenredaieszoco\/wp-json\/wp\/v2\/types\/page"}],"author":[{"embeddable":true,"href":"https:\/\/blogsaverroes.juntadeandalucia.es\/tallerdesenredaieszoco\/wp-json\/wp\/v2\/users\/3416"}],"replies":[{"embeddable":true,"href":"https:\/\/blogsaverroes.juntadeandalucia.es\/tallerdesenredaieszoco\/wp-json\/wp\/v2\/comments?post=106"}],"version-history":[{"count":6,"href":"https:\/\/blogsaverroes.juntadeandalucia.es\/tallerdesenredaieszoco\/wp-json\/wp\/v2\/pages\/106\/revisions"}],"predecessor-version":[{"id":120,"href":"https:\/\/blogsaverroes.juntadeandalucia.es\/tallerdesenredaieszoco\/wp-json\/wp\/v2\/pages\/106\/revisions\/120"}],"wp:attachment":[{"href":"https:\/\/blogsaverroes.juntadeandalucia.es\/tallerdesenredaieszoco\/wp-json\/wp\/v2\/media?parent=106"}],"curies":[{"name":"wp","href":"https:\/\/api.w.org\/{rel}","templated":true}]}}