{"id":295,"date":"2021-04-14T21:42:53","date_gmt":"2021-04-14T19:42:53","guid":{"rendered":"https:\/\/blogsaverroes.juntadeandalucia.es\/tallerdetecnologia\/?page_id=295"},"modified":"2021-04-14T21:42:53","modified_gmt":"2021-04-14T19:42:53","slug":"programacion-y-computacion","status":"publish","type":"page","link":"https:\/\/blogsaverroes.juntadeandalucia.es\/tallerdetecnologia\/programacion-y-computacion\/","title":{"rendered":"Programaci\u00f3n y Computaci\u00f3n"},"content":{"rendered":"<p style=\"text-align: justify\">En esta secci\u00f3n se recopila todo el material (apuntes, actividades, recursos, etc) correspondiente a la asignatura de <strong><em>Programaci\u00f3n y Computaci\u00f3n, de 2\u00ba de Bachillerato<\/em><\/strong>.<\/p>\n","protected":false},"excerpt":{"rendered":"<p>En esta secci\u00f3n se recopila todo el material (apuntes, actividades, recursos, etc) correspondiente a la asignatura de Programaci\u00f3n y Computaci\u00f3n, de 2\u00ba de Bachillerato.<\/p>\n","protected":false},"author":12734,"featured_media":0,"parent":0,"menu_order":0,"comment_status":"closed","ping_status":"closed","template":"","meta":{"ngg_post_thumbnail":0,"footnotes":""},"aioseo_notices":[],"_links":{"self":[{"href":"https:\/\/blogsaverroes.juntadeandalucia.es\/tallerdetecnologia\/wp-json\/wp\/v2\/pages\/295"}],"collection":[{"href":"https:\/\/blogsaverroes.juntadeandalucia.es\/tallerdetecnologia\/wp-json\/wp\/v2\/pages"}],"about":[{"href":"https:\/\/blogsaverroes.juntadeandalucia.es\/tallerdetecnologia\/wp-json\/wp\/v2\/types\/page"}],"author":[{"embeddable":true,"href":"https:\/\/blogsaverroes.juntadeandalucia.es\/tallerdetecnologia\/wp-json\/wp\/v2\/users\/12734"}],"replies":[{"embeddable":true,"href":"https:\/\/blogsaverroes.juntadeandalucia.es\/tallerdetecnologia\/wp-json\/wp\/v2\/comments?post=295"}],"version-history":[{"count":1,"href":"https:\/\/blogsaverroes.juntadeandalucia.es\/tallerdetecnologia\/wp-json\/wp\/v2\/pages\/295\/revisions"}],"predecessor-version":[{"id":297,"href":"https:\/\/blogsaverroes.juntadeandalucia.es\/tallerdetecnologia\/wp-json\/wp\/v2\/pages\/295\/revisions\/297"}],"wp:attachment":[{"href":"https:\/\/blogsaverroes.juntadeandalucia.es\/tallerdetecnologia\/wp-json\/wp\/v2\/media?parent=295"}],"curies":[{"name":"wp","href":"https:\/\/api.w.org\/{rel}","templated":true}]}}