{"id":69,"date":"2021-04-01T00:01:23","date_gmt":"2021-03-31T22:01:23","guid":{"rendered":"https:\/\/blogsaverroes.juntadeandalucia.es\/tallerdetecnologia\/?page_id=69"},"modified":"2021-04-14T21:00:01","modified_gmt":"2021-04-14T19:00:01","slug":"tic","status":"publish","type":"page","link":"https:\/\/blogsaverroes.juntadeandalucia.es\/tallerdetecnologia\/tic\/","title":{"rendered":"TIC"},"content":{"rendered":"<p style=\"text-align: justify\">En esta secci\u00f3n se recopila todo el material (apuntes, actividades, recursos, etc) correspondiente a la asignatura de <strong><em>TIC (Tecnolog\u00eda de la Informaci\u00f3n y la Comunicaci\u00f3n), de 4\u00ba de ESO<\/em><\/strong>.<\/p>\n","protected":false},"excerpt":{"rendered":"<p>En esta secci\u00f3n se recopila todo el material (apuntes, actividades, recursos, etc) correspondiente a la asignatura de TIC (Tecnolog\u00eda de la Informaci\u00f3n y la Comunicaci\u00f3n), de 4\u00ba de ESO.<\/p>\n","protected":false},"author":12734,"featured_media":0,"parent":0,"menu_order":0,"comment_status":"closed","ping_status":"closed","template":"","meta":{"ngg_post_thumbnail":0,"footnotes":""},"aioseo_notices":[],"_links":{"self":[{"href":"https:\/\/blogsaverroes.juntadeandalucia.es\/tallerdetecnologia\/wp-json\/wp\/v2\/pages\/69"}],"collection":[{"href":"https:\/\/blogsaverroes.juntadeandalucia.es\/tallerdetecnologia\/wp-json\/wp\/v2\/pages"}],"about":[{"href":"https:\/\/blogsaverroes.juntadeandalucia.es\/tallerdetecnologia\/wp-json\/wp\/v2\/types\/page"}],"author":[{"embeddable":true,"href":"https:\/\/blogsaverroes.juntadeandalucia.es\/tallerdetecnologia\/wp-json\/wp\/v2\/users\/12734"}],"replies":[{"embeddable":true,"href":"https:\/\/blogsaverroes.juntadeandalucia.es\/tallerdetecnologia\/wp-json\/wp\/v2\/comments?post=69"}],"version-history":[{"count":6,"href":"https:\/\/blogsaverroes.juntadeandalucia.es\/tallerdetecnologia\/wp-json\/wp\/v2\/pages\/69\/revisions"}],"predecessor-version":[{"id":284,"href":"https:\/\/blogsaverroes.juntadeandalucia.es\/tallerdetecnologia\/wp-json\/wp\/v2\/pages\/69\/revisions\/284"}],"wp:attachment":[{"href":"https:\/\/blogsaverroes.juntadeandalucia.es\/tallerdetecnologia\/wp-json\/wp\/v2\/media?parent=69"}],"curies":[{"name":"wp","href":"https:\/\/api.w.org\/{rel}","templated":true}]}}