{"id":84,"date":"2021-04-01T00:02:41","date_gmt":"2021-03-31T22:02:41","guid":{"rendered":"https:\/\/blogsaverroes.juntadeandalucia.es\/tallerdetecnologia\/?page_id=84"},"modified":"2021-04-14T21:00:28","modified_gmt":"2021-04-14T19:00:28","slug":"tic-i","status":"publish","type":"page","link":"https:\/\/blogsaverroes.juntadeandalucia.es\/tallerdetecnologia\/tic-i\/","title":{"rendered":"TIC I"},"content":{"rendered":"<p style=\"text-align: justify\">En esta secci\u00f3n se recopila todo el material (apuntes, actividades, recursos, etc) correspondiente a la asignatura de <strong><em>TIC I (Tecnolog\u00eda de la Informaci\u00f3n y la Comunicaci\u00f3n), de 1\u00ba de Bachillerato<\/em><\/strong>.<\/p>\n","protected":false},"excerpt":{"rendered":"<p>En esta secci\u00f3n se recopila todo el material (apuntes, actividades, recursos, etc) correspondiente a la asignatura de TIC I (Tecnolog\u00eda de la Informaci\u00f3n y la Comunicaci\u00f3n), de 1\u00ba de Bachillerato.<\/p>\n","protected":false},"author":12734,"featured_media":0,"parent":0,"menu_order":0,"comment_status":"closed","ping_status":"closed","template":"","meta":{"ngg_post_thumbnail":0,"footnotes":""},"aioseo_notices":[],"_links":{"self":[{"href":"https:\/\/blogsaverroes.juntadeandalucia.es\/tallerdetecnologia\/wp-json\/wp\/v2\/pages\/84"}],"collection":[{"href":"https:\/\/blogsaverroes.juntadeandalucia.es\/tallerdetecnologia\/wp-json\/wp\/v2\/pages"}],"about":[{"href":"https:\/\/blogsaverroes.juntadeandalucia.es\/tallerdetecnologia\/wp-json\/wp\/v2\/types\/page"}],"author":[{"embeddable":true,"href":"https:\/\/blogsaverroes.juntadeandalucia.es\/tallerdetecnologia\/wp-json\/wp\/v2\/users\/12734"}],"replies":[{"embeddable":true,"href":"https:\/\/blogsaverroes.juntadeandalucia.es\/tallerdetecnologia\/wp-json\/wp\/v2\/comments?post=84"}],"version-history":[{"count":4,"href":"https:\/\/blogsaverroes.juntadeandalucia.es\/tallerdetecnologia\/wp-json\/wp\/v2\/pages\/84\/revisions"}],"predecessor-version":[{"id":285,"href":"https:\/\/blogsaverroes.juntadeandalucia.es\/tallerdetecnologia\/wp-json\/wp\/v2\/pages\/84\/revisions\/285"}],"wp:attachment":[{"href":"https:\/\/blogsaverroes.juntadeandalucia.es\/tallerdetecnologia\/wp-json\/wp\/v2\/media?parent=84"}],"curies":[{"name":"wp","href":"https:\/\/api.w.org\/{rel}","templated":true}]}}