{"id":53,"date":"2019-11-04T11:26:43","date_gmt":"2019-11-04T10:26:43","guid":{"rendered":"https:\/\/blogsaverroes.juntadeandalucia.es\/prodig\/?page_id=53"},"modified":"2021-02-18T08:55:08","modified_gmt":"2021-02-18T07:55:08","slug":"novedades","status":"publish","type":"page","link":"https:\/\/blogsaverroes.juntadeandalucia.es\/tde\/novedades\/","title":{"rendered":"Novedades"},"content":{"rendered":"<!--themify_builder_content-->\n<div id=\"themify_builder_content-53\" data-postid=\"53\" class=\"themify_builder_content themify_builder_content-53 themify_builder tf_clear\">\n                    <div  data-lazy=\"1\" class=\"module_row themify_builder_row tb_fqqc835 tb_first tf_w\">\n                        <div class=\"row_inner col_align_top tb_col_count_1 tf_box tf_rel\">\n                        <div  data-lazy=\"1\" class=\"module_column tb-column col-full tb_6db0836 first\">\n                    <!-- module text -->\n<div  class=\"module module-text tb_bfdu837 ba-prodig-novedades  \" data-lazy=\"1\">\n        <div  class=\"tb_text_wrap\">\n        <h1>Novedades<\/h1>    <\/div>\n<\/div>\n<!-- \/module text -->        <\/div>\n                        <\/div>\n        <\/div>\n                        <div  data-lazy=\"1\" class=\"module_row themify_builder_row tb_kked336 tf_w\">\n                        <div class=\"row_inner col_align_top tb_col_count_2 tf_box tf_rel\">\n                        <div  data-lazy=\"1\" class=\"module_column tb-column col3-2 tb_ram2337 first\">\n                    <div  id=\"tb_j3px337\" class=\"module module-mosaic tb_j3px337 tf_clearfix  pagination-load-more\" data-lazy=\"1\">\n\t\n\n\t\n\t\t\t<div id=\"tbm_tb_j3px337\" class=\"tpgs-wrap grid-stack tf_rel\" data-cell-height=\"150\" data-min-width=\"600\">\n\t\n\t\t<div data-gs-x=\"0\" data-gs-y=\"0\" data-gs-width=\"7\" data-gs-height=\"4\" data-hover=\"bubba\" class=\"builder_mosaic_item tf_hidden tf_box post-3582 type-status-publish format-standard hentry category-novedades category-steam tag-tde_andalucia tag-esero tag-investigacion-aeroespacial tag-steam has-post-title has-post-date has-post-category has-post-tag has-post-comment has-post-author \" data-effect=\"fadeIn\">\n\t\t\t<figure class=\"mosaic-container tbm_eff_bubba tf_rel tf_box tf_w tf_h tf_overflow tf_textc\">\n\t\t\t\t\t\t\t\t<figcaption class=\"tf_abs tf_w tf_h tf_box\">\n\t\t\t\t\t<div class=\"tbm_caption_wrapper tf_box\">\n\t\t\t\t\t\t\n\t\t\t\t\t\t\t\t\t\t\t\t\t\t<h2 class=\"tbm_title\">Proyecto STEAM: Investigaci\u00f3n Aeroespacial aplicada al aula 2021\/2022<\/h2>\n\t\t\t\t\t\t\t\t\t\t\t\t\t\t\t\t\t<\/div>\n\t\t\t\t\t\t\t\t\t\t\t<a href=\"https:\/\/blogsaverroes.juntadeandalucia.es\/tde\/proyecto-steam-investigacion-aeroespacial-aplicada-al-aula-2021-2022\/\" title=\"Proyecto STEAM: Investigaci\u00f3n Aeroespacial aplicada al aula 2021\/2022\"\n\t\t\t\t\t\t\t\t\t\t\t\t\t><span class=\"screen-reader-text\">Link<\/span><\/a>\n\t\t\t\t\t\t\t\t\t<\/figcaption>\n\n\t\t\t\t\t\t\t\t\t<span class=\"tbm_badge tf_abs_t\">Novedades<\/span>\n\t\t\t\t\t\t\t<\/figure>\n\t\t<\/div><!-- .post -->\n\t\t\n\t\t<div data-gs-x=\"7\" data-gs-y=\"0\" data-gs-width=\"5\" data-gs-height=\"2\" data-hover=\"bubba\" class=\"builder_mosaic_item tf_hidden tf_box post-3590 type-status-publish format-standard hentry category-novedades category-robotica category-steam tag-steamedu tag-tde_andalucia tag-cultura-digital tag-impresion-3d tag-innovacion tag-microbit tag-pensamiento-computacional tag-raspberrypi tag-robotica tag-steam tag-tecnologia has-post-title has-post-date has-post-category has-post-tag has-post-comment has-post-author \" data-effect=\"fadeIn\">\n\t\t\t<figure class=\"mosaic-container tbm_eff_bubba tf_rel tf_box tf_w tf_h tf_overflow tf_textc\">\n\t\t\t\t\t\t\t\t<figcaption class=\"tf_abs tf_w tf_h tf_box\">\n\t\t\t\t\t<div class=\"tbm_caption_wrapper tf_box\">\n\t\t\t\t\t\t\n\t\t\t\t\t\t\t\t\t\t\t\t\t\t<h2 class=\"tbm_title\">Proyecto STEAM: Rob\u00f3tica aplicada al aula 2021\/2022<\/h2>\n\t\t\t\t\t\t\t\t\t\t\t\t\t\t\t\t\t<\/div>\n\t\t\t\t\t\t\t\t\t\t\t<a href=\"https:\/\/blogsaverroes.juntadeandalucia.es\/tde\/proyecto-steam-robotica-aplicada-al-aula-2021-2022\/\" title=\"Proyecto STEAM: Rob\u00f3tica aplicada al aula 2021\/2022\"\n\t\t\t\t\t\t\t\t\t\t\t\t\t><span class=\"screen-reader-text\">Link<\/span><\/a>\n\t\t\t\t\t\t\t\t\t<\/figcaption>\n\n\t\t\t\t\t\t\t\t\t<span class=\"tbm_badge tf_abs_t\">Novedades<\/span>\n\t\t\t\t\t\t\t<\/figure>\n\t\t<\/div><!-- .post -->\n\t\t\n\t\t<div data-gs-x=\"7\" data-gs-y=\"2\" data-gs-width=\"5\" data-gs-height=\"2\" data-hover=\"bubba\" class=\"builder_mosaic_item tf_hidden tf_box post-3218 type-status-publish format-standard has-post-thumbnail hentry category-novedades has-post-title has-post-date has-post-category has-post-tag has-post-comment has-post-author \" data-effect=\"fadeIn\">\n\t\t\t<figure class=\"mosaic-container tbm_eff_bubba tf_rel tf_box tf_w tf_h tf_overflow tf_textc\">\n\t\t\t\t<img loading=\"lazy\" decoding=\"async\" src=\"https:\/\/blogsaverroes.juntadeandalucia.es\/tde\/files\/2021\/04\/imagen_01-750x300.png\" width=\"750\" height=\"300\" class=\"wp-post-image wp-image-3219\" title=\"ORDEN DE MARCOS\" alt=\"ORDEN DE MARCOS\">\t\t\t\t<figcaption class=\"tf_abs tf_w tf_h tf_box\">\n\t\t\t\t\t<div class=\"tbm_caption_wrapper tf_box\">\n\t\t\t\t\t\t\n\t\t\t\t\t\t\t\t\t\t\t\t\t\t<h2 class=\"tbm_title\">ORDEN DE MARCOS<\/h2>\n\t\t\t\t\t\t\t\t\t\t\t\t\t\t\t\t\t<\/div>\n\t\t\t\t\t\t\t\t\t\t\t<a href=\"https:\/\/blogsaverroes.juntadeandalucia.es\/tde\/orden-de-marcos\/\" title=\"ORDEN DE MARCOS\"\n\t\t\t\t\t\t\t\t\t\t\t\t\t><span class=\"screen-reader-text\">Link<\/span><\/a>\n\t\t\t\t\t\t\t\t\t<\/figcaption>\n\n\t\t\t\t\t\t\t\t\t<span class=\"tbm_badge tf_abs_t\">Novedades<\/span>\n\t\t\t\t\t\t\t<\/figure>\n\t\t<\/div><!-- .post -->\n\t\t<\/div><!-- .tpgs-wrap -->\n\t\t\t\t\t\t\t<div class=\"tbm_wrap_more tf_textc tf_hidden\">\n\t\t\t\t\t<a class=\"ui builder_button rounded glossy white load-more-button tbm_more\" href=\"\/tde\/wp-json\/wp\/v2\/pages\/53?builder-mosaic=2\">\n\t\t\t\t\t\tVer m\u00e1s\t\t\t\t\t<\/a>\n\t\t\t\t<\/div><!-- .infinite-posts-load-more-wrap -->\n\t\t\t\n\t\t\n\t\t\t\t\t<style>\n\t\t\t\t@media(min-width:601px) {\n\t\t\t\t\t#tb_j3px337 .builder_mosaic_item{\n\t\t\t\t\t\tpadding:10px\n\t\t\t\t\t}\n\t\t\t\t\t#tb_j3px337 .grid-stack{\n\t\t\t\t\t\twidth:calc(100% + 20px);\n\t\t\t\t\t\tmargin-left:-10px\n\t\t\t\t\t}\n\t\t\t\t}\n\t\t\t<\/style>\n\t\t\n\t\n\t\n<\/div><!-- .module-mosaic -->\n        <\/div>\n                    <div  data-lazy=\"1\" class=\"module_column tb-column col3-1 tb_eojf337 last\">\n                    <!-- module widget -->\n<div  class=\"module module-widget tb_ive3337  \" data-lazy=\"1\">\n    <\/div>\n<!-- \/module widget -->\n        <\/div>\n                        <\/div>\n        <\/div>\n        <\/div>\n<!--\/themify_builder_content-->","protected":false},"excerpt":{"rendered":"<p>Novedades El Blog #TDE se abre a toda la comunidad educativa View more Novedades Abierta la convocatoria de proyectos de investigaci\u00f3n e innovaci\u00f3n educativa y de elaboraci\u00f3n de materiales curriculares View more Novedades Equipos Provinciales #TDE \u00a1en marcha! View more Novedades Ver m\u00e1s Tweets by EducaAndInnova<\/p>\n","protected":false},"author":7051,"featured_media":0,"parent":0,"menu_order":0,"comment_status":"closed","ping_status":"closed","template":"","meta":{"ngg_post_thumbnail":0,"footnotes":""},"aioseo_notices":[],"_links":{"self":[{"href":"https:\/\/blogsaverroes.juntadeandalucia.es\/tde\/wp-json\/wp\/v2\/pages\/53"}],"collection":[{"href":"https:\/\/blogsaverroes.juntadeandalucia.es\/tde\/wp-json\/wp\/v2\/pages"}],"about":[{"href":"https:\/\/blogsaverroes.juntadeandalucia.es\/tde\/wp-json\/wp\/v2\/types\/page"}],"author":[{"embeddable":true,"href":"https:\/\/blogsaverroes.juntadeandalucia.es\/tde\/wp-json\/wp\/v2\/users\/7051"}],"replies":[{"embeddable":true,"href":"https:\/\/blogsaverroes.juntadeandalucia.es\/tde\/wp-json\/wp\/v2\/comments?post=53"}],"version-history":[{"count":5,"href":"https:\/\/blogsaverroes.juntadeandalucia.es\/tde\/wp-json\/wp\/v2\/pages\/53\/revisions"}],"predecessor-version":[{"id":2990,"href":"https:\/\/blogsaverroes.juntadeandalucia.es\/tde\/wp-json\/wp\/v2\/pages\/53\/revisions\/2990"}],"wp:attachment":[{"href":"https:\/\/blogsaverroes.juntadeandalucia.es\/tde\/wp-json\/wp\/v2\/media?parent=53"}],"curies":[{"name":"wp","href":"https:\/\/api.w.org\/{rel}","templated":true}]}}