{"id":2,"date":"2021-11-21T12:24:49","date_gmt":"2021-11-21T12:24:49","guid":{"rendered":"https:\/\/blogsaverroes.juntadeandalucia.es\/tdeceipgregoriomaranon\/?page_id=2"},"modified":"2022-02-19T09:13:12","modified_gmt":"2022-02-19T09:13:12","slug":"pagina-ejemplo","status":"publish","type":"page","link":"https:\/\/blogsaverroes.juntadeandalucia.es\/tdeceipgregoriomaranon\/","title":{"rendered":"QU\u00c9 ES TDE"},"content":{"rendered":"<p><b>Transformaci\u00f3n Digital Educativa (TDE)<\/b><\/p>\n<p><span style=\"font-weight: 400\">De acuerdo con las Instrucciones de 13 de julio de 2021, de la Viceconsejer\u00eda de Educaci\u00f3n y Deporte relativas a la organizaci\u00f3n de los centros docentes y a la flexibilizaci\u00f3n curricular para curso 2021-2022, es procedente concretar aspectos espec\u00edficos relativos a la transformaci\u00f3n digital educativa puesta en marcha durante el curso 2020-2021 para el desarrollo de la competencia digital de centro, profesorado y alumnado, seg\u00fan la Orden de 29 de marzo de 2021 que regula los marcos de la Competencia Digital en el sistema educativo no universitario de la Comunidad Aut\u00f3noma de Andaluc\u00eda .<\/span><\/p>\n<p><iframe loading=\"lazy\" src=\"\/\/www.youtube.com\/embed\/ij2RFtZeTUs\" width=\"560\" height=\"314\"><\/iframe><\/p>\n","protected":false},"excerpt":{"rendered":"<p>Transformaci\u00f3n Digital Educativa (TDE) De acuerdo con las Instrucciones de 13 de julio de 2021, de la Viceconsejer\u00eda de Educaci\u00f3n y Deporte relativas a la organizaci\u00f3n de los centros docentes y a la flexibilizaci\u00f3n&#46;&#46;&#46;<\/p>\n","protected":false},"author":8187,"featured_media":0,"parent":0,"menu_order":0,"comment_status":"closed","ping_status":"open","template":"","meta":{"ngg_post_thumbnail":0,"footnotes":""},"aioseo_notices":[],"_links":{"self":[{"href":"https:\/\/blogsaverroes.juntadeandalucia.es\/tdeceipgregoriomaranon\/wp-json\/wp\/v2\/pages\/2"}],"collection":[{"href":"https:\/\/blogsaverroes.juntadeandalucia.es\/tdeceipgregoriomaranon\/wp-json\/wp\/v2\/pages"}],"about":[{"href":"https:\/\/blogsaverroes.juntadeandalucia.es\/tdeceipgregoriomaranon\/wp-json\/wp\/v2\/types\/page"}],"author":[{"embeddable":true,"href":"https:\/\/blogsaverroes.juntadeandalucia.es\/tdeceipgregoriomaranon\/wp-json\/wp\/v2\/users\/8187"}],"replies":[{"embeddable":true,"href":"https:\/\/blogsaverroes.juntadeandalucia.es\/tdeceipgregoriomaranon\/wp-json\/wp\/v2\/comments?post=2"}],"version-history":[{"count":4,"href":"https:\/\/blogsaverroes.juntadeandalucia.es\/tdeceipgregoriomaranon\/wp-json\/wp\/v2\/pages\/2\/revisions"}],"predecessor-version":[{"id":127,"href":"https:\/\/blogsaverroes.juntadeandalucia.es\/tdeceipgregoriomaranon\/wp-json\/wp\/v2\/pages\/2\/revisions\/127"}],"wp:attachment":[{"href":"https:\/\/blogsaverroes.juntadeandalucia.es\/tdeceipgregoriomaranon\/wp-json\/wp\/v2\/media?parent=2"}],"curies":[{"name":"wp","href":"https:\/\/api.w.org\/{rel}","templated":true}]}}