{"id":153,"date":"2025-01-24T13:19:06","date_gmt":"2025-01-24T12:19:06","guid":{"rendered":"https:\/\/blogsaverroes.juntadeandalucia.es\/tdeceipsagradocorazondejesus\/?page_id=153"},"modified":"2025-02-02T12:14:16","modified_gmt":"2025-02-02T11:14:16","slug":"tde","status":"publish","type":"page","link":"https:\/\/blogsaverroes.juntadeandalucia.es\/tdeceipsagradocorazondejesus\/","title":{"rendered":"TDE"},"content":{"rendered":"<h1><strong>Bienvenid@s al \u00abBLOG DE TRANSFORMACI\u00d3N DIGITAL EDUCATIVA\u00bb del Ceip Sagrado Coraz\u00f3n de Jes\u00fas<\/strong><\/h1>\n<p>&nbsp;<\/p>\n<h1><img loading=\"lazy\" decoding=\"async\" class=\"wp-image-336 alignleft\" src=\"https:\/\/blogsaverroes.juntadeandalucia.es\/tdeceipsagradocorazondejesus\/files\/2025\/02\/layout_set_logo.png\" alt=\"\" width=\"79\" height=\"79\" srcset=\"https:\/\/blogsaverroes.juntadeandalucia.es\/tdeceipsagradocorazondejesus\/files\/2025\/02\/layout_set_logo.png 100w, https:\/\/blogsaverroes.juntadeandalucia.es\/tdeceipsagradocorazondejesus\/files\/2025\/02\/layout_set_logo-80x80.png 80w\" sizes=\"(max-width: 79px) 100vw, 79px\" \/> <strong>\u00bfEn que consiste TDE?<\/strong><\/h1>\n<p style=\"text-align: left\">El concepto de Transformaci\u00f3n Digital Educativa (TDE) incluye el conjunto de actuaciones orientadas a la mejora y modernizaci\u00f3n de los procesos, los procedimientos, los h\u00e1bitos y comportamientos de las organizaciones educativas y de las personas que, haciendo uso de las tecnolog\u00edas digitales, desarrollen su capacidad de hacer frente a los retos de la sociedad actual.<\/p>\n<p style=\"text-align: left\">De esta forma, la TDE supondr\u00e1 una contribuci\u00f3n en el aprendizaje competencial, en la consecuci\u00f3n de los resultados de aprendizaje del alumnado y en el acceso a las tecnolog\u00edas desde un principio de equidad, bas\u00e1ndose en los Marcos de Referencia Europeos relativos a la competencia digital (DigCompOrg, DigCompEdu y DigComp).<\/p>\n<p>&nbsp;<\/p>\n<p style=\"text-align: center\"><iframe loading=\"lazy\" src=\"\/\/www.youtube.com\/embed\/ij2RFtZeTUs\" width=\"350\" height=\"197\" frameborder=\"0\"><\/iframe><\/p>\n","protected":false},"excerpt":{"rendered":"<p>Bienvenid@s al \u00abBLOG DE TRANSFORMACI\u00d3N DIGITAL EDUCATIVA\u00bb del Ceip Sagrado Coraz\u00f3n de Jes\u00fas &nbsp; \u00bfEn que consiste TDE? El concepto de Transformaci\u00f3n Digital Educativa (TDE) incluye el conjunto de actuaciones orientadas a la mejora&#46;&#46;&#46;<\/p>\n","protected":false},"author":10863,"featured_media":0,"parent":0,"menu_order":0,"comment_status":"closed","ping_status":"closed","template":"","meta":{"footnotes":""},"aioseo_notices":[],"_links":{"self":[{"href":"https:\/\/blogsaverroes.juntadeandalucia.es\/tdeceipsagradocorazondejesus\/wp-json\/wp\/v2\/pages\/153"}],"collection":[{"href":"https:\/\/blogsaverroes.juntadeandalucia.es\/tdeceipsagradocorazondejesus\/wp-json\/wp\/v2\/pages"}],"about":[{"href":"https:\/\/blogsaverroes.juntadeandalucia.es\/tdeceipsagradocorazondejesus\/wp-json\/wp\/v2\/types\/page"}],"author":[{"embeddable":true,"href":"https:\/\/blogsaverroes.juntadeandalucia.es\/tdeceipsagradocorazondejesus\/wp-json\/wp\/v2\/users\/10863"}],"replies":[{"embeddable":true,"href":"https:\/\/blogsaverroes.juntadeandalucia.es\/tdeceipsagradocorazondejesus\/wp-json\/wp\/v2\/comments?post=153"}],"version-history":[{"count":31,"href":"https:\/\/blogsaverroes.juntadeandalucia.es\/tdeceipsagradocorazondejesus\/wp-json\/wp\/v2\/pages\/153\/revisions"}],"predecessor-version":[{"id":341,"href":"https:\/\/blogsaverroes.juntadeandalucia.es\/tdeceipsagradocorazondejesus\/wp-json\/wp\/v2\/pages\/153\/revisions\/341"}],"wp:attachment":[{"href":"https:\/\/blogsaverroes.juntadeandalucia.es\/tdeceipsagradocorazondejesus\/wp-json\/wp\/v2\/media?parent=153"}],"curies":[{"name":"wp","href":"https:\/\/api.w.org\/{rel}","templated":true}]}}