{"id":157,"date":"2025-11-06T16:58:45","date_gmt":"2025-11-06T15:58:45","guid":{"rendered":"https:\/\/blogsaverroes.juntadeandalucia.es\/tdeisa\/?page_id=157"},"modified":"2025-11-09T22:20:28","modified_gmt":"2025-11-09T21:20:28","slug":"normativa","status":"publish","type":"page","link":"https:\/\/blogsaverroes.juntadeandalucia.es\/tdeisa\/normativa\/","title":{"rendered":"Normativa"},"content":{"rendered":"<ul>\n<li>Instrucciones #TDE curso 2025-2026<br \/>\n<span class=\"css-1jxf684 r-bcqeeo r-1ttztb7 r-qvutc0 r-poiln3\">Resoluci\u00f3n de 1 de agosto de 2025, de la Direcci\u00f3n General de Innovaci\u00f3n y Formaci\u00f3n del Profesorado, sobre <a href=\"https:\/\/www.juntadeandalucia.es\/boja\/2025\/151\/19.html\">medidas para el impulso de la Competencia Digital<\/a>\u00a0en los centros docentes sostenidos con fondos p\u00fablicos en el Marco del Programa de Cooperaci\u00f3n Territorial\u00a0<strong>C\u00f3digo Escuela 4.0<\/strong><\/span><strong><span class=\"css-1jxf684 r-bcqeeo r-1ttztb7 r-qvutc0 r-poiln3\">.<\/span><\/strong><\/li>\n<\/ul>\n<ul>\n<li>Manual de comportamiento<br \/>\n<a href=\"https:\/\/drive.google.com\/file\/d\/1-ehUPiWU-MX2XvQrUSAqwRqGNpNdcigD\/view?usp=sharing\">Resoluci\u00f3n de 22 de octubre de 2020, de la Secretar\u00eda General para la Administraci\u00f3n P\u00fablica, por la que se aprueba el C\u00f3digo de Conducta en el uso de las Tecnolog\u00edas de la Informaci\u00f3n y la Comunicaci\u00f3n para profesionales p\u00fablicos de la Administraci\u00f3n de la Junta de Andaluc\u00eda.<\/a><\/li>\n<li>Marcos de Competencia Digital<br \/>\n<a href=\"https:\/\/www.juntadeandalucia.es\/educacion\/portals\/delegate\/content\/50599994-ac98-4feb-870f-a0b04081aa75\">Orden de 29 de marzo de 2021, por la que se establecen los marcos de la Competencia Digital en el sistema educativo no universitario de la Comunidad Aut\u00f3noma de Andaluc\u00eda.<\/a><\/li>\n<\/ul>\n<table style=\"border-collapse: collapse;width: 100%;height: 96px\">\n<tbody>\n<tr style=\"height: 96px\">\n<td style=\"width: 33.3333%;height: 96px\"><a href=\"https:\/\/intef.es\/competencia-digital-educativa\/competencia-digital-del-alumnado\/\"><img loading=\"lazy\" decoding=\"async\" class=\"alignnone wp-image-4491 size-medium\" src=\"https:\/\/blogsaverroes.juntadeandalucia.es\/iessanalvaro\/files\/2025\/04\/DigComp-300x276.png\" alt=\"\" width=\"300\" height=\"276\" \/><\/a><\/p>\n<p><span style=\"font-size: 10pt\">Competencia Digital Ciudadana <strong>#DigComp\u00a0<\/strong><\/span><\/td>\n<td style=\"width: 33.3333%;height: 96px\"><a href=\"https:\/\/intef.es\/competencia-digital-educativa\/competencia-digital-centros-educativos\/\" target=\"_blank\" rel=\"noopener\"><img loading=\"lazy\" decoding=\"async\" class=\"alignnone wp-image-4490 \" src=\"https:\/\/blogsaverroes.juntadeandalucia.es\/iessanalvaro\/files\/2025\/04\/DigCompOrg-300x218.png\" alt=\"\" width=\"255\" height=\"185\" \/><\/a><\/p>\n<p>&nbsp;<\/p>\n<p>&nbsp;<\/p>\n<p><span style=\"font-size: 10pt\">Organizaciones Educativas Digitalmente Competentes<\/span><\/p>\n<p><span style=\"font-size: 10pt\"><strong>#DigCompOrg\u00a0 \u00a0<\/strong><\/span><\/td>\n<td style=\"width: 33.3333%;height: 96px\"><a href=\"https:\/\/intef.es\/competencia-digital-educativa\/competencia-digital-docente\/\" target=\"_blank\" rel=\"noopener\"><img loading=\"lazy\" decoding=\"async\" class=\"alignnone wp-image-4489 size-medium\" src=\"https:\/\/blogsaverroes.juntadeandalucia.es\/iessanalvaro\/files\/2025\/04\/digcompedu-300x168.png\" alt=\"\" width=\"300\" height=\"168\" \/><\/a><\/p>\n<p>&nbsp;<\/p>\n<p>&nbsp;<\/p>\n<p>&nbsp;<\/p>\n<p><span style=\"font-size: 10pt\">Competencia Digital Docente (CDD)<\/span><\/p>\n<p><span style=\"font-size: 10pt\"><strong>#DigCompEdu<\/strong><\/span><\/td>\n<\/tr>\n<\/tbody>\n<\/table>\n","protected":false},"excerpt":{"rendered":"<p>Instrucciones #TDE curso 2025-2026 Resoluci\u00f3n de 1 de agosto de 2025, de la Direcci\u00f3n General de Innovaci\u00f3n y Formaci\u00f3n del Profesorado, sobre medidas para el impulso de la Competencia Digital\u00a0en los centros docentes sostenidos&#46;&#46;&#46;<\/p>\n","protected":false},"author":19881,"featured_media":0,"parent":0,"menu_order":0,"comment_status":"closed","ping_status":"closed","template":"","meta":{"footnotes":""},"aioseo_notices":[],"_links":{"self":[{"href":"https:\/\/blogsaverroes.juntadeandalucia.es\/tdeisa\/wp-json\/wp\/v2\/pages\/157"}],"collection":[{"href":"https:\/\/blogsaverroes.juntadeandalucia.es\/tdeisa\/wp-json\/wp\/v2\/pages"}],"about":[{"href":"https:\/\/blogsaverroes.juntadeandalucia.es\/tdeisa\/wp-json\/wp\/v2\/types\/page"}],"author":[{"embeddable":true,"href":"https:\/\/blogsaverroes.juntadeandalucia.es\/tdeisa\/wp-json\/wp\/v2\/users\/19881"}],"replies":[{"embeddable":true,"href":"https:\/\/blogsaverroes.juntadeandalucia.es\/tdeisa\/wp-json\/wp\/v2\/comments?post=157"}],"version-history":[{"count":5,"href":"https:\/\/blogsaverroes.juntadeandalucia.es\/tdeisa\/wp-json\/wp\/v2\/pages\/157\/revisions"}],"predecessor-version":[{"id":279,"href":"https:\/\/blogsaverroes.juntadeandalucia.es\/tdeisa\/wp-json\/wp\/v2\/pages\/157\/revisions\/279"}],"wp:attachment":[{"href":"https:\/\/blogsaverroes.juntadeandalucia.es\/tdeisa\/wp-json\/wp\/v2\/media?parent=157"}],"curies":[{"name":"wp","href":"https:\/\/api.w.org\/{rel}","templated":true}]}}