{"id":2,"date":"2025-10-22T19:49:40","date_gmt":"2025-10-22T17:49:40","guid":{"rendered":"https:\/\/blogsaverroes.juntadeandalucia.es\/tdeisa\/?page_id=2"},"modified":"2025-11-14T19:53:49","modified_gmt":"2025-11-14T18:53:49","slug":"pagina-ejemplo","status":"publish","type":"page","link":"https:\/\/blogsaverroes.juntadeandalucia.es\/tdeisa\/","title":{"rendered":"#Transformaci\u00f3n Digital Educativa"},"content":{"rendered":"<p>&nbsp;<\/p>\n<p><a href=\"https:\/\/www.juntadeandalucia.es\/educacion\/portals\/web\/transformacion-digital-educativa\" target=\"_blank\" rel=\"noopener\"><img loading=\"lazy\" decoding=\"async\" class=\"alignnone wp-image-4436\" src=\"https:\/\/blogsaverroes.juntadeandalucia.es\/iessanalvaro\/files\/2025\/04\/logo_TDE-1-300x300-1.png\" alt=\"\" width=\"147\" height=\"147\" \/><\/a><\/p>\n<p><span style=\"font-size: 14pt\"><strong>\u00bfEn qu\u00e9 consiste TDE?<\/strong><\/span><\/p>\n<p style=\"text-align: justify\">El concepto de Transformaci\u00f3n Digital Educativa (<strong>TDE<\/strong>) incluye el conjunto de actuaciones orientadas a la mejora y modernizaci\u00f3n de los procesos, los procedimientos, los h\u00e1bitos y comportamientos de las organizaciones educativas y de las personas que, haciendo uso de las tecnolog\u00edas digitales, desarrollen su capacidad de hacer frente a los retos de la sociedad actual.<\/p>\n<p style=\"text-align: justify\">De esta forma, la TDE supondr\u00e1 una contribuci\u00f3n en el aprendizaje competencial, en la consecuci\u00f3n de los resultados de aprendizaje del alumnado y en el acceso a las tecnolog\u00edas desde un principio de equidad, bas\u00e1ndose en los Marcos de Referencia Europeos relativos a la competencia digital (DigCompOrg, DigCompEdu y DigComp).<\/p>\n<p><strong>Elementos de la TDE<\/strong><\/p>\n<ul>\n<li style=\"text-align: justify\"><strong>Diagn\u00f3stico de la <\/strong><strong>Competencia Digital de Centro.<\/strong><\/li>\n<\/ul>\n<p style=\"text-align: justify\">A trav\u00e9s de la <strong>R\u00fabrica TDE<\/strong> cada centro realizar\u00e1 la autoevaluaci\u00f3n de la competencia digital del centro tomando como referencia el Marco DigCompOrg, mediante la cumplimentaci\u00f3n, por parte del equipo directivo o de la persona que coordina TDE, de la r\u00fabrica implementada en el Sistema de Informaci\u00f3n S\u00e9neca.<\/p>\n<p style=\"text-align: justify\">La propia herramienta genera el <strong>Informe de R\u00fabrica TDE<\/strong>, reflejando los puntos fuertes y d\u00e9biles del uso de la tecnolog\u00eda que hace el centro educativo. Este informe se puede descargar y contiene orientaciones para el desarrollo de actuaciones para la mejora de la competencia digital del centro.<\/p>\n<ul style=\"text-align: justify\">\n<li><strong>Plan de Actuaci\u00f3n Digital (PAD).<\/strong><\/li>\n<\/ul>\n<p style=\"text-align: justify\">El <strong>PAD<\/strong> se estructura en tres \u00e1mbitos de actuaci\u00f3n (organizaci\u00f3n y gesti\u00f3n del centro, procesos de ense\u00f1anza-aprendizaje e informaci\u00f3n y comunicaci\u00f3n), que toman a su vez como referente el Marco de Competencia Digital para Organizaciones Educativas, DigCompOrg.<\/p>\n<p style=\"text-align: justify\">Tiene como objetivo general la planificaci\u00f3n y desarrollo de capacidades digitales eficaces para mejorar la calidad de la ense\u00f1anza relacionada con las tecnolog\u00edas digitales y favorecer el uso y dise\u00f1o de herramientas digitales aplicadas a las diferentes metodolog\u00edas did\u00e1cticas.<\/p>\n<p>&nbsp;<\/p>\n<p><a href=\"https:\/\/www.juntadeandalucia.es\/educacion\/portals\/web\/transformacion-digital-educativa\/competencia-digital\">Marcos de Competencia Digital<\/a><\/p>\n<p>&nbsp;<\/p>\n","protected":false},"excerpt":{"rendered":"<p>&nbsp; \u00bfEn qu\u00e9 consiste TDE? El concepto de Transformaci\u00f3n Digital Educativa (TDE) incluye el conjunto de actuaciones orientadas a la mejora y modernizaci\u00f3n de los procesos, los procedimientos, los h\u00e1bitos y comportamientos de las&#46;&#46;&#46;<\/p>\n","protected":false},"author":19881,"featured_media":0,"parent":0,"menu_order":0,"comment_status":"closed","ping_status":"open","template":"","meta":{"footnotes":""},"aioseo_notices":[],"_links":{"self":[{"href":"https:\/\/blogsaverroes.juntadeandalucia.es\/tdeisa\/wp-json\/wp\/v2\/pages\/2"}],"collection":[{"href":"https:\/\/blogsaverroes.juntadeandalucia.es\/tdeisa\/wp-json\/wp\/v2\/pages"}],"about":[{"href":"https:\/\/blogsaverroes.juntadeandalucia.es\/tdeisa\/wp-json\/wp\/v2\/types\/page"}],"author":[{"embeddable":true,"href":"https:\/\/blogsaverroes.juntadeandalucia.es\/tdeisa\/wp-json\/wp\/v2\/users\/19881"}],"replies":[{"embeddable":true,"href":"https:\/\/blogsaverroes.juntadeandalucia.es\/tdeisa\/wp-json\/wp\/v2\/comments?post=2"}],"version-history":[{"count":56,"href":"https:\/\/blogsaverroes.juntadeandalucia.es\/tdeisa\/wp-json\/wp\/v2\/pages\/2\/revisions"}],"predecessor-version":[{"id":325,"href":"https:\/\/blogsaverroes.juntadeandalucia.es\/tdeisa\/wp-json\/wp\/v2\/pages\/2\/revisions\/325"}],"wp:attachment":[{"href":"https:\/\/blogsaverroes.juntadeandalucia.es\/tdeisa\/wp-json\/wp\/v2\/media?parent=2"}],"curies":[{"name":"wp","href":"https:\/\/api.w.org\/{rel}","templated":true}]}}