{"id":234,"date":"2025-11-07T17:39:13","date_gmt":"2025-11-07T16:39:13","guid":{"rendered":"https:\/\/blogsaverroes.juntadeandalucia.es\/tdeisa\/?page_id=234"},"modified":"2025-11-07T17:42:11","modified_gmt":"2025-11-07T16:42:11","slug":"crea","status":"publish","type":"page","link":"https:\/\/blogsaverroes.juntadeandalucia.es\/tdeisa\/crea\/","title":{"rendered":"CREA"},"content":{"rendered":"<p><strong>Contenidos y Recursos Educativos de Andaluc\u00eda (CREA)<\/strong><\/p>\n<p><a href=\"https:\/\/www.juntadeandalucia.es\/educacion\/permanente\/materiales\/\"><img decoding=\"async\" src=\"https:\/\/www.juntadeandalucia.es\/educacion\/permanente\/materiales\/images\/banner_image.jpg\" alt=\"Contenidos educativos\" \/><\/a><\/p>\n<p><strong>CREA<\/strong>\u00a0(que es la abreviatura de \u00abcontenidos y recursos educativos de Andaluc\u00eda\u00bb) es un \u00edndice online de recursos educativos abiertos, organizados por ense\u00f1anzas y materias y que recoge el curr\u00edculo de las ense\u00f1anzas regladas en modalidad semipresencial y a distancia que el Servicio de Educaci\u00f3n Permanente de la Consejer\u00eda de Educaci\u00f3n y Deportes pone a disposici\u00f3n de todo el profesorado andaluz y de la ciudadan\u00eda en general.<\/p>\n<p>Podemos decir que es un recurso educativo abierto que la Junta de Andaluc\u00eda pone a disposici\u00f3n de los alumnos de ense\u00f1anzas regladas en semipresencial y distancia de forma telem\u00e1tica.<\/p>\n<p>&nbsp;<\/p>\n<p><a href=\"https:\/\/www.youtube.com\/watch?v=iC3wg3UJy0M\" target=\"_blank\" rel=\"noopener noreferrer\">Bancos de Recursos Educativos Abiertos: CREA Andalucia \u2013 YouTube<\/a><\/p>\n","protected":false},"excerpt":{"rendered":"<p>Contenidos y Recursos Educativos de Andaluc\u00eda (CREA) CREA\u00a0(que es la abreviatura de \u00abcontenidos y recursos educativos de Andaluc\u00eda\u00bb) es un \u00edndice online de recursos educativos abiertos, organizados por ense\u00f1anzas y materias y que recoge&#46;&#46;&#46;<\/p>\n","protected":false},"author":19881,"featured_media":0,"parent":0,"menu_order":0,"comment_status":"closed","ping_status":"closed","template":"","meta":{"footnotes":""},"aioseo_notices":[],"_links":{"self":[{"href":"https:\/\/blogsaverroes.juntadeandalucia.es\/tdeisa\/wp-json\/wp\/v2\/pages\/234"}],"collection":[{"href":"https:\/\/blogsaverroes.juntadeandalucia.es\/tdeisa\/wp-json\/wp\/v2\/pages"}],"about":[{"href":"https:\/\/blogsaverroes.juntadeandalucia.es\/tdeisa\/wp-json\/wp\/v2\/types\/page"}],"author":[{"embeddable":true,"href":"https:\/\/blogsaverroes.juntadeandalucia.es\/tdeisa\/wp-json\/wp\/v2\/users\/19881"}],"replies":[{"embeddable":true,"href":"https:\/\/blogsaverroes.juntadeandalucia.es\/tdeisa\/wp-json\/wp\/v2\/comments?post=234"}],"version-history":[{"count":2,"href":"https:\/\/blogsaverroes.juntadeandalucia.es\/tdeisa\/wp-json\/wp\/v2\/pages\/234\/revisions"}],"predecessor-version":[{"id":237,"href":"https:\/\/blogsaverroes.juntadeandalucia.es\/tdeisa\/wp-json\/wp\/v2\/pages\/234\/revisions\/237"}],"wp:attachment":[{"href":"https:\/\/blogsaverroes.juntadeandalucia.es\/tdeisa\/wp-json\/wp\/v2\/media?parent=234"}],"curies":[{"name":"wp","href":"https:\/\/api.w.org\/{rel}","templated":true}]}}