{"id":247,"date":"2025-11-07T17:44:26","date_gmt":"2025-11-07T16:44:26","guid":{"rendered":"https:\/\/blogsaverroes.juntadeandalucia.es\/tdeisa\/?page_id=247"},"modified":"2025-11-07T17:44:26","modified_gmt":"2025-11-07T16:44:26","slug":"exelearning","status":"publish","type":"page","link":"https:\/\/blogsaverroes.juntadeandalucia.es\/tdeisa\/exelearning\/","title":{"rendered":"eXeLearning"},"content":{"rendered":"<p><strong>Crea recursos educativos con eXeLearning<\/strong><\/p>\n<p><a href=\"https:\/\/blogsaverroes.juntadeandalucia.es\/iespmtde\/2022\/11\/20\/crea-recursos-educativos-con-exelearning\/\" target=\"_blank\" rel=\"noopener\"><img loading=\"lazy\" decoding=\"async\" class=\"alignnone wp-image-4441\" src=\"https:\/\/blogsaverroes.juntadeandalucia.es\/iessanalvaro\/files\/2025\/04\/exelearning-300x271-1.png\" alt=\"\" width=\"216\" height=\"195\" \/><\/a><\/p>\n<p style=\"text-align: justify\">Con <strong>eXeLearning<\/strong>,\u00a0 podemos crear los materiales educativos para dar una clase o una unidad did\u00e1ctica completa, con este programa podemos crear una p\u00e1gina web, que se ver\u00e1 bien en ordenador, tablet o smartphone, y en la que integramos todos los recursos, apuntes, im\u00e1genes, fotos, v\u00eddeos, animaciones, otras p\u00e1ginas web,\u2026 . Tambi\u00e9n podemos integrar nuestras actividades que pueden ser de muchos tipos, incluso interactivas, y podemos insertar actividades creadas con otras aplicaciones como Geogebra, Jclic, etc.<\/p>\n<p style=\"text-align: justify\">Adem\u00e1s de crear una p\u00e1gina web podemos exportar los recursos que creemos a varios formatos entre otros IMS y\u00a0 SCORM, que nos pertitir\u00e1n integrar los contenidos f\u00e1cilmente en Moodle.<\/p>\n<p style=\"text-align: justify\">Esta aplicaci\u00f3n puede funcionar sin problema en GNU\/ Linux, Microsoft Windows, macOS, para descargar el programa o para saber m\u00e1s, puedes visitar la p\u00e1gina del proyecto:\u00a0<a href=\"https:\/\/exelearning.net\/\" target=\"_blank\" rel=\"noopener noreferrer\">https:\/\/exelearning.net<\/a><\/p>\n","protected":false},"excerpt":{"rendered":"<p>Crea recursos educativos con eXeLearning Con eXeLearning,\u00a0 podemos crear los materiales educativos para dar una clase o una unidad did\u00e1ctica completa, con este programa podemos crear una p\u00e1gina web, que se ver\u00e1 bien en&#46;&#46;&#46;<\/p>\n","protected":false},"author":19881,"featured_media":0,"parent":0,"menu_order":0,"comment_status":"closed","ping_status":"closed","template":"","meta":{"footnotes":""},"aioseo_notices":[],"_links":{"self":[{"href":"https:\/\/blogsaverroes.juntadeandalucia.es\/tdeisa\/wp-json\/wp\/v2\/pages\/247"}],"collection":[{"href":"https:\/\/blogsaverroes.juntadeandalucia.es\/tdeisa\/wp-json\/wp\/v2\/pages"}],"about":[{"href":"https:\/\/blogsaverroes.juntadeandalucia.es\/tdeisa\/wp-json\/wp\/v2\/types\/page"}],"author":[{"embeddable":true,"href":"https:\/\/blogsaverroes.juntadeandalucia.es\/tdeisa\/wp-json\/wp\/v2\/users\/19881"}],"replies":[{"embeddable":true,"href":"https:\/\/blogsaverroes.juntadeandalucia.es\/tdeisa\/wp-json\/wp\/v2\/comments?post=247"}],"version-history":[{"count":1,"href":"https:\/\/blogsaverroes.juntadeandalucia.es\/tdeisa\/wp-json\/wp\/v2\/pages\/247\/revisions"}],"predecessor-version":[{"id":248,"href":"https:\/\/blogsaverroes.juntadeandalucia.es\/tdeisa\/wp-json\/wp\/v2\/pages\/247\/revisions\/248"}],"wp:attachment":[{"href":"https:\/\/blogsaverroes.juntadeandalucia.es\/tdeisa\/wp-json\/wp\/v2\/media?parent=247"}],"curies":[{"name":"wp","href":"https:\/\/api.w.org\/{rel}","templated":true}]}}