{"id":264,"date":"2025-11-07T17:56:16","date_gmt":"2025-11-07T16:56:16","guid":{"rendered":"https:\/\/blogsaverroes.juntadeandalucia.es\/tdeisa\/?page_id=264"},"modified":"2025-11-07T17:57:50","modified_gmt":"2025-11-07T16:57:50","slug":"recursos-tde","status":"publish","type":"page","link":"https:\/\/blogsaverroes.juntadeandalucia.es\/tdeisa\/recursos-tde\/","title":{"rendered":"Recursos #TDE Andaluc\u00eda"},"content":{"rendered":"<p><a style=\"width: 50%\" href=\"https:\/\/recursostde.notion.site\/\"><img loading=\"lazy\" decoding=\"async\" class=\"alignnone wp-image-4461\" src=\"https:\/\/blogsaverroes.juntadeandalucia.es\/iessanalvaro\/files\/2025\/04\/Logo-Repositorio-TDE-300x258.png\" alt=\"\" width=\"251\" height=\"216\" \/><\/a><\/p>\n<p style=\"text-align: justify\">Tutoriales y mucho m\u00e1s sobre S\u00e9neca, Plataformas Virtuales, Recursos, Software, STEAM,\u2026<\/p>\n<p style=\"text-align: justify\">Elaborado y dise\u00f1ado por:<br \/>\nSebasti\u00e1n Giraldo Jim\u00e9nez (@sebgiraldo), Miguel \u00c1ngel Gonz\u00e1lez Lozano (@miguecba), Ernesto J. Abad Fern\u00e1ndez (@ProfeZana), Jose M Rinc\u00f3n Neva (@iesamurojrin) y Juan Jos\u00e9 Caballero Mu\u00f1oz (@JuanJosCaball15), cinco docentes implicados con la Transformaci\u00f3n Digital Educativa andaluza en todos sus \u00e1mbitos.<\/p>\n","protected":false},"excerpt":{"rendered":"<p>Tutoriales y mucho m\u00e1s sobre S\u00e9neca, Plataformas Virtuales, Recursos, Software, STEAM,\u2026 Elaborado y dise\u00f1ado por: Sebasti\u00e1n Giraldo Jim\u00e9nez (@sebgiraldo), Miguel \u00c1ngel Gonz\u00e1lez Lozano (@miguecba), Ernesto J. Abad Fern\u00e1ndez (@ProfeZana), Jose M Rinc\u00f3n Neva (@iesamurojrin)&#46;&#46;&#46;<\/p>\n","protected":false},"author":19881,"featured_media":0,"parent":0,"menu_order":0,"comment_status":"closed","ping_status":"closed","template":"","meta":{"footnotes":""},"aioseo_notices":[],"_links":{"self":[{"href":"https:\/\/blogsaverroes.juntadeandalucia.es\/tdeisa\/wp-json\/wp\/v2\/pages\/264"}],"collection":[{"href":"https:\/\/blogsaverroes.juntadeandalucia.es\/tdeisa\/wp-json\/wp\/v2\/pages"}],"about":[{"href":"https:\/\/blogsaverroes.juntadeandalucia.es\/tdeisa\/wp-json\/wp\/v2\/types\/page"}],"author":[{"embeddable":true,"href":"https:\/\/blogsaverroes.juntadeandalucia.es\/tdeisa\/wp-json\/wp\/v2\/users\/19881"}],"replies":[{"embeddable":true,"href":"https:\/\/blogsaverroes.juntadeandalucia.es\/tdeisa\/wp-json\/wp\/v2\/comments?post=264"}],"version-history":[{"count":2,"href":"https:\/\/blogsaverroes.juntadeandalucia.es\/tdeisa\/wp-json\/wp\/v2\/pages\/264\/revisions"}],"predecessor-version":[{"id":266,"href":"https:\/\/blogsaverroes.juntadeandalucia.es\/tdeisa\/wp-json\/wp\/v2\/pages\/264\/revisions\/266"}],"wp:attachment":[{"href":"https:\/\/blogsaverroes.juntadeandalucia.es\/tdeisa\/wp-json\/wp\/v2\/media?parent=264"}],"curies":[{"name":"wp","href":"https:\/\/api.w.org\/{rel}","templated":true}]}}