{"id":52,"date":"2025-10-25T23:14:44","date_gmt":"2025-10-25T21:14:44","guid":{"rendered":"https:\/\/blogsaverroes.juntadeandalucia.es\/tdeisa\/?page_id=52"},"modified":"2025-10-26T15:26:33","modified_gmt":"2025-10-26T14:26:33","slug":"pdi-smart-board-mx-v5","status":"publish","type":"page","link":"https:\/\/blogsaverroes.juntadeandalucia.es\/tdeisa\/pdi-smart-board-mx-v5\/","title":{"rendered":"PDI-SMART BOARD MX V5"},"content":{"rendered":"<p>Fuente: <a href=\"https:\/\/www.youtube.com\/playlist?list=PLIHTrxOQrFrRbx2SJBG0TuQvIyALYJ7rL\"><span style=\"font-weight: 400\">SMART Board MX-v5 &#8211; YouTube<\/span><\/a><\/p>\n<table style=\"border-collapse: collapse;width: 100%\">\n<tbody>\n<tr>\n<td style=\"width: 50%\">\n<h5><a href=\"https:\/\/www.youtube.com\/watch?v=_BUjsB6iY9o&amp;list=PLIHTrxOQrFrRbx2SJBG0TuQvIyALYJ7rL&amp;index=1&amp;pp=iAQB\"><b>01 introducci\u00f3n<\/b><\/a><\/h5>\n<h5><a href=\"https:\/\/www.youtube.com\/watch?v=m4qQYN7JLvY&amp;list=PLIHTrxOQrFrRbx2SJBG0TuQvIyALYJ7rL&amp;index=2&amp;pp=iAQB\"><b>02 Caracter\u00edsticas principales<\/b><\/a><\/h5>\n<h5><a href=\"https:\/\/www.youtube.com\/watch?v=jH0LFSlOIuE&amp;list=PLIHTrxOQrFrRbx2SJBG0TuQvIyALYJ7rL&amp;index=3&amp;pp=iAQB\"><b>03 Encendido y apagado<\/b><\/a><\/h5>\n<h5><a href=\"https:\/\/www.youtube.com\/watch?v=v13wSNlaGr8&amp;list=PLIHTrxOQrFrRbx2SJBG0TuQvIyALYJ7rL&amp;index=4&amp;pp=iAQB\"><b>04 iQ4 &#8211; Caracter\u00edsticas<\/b><\/a><\/h5>\n<h5><a href=\"https:\/\/www.youtube.com\/watch?v=h1tSBm52OUc&amp;list=PLIHTrxOQrFrRbx2SJBG0TuQvIyALYJ7rL&amp;index=5&amp;pp=iAQB\"><b>05 iQ4 &#8211; Ajustes del sistema<\/b><\/a><\/h5>\n<p><span style=\"font-weight: 400\">\u00a0\u00a0\u00a0\u00a0\u00a0\u00a0\u00a0\u00a0\u00a0\u00a0\u00a0\u00a0\u00a0\u00a0\u00a0\u00a0\u00a0\u00a0\u00a0\u00a0\u00a0<\/span><a href=\"https:\/\/support.smarttech.com\/docs\/software\/iq\/4\/es\/home.cshtml\"><span style=\"font-weight: 400\">M\u00e1s ajustes del sistema<\/span><\/a><\/p>\n<h5><a href=\"https:\/\/www.youtube.com\/watch?v=hW5eT0hhi2U&amp;list=PLIHTrxOQrFrRbx2SJBG0TuQvIyALYJ7rL&amp;index=6&amp;pp=iAQB\"><b>06 iQ4 &#8211; Inici\u00f3n de sesi\u00f3n<\/b><\/a><\/h5>\n<h5><a href=\"https:\/\/www.youtube.com\/watch?v=5Np1hCZwGbE&amp;list=PLIHTrxOQrFrRbx2SJBG0TuQvIyALYJ7rL&amp;index=7&amp;pp=iAQB0gcJCckJAYcqIYzv\"><b>07 iQ4 &#8211; Personalizaci\u00f3n de la experiencia<\/b><\/a><\/h5>\n<h5><a href=\"https:\/\/www.youtube.com\/watch?v=oi7rWnc9PKQ&amp;list=PLIHTrxOQrFrRbx2SJBG0TuQvIyALYJ7rL&amp;index=8&amp;pp=iAQB\"><b>08 iQ4 &#8211; Pizarra blanca &#8211; escribir, mover y borrar<\/b><\/a><\/h5>\n<h5><a href=\"https:\/\/www.youtube.com\/watch?v=xPjURXsjhnw&amp;list=PLIHTrxOQrFrRbx2SJBG0TuQvIyALYJ7rL&amp;index=9&amp;pp=iAQB\"><b>09 iQ4 &#8211; Pizarra blanca &#8211; a\u00f1adir p\u00e1ginas y otras herramientas<\/b><\/a><\/h5>\n<h5><a href=\"https:\/\/www.youtube.com\/watch?v=u6vXC40WR5s&amp;list=PLIHTrxOQrFrRbx2SJBG0TuQvIyALYJ7rL&amp;index=10&amp;pp=iAQB\"><b>10 iQ4 &#8211; Pizarra blanca &#8211; a\u00f1adir im\u00e1genes y v\u00eddeos<\/b><\/a><\/h5>\n<h5><a href=\"https:\/\/www.youtube.com\/watch?v=T3QFzS1hBdc&amp;list=PLIHTrxOQrFrRbx2SJBG0TuQvIyALYJ7rL&amp;index=11&amp;pp=iAQB\"><b>11 iQ4 &#8211; Pizarra blanca &#8211; herramientas matem\u00e1ticas<\/b><\/a><\/h5>\n<h5><a href=\"https:\/\/www.youtube.com\/watch?v=98SbyTdsQXI&amp;list=PLIHTrxOQrFrRbx2SJBG0TuQvIyALYJ7rL&amp;index=12&amp;pp=iAQB\"><b>12 iQ4 &#8211; Pizarra blanca &#8211; compartir con estudiantes<\/b><\/a><\/h5>\n<\/td>\n<td style=\"width: 50%\">\n<h5><a href=\"https:\/\/www.youtube.com\/watch?v=959VOhdzuis&amp;list=PLIHTrxOQrFrRbx2SJBG0TuQvIyALYJ7rL&amp;index=13&amp;pp=iAQB\"><b>13 iQ4 &#8211; Archivos<\/b><\/a><\/h5>\n<h5><a href=\"https:\/\/www.youtube.com\/watch?v=JknO_PoyeTk&amp;list=PLIHTrxOQrFrRbx2SJBG0TuQvIyALYJ7rL&amp;index=14&amp;pp=iAQB\"><b>14 iQ4 &#8211; Aplicaciones<\/b><\/a><\/h5>\n<h5><a href=\"https:\/\/www.youtube.com\/watch?v=vSn0-VQlBQM&amp;list=PLIHTrxOQrFrRbx2SJBG0TuQvIyALYJ7rL&amp;index=15&amp;pp=iAQB\"><b>15 iQ4 &#8211; Pantalla dividida<\/b><\/a><\/h5>\n<h5><a href=\"https:\/\/www.youtube.com\/watch?v=X3rbQpzbDZk&amp;list=PLIHTrxOQrFrRbx2SJBG0TuQvIyALYJ7rL&amp;index=16&amp;pp=iAQB\"><b>16 iQ4 &#8211; Grabar pantalla<\/b><\/a><\/h5>\n<h5><a href=\"https:\/\/www.youtube.com\/watch?v=RMhgitOni4o&amp;list=PLIHTrxOQrFrRbx2SJBG0TuQvIyALYJ7rL&amp;index=17&amp;pp=iAQB\"><b>17 Compartir pantalla: SMART Mirror<\/b><\/a><\/h5>\n<h5><a href=\"https:\/\/www.youtube.com\/watch?v=DE5bTXz3Bd8&amp;list=PLIHTrxOQrFrRbx2SJBG0TuQvIyALYJ7rL&amp;index=18&amp;pp=iAQB\"><b>18 Trabajo con dispositivos externos<\/b><\/a><\/h5>\n<h5><a href=\"https:\/\/www.youtube.com\/watch?v=Mt8jdS8h8UM&amp;list=PLIHTrxOQrFrRbx2SJBG0TuQvIyALYJ7rL&amp;index=19&amp;pp=iAQB\"><b>19 Conexi\u00f3n de un dispositivo por HDMI<\/b><\/a><\/h5>\n<h5><a href=\"https:\/\/www.youtube.com\/watch?v=TgSz3AssVUg&amp;list=PLIHTrxOQrFrRbx2SJBG0TuQvIyALYJ7rL&amp;index=20&amp;pp=iAQB\"><b>20 Conexi\u00f3n de un dispositivo por USB-C<\/b><\/a><\/h5>\n<h5><a href=\"https:\/\/www.youtube.com\/watch?v=7vxlmxbGTTs&amp;list=PLIHTrxOQrFrRbx2SJBG0TuQvIyALYJ7rL&amp;index=21&amp;pp=iAQB\"><b>21 SMART INK: Instalaci\u00f3n y aspectos principales<\/b><\/a><\/h5>\n<h5><a href=\"https:\/\/www.youtube.com\/watch?v=xayZOBRkBSI&amp;list=PLIHTrxOQrFrRbx2SJBG0TuQvIyALYJ7rL&amp;index=22&amp;pp=iAQB\"><b>22 SMART INK: Tinta en cualquier aplicaci\u00f3n<\/b><\/a><\/h5>\n<h5><a href=\"https:\/\/www.youtube.com\/watch?v=kRXL5Jhusao&amp;list=PLIHTrxOQrFrRbx2SJBG0TuQvIyALYJ7rL&amp;index=23&amp;pp=iAQB\"><b>23 SMART INK: Grabadora SMART<\/b><\/a><\/h5>\n<p>&nbsp;<\/p>\n<p>&nbsp;<\/p>\n<p>&nbsp;<\/td>\n<\/tr>\n<tr>\n<td style=\"width: 50%\"><\/td>\n<td style=\"width: 50%\"><\/td>\n<\/tr>\n<\/tbody>\n<\/table>\n<p>&nbsp;<\/p>\n","protected":false},"excerpt":{"rendered":"<p>Fuente: SMART Board MX-v5 &#8211; YouTube 01 introducci\u00f3n 02 Caracter\u00edsticas principales 03 Encendido y apagado 04 iQ4 &#8211; Caracter\u00edsticas 05 iQ4 &#8211; Ajustes del sistema \u00a0\u00a0\u00a0\u00a0\u00a0\u00a0\u00a0\u00a0\u00a0\u00a0\u00a0\u00a0\u00a0\u00a0\u00a0\u00a0\u00a0\u00a0\u00a0\u00a0\u00a0M\u00e1s ajustes del sistema 06 iQ4 &#8211; Inici\u00f3n de&#46;&#46;&#46;<\/p>\n","protected":false},"author":19881,"featured_media":0,"parent":0,"menu_order":0,"comment_status":"closed","ping_status":"closed","template":"","meta":{"footnotes":""},"aioseo_notices":[],"_links":{"self":[{"href":"https:\/\/blogsaverroes.juntadeandalucia.es\/tdeisa\/wp-json\/wp\/v2\/pages\/52"}],"collection":[{"href":"https:\/\/blogsaverroes.juntadeandalucia.es\/tdeisa\/wp-json\/wp\/v2\/pages"}],"about":[{"href":"https:\/\/blogsaverroes.juntadeandalucia.es\/tdeisa\/wp-json\/wp\/v2\/types\/page"}],"author":[{"embeddable":true,"href":"https:\/\/blogsaverroes.juntadeandalucia.es\/tdeisa\/wp-json\/wp\/v2\/users\/19881"}],"replies":[{"embeddable":true,"href":"https:\/\/blogsaverroes.juntadeandalucia.es\/tdeisa\/wp-json\/wp\/v2\/comments?post=52"}],"version-history":[{"count":9,"href":"https:\/\/blogsaverroes.juntadeandalucia.es\/tdeisa\/wp-json\/wp\/v2\/pages\/52\/revisions"}],"predecessor-version":[{"id":66,"href":"https:\/\/blogsaverroes.juntadeandalucia.es\/tdeisa\/wp-json\/wp\/v2\/pages\/52\/revisions\/66"}],"wp:attachment":[{"href":"https:\/\/blogsaverroes.juntadeandalucia.es\/tdeisa\/wp-json\/wp\/v2\/media?parent=52"}],"curies":[{"name":"wp","href":"https:\/\/api.w.org\/{rel}","templated":true}]}}