{"id":112,"date":"2023-10-05T17:29:25","date_gmt":"2023-10-05T17:29:25","guid":{"rendered":"https:\/\/blogsaverroes.juntadeandalucia.es\/tdevirgendelacaridad\/?page_id=112"},"modified":"2023-10-19T16:22:55","modified_gmt":"2023-10-19T16:22:55","slug":"guia-uso-responsable-de-las-tic","status":"publish","type":"page","link":"https:\/\/blogsaverroes.juntadeandalucia.es\/tdevirgendelacaridad\/guia-uso-responsable-de-las-tic\/","title":{"rendered":"Gu\u00eda uso responsable de las TIC"},"content":{"rendered":"<h2 class=\"title\"><span style=\"color: #339966\">Gu\u00eda Uso Responsable de las TIC<\/span><\/h2>\n<div class=\"postmeta-primary\">\n<p><strong><strong>\u00bfPor qu\u00e9 esta gu\u00eda?<\/strong><\/strong><\/p>\n<table style=\"border-collapse: collapse;width: 100%\">\n<tbody>\n<tr>\n<td style=\"width: 100%\">\n<p style=\"text-align: left\">Vivimos en una sociedad cada vez m\u00e1s conectada en la que Internet y las redes sociales adquieren mayor protagonismo, con una tecnolog\u00eda cada vez m\u00e1s asequible y que sigue evolucionando: cualquier persona accede a Internet gracias a los m\u00f3viles y, adem\u00e1s, la edad a la que se adquiere el primer dispositivo m\u00f3vil con acceso a Internet contin\u00faa bajando.<\/p>\n<p style=\"text-align: left\">A pesar de lo extendidas que est\u00e1n, se echan en falta recursos que faciliten el conocimiento para un&nbsp;<strong>uso responsable y seguro<\/strong>, que debe primar cuando hablamos de personas menores de edad.<\/p>\n<p style=\"text-align: left\"><strong>Las Tecnolog\u00edas de la Informaci\u00f3n y la Comunicaci\u00f3n (TIC) constituyen un elemento clave de nuestro modelo educativo.<\/strong>&nbsp;Nos hemos esforzado mucho por implantar un modelo educativo que tuviera presente el uso de estas herramientas, tanto en el aula como fuera de ella.<\/p>\n<p style=\"text-align: left\">En este camino hacia l<strong>a ense\u00f1anza digital<\/strong>&nbsp;no nos podemos olvidar de&nbsp;<strong>garantizar la salud f\u00edsica, mental y emocional de nuestro alumnado<\/strong>&nbsp;en su interacci\u00f3n con la red y los dispositivos electr\u00f3nicos. Por ello, se ha realizado un profundo trabajo con alumnado y profesorado con el fin de que se consiga un uso responsable y educativo de estas nuevas tecnolog\u00edas.<\/p>\n<p style=\"text-align: left\">Esta Gu\u00eda es un instrumento de referencia pr\u00e1ctico, dirigido a padres, madres, alumnos, profesionales de la ense\u00f1anza y, en general, a cualquier persona relacionada con la educaci\u00f3n.<\/p>\n<p style=\"text-align: left\">Trata de centrarse tanto en las repercusiones positivas como negativas del uso de las TIC y establece algunas recomendaciones para un uso responsable de las mismas. Pretende, tambi\u00e9n,&nbsp;<strong>prevenir conflictos a corto o largo plazo, as\u00ed como indicar determinadas actuaciones y protocolos que deben tenerse en cuenta.<\/strong><\/p>\n<p style=\"text-align: left\">&nbsp;<\/p>\n<p style=\"text-align: left\">Un cordial saludo del Equipo TDE.<\/p>\n<hr>\n<\/td>\n<\/tr>\n<\/tbody>\n<\/table>\n<\/div>\n<table style=\"border-collapse: collapse;width: 100%\">\n<tbody>\n<tr>\n<td style=\"width: 50%\"><img loading=\"lazy\" decoding=\"async\" class=\"wp-image-115 alignright\" src=\"https:\/\/blogsaverroes.juntadeandalucia.es\/tdevirgendelacaridad\/files\/2023\/10\/gif-construcci\u00f3n-300x300.gif\" alt=\"\" width=\"122\" height=\"122\" srcset=\"https:\/\/blogsaverroes.juntadeandalucia.es\/tdevirgendelacaridad\/files\/2023\/10\/gif-construcci\u00f3n-300x300.gif 300w, https:\/\/blogsaverroes.juntadeandalucia.es\/tdevirgendelacaridad\/files\/2023\/10\/gif-construcci\u00f3n-150x150.gif 150w, https:\/\/blogsaverroes.juntadeandalucia.es\/tdevirgendelacaridad\/files\/2023\/10\/gif-construcci\u00f3n-80x80.gif 80w, https:\/\/blogsaverroes.juntadeandalucia.es\/tdevirgendelacaridad\/files\/2023\/10\/gif-construcci\u00f3n-320x320.gif 320w\" sizes=\"(max-width: 122px) 100vw, 122px\" \/><\/td>\n<td style=\"width: 50%\"><img loading=\"lazy\" decoding=\"async\" class=\"size-medium wp-image-113 alignleft\" src=\"https:\/\/blogsaverroes.juntadeandalucia.es\/tdevirgendelacaridad\/files\/2023\/10\/2de63_Descargar-gif-300x110.png\" alt=\"\" width=\"300\" height=\"110\" srcset=\"https:\/\/blogsaverroes.juntadeandalucia.es\/tdevirgendelacaridad\/files\/2023\/10\/2de63_Descargar-gif-300x110.png 300w, https:\/\/blogsaverroes.juntadeandalucia.es\/tdevirgendelacaridad\/files\/2023\/10\/2de63_Descargar-gif.png 504w\" sizes=\"(max-width: 300px) 100vw, 300px\" \/><\/td>\n<\/tr>\n<\/tbody>\n<\/table>\n","protected":false},"excerpt":{"rendered":"<p>Gu\u00eda Uso Responsable de las TIC \u00bfPor qu\u00e9 esta gu\u00eda? Vivimos en una sociedad cada vez m\u00e1s conectada en la que Internet y las redes sociales adquieren mayor protagonismo, con una tecnolog\u00eda cada vez&#46;&#46;&#46;<\/p>\n","protected":false},"author":18498,"featured_media":0,"parent":0,"menu_order":0,"comment_status":"closed","ping_status":"closed","template":"","meta":{"ngg_post_thumbnail":0,"footnotes":"","_mc_calendar":[]},"aioseo_notices":[],"_links":{"self":[{"href":"https:\/\/blogsaverroes.juntadeandalucia.es\/tdevirgendelacaridad\/wp-json\/wp\/v2\/pages\/112"}],"collection":[{"href":"https:\/\/blogsaverroes.juntadeandalucia.es\/tdevirgendelacaridad\/wp-json\/wp\/v2\/pages"}],"about":[{"href":"https:\/\/blogsaverroes.juntadeandalucia.es\/tdevirgendelacaridad\/wp-json\/wp\/v2\/types\/page"}],"author":[{"embeddable":true,"href":"https:\/\/blogsaverroes.juntadeandalucia.es\/tdevirgendelacaridad\/wp-json\/wp\/v2\/users\/18498"}],"replies":[{"embeddable":true,"href":"https:\/\/blogsaverroes.juntadeandalucia.es\/tdevirgendelacaridad\/wp-json\/wp\/v2\/comments?post=112"}],"version-history":[{"count":10,"href":"https:\/\/blogsaverroes.juntadeandalucia.es\/tdevirgendelacaridad\/wp-json\/wp\/v2\/pages\/112\/revisions"}],"predecessor-version":[{"id":237,"href":"https:\/\/blogsaverroes.juntadeandalucia.es\/tdevirgendelacaridad\/wp-json\/wp\/v2\/pages\/112\/revisions\/237"}],"wp:attachment":[{"href":"https:\/\/blogsaverroes.juntadeandalucia.es\/tdevirgendelacaridad\/wp-json\/wp\/v2\/media?parent=112"}],"curies":[{"name":"wp","href":"https:\/\/api.w.org\/{rel}","templated":true}]}}