{"id":125,"date":"2023-10-05T18:07:52","date_gmt":"2023-10-05T18:07:52","guid":{"rendered":"https:\/\/blogsaverroes.juntadeandalucia.es\/tdevirgendelacaridad\/?page_id=125"},"modified":"2023-10-18T19:24:41","modified_gmt":"2023-10-18T19:24:41","slug":"cronograma-23-24","status":"publish","type":"page","link":"https:\/\/blogsaverroes.juntadeandalucia.es\/tdevirgendelacaridad\/cronograma-23-24\/","title":{"rendered":"CRONOGRAMA 23-24"},"content":{"rendered":"<p style=\"text-align: center\">&nbsp;<\/p>\n<hr>\n<p><span style=\"font-size: 14pt\">Ya est\u00e1 disponible el <strong>cronograma<\/strong> de actuaciones dentro del proceso <strong>de Transformaci\u00f3n Digital Educativa para el curso 2023-2024.<\/strong> Dicho cronograma, adem\u00e1s de las fechas de cada actuaci\u00f3n a llevar a acabo, contiene informaci\u00f3n importante sobre las mismas y las rutas para su grabaci\u00f3n en S\u00e9neca.<\/span><\/p>\n<hr>\n<table style=\"border-collapse: collapse;width: 100%\">\n<tbody>\n<tr>\n<td style=\"width: 50%\"><a href=\"https:\/\/view.genial.ly\/64edcc653386e60018633ca2\/presentation-td2324\"><img loading=\"lazy\" decoding=\"async\" class=\"aligncenter wp-image-175\" src=\"https:\/\/blogsaverroes.juntadeandalucia.es\/tdevirgendelacaridad\/files\/2023\/10\/CRONOGRAMA-ONLINE-23_24-300x128.png\" alt=\"\" width=\"321\" height=\"137\" srcset=\"https:\/\/blogsaverroes.juntadeandalucia.es\/tdevirgendelacaridad\/files\/2023\/10\/CRONOGRAMA-ONLINE-23_24-300x128.png 300w, https:\/\/blogsaverroes.juntadeandalucia.es\/tdevirgendelacaridad\/files\/2023\/10\/CRONOGRAMA-ONLINE-23_24.png 703w\" sizes=\"(max-width: 321px) 100vw, 321px\" \/><\/a><\/td>\n<td style=\"width: 50%;text-align: center\"><a href=\"https:\/\/blogsaverroes.juntadeandalucia.es\/tdevirgendelacaridad\/files\/2023\/10\/Cronograma-TDE-2023-_2024.pdf\"><img loading=\"lazy\" decoding=\"async\" class=\"aligncenter size-medium wp-image-140\" src=\"https:\/\/blogsaverroes.juntadeandalucia.es\/tdevirgendelacaridad\/files\/2023\/10\/cronograma1-1-300x223.png\" alt=\"\" width=\"300\" height=\"223\" srcset=\"https:\/\/blogsaverroes.juntadeandalucia.es\/tdevirgendelacaridad\/files\/2023\/10\/cronograma1-1-300x223.png 300w, https:\/\/blogsaverroes.juntadeandalucia.es\/tdevirgendelacaridad\/files\/2023\/10\/cronograma1-1-1024x762.png 1024w, https:\/\/blogsaverroes.juntadeandalucia.es\/tdevirgendelacaridad\/files\/2023\/10\/cronograma1-1-768x571.png 768w, https:\/\/blogsaverroes.juntadeandalucia.es\/tdevirgendelacaridad\/files\/2023\/10\/cronograma1-1-1536x1142.png 1536w, https:\/\/blogsaverroes.juntadeandalucia.es\/tdevirgendelacaridad\/files\/2023\/10\/cronograma1-1.png 1545w\" sizes=\"(max-width: 300px) 100vw, 300px\" \/><\/a><a style=\"text-align: center\" href=\"https:\/\/blogsaverroes.juntadeandalucia.es\/tdevirgendelacaridad\/files\/2023\/10\/Cronograma-TDE-2023-_2024.pdf\">Cronograma actuaciones TDE&nbsp; 2023-2024<\/a><\/td>\n<\/tr>\n<\/tbody>\n<\/table>\n<hr>\n<p>&nbsp;<\/p>\n","protected":false},"excerpt":{"rendered":"<p>&nbsp; Ya est\u00e1 disponible el cronograma de actuaciones dentro del proceso de Transformaci\u00f3n Digital Educativa para el curso 2023-2024. Dicho cronograma, adem\u00e1s de las fechas de cada actuaci\u00f3n a llevar a acabo, contiene informaci\u00f3n&#46;&#46;&#46;<\/p>\n","protected":false},"author":18498,"featured_media":0,"parent":0,"menu_order":0,"comment_status":"closed","ping_status":"closed","template":"","meta":{"ngg_post_thumbnail":0,"footnotes":"","_mc_calendar":[]},"aioseo_notices":[],"_links":{"self":[{"href":"https:\/\/blogsaverroes.juntadeandalucia.es\/tdevirgendelacaridad\/wp-json\/wp\/v2\/pages\/125"}],"collection":[{"href":"https:\/\/blogsaverroes.juntadeandalucia.es\/tdevirgendelacaridad\/wp-json\/wp\/v2\/pages"}],"about":[{"href":"https:\/\/blogsaverroes.juntadeandalucia.es\/tdevirgendelacaridad\/wp-json\/wp\/v2\/types\/page"}],"author":[{"embeddable":true,"href":"https:\/\/blogsaverroes.juntadeandalucia.es\/tdevirgendelacaridad\/wp-json\/wp\/v2\/users\/18498"}],"replies":[{"embeddable":true,"href":"https:\/\/blogsaverroes.juntadeandalucia.es\/tdevirgendelacaridad\/wp-json\/wp\/v2\/comments?post=125"}],"version-history":[{"count":18,"href":"https:\/\/blogsaverroes.juntadeandalucia.es\/tdevirgendelacaridad\/wp-json\/wp\/v2\/pages\/125\/revisions"}],"predecessor-version":[{"id":288,"href":"https:\/\/blogsaverroes.juntadeandalucia.es\/tdevirgendelacaridad\/wp-json\/wp\/v2\/pages\/125\/revisions\/288"}],"wp:attachment":[{"href":"https:\/\/blogsaverroes.juntadeandalucia.es\/tdevirgendelacaridad\/wp-json\/wp\/v2\/media?parent=125"}],"curies":[{"name":"wp","href":"https:\/\/api.w.org\/{rel}","templated":true}]}}