{"id":329,"date":"2023-10-19T11:12:38","date_gmt":"2023-10-19T11:12:38","guid":{"rendered":"https:\/\/blogsaverroes.juntadeandalucia.es\/tdevirgendelacaridad\/?page_id=329"},"modified":"2024-06-28T10:53:34","modified_gmt":"2024-06-28T10:53:34","slug":"seguridad-digital","status":"publish","type":"page","link":"https:\/\/blogsaverroes.juntadeandalucia.es\/tdevirgendelacaridad\/seguridad-digital\/","title":{"rendered":"SEGURIDAD DIGITAL"},"content":{"rendered":"<p>&nbsp;<\/p>\n<table style=\"width: 100%;border-collapse: collapse;border-style: solid;border-color: #516982;background-color: #bbb9c7\">\n<tbody>\n<tr>\n<td style=\"width: 100%;text-align: center\"><span style=\"font-size: 18pt;color: #ff6600\">SEGURIDAD DIGITAL<\/span><\/td>\n<\/tr>\n<\/tbody>\n<\/table>\n<p>&nbsp; &nbsp; &nbsp; &nbsp; &nbsp; &nbsp; &nbsp; &nbsp; <span style=\"color: #5767a1\"><span style=\"color: #5767a1\">&nbsp;<\/span><\/span><\/p>\n<table style=\"border-collapse: collapse;width: 100%\">\n<tbody>\n<tr>\n<td style=\"width: 100%;text-align: center\"><span style=\"color: #5767a1\"> <a href=\"https:\/\/blogsaverroes.juntadeandalucia.es\/tdevirgendelacaridad\/files\/2023\/10\/infografia_tuayudaciberseguridad_incibe.pdf\"><img loading=\"lazy\" decoding=\"async\" class=\"wp-image-292 aligncenter\" src=\"https:\/\/blogsaverroes.juntadeandalucia.es\/tdevirgendelacaridad\/files\/2023\/10\/INCIBE_TuAyudaCiberseguridad.jpg\" alt=\"\" width=\"428\" height=\"187\" srcset=\"https:\/\/blogsaverroes.juntadeandalucia.es\/tdevirgendelacaridad\/files\/2023\/10\/INCIBE_TuAyudaCiberseguridad.jpg 977w, https:\/\/blogsaverroes.juntadeandalucia.es\/tdevirgendelacaridad\/files\/2023\/10\/INCIBE_TuAyudaCiberseguridad-300x131.jpg 300w, https:\/\/blogsaverroes.juntadeandalucia.es\/tdevirgendelacaridad\/files\/2023\/10\/INCIBE_TuAyudaCiberseguridad-768x336.jpg 768w\" sizes=\"(max-width: 428px) 100vw, 428px\" \/><\/a><\/span><\/p>\n<p><span style=\"color: #ff0000\"><strong><a style=\"color: #ff0000\" href=\"https:\/\/www.incibe.es\/linea-de-ayuda-en-ciberseguridad#mensajeria\"><span style=\"font-size: 18pt\">017-Tu ayuda en ciberseguridad<\/span><\/a><\/strong><\/span><\/p>\n<p style=\"text-align: left\"><span style=\"font-size: 14pt\"><strong><span class=\"C9DxTc \">Servicio nacional, gratuito y confidencial<\/span><\/strong><span class=\"C9DxTc \">&nbsp;<\/span><\/span><span style=\"font-size: 14pt\"><span class=\"C9DxTc \">para resolver los problemas de ciberseguridad.&nbsp;<\/span><\/span><\/p>\n<p class=\"zfr3Q CDt4Ke \" dir=\"ltr\" style=\"text-align: left\"><span style=\"font-size: 14pt\"><span class=\"C9DxTc \">Est\u00e1 dirigido a los&nbsp;<\/span><strong><span class=\"C9DxTc \">ciudadanos<\/span><\/strong><span class=\"C9DxTc \">&nbsp;(usu<\/span><\/span><span style=\"font-size: 14pt\"><span class=\"C9DxTc \">arios de Internet en general);&nbsp;<\/span><strong><span class=\"C9DxTc \">empresas y profesionales<\/span><\/strong><span class=\"C9DxTc \">&nbsp;que utilizan Internet y las nuevas tecnolog\u00edas en el desempe\u00f1o de su actividad y deben proteger sus activos y su negocio; y<strong>&nbsp;<\/strong><\/span><strong><span class=\"C9DxTc \">menores y su entorno<\/span><\/strong><span class=\"C9DxTc \">&nbsp;(padres, educadores y profesionales que trabajen en el \u00e1mbito del menor o la protecci\u00f3n online ligada a este p\u00fablico).&nbsp;<\/span><\/span><\/p>\n<p class=\"zfr3Q CDt4Ke \" dir=\"ltr\" style=\"text-align: left\"><span style=\"font-size: 14pt\"><span class=\"C9DxTc \">El servicio es atendido por un equipo multidisciplinar de expertos, a trav\u00e9s de las diferentes opciones de contacto, que ofrecen asesoramiento t\u00e9cnico, psicosocial y legal, en&nbsp;<\/span><strong><span class=\"C9DxTc \">horario de 8 de la ma\u00f1ana a 11 de la noche, los 365 d\u00edas del a\u00f1o<\/span><span class=\"C9DxTc \">.&nbsp;&nbsp;<\/span><\/strong><\/span><\/p>\n<p class=\"zfr3Q CDt4Ke \" dir=\"ltr\" style=\"text-align: left\"><span style=\"font-size: 14pt\"><span class=\"C9DxTc \">ACCEDE al sitio web&nbsp;<a href=\"https:\/\/www.incibe.es\/linea-de-ayuda-en-ciberseguridad#mensajeria\">aqu\u00ed<\/a><\/span><\/span><\/p>\n<p>&nbsp;<\/td>\n<\/tr>\n<\/tbody>\n<\/table>\n<table style=\"border-collapse: collapse;width: 100.397%;height: 383px\">\n<tbody>\n<tr>\n<td style=\"width: 50%\"><img loading=\"lazy\" decoding=\"async\" class=\"aligncenter size-full wp-image-345\" src=\"https:\/\/blogsaverroes.juntadeandalucia.es\/tdevirgendelacaridad\/files\/2023\/10\/IMAGEN-EDUCATIC_BOLET\u00cdN-SEGURIDAD-TIC.png\" alt=\"\" width=\"815\" height=\"340\" srcset=\"https:\/\/blogsaverroes.juntadeandalucia.es\/tdevirgendelacaridad\/files\/2023\/10\/IMAGEN-EDUCATIC_BOLET\u00cdN-SEGURIDAD-TIC.png 815w, https:\/\/blogsaverroes.juntadeandalucia.es\/tdevirgendelacaridad\/files\/2023\/10\/IMAGEN-EDUCATIC_BOLET\u00cdN-SEGURIDAD-TIC-300x125.png 300w, https:\/\/blogsaverroes.juntadeandalucia.es\/tdevirgendelacaridad\/files\/2023\/10\/IMAGEN-EDUCATIC_BOLET\u00cdN-SEGURIDAD-TIC-768x320.png 768w\" sizes=\"(max-width: 815px) 100vw, 815px\" \/><\/td>\n<td style=\"width: 50%\">\n<p style=\"text-align: center\"><span style=\"color: #339966;font-size: 18pt\"><a style=\"color: #339966\" href=\"https:\/\/www.juntadeandalucia.es\/educacion\/portals\/delegate\/content\/e7dad19d-366b-4841-8fdd-6ba04b903146\/Bolet%C3%ADn\">Enero-Marzo 2023<\/a><\/span><\/p>\n<p style=\"text-align: center\"><span style=\"color: #339966;font-size: 18pt\"><a style=\"color: #339966\" href=\"https:\/\/www.juntadeandalucia.es\/educacion\/portals\/delegate\/content\/ed3e9411-ffaf-4bf9-963f-71ddaece804d\/Bolet%C3%ADn%20de%20seguridad%20para%20docentes%20Abril%20-%20Junio%202023\">Abril-Junio 2023<\/a><\/span><\/p>\n<p style=\"text-align: center\"><a href=\"https:\/\/www.juntadeandalucia.es\/educacion\/portals\/delegate\/content\/f8f08b02-7fb4-452a-9d7b-3efa68a850c5\/Bolet%C3%ADn%20de%20seguridad%20para%20docentes%20Julio-Septiembre%202023\"><span style=\"font-size: 18pt;color: #339966\">Julio-Septiembre 2023<\/span><\/a><\/p>\n<p style=\"text-align: center\"><a href=\"https:\/\/www.juntadeandalucia.es\/educacion\/portals\/delegate\/content\/0b4d55ba-a26e-4aba-92e3-32109286ae5d\/Bolet%C3%ADn%20de%20seguridad%20para%20docentes%20octubre-diciembre%202023\"><span style=\"font-size: 18pt;color: #008000\">Octubre_Diciembre 2023<\/span><\/a><\/p>\n<p style=\"text-align: center\"><a href=\"https:\/\/portals.ced.junta-andalucia.es\/educacion\/portals\/delegate\/content\/5e89198a-35a4-4d7e-8912-f163e0439bb2\/Bolet%C3%25\"><span style=\"color: #339966;font-size: 18pt\">Enero_Marzo 2024<\/span><\/a><\/p>\n<p style=\"text-align: center\"><a href=\"https:\/\/portals.ced.junta-andalucia.es\/educacion\/portals\/delegate\/content\/bafd8cf2-7819-4124-b76b-e8b2b2d6ec52\/Bolet%C3%ADn%20de%20seguridad%20para%20docentes%20abril-junio%202024\"><span style=\"color: #339966;font-size: 18pt\">Abril_Junio 2024<\/span><\/a><\/p>\n<\/td>\n<\/tr>\n<\/tbody>\n<\/table>\n<p><span style=\"font-size: 18pt;color: #5767a1\">&nbsp; &nbsp;&nbsp;<\/span><\/p>\n<table style=\"border-collapse: collapse;width: 100%\">\n<tbody>\n<tr>\n<td style=\"width: 50%\"><a href=\"https:\/\/www.aepd.es\/es\/documento\/responsabilidad-menores-padres-madres.pdf\"><img loading=\"lazy\" decoding=\"async\" class=\"aligncenter size-full wp-image-346\" src=\"https:\/\/blogsaverroes.juntadeandalucia.es\/tdevirgendelacaridad\/files\/2023\/10\/RESPONSABILIDAD-MENORES-TIC.png\" alt=\"\" width=\"885\" height=\"958\" srcset=\"https:\/\/blogsaverroes.juntadeandalucia.es\/tdevirgendelacaridad\/files\/2023\/10\/RESPONSABILIDAD-MENORES-TIC.png 885w, https:\/\/blogsaverroes.juntadeandalucia.es\/tdevirgendelacaridad\/files\/2023\/10\/RESPONSABILIDAD-MENORES-TIC-277x300.png 277w, https:\/\/blogsaverroes.juntadeandalucia.es\/tdevirgendelacaridad\/files\/2023\/10\/RESPONSABILIDAD-MENORES-TIC-768x831.png 768w\" sizes=\"(max-width: 885px) 100vw, 885px\" \/><\/a><\/td>\n<td style=\"width: 50%\">&nbsp;<\/p>\n<p>&nbsp;<\/p>\n<p style=\"text-align: left\"><span style=\"color: #5767a1;font-size: 24px\">&nbsp;&nbsp;&nbsp;<\/span><span style=\"color: #ff6600\">&nbsp; &nbsp;<span style=\"color: #ff9900;font-size: 24pt\"><a style=\"color: #ff9900\" href=\"https:\/\/www.aepd.es\/es\/documento\/responsabilidad-menores-padres-madres.pdf\">Responsabilidad de los menores por sus actos en Internet<\/a><\/span><\/span><\/p>\n<p><a href=\"https:\/\/www.aepd.es\/es\/documento\/responsabilidad-menores-padres-madres.pdf\"><img loading=\"lazy\" decoding=\"async\" class=\"aligncenter size-full wp-image-347\" src=\"https:\/\/blogsaverroes.juntadeandalucia.es\/tdevirgendelacaridad\/files\/2023\/10\/RESPONSABILIDAD-MENORES-2_TIC.png\" alt=\"\" width=\"717\" height=\"351\" srcset=\"https:\/\/blogsaverroes.juntadeandalucia.es\/tdevirgendelacaridad\/files\/2023\/10\/RESPONSABILIDAD-MENORES-2_TIC.png 717w, https:\/\/blogsaverroes.juntadeandalucia.es\/tdevirgendelacaridad\/files\/2023\/10\/RESPONSABILIDAD-MENORES-2_TIC-300x147.png 300w\" sizes=\"(max-width: 717px) 100vw, 717px\" \/><\/a><\/td>\n<\/tr>\n<\/tbody>\n<\/table>\n<p><span style=\"color: #5767a1;font-size: 18pt\">&nbsp; &nbsp; &nbsp; &nbsp; &nbsp;&nbsp;<\/span><\/p>\n<table style=\"border-collapse: collapse;width: 100%\">\n<tbody>\n<tr>\n<td style=\"width: 50%\"><img loading=\"lazy\" decoding=\"async\" class=\"wp-image-355 aligncenter\" src=\"https:\/\/blogsaverroes.juntadeandalucia.es\/tdevirgendelacaridad\/files\/2023\/10\/AGENCIA-ESPA\u00d1OLA-DE-PROTECCION-DE-DATOS.png\" alt=\"\" width=\"260\" height=\"86\" srcset=\"https:\/\/blogsaverroes.juntadeandalucia.es\/tdevirgendelacaridad\/files\/2023\/10\/AGENCIA-ESPA\u00d1OLA-DE-PROTECCION-DE-DATOS.png 610w, https:\/\/blogsaverroes.juntadeandalucia.es\/tdevirgendelacaridad\/files\/2023\/10\/AGENCIA-ESPA\u00d1OLA-DE-PROTECCION-DE-DATOS-300x99.png 300w\" sizes=\"(max-width: 260px) 100vw, 260px\" \/><\/td>\n<td style=\"width: 50%\">\n<p style=\"text-align: left\"><span style=\"color: #5767a1;font-size: 18pt\">&nbsp;Eliminar fotos, videos y otros contenidos de Internet<\/span><\/p>\n<ul>\n<li><span style=\"color: #000080;font-size: 14pt\"><a style=\"color: #000080\" href=\"https:\/\/www.aepd.es\/areas-de-actuacion\/internet-y-redes-sociales\/eliminar-fotos-y-videos-de-internet\">Informaci\u00f3n b\u00e1sica<\/a><\/span><\/li>\n<li><span style=\"color: #000080;font-size: 14pt\"><a style=\"color: #000080\" href=\"https:\/\/sedeagpd.gob.es\/sede-electronica-web\/vistas\/formNuevaReclamacion\/nuevaReclamacion.jsf?QID=Q600&amp;ce=0\">Canal de retirada contenido<\/a><\/span><\/li>\n<li><span style=\"color: #000080;font-size: 14pt\"><a style=\"color: #000080\" href=\"https:\/\/www.aepd.es\/derechos-y-deberes\/conoce-tus-derechos\/derecho-de-supresion-al-olvido\">Derecho al olvido<\/a><\/span><\/li>\n<li style=\"list-style-type: none\">\n<ul>\n<li style=\"list-style-type: none\">\n<ul>\n<li style=\"list-style-type: none\">&nbsp;<\/li>\n<\/ul>\n<\/li>\n<\/ul>\n<\/li>\n<\/ul>\n<\/td>\n<\/tr>\n<\/tbody>\n<\/table>\n","protected":false},"excerpt":{"rendered":"<p>&nbsp; SEGURIDAD DIGITAL &nbsp; &nbsp; &nbsp; &nbsp; &nbsp; &nbsp; &nbsp; &nbsp; &nbsp; 017-Tu ayuda en ciberseguridad Servicio nacional, gratuito y confidencial&nbsp;para resolver los problemas de ciberseguridad.&nbsp; Est\u00e1 dirigido a los&nbsp;ciudadanos&nbsp;(usuarios de Internet en general);&nbsp;empresas&#46;&#46;&#46;<\/p>\n","protected":false},"author":18498,"featured_media":0,"parent":0,"menu_order":0,"comment_status":"closed","ping_status":"closed","template":"","meta":{"ngg_post_thumbnail":0,"footnotes":"","_mc_calendar":[]},"aioseo_notices":[],"_links":{"self":[{"href":"https:\/\/blogsaverroes.juntadeandalucia.es\/tdevirgendelacaridad\/wp-json\/wp\/v2\/pages\/329"}],"collection":[{"href":"https:\/\/blogsaverroes.juntadeandalucia.es\/tdevirgendelacaridad\/wp-json\/wp\/v2\/pages"}],"about":[{"href":"https:\/\/blogsaverroes.juntadeandalucia.es\/tdevirgendelacaridad\/wp-json\/wp\/v2\/types\/page"}],"author":[{"embeddable":true,"href":"https:\/\/blogsaverroes.juntadeandalucia.es\/tdevirgendelacaridad\/wp-json\/wp\/v2\/users\/18498"}],"replies":[{"embeddable":true,"href":"https:\/\/blogsaverroes.juntadeandalucia.es\/tdevirgendelacaridad\/wp-json\/wp\/v2\/comments?post=329"}],"version-history":[{"count":31,"href":"https:\/\/blogsaverroes.juntadeandalucia.es\/tdevirgendelacaridad\/wp-json\/wp\/v2\/pages\/329\/revisions"}],"predecessor-version":[{"id":573,"href":"https:\/\/blogsaverroes.juntadeandalucia.es\/tdevirgendelacaridad\/wp-json\/wp\/v2\/pages\/329\/revisions\/573"}],"wp:attachment":[{"href":"https:\/\/blogsaverroes.juntadeandalucia.es\/tdevirgendelacaridad\/wp-json\/wp\/v2\/media?parent=329"}],"curies":[{"name":"wp","href":"https:\/\/api.w.org\/{rel}","templated":true}]}}