{"id":398,"date":"2023-10-19T17:58:15","date_gmt":"2023-10-19T17:58:15","guid":{"rendered":"https:\/\/blogsaverroes.juntadeandalucia.es\/tdevirgendelacaridad\/?page_id=398"},"modified":"2023-10-19T20:38:59","modified_gmt":"2023-10-19T20:38:59","slug":"informacion-seneca","status":"publish","type":"page","link":"https:\/\/blogsaverroes.juntadeandalucia.es\/tdevirgendelacaridad\/informacion-seneca\/","title":{"rendered":"INFORMACI\u00d3N PLATAFORMA S\u00c9NECA"},"content":{"rendered":"<p><span style=\"font-size: 18pt;color: #3366ff\"><strong>&nbsp; &nbsp; &nbsp; &nbsp;<\/strong><\/span><\/p>\n<hr>\n<p><strong style=\"color: #3366ff;font-size: 24px\"><img loading=\"lazy\" decoding=\"async\" class=\"wp-image-439 alignleft\" src=\"https:\/\/blogsaverroes.juntadeandalucia.es\/tdevirgendelacaridad\/files\/2023\/10\/Sitio-en-construcci\u00f3n-2.png\" alt=\"\" width=\"140\" height=\"111\" srcset=\"https:\/\/blogsaverroes.juntadeandalucia.es\/tdevirgendelacaridad\/files\/2023\/10\/Sitio-en-construcci\u00f3n-2.png 725w, https:\/\/blogsaverroes.juntadeandalucia.es\/tdevirgendelacaridad\/files\/2023\/10\/Sitio-en-construcci\u00f3n-2-300x238.png 300w\" sizes=\"(max-width: 140px) 100vw, 140px\" \/><\/strong><\/p>\n<p><span style=\"font-size: 18pt;color: #3366ff\"><strong>&nbsp; &nbsp;<\/strong><\/span>NOTA:&nbsp;<span style=\"color: #000000\">En esta p\u00e1gina encontrar\u00e1s informaci\u00f3n y ayuda acerca de la plataforma S\u00e9neca.<\/span> Seguimos recogiendo informaci\u00f3n y seleccionando los materiales m\u00e1s adecuados para ayudarnos a desempe\u00f1ar nuestra labor administrativa como docentes.<\/p>\n<hr>\n<p style=\"text-align: center\"><strong style=\"color: #3366ff;font-size: 18pt\"><br \/>\n<img loading=\"lazy\" decoding=\"async\" class=\"aligncenter wp-image-387\" src=\"https:\/\/blogsaverroes.juntadeandalucia.es\/tdevirgendelacaridad\/files\/2023\/10\/IMAGEN-SENECA.png\" alt=\"\" width=\"234\" height=\"72\" srcset=\"https:\/\/blogsaverroes.juntadeandalucia.es\/tdevirgendelacaridad\/files\/2023\/10\/IMAGEN-SENECA.png 347w, https:\/\/blogsaverroes.juntadeandalucia.es\/tdevirgendelacaridad\/files\/2023\/10\/IMAGEN-SENECA-300x93.png 300w\" sizes=\"(max-width: 234px) 100vw, 234px\" \/><\/strong><\/p>\n<p><span style=\"font-size: 18pt;color: #3366ff\"><span style=\"color: #000000;font-size: 14pt\">S\u00e9neca es la <strong>plataforma que la Consejer\u00eda de Educaci\u00f3n y Deporte de la Junta de Andaluc\u00eda<\/strong> ha desarrollado para que el profesorado pueda llevar a cabo todo el proceso de gesti\u00f3n administrativa que conlleva la labor docente.&nbsp;<\/span><\/span><\/p>\n<p>&nbsp;<\/p>\n<table style=\"border-collapse: collapse;width: 100%\">\n<tbody>\n<tr>\n<td style=\"width: 100%\" colspan=\"2\">\n<p style=\"text-align: center\"><span style=\"color: #3366ff;font-size: 14pt\"><strong>VIDEOTUTORIALES<\/strong><\/span><\/p>\n<\/td>\n<\/tr>\n<tr>\n<td style=\"width: 40.0612%\"><strong>ACTA DE SESI\u00d3N DE EVALUACI\u00d3N<\/strong><\/p>\n<p><strong>Y FIRMA DIGITAL EN S\u00c9NECA<\/strong><\/td>\n<td style=\"width: 59.9388%\"><iframe loading=\"lazy\" src=\"\/\/www.youtube.com\/embed\/8O7jcZq8258?si=n1aWXaPJ6e_58Mir\" width=\"560\" height=\"315\" frameborder=\"0\"><\/iframe><\/td>\n<\/tr>\n<\/tbody>\n<\/table>\n<p>&nbsp;<\/p>\n<table style=\"border-collapse: collapse;width: 100%\">\n<tbody>\n<tr>\n<td style=\"width: 44.0367%\"><a href=\"https:\/\/view.genial.ly\/652160349526ee0012a609ee\/presentation-modulo-de-competencias-y-cuaderno-de-seneca-2023-24\"><br \/>\n<img loading=\"lazy\" decoding=\"async\" class=\"aligncenter wp-image-215\" src=\"https:\/\/blogsaverroes.juntadeandalucia.es\/tdevirgendelacaridad\/files\/2023\/10\/AYUDA-CUADERNO-S\u00c9NECA-300x163.png\" alt=\"\" width=\"278\" height=\"151\" srcset=\"https:\/\/blogsaverroes.juntadeandalucia.es\/tdevirgendelacaridad\/files\/2023\/10\/AYUDA-CUADERNO-S\u00c9NECA-300x163.png 300w, https:\/\/blogsaverroes.juntadeandalucia.es\/tdevirgendelacaridad\/files\/2023\/10\/AYUDA-CUADERNO-S\u00c9NECA.png 542w\" sizes=\"(max-width: 278px) 100vw, 278px\" \/><\/a><\/td>\n<td style=\"width: 55.9633%\">\n<p style=\"text-align: left\">Juan Jos\u00e9 Caballero Mu\u00f1oz, compa\u00f1ero del IES Nuevo Escala, ha publicado una <span style=\"font-size: 14pt\"><strong>serie de videotutoriales<\/strong><\/span> ordenados sobre el <strong>uso del M\u00f3dulo de Competencias y el Cuaderno de S\u00e9neca actualizados a LOMLOE.<\/strong><\/p>\n<p style=\"text-align: left\">Se trata de una serie completa de 17 v\u00eddeos dividida en dos partes. La primera dedicada al m\u00f3dulo de Competencias con 11 v\u00eddeos&nbsp; y la segunda al Cuaderno con 7.<\/p>\n<p style=\"text-align: left\"><span style=\"font-family: inherit;font-size: inherit\">Puedes acceder a la presentaci\u00f3n que contiene la serie&nbsp; completa desde<\/span><span style=\"font-family: inherit;font-size: inherit\">&nbsp;<\/span><a style=\"font-family: inherit;font-size: inherit\" href=\"https:\/\/view.genial.ly\/652160349526ee0012a609ee\/presentation-modulo-de-competencias-y-cuaderno-de-seneca-2023-24\">aqu\u00ed<\/a><\/p>\n<\/td>\n<\/tr>\n<\/tbody>\n<\/table>\n<p>&nbsp;<\/p>\n","protected":false},"excerpt":{"rendered":"<p>&nbsp; &nbsp; &nbsp; &nbsp; &nbsp; &nbsp;NOTA:&nbsp;En esta p\u00e1gina encontrar\u00e1s informaci\u00f3n y ayuda acerca de la plataforma S\u00e9neca. Seguimos recogiendo informaci\u00f3n y seleccionando los materiales m\u00e1s adecuados para ayudarnos a desempe\u00f1ar nuestra labor administrativa como&#46;&#46;&#46;<\/p>\n","protected":false},"author":18498,"featured_media":0,"parent":0,"menu_order":0,"comment_status":"closed","ping_status":"closed","template":"","meta":{"ngg_post_thumbnail":0,"footnotes":"","_mc_calendar":[]},"aioseo_notices":[],"_links":{"self":[{"href":"https:\/\/blogsaverroes.juntadeandalucia.es\/tdevirgendelacaridad\/wp-json\/wp\/v2\/pages\/398"}],"collection":[{"href":"https:\/\/blogsaverroes.juntadeandalucia.es\/tdevirgendelacaridad\/wp-json\/wp\/v2\/pages"}],"about":[{"href":"https:\/\/blogsaverroes.juntadeandalucia.es\/tdevirgendelacaridad\/wp-json\/wp\/v2\/types\/page"}],"author":[{"embeddable":true,"href":"https:\/\/blogsaverroes.juntadeandalucia.es\/tdevirgendelacaridad\/wp-json\/wp\/v2\/users\/18498"}],"replies":[{"embeddable":true,"href":"https:\/\/blogsaverroes.juntadeandalucia.es\/tdevirgendelacaridad\/wp-json\/wp\/v2\/comments?post=398"}],"version-history":[{"count":16,"href":"https:\/\/blogsaverroes.juntadeandalucia.es\/tdevirgendelacaridad\/wp-json\/wp\/v2\/pages\/398\/revisions"}],"predecessor-version":[{"id":469,"href":"https:\/\/blogsaverroes.juntadeandalucia.es\/tdevirgendelacaridad\/wp-json\/wp\/v2\/pages\/398\/revisions\/469"}],"wp:attachment":[{"href":"https:\/\/blogsaverroes.juntadeandalucia.es\/tdevirgendelacaridad\/wp-json\/wp\/v2\/media?parent=398"}],"curies":[{"name":"wp","href":"https:\/\/api.w.org\/{rel}","templated":true}]}}