{"id":405,"date":"2023-10-19T18:02:34","date_gmt":"2023-10-19T18:02:34","guid":{"rendered":"https:\/\/blogsaverroes.juntadeandalucia.es\/tdevirgendelacaridad\/?page_id=405"},"modified":"2023-10-19T20:37:51","modified_gmt":"2023-10-19T20:37:51","slug":"informacion-servicios-microsoft-365","status":"publish","type":"page","link":"https:\/\/blogsaverroes.juntadeandalucia.es\/tdevirgendelacaridad\/informacion-servicios-microsoft-365\/","title":{"rendered":"INFORMACI\u00d3N SERVICIOS MICROSOFT 365"},"content":{"rendered":"<table style=\"border-collapse: collapse;width: 100%\">\n<tbody>\n<tr>\n<td style=\"width: 41.1315%;text-align: center\"><strong style=\"text-align: center\"><span style=\"font-size: 14pt;color: #800000\">Plataforma de <\/span><\/strong><\/p>\n<p><strong style=\"text-align: center\"><span style=\"font-size: 14pt;color: #800000\">Microsoft para centros educativos<\/span><\/strong><strong style=\"text-align: center\"><span style=\"font-size: 14pt;color: #800000\"><img loading=\"lazy\" decoding=\"async\" class=\"aligncenter wp-image-388\" src=\"https:\/\/blogsaverroes.juntadeandalucia.es\/tdevirgendelacaridad\/files\/2023\/10\/IMAGEN-MICROSOFT-365.png\" alt=\"\" width=\"139\" height=\"121\" srcset=\"https:\/\/blogsaverroes.juntadeandalucia.es\/tdevirgendelacaridad\/files\/2023\/10\/IMAGEN-MICROSOFT-365.png 333w, https:\/\/blogsaverroes.juntadeandalucia.es\/tdevirgendelacaridad\/files\/2023\/10\/IMAGEN-MICROSOFT-365-300x261.png 300w\" sizes=\"(max-width: 139px) 100vw, 139px\" \/><\/span><\/strong><\/td>\n<td style=\"width: 58.8685%\">La Consejer\u00eda de Educaci\u00f3n y Deporte de la Junta de Andaluc\u00eda, en virtud de un convenio de colaboraci\u00f3n, pone a disposici\u00f3n de la comunidad educativa&nbsp; los servicios de&nbsp;<strong>Microsoft Office 365<\/strong>&nbsp;para instituciones educativas.<\/td>\n<\/tr>\n<\/tbody>\n<\/table>\n<p><strong style=\"color: #800000\"><span style=\"font-size: 14pt\">\u00bfQu\u00e9 servicios tengo disponibles?<\/span><\/strong><\/p>\n<div class=\"oKdM2c ZZyype Kzv0Me\">\n<div id=\"h.7633f5226f18facf_26\" class=\"hJDwNd-AhqUyc-uQSCkd Ft7HRd-AhqUyc-uQSCkd jXK9ad D2fZ2 zu5uec OjCsFc dmUFtb JYTMs\">\n<div class=\"uArJ5e Y5FYJe cjq2Db amZmwc\" role=\"button\" aria-label=\"Ocultar\" data-tooltip=\"Ocultar\" data-tooltip-vertical-offset=\"-12\" data-tooltip-horizontal-offset=\"0\">\n<div class=\"PDXc1b MbhUzd\">Entre otros servicios, permite utilizar las <strong>versiones web<\/strong> de Word, PowerPoint, Excel, OneNote y Outlook.<\/div>\n<\/div>\n<\/div>\n<\/div>\n<div class=\"oKdM2c ZZyype\">\n<div id=\"h.7633f5226f18facf_28\" class=\"hJDwNd-AhqUyc-uQSCkd Ft7HRd-AhqUyc-uQSCkd jXK9ad D2fZ2 zu5uec wHaque g5GTcb JYTMs\">\n<div class=\"jXK9ad-SmKAyb\">\n<div class=\"oKdM2c ZZyype Kzv0Me\">\n<div id=\"h.7633f5226f18facf_33\" class=\"hJDwNd-AhqUyc-uQSCkd Ft7HRd-AhqUyc-uQSCkd jXK9ad D2fZ2 zu5uec OjCsFc dmUFtb JYTMs\">\n<div class=\"jXK9ad-SmKAyb\">\n<div class=\"tyJCtd mGzaTb Depvyb baZpAe\">\n<div>&nbsp;<\/div>\n<div class=\"CjVfdc\"><span style=\"font-size: 14pt\"><strong><span style=\"color: #800000\">\u00bfC\u00f3mo accedo a Microsoft 365?<\/span><\/strong><\/span><\/div>\n<\/div>\n<\/div>\n<\/div>\n<\/div>\n<div class=\"oKdM2c ZZyype\">\n<div id=\"h.7633f5226f18facf_35\" class=\"hJDwNd-AhqUyc-uQSCkd Ft7HRd-AhqUyc-uQSCkd jXK9ad D2fZ2 zu5uec wHaque g5GTcb JYTMs\">\n<div class=\"jXK9ad-SmKAyb\">\n<div class=\"tyJCtd mGzaTb Depvyb baZpAe\">\n<ol class=\"n8H08c BKnRcf\">\n<li class=\"TYR86d zfr3Q\">\n<p class=\"CDt4Ke zfr3Q\" dir=\"ltr\">Acceder a la p\u00e1gina <a class=\"XqQF9c rXJpyf\" href=\"https:\/\/www.google.com\/url?q=https%3A%2F%2Fwww.office.com%2F&amp;sa=D&amp;sntz=1&amp;usg=AOvVaw0uBObUpa4KZcRcSujx_hC_\" target=\"_blank\" rel=\"noopener noreferrer\">https:\/\/www.office.com\/<\/a> y pulsar en \u00abIniciar sesi\u00f3n\u00bb.<\/p>\n<\/li>\n<li class=\"TYR86d zfr3Q\">\n<p class=\"CDt4Ke zfr3Q\" dir=\"ltr\">Introducir el correo electr\u00f3nico usuarioSeneca@m.educaand.es (si un usuario de S\u00e9neca\/Pasen es agomrod123, su cuenta ser\u00e1 agomrod123@m.educaand.es) y pulsar siguiente.<\/p>\n<\/li>\n<li class=\"TYR86d zfr3Q\">\n<p class=\"CDt4Ke zfr3Q\" dir=\"ltr\">Introducir los datos de acceso a S\u00e9neca\/Pasen. Importante: ahora solo el usuario, sin @m.educaand.es.<\/p>\n<\/li>\n<\/ol>\n<p class=\"CDt4Ke zfr3Q\" dir=\"ltr\">En ocasiones,&nbsp;<strong>la primera vez que se accede<\/strong> en un nuevo dispositivo se obtiene un error; en ese caso, vuelva a repetir el proceso.&nbsp;<\/p>\n<\/div>\n<div class=\"oKdM2c ZZyype Kzv0Me\">\n<div id=\"h.7633f5226f18facf_39\" class=\"hJDwNd-AhqUyc-uQSCkd Ft7HRd-AhqUyc-uQSCkd jXK9ad D2fZ2 zu5uec OjCsFc dmUFtb JYTMs\">\n<div class=\"jXK9ad-SmKAyb\">\n<div class=\"tyJCtd mGzaTb Depvyb baZpAe\">\n<div class=\"CjVfdc\">\n<p><span style=\"font-size: 14pt\"><span style=\"font-size: 14pt\"><strong><span style=\"color: #800000\">&nbsp;<\/span><\/strong><\/span><\/span><\/p>\n<table style=\"border-collapse: collapse;width: 100%\">\n<tbody>\n<tr>\n<td style=\"width: 36.3914%\"><a href=\"https:\/\/www.juntadeandalucia.es\/educacion\/eaprendizaje\/microsoft365\/\"><img loading=\"lazy\" decoding=\"async\" class=\"aligncenter wp-image-465\" src=\"https:\/\/blogsaverroes.juntadeandalucia.es\/tdevirgendelacaridad\/files\/2023\/10\/icono-microsoft-365.png\" alt=\"\" width=\"110\" height=\"109\" srcset=\"https:\/\/blogsaverroes.juntadeandalucia.es\/tdevirgendelacaridad\/files\/2023\/10\/icono-microsoft-365.png 286w, https:\/\/blogsaverroes.juntadeandalucia.es\/tdevirgendelacaridad\/files\/2023\/10\/icono-microsoft-365-150x150.png 150w, https:\/\/blogsaverroes.juntadeandalucia.es\/tdevirgendelacaridad\/files\/2023\/10\/icono-microsoft-365-80x80.png 80w\" sizes=\"(max-width: 110px) 100vw, 110px\" \/><\/a><\/td>\n<td style=\"width: 63.6086%\"><strong style=\"font-size: 18.6667px\"><span style=\"color: #800000\">Para m\u00e1s informaci\u00f3n pincha en la imagen para acceder a la web.<\/span><\/strong><\/td>\n<\/tr>\n<\/tbody>\n<\/table>\n<\/div>\n<\/div>\n<\/div>\n<div class=\"uArJ5e Y5FYJe cjq2Db amZmwc\" role=\"button\" aria-label=\"Ocultar\" data-tooltip=\"Ocultar\" data-tooltip-vertical-offset=\"-12\" data-tooltip-horizontal-offset=\"0\">\n<div class=\"PDXc1b MbhUzd\">&nbsp;<\/div>\n<\/div>\n<\/div>\n<\/div>\n<\/div>\n<\/div>\n<\/div>\n<\/div>\n<\/div>\n<\/div>\n","protected":false},"excerpt":{"rendered":"<p>Plataforma de Microsoft para centros educativos La Consejer\u00eda de Educaci\u00f3n y Deporte de la Junta de Andaluc\u00eda, en virtud de un convenio de colaboraci\u00f3n, pone a disposici\u00f3n de la comunidad educativa&nbsp; los servicios de&nbsp;Microsoft&#46;&#46;&#46;<\/p>\n","protected":false},"author":18498,"featured_media":0,"parent":0,"menu_order":0,"comment_status":"closed","ping_status":"closed","template":"","meta":{"ngg_post_thumbnail":0,"footnotes":"","_mc_calendar":[]},"aioseo_notices":[],"_links":{"self":[{"href":"https:\/\/blogsaverroes.juntadeandalucia.es\/tdevirgendelacaridad\/wp-json\/wp\/v2\/pages\/405"}],"collection":[{"href":"https:\/\/blogsaverroes.juntadeandalucia.es\/tdevirgendelacaridad\/wp-json\/wp\/v2\/pages"}],"about":[{"href":"https:\/\/blogsaverroes.juntadeandalucia.es\/tdevirgendelacaridad\/wp-json\/wp\/v2\/types\/page"}],"author":[{"embeddable":true,"href":"https:\/\/blogsaverroes.juntadeandalucia.es\/tdevirgendelacaridad\/wp-json\/wp\/v2\/users\/18498"}],"replies":[{"embeddable":true,"href":"https:\/\/blogsaverroes.juntadeandalucia.es\/tdevirgendelacaridad\/wp-json\/wp\/v2\/comments?post=405"}],"version-history":[{"count":5,"href":"https:\/\/blogsaverroes.juntadeandalucia.es\/tdevirgendelacaridad\/wp-json\/wp\/v2\/pages\/405\/revisions"}],"predecessor-version":[{"id":463,"href":"https:\/\/blogsaverroes.juntadeandalucia.es\/tdevirgendelacaridad\/wp-json\/wp\/v2\/pages\/405\/revisions\/463"}],"wp:attachment":[{"href":"https:\/\/blogsaverroes.juntadeandalucia.es\/tdevirgendelacaridad\/wp-json\/wp\/v2\/media?parent=405"}],"curies":[{"name":"wp","href":"https:\/\/api.w.org\/{rel}","templated":true}]}}