{"id":438,"date":"2023-10-19T19:32:12","date_gmt":"2023-10-19T19:32:12","guid":{"rendered":"https:\/\/blogsaverroes.juntadeandalucia.es\/tdevirgendelacaridad\/?page_id=438"},"modified":"2024-10-17T18:22:24","modified_gmt":"2024-10-17T18:22:24","slug":"recursos-digitales","status":"publish","type":"page","link":"https:\/\/blogsaverroes.juntadeandalucia.es\/tdevirgendelacaridad\/recursos-digitales\/","title":{"rendered":"Recursos digitales"},"content":{"rendered":"<p><span style=\"font-size: 24pt\"><strong><span style=\"color: #808000\">PROXIMAMENT<\/span><\/strong><\/span><span style=\"font-size: 24pt\"><strong><span style=\"color: #808000\">E<\/span><\/strong><\/span><\/p>\n<p>&nbsp;<\/p>\n<p><img loading=\"lazy\" decoding=\"async\" class=\"aligncenter wp-image-439\" src=\"https:\/\/blogsaverroes.juntadeandalucia.es\/tdevirgendelacaridad\/files\/2023\/10\/Sitio-en-construcci\u00f3n-2.png\" alt=\"\" width=\"113\" height=\"90\" srcset=\"https:\/\/blogsaverroes.juntadeandalucia.es\/tdevirgendelacaridad\/files\/2023\/10\/Sitio-en-construcci\u00f3n-2.png 725w, https:\/\/blogsaverroes.juntadeandalucia.es\/tdevirgendelacaridad\/files\/2023\/10\/Sitio-en-construcci\u00f3n-2-300x238.png 300w\" sizes=\"(max-width: 113px) 100vw, 113px\" \/><\/p>\n<table style=\"border-collapse: collapse;width: 100%\">\n<tbody>\n<tr>\n<td style=\"width: 50%\"><a href=\"https:\/\/www.juntadeandalucia.es\/educacion\/portals\/delegate\/content\/ac9c4364-48a0-465a-bc6d-a733712fe425\/Credenciales%20del%20alumnado%20con%20Pasen\/iPasen\"><img decoding=\"async\" src=\"https:\/\/blogsaverroes.juntadeandalucia.es\/tdevirgendelacaridad\/files\/2024\/10\/ordenador-ipasen.png\"><\/a><\/td>\n<td style=\"width: 50%\"><em>Manual para generar credenciales alumnado mediante PASEN\/IPASEN<\/em><\/p>\n<p>&nbsp;<\/td>\n<\/tr>\n<\/tbody>\n<\/table>\n<table style=\"border-collapse: collapse;width: 100%\">\n<tbody>\n<tr>\n<td style=\"width: 50%\"><span class=\"C9DxTc \">La clave iANDE es un c\u00f3digo personal que puedes utilizar para identificarte y poder realizar tr\u00e1mites telem\u00e1ticos en la <\/span><a class=\"XqQF9c\" href=\"https:\/\/www.juntadeandalucia.es\/educacion\/secretariavirtual\/\" target=\"_blank\" rel=\"noopener noreferrer\"><span class=\"C9DxTc aw5Odc \">Secretaria Virtual de los Centros Andaluces<\/span><\/a><span class=\"C9DxTc \">, como por ejemplo la matr\u00edcula, la solicitud de becas,&#8230;.<\/span><\/td>\n<td style=\"width: 50%\"><img loading=\"lazy\" decoding=\"async\" class=\"aligncenter wp-image-475\" src=\"https:\/\/blogsaverroes.juntadeandalucia.es\/tdevirgendelacaridad\/files\/2023\/10\/icono-iande.png\" alt=\"\" width=\"284\" height=\"169\" srcset=\"https:\/\/blogsaverroes.juntadeandalucia.es\/tdevirgendelacaridad\/files\/2023\/10\/icono-iande.png 523w, https:\/\/blogsaverroes.juntadeandalucia.es\/tdevirgendelacaridad\/files\/2023\/10\/icono-iande-300x178.png 300w\" sizes=\"(max-width: 284px) 100vw, 284px\" \/><\/td>\n<\/tr>\n<\/tbody>\n<\/table>\n","protected":false},"excerpt":{"rendered":"<p>PROXIMAMENTE &nbsp; Manual para generar credenciales alumnado mediante PASEN\/IPASEN &nbsp; La clave iANDE es un c\u00f3digo personal que puedes utilizar para identificarte y poder realizar tr\u00e1mites telem\u00e1ticos en la Secretaria Virtual de los Centros&#46;&#46;&#46;<\/p>\n","protected":false},"author":18498,"featured_media":0,"parent":0,"menu_order":0,"comment_status":"closed","ping_status":"closed","template":"","meta":{"ngg_post_thumbnail":0,"footnotes":"","_mc_calendar":[]},"aioseo_notices":[],"_links":{"self":[{"href":"https:\/\/blogsaverroes.juntadeandalucia.es\/tdevirgendelacaridad\/wp-json\/wp\/v2\/pages\/438"}],"collection":[{"href":"https:\/\/blogsaverroes.juntadeandalucia.es\/tdevirgendelacaridad\/wp-json\/wp\/v2\/pages"}],"about":[{"href":"https:\/\/blogsaverroes.juntadeandalucia.es\/tdevirgendelacaridad\/wp-json\/wp\/v2\/types\/page"}],"author":[{"embeddable":true,"href":"https:\/\/blogsaverroes.juntadeandalucia.es\/tdevirgendelacaridad\/wp-json\/wp\/v2\/users\/18498"}],"replies":[{"embeddable":true,"href":"https:\/\/blogsaverroes.juntadeandalucia.es\/tdevirgendelacaridad\/wp-json\/wp\/v2\/comments?post=438"}],"version-history":[{"count":6,"href":"https:\/\/blogsaverroes.juntadeandalucia.es\/tdevirgendelacaridad\/wp-json\/wp\/v2\/pages\/438\/revisions"}],"predecessor-version":[{"id":579,"href":"https:\/\/blogsaverroes.juntadeandalucia.es\/tdevirgendelacaridad\/wp-json\/wp\/v2\/pages\/438\/revisions\/579"}],"wp:attachment":[{"href":"https:\/\/blogsaverroes.juntadeandalucia.es\/tdevirgendelacaridad\/wp-json\/wp\/v2\/media?parent=438"}],"curies":[{"name":"wp","href":"https:\/\/api.w.org\/{rel}","templated":true}]}}