{"id":511,"date":"2024-01-09T11:16:57","date_gmt":"2024-01-09T11:16:57","guid":{"rendered":"https:\/\/blogsaverroes.juntadeandalucia.es\/tdevirgendelacaridad\/?page_id=511"},"modified":"2024-01-18T09:38:39","modified_gmt":"2024-01-18T09:38:39","slug":"reservas-recursos-tic","status":"publish","type":"page","link":"https:\/\/blogsaverroes.juntadeandalucia.es\/tdevirgendelacaridad\/reservas-recursos-tic\/","title":{"rendered":"RESERVAS RECURSOS TIC"},"content":{"rendered":"<p><span style=\"font-family: impact, sans-serif;font-size: 36pt;color: #ff6600\"><strong><img loading=\"lazy\" decoding=\"async\" class=\"wp-image-439 alignright\" src=\"https:\/\/blogsaverroes.juntadeandalucia.es\/tdevirgendelacaridad\/files\/2023\/10\/Sitio-en-construcci\u00f3n-2.png\" alt=\"\" width=\"174\" height=\"138\" srcset=\"https:\/\/blogsaverroes.juntadeandalucia.es\/tdevirgendelacaridad\/files\/2023\/10\/Sitio-en-construcci\u00f3n-2.png 725w, https:\/\/blogsaverroes.juntadeandalucia.es\/tdevirgendelacaridad\/files\/2023\/10\/Sitio-en-construcci\u00f3n-2-300x238.png 300w\" sizes=\"(max-width: 174px) 100vw, 174px\" \/>NUESTROS RECURSOS TIC<\/strong><\/span><\/p>\n<p>&nbsp;<\/p>\n<p>Disponemos en nuestro centro de una serie de recursos TIC de los que podemos hacer uso adecuado para nuestra labor docente. Los ordenadores est\u00e1n numerados en la franja de <em><span style=\"color: #ff0000\">0 a 200<\/span><\/em>, de tal forma que cada dos alumnos tienen asignado un ordenador. Los profesores de TIC, rob\u00f3tica, tecnolog\u00eda, suelen hacer uso diario en sus franjas horarias, pero a\u00fan as\u00ed, quedan dispositivos libres.<\/p>\n<p>A continuaci\u00f3n os dejamos el enlace a la hoja de c\u00e1lculo para la reserva de los recursos TIC que tenemos a nuestra disposici\u00f3n en el centro.<\/p>\n<p><a href=\"https:\/\/docs.google.com\/spreadsheets\/d\/e\/2PACX-1vToXy7sgKp54v4QmG7m6GjUGtXy1r79AehkOg1dvoLV9FWnIgCmEYYby_5dSpXPo5LttAPY7bUtuMWh\/pubhtml\">https:\/\/docs.google.com\/spreadsheets\/d\/e\/2PACX-1vToXy7sgKp54v4QmG7m6GjUGtXy1r79AehkOg1dvoLV9FWnIgCmEYYby_5dSpXPo5LttAPY7bUtuMWh\/pubhtml<\/a><\/p>\n<p>&nbsp;<\/p>\n<p>&nbsp;<\/p>\n","protected":false},"excerpt":{"rendered":"<p>NUESTROS RECURSOS TIC &nbsp; Disponemos en nuestro centro de una serie de recursos TIC de los que podemos hacer uso adecuado para nuestra labor docente. Los ordenadores est\u00e1n numerados en la franja de 0&#46;&#46;&#46;<\/p>\n","protected":false},"author":18498,"featured_media":0,"parent":0,"menu_order":0,"comment_status":"closed","ping_status":"closed","template":"","meta":{"ngg_post_thumbnail":0,"footnotes":"","_mc_calendar":[]},"aioseo_notices":[],"_links":{"self":[{"href":"https:\/\/blogsaverroes.juntadeandalucia.es\/tdevirgendelacaridad\/wp-json\/wp\/v2\/pages\/511"}],"collection":[{"href":"https:\/\/blogsaverroes.juntadeandalucia.es\/tdevirgendelacaridad\/wp-json\/wp\/v2\/pages"}],"about":[{"href":"https:\/\/blogsaverroes.juntadeandalucia.es\/tdevirgendelacaridad\/wp-json\/wp\/v2\/types\/page"}],"author":[{"embeddable":true,"href":"https:\/\/blogsaverroes.juntadeandalucia.es\/tdevirgendelacaridad\/wp-json\/wp\/v2\/users\/18498"}],"replies":[{"embeddable":true,"href":"https:\/\/blogsaverroes.juntadeandalucia.es\/tdevirgendelacaridad\/wp-json\/wp\/v2\/comments?post=511"}],"version-history":[{"count":8,"href":"https:\/\/blogsaverroes.juntadeandalucia.es\/tdevirgendelacaridad\/wp-json\/wp\/v2\/pages\/511\/revisions"}],"predecessor-version":[{"id":532,"href":"https:\/\/blogsaverroes.juntadeandalucia.es\/tdevirgendelacaridad\/wp-json\/wp\/v2\/pages\/511\/revisions\/532"}],"wp:attachment":[{"href":"https:\/\/blogsaverroes.juntadeandalucia.es\/tdevirgendelacaridad\/wp-json\/wp\/v2\/media?parent=511"}],"curies":[{"name":"wp","href":"https:\/\/api.w.org\/{rel}","templated":true}]}}