{"id":59,"date":"2023-10-04T23:18:30","date_gmt":"2023-10-04T23:18:30","guid":{"rendered":"https:\/\/blogsaverroes.juntadeandalucia.es\/tdevirgendelacaridad\/?page_id=59"},"modified":"2023-10-11T22:10:55","modified_gmt":"2023-10-11T22:10:55","slug":"sobre-este-blog","status":"publish","type":"page","link":"https:\/\/blogsaverroes.juntadeandalucia.es\/tdevirgendelacaridad\/sobre-este-blog\/","title":{"rendered":"Sobre este blog del IES Virgen&#8230;"},"content":{"rendered":"<hr>\n<p style=\"text-align: left\"><strong><span style=\"font-size: 24px;color: #ff6600\">Sobre este blog del IES Virgen de la Caridad<\/span><\/strong><\/p>\n<p>Desde la llegada del coronavirus a nuestras vidas, se ha puesto de manifiesto la&nbsp;<strong>necesidad de una educaci\u00f3n m\u00e1s inclusiva y digital<\/strong>. El contexto actual y, a todas luces, la situaci\u00f3n futura, se\u00f1alan cada vez m\u00e1s la importancia del alumnado como protagonista de su propio aprendizaje y, para ello, las herramientas digitales son un instrumento muy poderoso.<\/p>\n<p>Esta p\u00e1gina pretende ser un&nbsp;<strong>repositorio con recursos para mejorar la competencia digital<\/strong>&nbsp;en el \u00e1mbito educativo de nuestro centro. La idea es que sea una herramienta y un referente para tutores\/as y profesores\/as que deseen promover el aprendizaje de su alumnado, un apoyo para el autoaprendizaje y una ayuda, en materia digital, para las familias.<\/p>\n<p>Sabemos que internet est\u00e1 llena de tutoriales y recursos, nuestra intenci\u00f3n es ofrecer una&nbsp;<strong>selecci\u00f3n de calidad, desarrollada por profesionales y compa\u00f1eros\/as con experiencia<\/strong>&nbsp;en los mismos. Y ponerlo f\u00e1cil, para que est\u00e9n&nbsp;<strong>al alcance de nuestra comunidad educativa<\/strong>&nbsp;de una manera sencilla a trav\u00e9s de esta nueva plataforma.<\/p>\n<p>Queremos tambi\u00e9n hacer&nbsp;<strong>difusi\u00f3n de aplicaciones y software<\/strong>&nbsp;que pueda servir al profesorado en su trabajo y de las&nbsp;<strong>actuaciones puestas en marcha desde la Consejer\u00eda<\/strong>&nbsp;para la formaci\u00f3n y la colaboraci\u00f3n virtual del profesorado. C\u00f3mo no, adem\u00e1s, de&nbsp;<strong>nuestros avances y experiencias<\/strong>&nbsp;en Transformaci\u00f3n Digital Educativa en el contexto de nuestro centro.<\/p>\n<p>Esperamos, en definitiva, que este sea un sitio de aprendizaje, que pueda contribuir a&nbsp;<strong>enriquecer nuestra labor docente.<\/strong><\/p>\n<hr>\n<p>&nbsp;<\/p>\n","protected":false},"excerpt":{"rendered":"<p>Sobre este blog del IES Virgen de la Caridad Desde la llegada del coronavirus a nuestras vidas, se ha puesto de manifiesto la&nbsp;necesidad de una educaci\u00f3n m\u00e1s inclusiva y digital. El contexto actual y,&#46;&#46;&#46;<\/p>\n","protected":false},"author":18498,"featured_media":0,"parent":0,"menu_order":0,"comment_status":"closed","ping_status":"closed","template":"","meta":{"ngg_post_thumbnail":0,"footnotes":"","_mc_calendar":[]},"aioseo_notices":[],"_links":{"self":[{"href":"https:\/\/blogsaverroes.juntadeandalucia.es\/tdevirgendelacaridad\/wp-json\/wp\/v2\/pages\/59"}],"collection":[{"href":"https:\/\/blogsaverroes.juntadeandalucia.es\/tdevirgendelacaridad\/wp-json\/wp\/v2\/pages"}],"about":[{"href":"https:\/\/blogsaverroes.juntadeandalucia.es\/tdevirgendelacaridad\/wp-json\/wp\/v2\/types\/page"}],"author":[{"embeddable":true,"href":"https:\/\/blogsaverroes.juntadeandalucia.es\/tdevirgendelacaridad\/wp-json\/wp\/v2\/users\/18498"}],"replies":[{"embeddable":true,"href":"https:\/\/blogsaverroes.juntadeandalucia.es\/tdevirgendelacaridad\/wp-json\/wp\/v2\/comments?post=59"}],"version-history":[{"count":5,"href":"https:\/\/blogsaverroes.juntadeandalucia.es\/tdevirgendelacaridad\/wp-json\/wp\/v2\/pages\/59\/revisions"}],"predecessor-version":[{"id":178,"href":"https:\/\/blogsaverroes.juntadeandalucia.es\/tdevirgendelacaridad\/wp-json\/wp\/v2\/pages\/59\/revisions\/178"}],"wp:attachment":[{"href":"https:\/\/blogsaverroes.juntadeandalucia.es\/tdevirgendelacaridad\/wp-json\/wp\/v2\/media?parent=59"}],"curies":[{"name":"wp","href":"https:\/\/api.w.org\/{rel}","templated":true}]}}