{"id":70,"date":"2023-10-05T10:04:58","date_gmt":"2023-10-05T10:04:58","guid":{"rendered":"https:\/\/blogsaverroes.juntadeandalucia.es\/tdevirgendelacaridad\/?page_id=70"},"modified":"2023-10-11T22:13:29","modified_gmt":"2023-10-11T22:13:29","slug":"transformacion-digital-educativa","status":"publish","type":"page","link":"https:\/\/blogsaverroes.juntadeandalucia.es\/tdevirgendelacaridad\/transformacion-digital-educativa\/","title":{"rendered":"Transformaci\u00f3n Digital Educativa"},"content":{"rendered":"<h1 class=\"post-title entry-title\"><span style=\"color: #3366ff\">Transformaci\u00f3n Digital Educativa<\/span><\/h1>\n<div class=\"clear\">\n<hr>\n<p><strong>\u00bfQu\u00e9 es la Transformaci\u00f3n Digital Educativa (TDE)?<\/strong><\/p>\n<\/div>\n<div class=\"entry themeform\">\n<div class=\"entry-inner\">\n<p><img loading=\"lazy\" decoding=\"async\" class=\"aligncenter wp-image-94 \" src=\"https:\/\/blogsaverroes.juntadeandalucia.es\/tderosaleda\/files\/2020\/10\/TDE.jpg\" alt=\"\" width=\"518\" height=\"314\"><\/p>\n<p>Con el concepto de TDE nos referimos a un proceso impulsado por la Consejer\u00eda de Educaci\u00f3n para la&nbsp;<strong>mejora de las competencias digitales<\/strong>&nbsp;de todos los centros docentes de titularidad p\u00fablica.<\/p>\n<\/div>\n<\/div>\n<p><strong><em>(Normativa: Instrucci\u00f3n de 31 de Julio de 2020, de la Direcci\u00f3n General de formaci\u00f3n del profesorado e innovaci\u00f3n educativa, sobre medidas de transformaci\u00f3n digital educativa en los centros docentes p\u00fablicos para el curso 2020\/2021)<\/em><\/strong><\/p>\n<p><a href=\"https:\/\/blogsaverroes.juntadeandalucia.es\/tdevirgendelacaridad\/files\/2023\/10\/TDE-23_24_220920Resolucion_TDE_CompDigEduF-1.pdf\"><em><strong>(Resoluci\u00f3n de 20 de septiembre, de la direcci\u00f3n general de tecnolog\u00edas avanzadas y Transformaci\u00f3n educativa, sobre medidas para el impulso de la competencia digital en los Centros docentes sostenidos con fondos p\u00fablicos en el marco del programa de Cooperaci\u00f3n territorial #CompDigEdu.)<\/strong><\/em><\/a><\/p>\n<p style=\"text-align: center\">&nbsp; &nbsp; &nbsp; &nbsp; &nbsp;<iframe loading=\"lazy\" src=\"\/\/www.youtube.com\/embed\/ij2RFtZeTUs?si=tJIYLILIoSeU7uNr\" width=\"560\" height=\"315\" frameborder=\"0\"><\/iframe><\/p>\n<p><strong>\u00c1mbitos de actuaci\u00f3n<\/strong><\/p>\n<p>Esta transformaci\u00f3n digital se pretende en tres \u00e1mbitos importantes de la vida escolar:<\/p>\n<ul>\n<li><strong>La organizaci\u00f3n y gesti\u00f3n de los centros.<\/strong><\/li>\n<li><strong>Los procesos de ense\u00f1anza y aprendizaje.<\/strong><\/li>\n<li><strong>La informaci\u00f3n y comunicaci\u00f3n, tanto interna como externa.<\/strong><\/li>\n<\/ul>\n<p><strong>Punto de partida: autoevaluaci\u00f3n de la Competencia Digital<\/strong><\/p>\n<p>Para definir el conjunto de actuaciones orientadas a la mejora de las competencias digitales, el centro eval\u00faa su&nbsp;<strong>punto de partida a trav\u00e9s de varios formularios<\/strong>:<\/p>\n<ul>\n<li>R\u00fabrica TDE del nivel de competencia digital del centro.<\/li>\n<li>Test de Competencia Digital Docente.<\/li>\n<\/ul>\n<p>&nbsp;<\/p>\n<p><a href=\"https:\/\/blogsaverroes.juntadeandalucia.es\/tdevirgendelacaridad\/files\/2023\/10\/MARCO-DE-REFERENCIA-DE-LA-CDD_BOJA21-067-00013-5927-01_00189819.pdf\"><strong><em>(NORMATIVA referente: Marco Europeo de Competencia Digital para Organizaciones Educativas : DigCompOrg)<\/em><\/strong><\/a><\/p>\n<p><strong>Plan de Actuaci\u00f3n Digital (PAD)<\/strong><\/p>\n<p>A partir del feedback obtenido en el proceso de autoevaluaci\u00f3n, el centro define unas&nbsp;<strong>l\u00edneas de trabajo para la mejora de las competencias digitales<\/strong>&nbsp;en cada \u00e1mbito de actuaci\u00f3n, que son recogidas en un Plan de Actuaci\u00f3n Digital para este curso escolar.<\/p>\n<p><strong>Aplicaci\u00f3n en nuestro centro:<\/strong><\/p>\n<p>Tras el proceso de evaluaci\u00f3n de nuestro centro, centr\u00e1ndonos en las sugerencias aportadas por la r\u00fabrica, se han definido las siguientes&nbsp;<strong>l\u00edneas de actuaci\u00f3n para este curso escolar 2023\/2024.<\/strong><\/p>\n<p>&nbsp;<\/p>\n<p><span style=\"color: #ff6600\">En construcci\u00f3n:<\/span><\/p>\n<hr>\n<p>&nbsp;<\/p>\n","protected":false},"excerpt":{"rendered":"<p>Transformaci\u00f3n Digital Educativa \u00bfQu\u00e9 es la Transformaci\u00f3n Digital Educativa (TDE)? Con el concepto de TDE nos referimos a un proceso impulsado por la Consejer\u00eda de Educaci\u00f3n para la&nbsp;mejora de las competencias digitales&nbsp;de todos los&#46;&#46;&#46;<\/p>\n","protected":false},"author":18498,"featured_media":0,"parent":0,"menu_order":0,"comment_status":"closed","ping_status":"closed","template":"","meta":{"ngg_post_thumbnail":0,"footnotes":"","_mc_calendar":[]},"aioseo_notices":[],"_links":{"self":[{"href":"https:\/\/blogsaverroes.juntadeandalucia.es\/tdevirgendelacaridad\/wp-json\/wp\/v2\/pages\/70"}],"collection":[{"href":"https:\/\/blogsaverroes.juntadeandalucia.es\/tdevirgendelacaridad\/wp-json\/wp\/v2\/pages"}],"about":[{"href":"https:\/\/blogsaverroes.juntadeandalucia.es\/tdevirgendelacaridad\/wp-json\/wp\/v2\/types\/page"}],"author":[{"embeddable":true,"href":"https:\/\/blogsaverroes.juntadeandalucia.es\/tdevirgendelacaridad\/wp-json\/wp\/v2\/users\/18498"}],"replies":[{"embeddable":true,"href":"https:\/\/blogsaverroes.juntadeandalucia.es\/tdevirgendelacaridad\/wp-json\/wp\/v2\/comments?post=70"}],"version-history":[{"count":13,"href":"https:\/\/blogsaverroes.juntadeandalucia.es\/tdevirgendelacaridad\/wp-json\/wp\/v2\/pages\/70\/revisions"}],"predecessor-version":[{"id":179,"href":"https:\/\/blogsaverroes.juntadeandalucia.es\/tdevirgendelacaridad\/wp-json\/wp\/v2\/pages\/70\/revisions\/179"}],"wp:attachment":[{"href":"https:\/\/blogsaverroes.juntadeandalucia.es\/tdevirgendelacaridad\/wp-json\/wp\/v2\/media?parent=70"}],"curies":[{"name":"wp","href":"https:\/\/api.w.org\/{rel}","templated":true}]}}