{"id":207,"date":"2020-05-19T19:00:24","date_gmt":"2020-05-19T17:00:24","guid":{"rendered":"https:\/\/blogsaverroes.juntadeandalucia.es\/teacherdeliacarmen\/?page_id=207"},"modified":"2020-05-19T19:00:34","modified_gmt":"2020-05-19T17:00:34","slug":"tutoriales-seneca","status":"publish","type":"page","link":"https:\/\/blogsaverroes.juntadeandalucia.es\/teacherdeliacarmen\/tutoriales-seneca\/","title":{"rendered":"Tutoriales S\u00e9neca"},"content":{"rendered":"<p>Lista de reproducci\u00f3n de tutoriales S\u00e9neca:<\/p>\n<p><iframe loading=\"lazy\" title=\"Tutoriales S\u00e9neca\" width=\"525\" height=\"295\" src=\"https:\/\/www.youtube.com\/embed\/videoseries?list=PL7WsIn2lmfD5Q4cXQLYe7wQzi6vzdTIjy\" frameborder=\"0\" allow=\"accelerometer; autoplay; clipboard-write; encrypted-media; gyroscope; picture-in-picture; web-share\" referrerpolicy=\"strict-origin-when-cross-origin\" allowfullscreen><\/iframe><\/p>\n<p>&nbsp;<\/p>\n<p>Otros tutoriales:<\/p>\n<p>https:\/\/sites.google.com\/site\/teacherdeliacarmen\/tutoriales-s%C3%A9neca?authuser=0<\/p>\n","protected":false},"excerpt":{"rendered":"<p>Lista de reproducci\u00f3n de tutoriales S\u00e9neca: &nbsp; Otros tutoriales: https:\/\/sites.google.com\/site\/teacherdeliacarmen\/tutoriales-s%C3%A9neca?authuser=0<\/p>\n","protected":false},"author":7576,"featured_media":0,"parent":0,"menu_order":0,"comment_status":"closed","ping_status":"closed","template":"","meta":{"ngg_post_thumbnail":0,"footnotes":""},"aioseo_notices":[],"_links":{"self":[{"href":"https:\/\/blogsaverroes.juntadeandalucia.es\/teacherdeliacarmen\/wp-json\/wp\/v2\/pages\/207"}],"collection":[{"href":"https:\/\/blogsaverroes.juntadeandalucia.es\/teacherdeliacarmen\/wp-json\/wp\/v2\/pages"}],"about":[{"href":"https:\/\/blogsaverroes.juntadeandalucia.es\/teacherdeliacarmen\/wp-json\/wp\/v2\/types\/page"}],"author":[{"embeddable":true,"href":"https:\/\/blogsaverroes.juntadeandalucia.es\/teacherdeliacarmen\/wp-json\/wp\/v2\/users\/7576"}],"replies":[{"embeddable":true,"href":"https:\/\/blogsaverroes.juntadeandalucia.es\/teacherdeliacarmen\/wp-json\/wp\/v2\/comments?post=207"}],"version-history":[{"count":1,"href":"https:\/\/blogsaverroes.juntadeandalucia.es\/teacherdeliacarmen\/wp-json\/wp\/v2\/pages\/207\/revisions"}],"predecessor-version":[{"id":209,"href":"https:\/\/blogsaverroes.juntadeandalucia.es\/teacherdeliacarmen\/wp-json\/wp\/v2\/pages\/207\/revisions\/209"}],"wp:attachment":[{"href":"https:\/\/blogsaverroes.juntadeandalucia.es\/teacherdeliacarmen\/wp-json\/wp\/v2\/media?parent=207"}],"curies":[{"name":"wp","href":"https:\/\/api.w.org\/{rel}","templated":true}]}}