{"id":2,"date":"2021-03-03T10:03:41","date_gmt":"2021-03-03T10:03:41","guid":{"rendered":"https:\/\/blogsaverroes.juntadeandalucia.es\/teachermariaeugenia\/?page_id=2"},"modified":"2021-05-12T10:48:39","modified_gmt":"2021-05-12T10:48:39","slug":"pagina-ejemplo","status":"publish","type":"page","link":"https:\/\/blogsaverroes.juntadeandalucia.es\/teachermariaeugenia\/","title":{"rendered":"GENERAL INFORMATION"},"content":{"rendered":"<p style=\"text-align: right\"><img loading=\"lazy\" decoding=\"async\" class=\"alignnone  wp-image-42\" src=\"https:\/\/blogsaverroes.juntadeandalucia.es\/teachermariaeugenia\/files\/2021\/04\/depositphotos_82728074-stock-illustration-welcome-aboard-3d-gold-badge-300x248.jpg\" alt=\"\" width=\"138\" height=\"114\" srcset=\"https:\/\/blogsaverroes.juntadeandalucia.es\/teachermariaeugenia\/files\/2021\/04\/depositphotos_82728074-stock-illustration-welcome-aboard-3d-gold-badge-300x248.jpg 300w, https:\/\/blogsaverroes.juntadeandalucia.es\/teachermariaeugenia\/files\/2021\/04\/depositphotos_82728074-stock-illustration-welcome-aboard-3d-gold-badge-332x274.jpg 332w, https:\/\/blogsaverroes.juntadeandalucia.es\/teachermariaeugenia\/files\/2021\/04\/depositphotos_82728074-stock-illustration-welcome-aboard-3d-gold-badge.jpg 600w\" sizes=\"(max-width: 138px) 100vw, 138px\" \/><span style=\"font-family: 'arial black', sans-serif;font-size: 12pt\">\u00a1\u00a1BIENVENIDOS\/AS a nuestro Blog Biling\u00fce STEP BY STEP!!<\/span><\/p>\n<p style=\"text-align: left\"><span style=\"font-family: 'comic sans ms', sans-serif\">Aqu\u00ed encontrar\u00e9is toda la informaci\u00f3n referente a nuestro proyecto. De la misma forma, desde aqu\u00ed, tambi\u00e9n podr\u00e9is seguir todas las actividades biling\u00fces que desarrollamos en nuestro colegio, con las que disfrutamos y nos divertimos a la misma vez que aprendemos la importancia del aprendizaje de lenguas extranjeras.<\/span><\/p>\n<p><span style=\"font-family: 'comic sans ms', sans-serif\">Desde el \u00e1rea de ingl\u00e9s, esperamos que disfrut\u00e9is y aprend\u00e1is de la misma forma que lo hacemos nosotros cada d\u00eda.<\/span><\/p>\n<p style=\"text-align: center\"><span style=\"font-family: 'arial black', sans-serif\">\u00a1AHORA GRACIAS A T\u00cd, YA SOMOS UNO M\u00c1S!<\/span><\/p>\n<p style=\"text-align: center\"><span style=\"font-size: 18pt;font-family: impact, sans-serif\"><strong>READY, STEADY, GO!!<\/strong><\/span><\/p>\n","protected":false},"excerpt":{"rendered":"<p>\u00a1\u00a1BIENVENIDOS\/AS a nuestro Blog Biling\u00fce STEP BY STEP!! Aqu\u00ed encontrar\u00e9is toda la informaci\u00f3n referente a nuestro proyecto. De la misma forma, desde aqu\u00ed, tambi\u00e9n podr\u00e9is seguir todas las actividades biling\u00fces que desarrollamos en nuestro&#46;&#46;&#46;<\/p>\n","protected":false},"author":12552,"featured_media":0,"parent":0,"menu_order":0,"comment_status":"closed","ping_status":"open","template":"","meta":{"ngg_post_thumbnail":0,"footnotes":""},"aioseo_notices":[],"_links":{"self":[{"href":"https:\/\/blogsaverroes.juntadeandalucia.es\/teachermariaeugenia\/wp-json\/wp\/v2\/pages\/2"}],"collection":[{"href":"https:\/\/blogsaverroes.juntadeandalucia.es\/teachermariaeugenia\/wp-json\/wp\/v2\/pages"}],"about":[{"href":"https:\/\/blogsaverroes.juntadeandalucia.es\/teachermariaeugenia\/wp-json\/wp\/v2\/types\/page"}],"author":[{"embeddable":true,"href":"https:\/\/blogsaverroes.juntadeandalucia.es\/teachermariaeugenia\/wp-json\/wp\/v2\/users\/12552"}],"replies":[{"embeddable":true,"href":"https:\/\/blogsaverroes.juntadeandalucia.es\/teachermariaeugenia\/wp-json\/wp\/v2\/comments?post=2"}],"version-history":[{"count":4,"href":"https:\/\/blogsaverroes.juntadeandalucia.es\/teachermariaeugenia\/wp-json\/wp\/v2\/pages\/2\/revisions"}],"predecessor-version":[{"id":92,"href":"https:\/\/blogsaverroes.juntadeandalucia.es\/teachermariaeugenia\/wp-json\/wp\/v2\/pages\/2\/revisions\/92"}],"wp:attachment":[{"href":"https:\/\/blogsaverroes.juntadeandalucia.es\/teachermariaeugenia\/wp-json\/wp\/v2\/media?parent=2"}],"curies":[{"name":"wp","href":"https:\/\/api.w.org\/{rel}","templated":true}]}}