{"id":9,"date":"2024-11-06T11:27:05","date_gmt":"2024-11-06T10:27:05","guid":{"rendered":"https:\/\/blogsaverroes.juntadeandalucia.es\/teachingenglish\/?page_id=9"},"modified":"2024-11-06T11:27:05","modified_gmt":"2024-11-06T10:27:05","slug":"oral-comprehension-practice","status":"publish","type":"page","link":"https:\/\/blogsaverroes.juntadeandalucia.es\/teachingenglish\/oral-comprehension-practice\/","title":{"rendered":"Oral comprehension: Practice"},"content":{"rendered":"<p>Banco de recursos (enlaces a p\u00e1ginas y audios) para mejorar el nivel de competencia en la producci\u00f3n y recepci\u00f3n oral.<br \/>\nAdem\u00e1s, habr\u00e1 fichas tipo test donde podr\u00e1n comprobar si han entendido el audio o no.<\/p>\n<p><a href=\"https:\/\/www.bbc.co.uk\/learningenglish\/english\/features\/6-minute-english\">https:\/\/www.bbc.co.uk\/learningenglish\/english\/features\/6-minute-english<\/a><\/p>\n","protected":false},"excerpt":{"rendered":"<p>Banco de recursos (enlaces a p\u00e1ginas y audios) para mejorar el nivel de competencia en la producci\u00f3n y recepci\u00f3n oral. Adem\u00e1s, habr\u00e1 fichas tipo test&hellip;<\/p>\n","protected":false},"author":20053,"featured_media":0,"parent":0,"menu_order":0,"comment_status":"closed","ping_status":"closed","template":"","meta":{"footnotes":""},"aioseo_notices":[],"_links":{"self":[{"href":"https:\/\/blogsaverroes.juntadeandalucia.es\/teachingenglish\/wp-json\/wp\/v2\/pages\/9"}],"collection":[{"href":"https:\/\/blogsaverroes.juntadeandalucia.es\/teachingenglish\/wp-json\/wp\/v2\/pages"}],"about":[{"href":"https:\/\/blogsaverroes.juntadeandalucia.es\/teachingenglish\/wp-json\/wp\/v2\/types\/page"}],"author":[{"embeddable":true,"href":"https:\/\/blogsaverroes.juntadeandalucia.es\/teachingenglish\/wp-json\/wp\/v2\/users\/20053"}],"replies":[{"embeddable":true,"href":"https:\/\/blogsaverroes.juntadeandalucia.es\/teachingenglish\/wp-json\/wp\/v2\/comments?post=9"}],"version-history":[{"count":1,"href":"https:\/\/blogsaverroes.juntadeandalucia.es\/teachingenglish\/wp-json\/wp\/v2\/pages\/9\/revisions"}],"predecessor-version":[{"id":10,"href":"https:\/\/blogsaverroes.juntadeandalucia.es\/teachingenglish\/wp-json\/wp\/v2\/pages\/9\/revisions\/10"}],"wp:attachment":[{"href":"https:\/\/blogsaverroes.juntadeandalucia.es\/teachingenglish\/wp-json\/wp\/v2\/media?parent=9"}],"curies":[{"name":"wp","href":"https:\/\/api.w.org\/{rel}","templated":true}]}}