{"id":8,"date":"2025-03-29T02:26:40","date_gmt":"2025-03-29T01:26:40","guid":{"rendered":"https:\/\/blogsaverroes.juntadeandalucia.es\/teatinoslee\/?page_id=8"},"modified":"2025-04-09T23:25:35","modified_gmt":"2025-04-09T21:25:35","slug":"recursos","status":"publish","type":"page","link":"https:\/\/blogsaverroes.juntadeandalucia.es\/teatinoslee\/recursos\/","title":{"rendered":"Recursos"},"content":{"rendered":"<h1 style=\"color: #2c3e50;text-align: center;font-size: 2.5em;margin-bottom: 20px\">Recursos de la Biblioteca IES Teatinos<\/h1>\n<p>Explora, aprende y disfruta con nuestra selecci\u00f3n de herramientas y plataformas organizadas por idiomas.<\/p>\n<h2 style=\"color: #3498db;border-bottom: 2px solid #3498db;padding-bottom: 5px;margin-top: 40px\">1. Diccionarios y enciclopedias<\/h2>\n<ul style=\"background-color: #ffffff;padding: 15px;border-radius: 8px\">\n<li><a style=\"color: #e74c3c;text-decoration: none\" href=\"https:\/\/rae.es\/\">Diccionario de la lengua espa\u00f1ola (RAE)<\/a>: Consulta oficial de definiciones, gram\u00e1tica y ortograf\u00eda en espa\u00f1ol.<\/li>\n<li><a style=\"color: #e74c3c;text-decoration: none\" href=\"https:\/\/dictionary.cambridge.org\/\" target=\"_blank\" rel=\"noopener\">Diccionario Cambridge <\/a>: Diccionario oficial para estudiantes y profesores de ingl\u00e9s, con pronunciaciones y ejemplos.<\/li>\n<li><a style=\"color: #e74c3c;text-decoration: none\" href=\"https:\/\/www.dictionnaire-academie.fr\/\" target=\"_blank\" rel=\"noopener\">Diccionario de la Academia Francesa <\/a>: Referente normativo de la lengua francesa, dise\u00f1ado para preservar su elegancia y perfecci\u00f3n literaria..<\/li>\n<\/ul>\n<ul style=\"background-color: #ffffff;padding: 15px;border-radius: 8px\">\n<li><a href=\"https:\/\/www.bne.es\/es\/Micrositios\/Guias\/ObrasReferencia\/Enciclopedias\/EncicloInternet\/\" target=\"_blank\" rel=\"noopener\"><span style=\"color: #ff0000\">Enciclopedias<\/span><\/a><span style=\"color: #ff0000\">:<\/span> Enciclopedias fiables con informaci\u00f3n general y especializadas en diversas \u00e1reas, ideales para una buena lectura, aprender sobre cualquier tema y para la realizaci\u00f3n de trabajos.<\/li>\n<\/ul>\n<h2 style=\"color: #3498db;border-bottom: 2px solid #3498db;padding-bottom: 5px;margin-top: 40px\">2. Bibliotecas Virtuales<\/h2>\n<h3 style=\"color: #27ae60\">Castellano<\/h3>\n<ul style=\"background-color: #ffffff;padding: 15px;border-radius: 8px\">\n<li><a style=\"color: #e74c3c;text-decoration: none\" href=\"https:\/\/www.bne.es\/\">Biblioteca Nacional de Espa\u00f1a (BNE)<\/a>: Amplia colecci\u00f3n de libros, manuscritos y documentos hist\u00f3ricos.<\/li>\n<li><a style=\"color: #e74c3c;text-decoration: none\" href=\"https:\/\/www.cervantesvirtual.com\/\">Biblioteca Virtual Miguel de Cervantes<\/a>: Una de las mayores colecciones digitales en espa\u00f1ol, con obras literarias, cient\u00edficas y culturales.<\/li>\n<li><a style=\"color: #e74c3c;text-decoration: none\" href=\"https:\/\/www.bibliotecadigitaldeandalucia.es\/\">Biblioteca Digital de Andaluc\u00eda<\/a>: Acceso a documentos hist\u00f3ricos y literarios relacionados con Andaluc\u00eda.<\/li>\n<li><span style=\"color: #ff0000\"><a style=\"color: #ff0000\" href=\"https:\/\/www.europeana.eu\/es\" target=\"_blank\" rel=\"noopener\">Europeana<\/a>:<\/span> Colecci\u00f3n digital con millones de recursos culturales de toda Europa<span style=\"text-decoration: underline\">.<\/span><\/li>\n<li><span style=\"color: #ff0000\"><span style=\"text-decoration: underline\">eBiblio Andaluc\u00eda<\/span>:<\/span>\u00a0Servicio de pr\u00e9stamo de libros electr\u00f3nicos y audiolibros en l\u00ednea.<\/li>\n<\/ul>\n<h3 style=\"color: #27ae60\">Ingl\u00e9s<\/h3>\n<ul style=\"background-color: #ffffff;padding: 15px;border-radius: 8px\">\n<li><a style=\"color: #e74c3c;text-decoration: none\" href=\"https:\/\/www.bl.uk\">British Library<\/a>: La Biblioteca Nacional del Reino Unido. SUs estanter\u00edas albergan m\u00e1s de 170 millones de art\u00edculos: una colecci\u00f3n viva que crece d\u00eda a d\u00eda..<\/li>\n<\/ul>\n<ul style=\"background-color: #ffffff;padding: 15px;border-radius: 8px\">\n<li><a style=\"color: #e74c3c;text-decoration: none\" href=\"https:\/\/www.gutenberg.org\/\">Project Gutenberg<\/a>: Miles de t\u00edtulos gratuitos en formato digital, incluyendo cl\u00e1sicos de la literatura.<\/li>\n<\/ul>\n<h3 style=\"color: #27ae60\">Franc\u00e9s<\/h3>\n<ul style=\"background-color: #ffffff;padding: 15px;border-radius: 8px\">\n<li><a style=\"color: #e74c3c;text-decoration: none\" href=\"https:\/\/gallica.bnf.fr\/\">Gallica (Biblioth\u00e8que nationale de France)<\/a>: Colecci\u00f3n digital de libros, manuscritos y documentos en franc\u00e9s.<\/li>\n<\/ul>\n<h3 style=\"color: #27ae60\">Lat\u00edn<\/h3>\n<ul style=\"background-color: #ffffff;padding: 15px;border-radius: 8px\">\n<li><a style=\"color: #e74c3c;text-decoration: none\" href=\"https:\/\/www.thelatinlibrary.com\/\">The Latin Library<\/a>: Textos cl\u00e1sicos en lat\u00edn, ideales para estudiantes y apasionados del idioma.<\/li>\n<\/ul>\n<h2 style=\"color: #3498db;border-bottom: 2px solid #3498db;padding-bottom: 5px;margin-top: 40px\">3. Herramientas para la investigaci\u00f3n y el estudio<\/h2>\n<h3 style=\"color: #27ae60\">Castellano<\/h3>\n<ul style=\"background-color: #ffffff;padding: 15px;border-radius: 8px\">\n<li><a style=\"color: #e74c3c;text-decoration: none\" href=\"https:\/\/scholar.google.es\/\">Google Scholar (en espa\u00f1ol)<\/a>: Buscador especializado en art\u00edculos acad\u00e9micos en espa\u00f1ol.<\/li>\n<li><span style=\"color: #ff0000\"><a style=\"color: #ff0000\" href=\"https:\/\/scielo.org\/\">Scielo<\/a>:<\/span> Plataforma para art\u00edculos cient\u00edficos y libros en espa\u00f1ol.<\/li>\n<\/ul>\n<h3 style=\"color: #27ae60\">Ingl\u00e9s<\/h3>\n<ul style=\"background-color: #ffffff;padding: 15px;border-radius: 8px\">\n<li><a style=\"color: #e74c3c;text-decoration: none\" href=\"https:\/\/www.jstor.org\/\">JSTOR<\/a>: Plataforma de investigaci\u00f3n con art\u00edculos y libros acad\u00e9micos en ingl\u00e9s.<\/li>\n<\/ul>\n<h3 style=\"color: #27ae60\">Franc\u00e9s<\/h3>\n<ul style=\"background-color: #ffffff;padding: 15px;border-radius: 8px\">\n<li><a style=\"color: #e74c3c;text-decoration: none\" href=\"https:\/\/www.persee.fr\/\">Persee.fr<\/a>: Revistas acad\u00e9micas y art\u00edculos en franc\u00e9s para consulta gratuita.<\/li>\n<li><span style=\"color: #ff0000\"><a style=\"color: #ff0000\" href=\"https:\/\/www.cairn.info\/\">Cairn.info<\/a>:<\/span> Recurso en franc\u00e9s para libros y art\u00edculos acad\u00e9micos.<\/li>\n<\/ul>\n<h2 style=\"color: #3498db;border-bottom: 2px solid #3498db;padding-bottom: 5px;margin-top: 40px\">4. Audiolibros<\/h2>\n<h3 style=\"color: #27ae60\">Castellano<\/h3>\n<ul style=\"background-color: #ffffff;padding: 15px;border-radius: 8px\">\n<li><a style=\"color: #e74c3c;text-decoration: none\" href=\"https:\/\/www.ivoox.com\/audio%20libro_sb.html?sb=audio%20libro\" target=\"_blank\" rel=\"noopener\">ivoox audiolibros en castellano<\/a>: Una colecci\u00f3n de audiolibros en espa\u00f1ol, desde cl\u00e1sicos hasta contempor\u00e1neos.<\/li>\n<li><a style=\"color: #e74c3c;text-decoration: none\" href=\"https:\/\/www.ellibrototal.com\/ltotal\/\" target=\"_blank\" rel=\"noopener\">El libro total<\/a>: Plataforma con libros electr\u00f3nicos y audiolibros gratuitos.<\/li>\n<\/ul>\n<h3 style=\"color: #27ae60\">Ingl\u00e9s<\/h3>\n<ul style=\"background-color: #ffffff;padding: 15px;border-radius: 8px\">\n<li><a style=\"color: #e74c3c;text-decoration: none\" href=\"https:\/\/www.storynory.com\/\">Storynory<\/a>: Audiolibros gratuitos en ingl\u00e9s para ni\u00f1os y j\u00f3venes.<\/li>\n<li><a style=\"color: #e74c3c;text-decoration: none\" href=\"https:\/\/librivox.org\/search?primary_key=0&amp;search_category=title&amp;search_page=1&amp;search_form=get_results&amp;search_order=catalog_date\" target=\"_blank\" rel=\"noopener\">Librivox<\/a>: Colecci\u00f3n de audiolibros en ingl\u00e9s, incluyendo obras cl\u00e1sicas y contempor\u00e1neas.<\/li>\n<li><span style=\"color: #ff0000\"><a style=\"color: #ff0000\" href=\"https:\/\/www.loyalbooks.com\/\">Loyal Books<\/a>:<\/span> Audiolibros y libros electr\u00f3nicos gratuitos en varios idiomas, incluyendo textos cient\u00edficos<\/li>\n<\/ul>\n<h3 style=\"color: #27ae60\">Franc\u00e9s<\/h3>\n<ul style=\"background-color: #ffffff;padding: 15px;border-radius: 8px\">\n<li><a style=\"color: #e74c3c;text-decoration: none\" href=\"https:\/\/www.litteratureaudio.com\/\">Litt\u00e9rature audio<\/a>: Audiolibros gratuitos en franc\u00e9s, con una amplia variedad de g\u00e9neros y autores.<\/li>\n<li><a style=\"color: #e74c3c;text-decoration: none\" href=\"https:\/\/www.audiocite.net\/\">Audiocit\u00e9<\/a>: Portal de audiolibros en franc\u00e9s, gratuitos y de dominio p\u00fablico.<\/li>\n<\/ul>\n<h2 style=\"color: #3498db;border-bottom: 2px solid #3498db;padding-bottom: 5px;margin-top: 40px\">5. Recursos literarios por ramas de conocimiento<\/h2>\n<ul style=\"background-color: #ffffff;padding: 15px;border-radius: 8px\">\n<li style=\"list-style-type: none\">\n<ul style=\"background-color: #ffffff;padding: 15px;border-radius: 8px\">\n<li><a style=\"color: #e74c3c;text-decoration: none\" href=\"https:\/\/wikisource.org\/\">Wikisource<\/a>: Biblioteca libre con textos originales de dominio p\u00fablico, ideales para trabajar literatura cl\u00e1sica y moderna en el aula. Incluye obras como <i>El Lazarillo de Tormes<\/i> y <i>Don Quijote de la Mancha<\/i>.<\/li>\n<li><a style=\"color: #e74c3c;text-decoration: none\" href=\"https:\/\/www.wdl.org\/es\/\">Biblioteca Digital Mundial<\/a>: Recursos sobre ciencias naturales, historia y cultura, incluyendo textos hist\u00f3ricos y cient\u00edficos. Ideal para explorar el desarrollo de las ciencias y la evoluci\u00f3n cultural a nivel global.<\/li>\n<li><a style=\"color: #e74c3c;text-decoration: none\" href=\"https:\/\/www.rsme.es\/publicaciones\/\" target=\"_blank\" rel=\"noopener\">Real Sociedad Matem\u00e1tica Espa\u00f1ola<\/a> y <span style=\"color: #ff0000\"><a style=\"color: #ff0000\" href=\"https:\/\/www.divulgamat.net\/divulgamat15\/index.php?option=com_alphacontent&amp;view=alphacontent&amp;Itemid=67\" target=\"_blank\" rel=\"noopener\">DivulgaMat<\/a>:<\/span> Portales oficiales con publicaciones educativas y divulgaci\u00f3n matem\u00e1tica, con rese\u00f1as de libros,https:\/\/bdh.bne.es\/bnesearch\/Destacadas.do art\u00edculos y recursos que conectan las matem\u00e1ticas con la cultura, el arte y la literatura.<\/li>\n<li><a href=\"https:\/\/bdh.bne.es\/bnesearch\/Destacadas.do\" target=\"_blank\" rel=\"noopener\"><span style=\"color: #ff0000\">Biblioteca<\/span> <span style=\"color: #ff0000\">Digital Hisp\u00e1nica<\/span><\/a>: Biblioteca digital que proporciona acceso a miles de documentos digitalizados, entre los que se cuentan libros impresos entre los siglos XV y XIX, manuscritos, dibujos, grabados, folletos, carteles, fotograf\u00edas, mapas, atlas, partituras, prensa hist\u00f3rica\u00a0 grabaciones sonoras y recursos literarios para ciencias sociales y humanidades. Excelente para proyectos interdisciplinarios.<\/li>\n<li><a style=\"color: #e74c3c;text-decoration: none\" href=\"https:\/\/artsandculture.google.com\/\">Google Arts &amp; Culture<\/a>: Plataforma interactiva que combina arte, historia y cultura visual. Incluye herramientas educativas y recursos literarios que contextualizan obras art\u00edsticas y culturales.<\/li>\n<\/ul>\n<\/li>\n<\/ul>\n<p>&nbsp;<\/p>\n","protected":false},"excerpt":{"rendered":"<p>Recursos de la Biblioteca IES Teatinos Explora, aprende y disfruta con nuestra selecci\u00f3n de herramientas y plataformas organizadas por idiomas. 1. Diccionarios y enciclopedias Diccionario de la lengua espa\u00f1ola (RAE): Consulta oficial de definiciones, gram\u00e1tica y ortograf\u00eda en espa\u00f1ol. Diccionario Cambridge : Diccionario oficial para estudiantes y profesores de ingl\u00e9s, con pronunciaciones y ejemplos. Diccionario &hellip; <\/p>\n<p class=\"link-more\"><a href=\"https:\/\/blogsaverroes.juntadeandalucia.es\/teatinoslee\/recursos\/\" class=\"more-link\">Continuar leyendo<span class=\"screen-reader-text\"> \u00abRecursos\u00bb<\/span><\/a><\/p>\n","protected":false},"author":20372,"featured_media":0,"parent":0,"menu_order":0,"comment_status":"closed","ping_status":"closed","template":"","meta":{"footnotes":""},"aioseo_notices":[],"_links":{"self":[{"href":"https:\/\/blogsaverroes.juntadeandalucia.es\/teatinoslee\/wp-json\/wp\/v2\/pages\/8"}],"collection":[{"href":"https:\/\/blogsaverroes.juntadeandalucia.es\/teatinoslee\/wp-json\/wp\/v2\/pages"}],"about":[{"href":"https:\/\/blogsaverroes.juntadeandalucia.es\/teatinoslee\/wp-json\/wp\/v2\/types\/page"}],"author":[{"embeddable":true,"href":"https:\/\/blogsaverroes.juntadeandalucia.es\/teatinoslee\/wp-json\/wp\/v2\/users\/20372"}],"replies":[{"embeddable":true,"href":"https:\/\/blogsaverroes.juntadeandalucia.es\/teatinoslee\/wp-json\/wp\/v2\/comments?post=8"}],"version-history":[{"count":28,"href":"https:\/\/blogsaverroes.juntadeandalucia.es\/teatinoslee\/wp-json\/wp\/v2\/pages\/8\/revisions"}],"predecessor-version":[{"id":233,"href":"https:\/\/blogsaverroes.juntadeandalucia.es\/teatinoslee\/wp-json\/wp\/v2\/pages\/8\/revisions\/233"}],"wp:attachment":[{"href":"https:\/\/blogsaverroes.juntadeandalucia.es\/teatinoslee\/wp-json\/wp\/v2\/media?parent=8"}],"curies":[{"name":"wp","href":"https:\/\/api.w.org\/{rel}","templated":true}]}}