{"id":83,"date":"2025-03-29T17:56:47","date_gmt":"2025-03-29T16:56:47","guid":{"rendered":"https:\/\/blogsaverroes.juntadeandalucia.es\/teatinoslee\/?page_id=83"},"modified":"2025-03-30T12:05:14","modified_gmt":"2025-03-30T10:05:14","slug":"bibliotecas-cercanas","status":"publish","type":"page","link":"https:\/\/blogsaverroes.juntadeandalucia.es\/teatinoslee\/bibliotecas-cercanas\/","title":{"rendered":"Bibliotecas cercanas"},"content":{"rendered":"<h4><strong>1. Biblioteca P\u00fablica Municipal \u201cJos\u00e9 Mar\u00eda Hinojosa\u201d (Colonia Santa In\u00e9s)<\/strong><\/h4>\n<div><label>Direcci\u00f3n: <\/label>Calle Manuel Rivadeneyra 8, 29010 M\u00e1laga<\/div>\n<div><label>Tel\u00e9fono: <\/label>951926178<\/div>\n<div><label>Sitio web: <\/label><a href=\"http:\/\/www.bibliotecas.malaga.eu\" target=\"_blank\" rel=\"noopener\">http:\/\/www.bibliotecas.malaga.eu<\/a><\/div>\n<div><label>Correo electr\u00f3nico: <\/label>biblio.hinojosa@malaga.eu<\/div>\n<div><label>Horario: <\/label>Horario de invierno: ma\u00f1anas de lunes a viernes: de 09:30 a 14:00 horas y las tardes: martes y jueves, de 16:30 a 20:30 horas. Durante el periodo estival, Navidad y Semana Santa y Feria, la biblioteca tendr\u00e1 un horario especial.<\/div>\n<p>&nbsp;<\/p>\n<div><\/div>\n<h4>2. Biblioteca P\u00fablica Municipal \u201cVicente Espinel\u201d (Puerto de la Torre)<\/h4>\n<div><label>Direcci\u00f3n: <\/label>Calle Escritora Matilde del Nido 1, 29190 M\u00e1laga<\/div>\n<div><label>Tel\u00e9fono: <\/label>951926187<\/div>\n<div><label>Sitio web: <\/label><a href=\"http:\/\/www.bibliotecas.malaga.eu\" target=\"_blank\" rel=\"noopener\">http:\/\/www.bibliotecas.malaga.eu<\/a><\/div>\n<div><label>Correo electr\u00f3nico: <\/label>biblio.vespinel@malaga.eu<\/div>\n<div><label>Horario: <\/label>Lunes a viernes de 09:00 a 21:00; s\u00e1bados de 09:00 a 14:00. Durante el periodo estival, Semana Santa y Feria la biblioteca tendr\u00e1 un horario especial.<\/div>\n<div>\n<div><\/div>\n<h4>3.\u00a0<a href=\"https:\/\/bibliotecas.malaga.eu\/es\/nuestras-bibliotecas\/bibliobus\/\" target=\"_blank\" rel=\"noopener\"><strong> Bibliob\u00fas<\/strong><\/a><\/h4>\n<\/div>\n","protected":false},"excerpt":{"rendered":"<p>1. Biblioteca P\u00fablica Municipal \u201cJos\u00e9 Mar\u00eda Hinojosa\u201d (Colonia Santa In\u00e9s) Direcci\u00f3n: Calle Manuel Rivadeneyra 8, 29010 M\u00e1laga Tel\u00e9fono: 951926178 Sitio web: http:\/\/www.bibliotecas.malaga.eu Correo electr\u00f3nico: biblio.hinojosa@malaga.eu Horario: Horario de invierno: ma\u00f1anas de lunes a viernes: de 09:30 a 14:00 horas y las tardes: martes y jueves, de 16:30 a 20:30 horas. Durante el periodo estival, Navidad &hellip; <\/p>\n<p class=\"link-more\"><a href=\"https:\/\/blogsaverroes.juntadeandalucia.es\/teatinoslee\/bibliotecas-cercanas\/\" class=\"more-link\">Continuar leyendo<span class=\"screen-reader-text\"> \u00abBibliotecas cercanas\u00bb<\/span><\/a><\/p>\n","protected":false},"author":20372,"featured_media":0,"parent":0,"menu_order":0,"comment_status":"closed","ping_status":"closed","template":"","meta":{"footnotes":""},"aioseo_notices":[],"_links":{"self":[{"href":"https:\/\/blogsaverroes.juntadeandalucia.es\/teatinoslee\/wp-json\/wp\/v2\/pages\/83"}],"collection":[{"href":"https:\/\/blogsaverroes.juntadeandalucia.es\/teatinoslee\/wp-json\/wp\/v2\/pages"}],"about":[{"href":"https:\/\/blogsaverroes.juntadeandalucia.es\/teatinoslee\/wp-json\/wp\/v2\/types\/page"}],"author":[{"embeddable":true,"href":"https:\/\/blogsaverroes.juntadeandalucia.es\/teatinoslee\/wp-json\/wp\/v2\/users\/20372"}],"replies":[{"embeddable":true,"href":"https:\/\/blogsaverroes.juntadeandalucia.es\/teatinoslee\/wp-json\/wp\/v2\/comments?post=83"}],"version-history":[{"count":8,"href":"https:\/\/blogsaverroes.juntadeandalucia.es\/teatinoslee\/wp-json\/wp\/v2\/pages\/83\/revisions"}],"predecessor-version":[{"id":116,"href":"https:\/\/blogsaverroes.juntadeandalucia.es\/teatinoslee\/wp-json\/wp\/v2\/pages\/83\/revisions\/116"}],"wp:attachment":[{"href":"https:\/\/blogsaverroes.juntadeandalucia.es\/teatinoslee\/wp-json\/wp\/v2\/media?parent=83"}],"curies":[{"name":"wp","href":"https:\/\/api.w.org\/{rel}","templated":true}]}}