{"id":148,"date":"2021-09-12T18:41:21","date_gmt":"2021-09-12T18:41:21","guid":{"rendered":"https:\/\/blogsaverroes.juntadeandalucia.es\/techamc\/?page_id=148"},"modified":"2021-09-12T19:01:02","modified_gmt":"2021-09-12T19:01:02","slug":"presentacion","status":"publish","type":"page","link":"https:\/\/blogsaverroes.juntadeandalucia.es\/techamc\/","title":{"rendered":"ANTONIO MOYANO"},"content":{"rendered":"<p><span style=\"color: #000080;font-family: Calibri\">Ingeniero en Autom\u00e1tica y Electr\u00f3nica Industrial<\/span><\/p>\n<p><span style=\"color: #000080;font-family: Calibri\">Profesor de Tecnolog\u00eda y Coordinador de Transformaci\u00f3n Digital Educativa (TDE) del&nbsp; I.E.S. El Tablero<\/span><\/p>\n<hr>\n<p>Este sitio de wordPress est\u00e1 dedicado a mostrar recursos sobe los aspectos educativos de las materias <em>Tecnolog\u00eda<\/em> en la Educaci\u00f3n Secundaria Obligatoria y <em>Tecnolog\u00eda Industrial<\/em> en Bachillerato. Tambi\u00e9n se muestran recursos de la optativa <em>Rob\u00f3tica<\/em> de 4\u00ba de la E.S.O.<\/p>\n<p>Todo el contenido de este espacio web est\u00e1 dedicado al alumnado y profesorado que pueda necesitar alg\u00fan materia para enfocar la materia o actividades y ejercicios para practicar.<\/p>\n<blockquote><p>Hazlo o no lo hagas, pero no lo intentes.<\/p><\/blockquote>\n","protected":false},"excerpt":{"rendered":"<p>Ingeniero en Autom\u00e1tica y Electr\u00f3nica Industrial Profesor de Tecnolog\u00eda y Coordinador de Transformaci\u00f3n Digital Educativa (TDE) del&nbsp; I.E.S. El Tablero Este sitio de wordPress est\u00e1 dedicado a mostrar recursos sobe los aspectos educativos de&#46;&#46;&#46;<\/p>\n","protected":false},"author":7521,"featured_media":0,"parent":0,"menu_order":0,"comment_status":"closed","ping_status":"closed","template":"","meta":{"ngg_post_thumbnail":0,"footnotes":""},"aioseo_notices":[],"_links":{"self":[{"href":"https:\/\/blogsaverroes.juntadeandalucia.es\/techamc\/wp-json\/wp\/v2\/pages\/148"}],"collection":[{"href":"https:\/\/blogsaverroes.juntadeandalucia.es\/techamc\/wp-json\/wp\/v2\/pages"}],"about":[{"href":"https:\/\/blogsaverroes.juntadeandalucia.es\/techamc\/wp-json\/wp\/v2\/types\/page"}],"author":[{"embeddable":true,"href":"https:\/\/blogsaverroes.juntadeandalucia.es\/techamc\/wp-json\/wp\/v2\/users\/7521"}],"replies":[{"embeddable":true,"href":"https:\/\/blogsaverroes.juntadeandalucia.es\/techamc\/wp-json\/wp\/v2\/comments?post=148"}],"version-history":[{"count":5,"href":"https:\/\/blogsaverroes.juntadeandalucia.es\/techamc\/wp-json\/wp\/v2\/pages\/148\/revisions"}],"predecessor-version":[{"id":156,"href":"https:\/\/blogsaverroes.juntadeandalucia.es\/techamc\/wp-json\/wp\/v2\/pages\/148\/revisions\/156"}],"wp:attachment":[{"href":"https:\/\/blogsaverroes.juntadeandalucia.es\/techamc\/wp-json\/wp\/v2\/media?parent=148"}],"curies":[{"name":"wp","href":"https:\/\/api.w.org\/{rel}","templated":true}]}}