{"id":671,"date":"2023-02-12T10:00:21","date_gmt":"2023-02-12T10:00:21","guid":{"rendered":"https:\/\/blogsaverroes.juntadeandalucia.es\/tecnoinfe\/?page_id=671"},"modified":"2023-02-12T10:01:34","modified_gmt":"2023-02-12T10:01:34","slug":"acerca-de","status":"publish","type":"page","link":"https:\/\/blogsaverroes.juntadeandalucia.es\/tecnoinfe\/acerca-de\/","title":{"rendered":"Acerca de&#8230;"},"content":{"rendered":"<p><span style=\"font-size: 18pt\"><strong>Portal multidisciplinar dedicado a la ense\u00f1anza de las nuevas tecnolog\u00edas (TICs).<\/strong><\/span><\/p>\n<p><img loading=\"lazy\" decoding=\"async\" class=\"alignleft wp-image-672\" src=\"https:\/\/blogsaverroes.juntadeandalucia.es\/tecnoinfe\/files\/2023\/02\/LOGO22-300x300.jpg\" alt=\"\" width=\"234\" height=\"234\" srcset=\"https:\/\/blogsaverroes.juntadeandalucia.es\/tecnoinfe\/files\/2023\/02\/LOGO22-300x300.jpg 300w, https:\/\/blogsaverroes.juntadeandalucia.es\/tecnoinfe\/files\/2023\/02\/LOGO22-150x150.jpg 150w, https:\/\/blogsaverroes.juntadeandalucia.es\/tecnoinfe\/files\/2023\/02\/LOGO22.jpg 350w\" sizes=\"(max-width: 234px) 100vw, 234px\" \/>TecnoInFe.com (Tecnolog\u00eda, Inform\u00e1tica y Educaci\u00f3n) surge en 2010 como pr\u00e1ctica de un proyecto dentro de un curso llamado Escuela TIC 2.0 impartido por el Centro de Profesorado de Granada.<\/p>\n<p>A partir de ah\u00ed, hemos ido actualiz\u00e1ndonos, cambiando y sobre todo adapt\u00e1ndonos a las necesidades del momento. En estos \u00faltimos a\u00f1os hemos visto como asignaturas impartidas en Secundaria como son Tecnolog\u00eda e Inform\u00e1tica, han ido perdiendo peso frente a la aparici\u00f3n de otras nuevas como son Programaci\u00f3n o Rob\u00f3tica, por lo tanto hemos intentado focalizar nuestros esfuerzos a estas nuevas materias combinandolas con otro tipo de cursos ofrecidos a la Ciudadan\u00eda en general (siempre relacionados con el uso de las Nuevas Tecnolog\u00edas de la Informaci\u00f3n TICs).<\/p>\n<p>Hemos impartido cursos de todo tipo y a todo \u00e1mbito de personas: centros escolares, centros de mayores, centros guadalinfo, clases a domicilio, etc.<\/p>\n<p>En la actualidad (2019) nos volvemos a centrar en el Curr\u00edculum de la ESO (Educaci\u00f3n Secundaria Obligatoria).<\/p>\n<p>Para m\u00e1s informaci\u00f3n, puedes ponerte en contacto con nosotros a trav\u00e9s de:<\/p>\n<p style=\"text-align: center\"><a href=\"mailto:info@tecnoinfe.com\" target=\"_blank\" rel=\"noopener noreferrer\"><strong>info@tecnoinfe.com<\/strong><\/a><\/p>\n<p>&nbsp;<\/p>\n","protected":false},"excerpt":{"rendered":"<p>Portal multidisciplinar dedicado a la ense\u00f1anza de las nuevas tecnolog\u00edas (TICs). TecnoInFe.com (Tecnolog\u00eda, Inform\u00e1tica y Educaci\u00f3n) surge en 2010 como pr\u00e1ctica de un proyecto dentro de un curso llamado Escuela TIC 2.0 impartido por&#46;&#46;&#46;<\/p>\n","protected":false},"author":11126,"featured_media":0,"parent":0,"menu_order":0,"comment_status":"closed","ping_status":"closed","template":"","meta":{"ngg_post_thumbnail":0,"footnotes":""},"aioseo_notices":[],"_links":{"self":[{"href":"https:\/\/blogsaverroes.juntadeandalucia.es\/tecnoinfe\/wp-json\/wp\/v2\/pages\/671"}],"collection":[{"href":"https:\/\/blogsaverroes.juntadeandalucia.es\/tecnoinfe\/wp-json\/wp\/v2\/pages"}],"about":[{"href":"https:\/\/blogsaverroes.juntadeandalucia.es\/tecnoinfe\/wp-json\/wp\/v2\/types\/page"}],"author":[{"embeddable":true,"href":"https:\/\/blogsaverroes.juntadeandalucia.es\/tecnoinfe\/wp-json\/wp\/v2\/users\/11126"}],"replies":[{"embeddable":true,"href":"https:\/\/blogsaverroes.juntadeandalucia.es\/tecnoinfe\/wp-json\/wp\/v2\/comments?post=671"}],"version-history":[{"count":2,"href":"https:\/\/blogsaverroes.juntadeandalucia.es\/tecnoinfe\/wp-json\/wp\/v2\/pages\/671\/revisions"}],"predecessor-version":[{"id":674,"href":"https:\/\/blogsaverroes.juntadeandalucia.es\/tecnoinfe\/wp-json\/wp\/v2\/pages\/671\/revisions\/674"}],"wp:attachment":[{"href":"https:\/\/blogsaverroes.juntadeandalucia.es\/tecnoinfe\/wp-json\/wp\/v2\/media?parent=671"}],"curies":[{"name":"wp","href":"https:\/\/api.w.org\/{rel}","templated":true}]}}