{"id":686,"date":"2025-04-23T07:07:53","date_gmt":"2025-04-23T07:07:53","guid":{"rendered":"https:\/\/blogsaverroes.juntadeandalucia.es\/tecnoinfe\/?page_id=686"},"modified":"2025-04-23T07:15:53","modified_gmt":"2025-04-23T07:15:53","slug":"programacion","status":"publish","type":"page","link":"https:\/\/blogsaverroes.juntadeandalucia.es\/tecnoinfe\/tecnologia\/programacion\/","title":{"rendered":"Programaci\u00f3n"},"content":{"rendered":"<div data-original-attrs=\"{&quot;style&quot;:&quot;&quot;}\"><b><span style=\"font-size: x-large\" data-keep-original-tag=\"false\" data-original-attrs=\"{&quot;style&quot;:&quot;&quot;}\">Aprender a programar aplicaciones inform\u00e1ticas es hoy d\u00eda tan necesario como saber idiomas<\/span><\/b><\/div>\n<div data-original-attrs=\"{&quot;style&quot;:&quot;&quot;}\">&nbsp;<\/div>\n<div data-original-attrs=\"{&quot;style&quot;:&quot;&quot;}\">\n<p>Tener conocimientos de programaci\u00f3n a una edad temprana resulta beneficioso para el desarrollo de los j\u00f3venes en cualquier tipo de carrera.<\/p>\n<p>Muchas personas aprenden de manera autodidacta lo suficiente como para hacer sus propios programas, pero sin una buena base, programar bien no resulta f\u00e1cil.<\/p>\n<p>Escribir un programa inform\u00e1tico es una tarea que requiere adem\u00e1s de una buena dosis de paciencia, unos conocimientos b\u00e1sicos que permitan al programador desarrollar aplicaciones que funcionen correctamente. Es necesario probar el c\u00f3digo y ejecutar el programa para depurar errores y realizar continuas mejoras.<\/p>\n<p>Para ello tenemos que conocer bien la sintaxis del lenguaje en el que estamos programando, lo que nos permitir\u00e1 colocar en el orden correcto las instrucciones y ordenes, as\u00ed como establecer las relaciones adecuadas entre ellas.<\/p>\n<p>Adem\u00e1s tenemos que conocer algunas t\u00e9cnicas de programaci\u00f3n y conceptos fundamentales. Todo ellos nos permitir\u00e1 crear un c\u00f3digo m\u00e1s optimizado.<\/p>\n<p><i>Seg\u00fan estudios realizados por el MIT en 2017, quienes aprendieron a programar desde peque\u00f1os ten\u00edan un rendimiento dos o tres veces superior al otro grupo de alumnos que ten\u00edan poca o nula experiencia en programaci\u00f3n. Y estos resultados no eran \u00fanicamente en carreras tecnol\u00f3gicas, sino que se daba en todas las carreras por igual.<\/i><\/p>\n<p><i>Estudiar programaci\u00f3n a edades temprana no es (solamente) para chicos que quieran ser programadores. Aprender a programar hace que cualquier persona alcance su m\u00e1ximo potencial, independientemente de lo que vaya a hacer el resto de su vida. Todos van a ser mejores profesionales. (<a href=\"https:\/\/www.blogger.com\/#\" data-original-attrs=\"{&quot;data-original-href&quot;:&quot;https:\/\/www.infobae.com\/tecno\/2019\/11\/05\/aprender-a-programar-desde-chicos-o-quedarse-afuera-de-todo\/&quot;,&quot;target&quot;:&quot;_blank&quot;}\">Ver noticia completa<\/a>).<\/i><\/p>\n<\/div>\n<div data-original-attrs=\"{&quot;style&quot;:&quot;&quot;}\">&nbsp; &nbsp;<\/div>\n<div data-original-attrs=\"{&quot;style&quot;:&quot;&quot;}\"><span style=\"font-size: x-large\" data-keep-original-tag=\"false\" data-original-attrs=\"{&quot;style&quot;:&quot;&quot;}\">La <b>programaci\u00f3n<\/b> es el proceso utilizado para idear y ordenar las acciones necesarias para realizar un proyecto, preparar ciertas m\u00e1quinas o aparatos para que empiecen a funcionar en el momento y en la forma deseados o elaborar programas para su empleo en computadoras.\u200b<\/span><\/div>\n<div data-original-attrs=\"{&quot;style&quot;:&quot;&quot;}\">&nbsp;<\/div>\n<div data-original-attrs=\"{&quot;style&quot;:&quot;&quot;}\">En la actualidad, la noci\u00f3n de programaci\u00f3n se encuentra muy asociada a la creaci\u00f3n de aplicaciones inform\u00e1tica y videojuegos. Es el proceso por el cual una persona desarrolla un programa vali\u00e9ndose de una herramienta que le permita escribir el c\u00f3digo (el cual puede estar en uno o varios lenguajes, como C++, Java y Python, entre otros) y de otra que sea capaz de \u201ctraducirlo\u201d a lo que se conoce como lenguaje de m\u00e1quina, que puede comprender el microprocesador\u200b.<\/div>\n<div data-original-attrs=\"{&quot;style&quot;:&quot;&quot;}\">&nbsp;<\/div>\n<div data-original-attrs=\"{&quot;style&quot;:&quot;&quot;}\">\n<p>LENGUAJES DE PROGRAMACI\u00d3N POR BLOQUES:<br \/>\nNivel: Primaria, hasta 3\u00ba ESO<\/p>\n<p>PROGRAMACI\u00d3N SCRATCH<br \/>\nPROGRAMACI\u00d3N con SNAP! (Ir a la web)<br \/>\nPROGRAMACI\u00d3N con Stencyl<br \/>\nPROGRAMACI\u00d3N con otros Motores<\/p>\n<\/div>\n<p>&nbsp;<\/p>\n<p>LENGUAJES DE PROGRAMACI\u00d3N MEDIANTE C\u00d3DIGO:<br \/>\nNivel: 4\u00ba ESO en adelante<\/p>\n<p>PROGRAMACI\u00d3N EN PYTHON<\/p>\n<p>PROGRAMACI\u00d3N EN JAVA<\/p>\n<p>PROGRAMACI\u00d3N M\u00d3VIL<\/p>\n<p>PROGRAMACI\u00d3N HTML<\/p>\n<p>PROGRAMACI\u00d3N JAVA SCRIPT (JS)<\/p>\n<p>&nbsp;<\/p>\n","protected":false},"excerpt":{"rendered":"<p>Aprender a programar aplicaciones inform\u00e1ticas es hoy d\u00eda tan necesario como saber idiomas &nbsp; Tener conocimientos de programaci\u00f3n a una edad temprana resulta beneficioso para el desarrollo de los j\u00f3venes en cualquier tipo de&#46;&#46;&#46;<\/p>\n","protected":false},"author":11126,"featured_media":0,"parent":669,"menu_order":0,"comment_status":"closed","ping_status":"closed","template":"","meta":{"ngg_post_thumbnail":0,"footnotes":""},"aioseo_notices":[],"_links":{"self":[{"href":"https:\/\/blogsaverroes.juntadeandalucia.es\/tecnoinfe\/wp-json\/wp\/v2\/pages\/686"}],"collection":[{"href":"https:\/\/blogsaverroes.juntadeandalucia.es\/tecnoinfe\/wp-json\/wp\/v2\/pages"}],"about":[{"href":"https:\/\/blogsaverroes.juntadeandalucia.es\/tecnoinfe\/wp-json\/wp\/v2\/types\/page"}],"author":[{"embeddable":true,"href":"https:\/\/blogsaverroes.juntadeandalucia.es\/tecnoinfe\/wp-json\/wp\/v2\/users\/11126"}],"replies":[{"embeddable":true,"href":"https:\/\/blogsaverroes.juntadeandalucia.es\/tecnoinfe\/wp-json\/wp\/v2\/comments?post=686"}],"version-history":[{"count":4,"href":"https:\/\/blogsaverroes.juntadeandalucia.es\/tecnoinfe\/wp-json\/wp\/v2\/pages\/686\/revisions"}],"predecessor-version":[{"id":688,"href":"https:\/\/blogsaverroes.juntadeandalucia.es\/tecnoinfe\/wp-json\/wp\/v2\/pages\/686\/revisions\/688"}],"up":[{"embeddable":true,"href":"https:\/\/blogsaverroes.juntadeandalucia.es\/tecnoinfe\/wp-json\/wp\/v2\/pages\/669"}],"wp:attachment":[{"href":"https:\/\/blogsaverroes.juntadeandalucia.es\/tecnoinfe\/wp-json\/wp\/v2\/media?parent=686"}],"curies":[{"name":"wp","href":"https:\/\/api.w.org\/{rel}","templated":true}]}}