{"id":76,"date":"2024-05-28T19:05:17","date_gmt":"2024-05-28T17:05:17","guid":{"rendered":"https:\/\/blogsaverroes.juntadeandalucia.es\/tecnologiaeingenieria2\/?page_id=76"},"modified":"2024-05-28T19:10:42","modified_gmt":"2024-05-28T17:10:42","slug":"transmision-lineal","status":"publish","type":"page","link":"https:\/\/blogsaverroes.juntadeandalucia.es\/tecnologiaeingenieria2\/transmision-lineal\/","title":{"rendered":"Transmisi\u00f3n lineal"},"content":{"rendered":"<p>La transmisi\u00f3n lineal es la transmisi\u00f3n que se hace en una l\u00ednea<img loading=\"lazy\" decoding=\"async\" class=\"alignnone size-medium wp-image-86\" src=\"https:\/\/blogsaverroes.juntadeandalucia.es\/tecnologiaeingenieria2\/files\/2024\/05\/Formacion-Resolucion-Conflictos-2-300x225.jpg\" alt=\"\" width=\"300\" height=\"225\" srcset=\"https:\/\/blogsaverroes.juntadeandalucia.es\/tecnologiaeingenieria2\/files\/2024\/05\/Formacion-Resolucion-Conflictos-2-300x225.jpg 300w, https:\/\/blogsaverroes.juntadeandalucia.es\/tecnologiaeingenieria2\/files\/2024\/05\/Formacion-Resolucion-Conflictos-2-1024x768.jpg 1024w, https:\/\/blogsaverroes.juntadeandalucia.es\/tecnologiaeingenieria2\/files\/2024\/05\/Formacion-Resolucion-Conflictos-2-768x576.jpg 768w, https:\/\/blogsaverroes.juntadeandalucia.es\/tecnologiaeingenieria2\/files\/2024\/05\/Formacion-Resolucion-Conflictos-2-1536x1153.jpg 1536w, https:\/\/blogsaverroes.juntadeandalucia.es\/tecnologiaeingenieria2\/files\/2024\/05\/Formacion-Resolucion-Conflictos-2.jpg 1599w\" sizes=\"(max-width: 300px) 100vw, 300px\" \/><\/p>\n","protected":false},"excerpt":{"rendered":"<p>La transmisi\u00f3n lineal es la transmisi\u00f3n que se hace en una l\u00ednea<\/p>\n","protected":false},"author":19663,"featured_media":0,"parent":0,"menu_order":0,"comment_status":"closed","ping_status":"closed","template":"","meta":{"footnotes":""},"aioseo_notices":[],"_links":{"self":[{"href":"https:\/\/blogsaverroes.juntadeandalucia.es\/tecnologiaeingenieria2\/wp-json\/wp\/v2\/pages\/76"}],"collection":[{"href":"https:\/\/blogsaverroes.juntadeandalucia.es\/tecnologiaeingenieria2\/wp-json\/wp\/v2\/pages"}],"about":[{"href":"https:\/\/blogsaverroes.juntadeandalucia.es\/tecnologiaeingenieria2\/wp-json\/wp\/v2\/types\/page"}],"author":[{"embeddable":true,"href":"https:\/\/blogsaverroes.juntadeandalucia.es\/tecnologiaeingenieria2\/wp-json\/wp\/v2\/users\/19663"}],"replies":[{"embeddable":true,"href":"https:\/\/blogsaverroes.juntadeandalucia.es\/tecnologiaeingenieria2\/wp-json\/wp\/v2\/comments?post=76"}],"version-history":[{"count":2,"href":"https:\/\/blogsaverroes.juntadeandalucia.es\/tecnologiaeingenieria2\/wp-json\/wp\/v2\/pages\/76\/revisions"}],"predecessor-version":[{"id":87,"href":"https:\/\/blogsaverroes.juntadeandalucia.es\/tecnologiaeingenieria2\/wp-json\/wp\/v2\/pages\/76\/revisions\/87"}],"wp:attachment":[{"href":"https:\/\/blogsaverroes.juntadeandalucia.es\/tecnologiaeingenieria2\/wp-json\/wp\/v2\/media?parent=76"}],"curies":[{"name":"wp","href":"https:\/\/api.w.org\/{rel}","templated":true}]}}