{"id":2,"date":"2023-11-23T07:29:35","date_gmt":"2023-11-23T07:29:35","guid":{"rendered":"https:\/\/blogsaverroes.juntadeandalucia.es\/teivirgendelacaridad\/?page_id=2"},"modified":"2024-01-15T18:01:44","modified_gmt":"2024-01-15T18:01:44","slug":"pagina-ejemplo","status":"publish","type":"page","link":"https:\/\/blogsaverroes.juntadeandalucia.es\/teivirgendelacaridad\/pagina-ejemplo\/","title":{"rendered":"Instalaci\u00f3n el\u00e9ctrica"},"content":{"rendered":"\r\n<p dir=\"ltr\">La instalaci\u00f3n el\u00e9ctrica en una vivienda es necesaria para suministrar energ\u00eda a los electrodom\u00e9sticos y para la iluminaci\u00f3n. Como hemos visto anteriormente, la energ\u00eda el\u00e9ctrica se transporta desde las centrales donde se genera hasta las viviendas por medio de una red de distribuci\u00f3n.&nbsp;<\/p>\r\n<p dir=\"ltr\"><strong>El Reglamento Electrot\u00e9cnico de Baja Tensi\u00f3n (RBTE)<\/strong> contiene todas las especificaciones t\u00e9cnicas que regulan las instalaciones. En Espa\u00f1a llega a nuestras viviendas una tensi\u00f3n de 230 voltios a una frecuencia de 50 hercios. Para determinar la corriente necesaria, necesitamos conocer la potencia de todos los receptores que se van a instalar y conectar al mismo tiempo. El reglamento establece el grado de electrificaci\u00f3n de las viviendas, que puede ser, independientemente de la potencia que se contrate con la compa\u00f1\u00eda el\u00e9ctrica:&nbsp;<\/p>\r\n<p dir=\"ltr\">\u2022 <strong>Grado de electrificaci\u00f3n b\u00e1sico.<\/strong> Es el m\u00ednimo que todas las viviendas deben tener. Se prev\u00e9 una potencia m\u00ednima de 5.750 W.&nbsp; Circuitos:<\/p>\r\n<ol>\r\n<li>C1: circuito de uso exclusivo para puntos de iluminaci\u00f3n de la vivienda.<\/li>\r\n<li>C2: circuito de uso exclusivo para tomas de corriente de uso general y frigor\u00edfico.<\/li>\r\n<li>C3: circuito de uso exclusivo para cocina y horno.<\/li>\r\n<li>C4: circuito de uso exclusivo para lavadora, lavavajillas y termo el\u00e9ctrico.<\/li>\r\n<li>C5: circuito de uso exclusivo para tomas de corriente de cuartos de ba\u00f1o y auxiliares de cocina.<\/li>\r\n<\/ol>\r\n<p dir=\"ltr\">\u2022 <strong>Grado de electrificaci\u00f3n elevado.<\/strong> Es el adecuado para viviendas con mayores necesidades energ\u00e9ticas, por ejemplo por el uso de calefacci\u00f3n el\u00e9ctrica o aire acondicionado. Se prev\u00e9 una potencia m\u00ednima de 9.200 W. La superficie de la vivienda ser\u00e1 superior a 160m\u00b2 . Circuitos:<\/p>\r\n<ol>\r\n<li>C6: circuito adicional al circuito C1 de puntos de iluminaci\u00f3n. Se instalar\u00e1 cuando se superen los 30 puntos de luz en la vivienda.<\/li>\r\n<li>C7: circuito adicional al circuito C2 de tomas de corriente de uso general y frigor\u00edfico. Se instalar\u00e1 cuando se superen las 20 tomas de corriente o si la superficie es superior a 160m2.<\/li>\r\n<li>C8: circuito de uso exclusivo para calefacci\u00f3n. (Cuando exista previsi\u00f3n).<\/li>\r\n<li>C9: circuito de uso exclusivo para aire acondicionado. (Cuando exista previsi\u00f3n).<\/li>\r\n<li>C10: circuito de uso exclusivo para secadora. (Cuando exista previsi\u00f3n).<\/li>\r\n<li>C11: circuito de uso exclusivo para sistemas de automatizaci\u00f3n. (Cuando exista previsi\u00f3n).<\/li>\r\n<li>C12: circuito adicional al circuito C3 o C4, o cuando se superen las 6 tomas de corriente del circuito C5.<\/li>\r\n<li>C13: circuito de uso exclusivo para la infraestructura del punto de recarga.<\/li>\r\n<\/ol>\r\n","protected":false},"excerpt":{"rendered":"<p>La instalaci\u00f3n el\u00e9ctrica en una vivienda es necesaria para suministrar energ\u00eda a los electrodom\u00e9sticos y para la iluminaci\u00f3n. Como hemos visto anteriormente, la energ\u00eda el\u00e9ctrica se transporta desde las centrales donde se genera hasta&#46;&#46;&#46;<\/p>\n","protected":false},"author":18841,"featured_media":0,"parent":0,"menu_order":0,"comment_status":"closed","ping_status":"open","template":"","meta":{"ngg_post_thumbnail":0,"footnotes":""},"aioseo_notices":[],"_links":{"self":[{"href":"https:\/\/blogsaverroes.juntadeandalucia.es\/teivirgendelacaridad\/wp-json\/wp\/v2\/pages\/2"}],"collection":[{"href":"https:\/\/blogsaverroes.juntadeandalucia.es\/teivirgendelacaridad\/wp-json\/wp\/v2\/pages"}],"about":[{"href":"https:\/\/blogsaverroes.juntadeandalucia.es\/teivirgendelacaridad\/wp-json\/wp\/v2\/types\/page"}],"author":[{"embeddable":true,"href":"https:\/\/blogsaverroes.juntadeandalucia.es\/teivirgendelacaridad\/wp-json\/wp\/v2\/users\/18841"}],"replies":[{"embeddable":true,"href":"https:\/\/blogsaverroes.juntadeandalucia.es\/teivirgendelacaridad\/wp-json\/wp\/v2\/comments?post=2"}],"version-history":[{"count":1,"href":"https:\/\/blogsaverroes.juntadeandalucia.es\/teivirgendelacaridad\/wp-json\/wp\/v2\/pages\/2\/revisions"}],"predecessor-version":[{"id":47,"href":"https:\/\/blogsaverroes.juntadeandalucia.es\/teivirgendelacaridad\/wp-json\/wp\/v2\/pages\/2\/revisions\/47"}],"wp:attachment":[{"href":"https:\/\/blogsaverroes.juntadeandalucia.es\/teivirgendelacaridad\/wp-json\/wp\/v2\/media?parent=2"}],"curies":[{"name":"wp","href":"https:\/\/api.w.org\/{rel}","templated":true}]}}