{"id":37,"date":"2018-08-06T06:25:24","date_gmt":"2018-08-06T06:25:24","guid":{"rendered":"https:\/\/themify.me\/demo\/themes\/ultra-education\/?page_id=6"},"modified":"2019-11-27T11:01:51","modified_gmt":"2019-11-27T10:01:51","slug":"home","status":"publish","type":"page","link":"https:\/\/blogsaverroes.juntadeandalucia.es\/temacustomify\/","title":{"rendered":"Inicio"},"content":{"rendered":"\t\t<div data-elementor-type=\"wp-post\" data-elementor-id=\"37\" class=\"elementor elementor-37\">\n\t\t\t\t\t\t<section class=\"elementor-section elementor-top-section elementor-element elementor-element-f73864b elementor-section-height-min-height elementor-section-boxed elementor-section-height-default elementor-section-items-middle\" data-id=\"f73864b\" data-element_type=\"section\" data-settings=\"{&quot;background_background&quot;:&quot;classic&quot;}\">\n\t\t\t\t\t\t<div class=\"elementor-container elementor-column-gap-default\">\n\t\t\t\t\t<div class=\"elementor-column elementor-col-33 elementor-top-column elementor-element elementor-element-f13d25f\" data-id=\"f13d25f\" data-element_type=\"column\">\n\t\t\t<div class=\"elementor-widget-wrap\">\n\t\t\t\t\t\t\t<\/div>\n\t\t<\/div>\n\t\t\t\t<div class=\"elementor-column elementor-col-33 elementor-top-column elementor-element elementor-element-f3d8109\" data-id=\"f3d8109\" data-element_type=\"column\">\n\t\t\t<div class=\"elementor-widget-wrap\">\n\t\t\t\t\t\t\t<\/div>\n\t\t<\/div>\n\t\t\t\t<div class=\"elementor-column elementor-col-33 elementor-top-column elementor-element elementor-element-6c0aa61\" data-id=\"6c0aa61\" data-element_type=\"column\">\n\t\t\t<div class=\"elementor-widget-wrap\">\n\t\t\t\t\t\t\t<\/div>\n\t\t<\/div>\n\t\t\t\t\t<\/div>\n\t\t<\/section>\n\t\t\t\t<section class=\"elementor-section elementor-top-section elementor-element elementor-element-5045871 elementor-section-boxed elementor-section-height-default elementor-section-height-default\" data-id=\"5045871\" data-element_type=\"section\" data-settings=\"{&quot;background_background&quot;:&quot;classic&quot;}\">\n\t\t\t\t\t\t<div class=\"elementor-container elementor-column-gap-default\">\n\t\t\t\t\t<div class=\"elementor-column elementor-col-33 elementor-top-column elementor-element elementor-element-6011bcb\" data-id=\"6011bcb\" data-element_type=\"column\">\n\t\t\t<div class=\"elementor-widget-wrap elementor-element-populated\">\n\t\t\t\t\t\t<div class=\"elementor-element elementor-element-1866fe5 elementor-align-center elementor-widget elementor-widget-button\" data-id=\"1866fe5\" data-element_type=\"widget\" data-widget_type=\"button.default\">\n\t\t\t\t<div class=\"elementor-widget-container\">\n\t\t\t\t\t\t\t\t\t<div class=\"elementor-button-wrapper\">\n\t\t\t\t\t<a class=\"elementor-button elementor-button-link elementor-size-xl\" href=\"https:\/\/blogsaverroes.juntadeandalucia.es\/temacustomify\/category\/recursos\/\">\n\t\t\t\t\t\t<span class=\"elementor-button-content-wrapper\">\n\t\t\t\t\t\t\t\t\t<span class=\"elementor-button-text\">Recursos<\/span>\n\t\t\t\t\t<\/span>\n\t\t\t\t\t<\/a>\n\t\t\t\t<\/div>\n\t\t\t\t\t\t\t\t<\/div>\n\t\t\t\t<\/div>\n\t\t\t\t\t<\/div>\n\t\t<\/div>\n\t\t\t\t<div class=\"elementor-column elementor-col-33 elementor-top-column elementor-element elementor-element-cf588d6\" data-id=\"cf588d6\" data-element_type=\"column\">\n\t\t\t<div class=\"elementor-widget-wrap elementor-element-populated\">\n\t\t\t\t\t\t<div class=\"elementor-element elementor-element-2e92c3f elementor-align-center elementor-widget elementor-widget-button\" data-id=\"2e92c3f\" data-element_type=\"widget\" data-widget_type=\"button.default\">\n\t\t\t\t<div class=\"elementor-widget-container\">\n\t\t\t\t\t\t\t\t\t<div class=\"elementor-button-wrapper\">\n\t\t\t\t\t<a class=\"elementor-button elementor-button-link elementor-size-xl\" href=\"https:\/\/blogsaverroes.juntadeandalucia.es\/temacustomify\/category\/talleres\/\">\n\t\t\t\t\t\t<span class=\"elementor-button-content-wrapper\">\n\t\t\t\t\t\t\t\t\t<span class=\"elementor-button-text\">Talleres<\/span>\n\t\t\t\t\t<\/span>\n\t\t\t\t\t<\/a>\n\t\t\t\t<\/div>\n\t\t\t\t\t\t\t\t<\/div>\n\t\t\t\t<\/div>\n\t\t\t\t\t<\/div>\n\t\t<\/div>\n\t\t\t\t<div class=\"elementor-column elementor-col-33 elementor-top-column elementor-element elementor-element-fb5b123\" data-id=\"fb5b123\" data-element_type=\"column\">\n\t\t\t<div class=\"elementor-widget-wrap elementor-element-populated\">\n\t\t\t\t\t\t<div class=\"elementor-element elementor-element-6524696 elementor-align-center elementor-widget elementor-widget-button\" data-id=\"6524696\" data-element_type=\"widget\" data-widget_type=\"button.default\">\n\t\t\t\t<div class=\"elementor-widget-container\">\n\t\t\t\t\t\t\t\t\t<div class=\"elementor-button-wrapper\">\n\t\t\t\t\t<a class=\"elementor-button elementor-button-link elementor-size-xl\" href=\"https:\/\/blogsaverroes.juntadeandalucia.es\/temacustomify\/category\/articulos-de-interes\/\">\n\t\t\t\t\t\t<span class=\"elementor-button-content-wrapper\">\n\t\t\t\t\t\t\t\t\t<span class=\"elementor-button-text\">Novedades<\/span>\n\t\t\t\t\t<\/span>\n\t\t\t\t\t<\/a>\n\t\t\t\t<\/div>\n\t\t\t\t\t\t\t\t<\/div>\n\t\t\t\t<\/div>\n\t\t\t\t\t<\/div>\n\t\t<\/div>\n\t\t\t\t\t<\/div>\n\t\t<\/section>\n\t\t\t\t<section class=\"elementor-section elementor-top-section elementor-element elementor-element-367405e elementor-section-boxed elementor-section-height-default elementor-section-height-default\" data-id=\"367405e\" data-element_type=\"section\">\n\t\t\t\t\t\t<div class=\"elementor-container elementor-column-gap-default\">\n\t\t\t\t\t<div class=\"elementor-column elementor-col-33 elementor-top-column elementor-element elementor-element-90f0293\" data-id=\"90f0293\" data-element_type=\"column\">\n\t\t\t<div class=\"elementor-widget-wrap\">\n\t\t\t\t\t\t\t<\/div>\n\t\t<\/div>\n\t\t\t\t<div class=\"elementor-column elementor-col-33 elementor-top-column elementor-element elementor-element-b7a9d02\" data-id=\"b7a9d02\" data-element_type=\"column\">\n\t\t\t<div class=\"elementor-widget-wrap elementor-element-populated\">\n\t\t\t\t\t\t<div class=\"elementor-element elementor-element-de89cdf elementor-widget elementor-widget-text-editor\" data-id=\"de89cdf\" data-element_type=\"widget\" data-widget_type=\"text-editor.default\">\n\t\t\t\t<div class=\"elementor-widget-container\">\n\t\t\t\t\t\t\t\t\t<h2><strong>Eventos<\/strong><\/h2><ul id=\"upcoming-events-0730e4862cac592e3f3bf21b6ba11517\" class=\"upcoming-events\"><li><strong>24 junio, 2019 \u2013 30 junio, 2019<\/strong><br \/><strong><a href=\"https:\/\/blogsaverroes.juntadeandalucia.es\/temacustomify\/mi-calendario\/?mc_id=2\">Olimpiadas matem\u00e1ticas Ja\u00e9n 2019<\/a><\/strong><\/li><li><strong>31 julio, 2019<\/strong><br \/><strong><a href=\"https:\/\/blogsaverroes.juntadeandalucia.es\/temacustomify\/mi-calendario\/?mc_id=1\">Excursi\u00f3n Parque de las Ciencias<\/a><\/strong><\/li><\/ul><p><a href=\"https:\/\/blogsaverroes.juntadeandalucia.es\/temacustomify\/mi-calendario\/\"> Ver todos los eventos<\/a><\/p><p><!--\/themify_builder_static--><\/p>\t\t\t\t\t\t\t\t<\/div>\n\t\t\t\t<\/div>\n\t\t\t\t\t<\/div>\n\t\t<\/div>\n\t\t\t\t<div class=\"elementor-column elementor-col-33 elementor-top-column elementor-element elementor-element-ba9a05a\" data-id=\"ba9a05a\" data-element_type=\"column\">\n\t\t\t<div class=\"elementor-widget-wrap\">\n\t\t\t\t\t\t\t<\/div>\n\t\t<\/div>\n\t\t\t\t\t<\/div>\n\t\t<\/section>\n\t\t\t\t<section class=\"elementor-section elementor-top-section elementor-element elementor-element-0e3b9a8 elementor-section-content-middle elementor-section-boxed elementor-section-height-default elementor-section-height-default\" data-id=\"0e3b9a8\" data-element_type=\"section\">\n\t\t\t\t\t\t<div class=\"elementor-container elementor-column-gap-wider\">\n\t\t\t\t\t<div class=\"elementor-column elementor-col-100 elementor-top-column elementor-element elementor-element-ea6c504\" data-id=\"ea6c504\" data-element_type=\"column\">\n\t\t\t<div class=\"elementor-widget-wrap elementor-element-populated\">\n\t\t\t\t\t\t<div class=\"elementor-element elementor-element-279da38 elementor-widget elementor-widget-heading\" data-id=\"279da38\" data-element_type=\"widget\" data-widget_type=\"heading.default\">\n\t\t\t\t<div class=\"elementor-widget-container\">\n\t\t\t\t\t<h2 class=\"elementor-heading-title elementor-size-default\">\u00daltimas novedades<\/h2>\t\t\t\t<\/div>\n\t\t\t\t<\/div>\n\t\t\t\t\t<\/div>\n\t\t<\/div>\n\t\t\t\t\t<\/div>\n\t\t<\/section>\n\t\t\t\t<section class=\"elementor-section elementor-top-section elementor-element elementor-element-9fd188d elementor-section-boxed elementor-section-height-default elementor-section-height-default\" data-id=\"9fd188d\" data-element_type=\"section\">\n\t\t\t\t\t\t<div class=\"elementor-container elementor-column-gap-default\">\n\t\t\t\t\t<div class=\"elementor-column elementor-col-100 elementor-top-column elementor-element elementor-element-621e4e4\" data-id=\"621e4e4\" data-element_type=\"column\">\n\t\t\t<div class=\"elementor-widget-wrap elementor-element-populated\">\n\t\t\t\t\t\t<div class=\"elementor-element elementor-element-cda4f70 elementor-widget-divider--view-line elementor-widget elementor-widget-divider\" data-id=\"cda4f70\" data-element_type=\"widget\" data-widget_type=\"divider.default\">\n\t\t\t\t<div class=\"elementor-widget-container\">\n\t\t\t\t\t\t\t<div class=\"elementor-divider\">\n\t\t\t<span class=\"elementor-divider-separator\">\n\t\t\t\t\t\t<\/span>\n\t\t<\/div>\n\t\t\t\t\t\t<\/div>\n\t\t\t\t<\/div>\n\t\t\t\t<div class=\"elementor-element elementor-element-1a294bc elementor-widget elementor-widget-shortcode\" data-id=\"1a294bc\" data-element_type=\"widget\" data-widget_type=\"shortcode.default\">\n\t\t\t\t<div class=\"elementor-widget-container\">\n\t\t\t\t\t\t\t<div class=\"elementor-shortcode\"><div class=\"pt-cv-wrapper\"><div class=\"pt-cv-view pt-cv-grid pt-cv-colsys\" id=\"pt-cv-view-06169dduma\"><div data-id=\"pt-cv-page-1\" class=\"pt-cv-page\" data-cvc=\"4\"><div class=\"col-md-3 col-sm-6 col-xs-12 pt-cv-content-item pt-cv-1-col\" ><div class='pt-cv-ifield'><a href=\"https:\/\/blogsaverroes.juntadeandalucia.es\/temacustomify\/2019\/07\/11\/matematicas-en-el-antiguo-egipto\/\" class=\"_self pt-cv-href-thumbnail pt-cv-thumb-default\" target=\"_self\" ><img decoding=\"async\" width=\"150\" height=\"150\" src=\"https:\/\/blogsaverroes.juntadeandalucia.es\/temacustomify\/files\/2019\/10\/Moskou-papyrus-150x150.jpg\" class=\"pt-cv-thumbnail\" alt=\"Papiro\" srcset=\"https:\/\/blogsaverroes.juntadeandalucia.es\/temacustomify\/files\/2019\/10\/Moskou-papyrus-150x150.jpg 150w, https:\/\/blogsaverroes.juntadeandalucia.es\/temacustomify\/files\/2019\/10\/Moskou-papyrus-100x100.jpg 100w, https:\/\/blogsaverroes.juntadeandalucia.es\/temacustomify\/files\/2019\/10\/Moskou-papyrus-360x360.jpg 360w\" sizes=\"(max-width: 150px) 100vw, 150px\" \/><\/a>\n<h4 class=\"pt-cv-title\"><a href=\"https:\/\/blogsaverroes.juntadeandalucia.es\/temacustomify\/2019\/07\/11\/matematicas-en-el-antiguo-egipto\/\" class=\"_self\" target=\"_self\" >Matem\u00e1ticas en el Antiguo Egipto<\/a><\/h4>\n<div class=\"pt-cv-meta-fields\"><span class=\"entry-date\"> <time datetime=\"2019-07-11T11:35:08+02:00\">11 julio, 2019<\/time><\/span><\/div><\/div><\/div>\n<div class=\"col-md-3 col-sm-6 col-xs-12 pt-cv-content-item pt-cv-1-col\" ><div class='pt-cv-ifield'><a href=\"https:\/\/blogsaverroes.juntadeandalucia.es\/temacustomify\/2019\/07\/01\/30-olimpiada-matematica-nacional-jaen-2019\/\" class=\"_self pt-cv-href-thumbnail pt-cv-thumb-default\" target=\"_self\" ><img decoding=\"async\" width=\"150\" height=\"150\" src=\"https:\/\/blogsaverroes.juntadeandalucia.es\/temacustomify\/files\/2019\/10\/30-olimpiada-matematica-nacional-150x150.jpg\" class=\"pt-cv-thumbnail\" alt=\"30 olimpiada matem\u00e1tica nacional\" srcset=\"https:\/\/blogsaverroes.juntadeandalucia.es\/temacustomify\/files\/2019\/10\/30-olimpiada-matematica-nacional-150x150.jpg 150w, https:\/\/blogsaverroes.juntadeandalucia.es\/temacustomify\/files\/2019\/10\/30-olimpiada-matematica-nacional-100x100.jpg 100w, https:\/\/blogsaverroes.juntadeandalucia.es\/temacustomify\/files\/2019\/10\/30-olimpiada-matematica-nacional-360x360.jpg 360w\" sizes=\"(max-width: 150px) 100vw, 150px\" \/><\/a>\n<h4 class=\"pt-cv-title\"><a href=\"https:\/\/blogsaverroes.juntadeandalucia.es\/temacustomify\/2019\/07\/01\/30-olimpiada-matematica-nacional-jaen-2019\/\" class=\"_self\" target=\"_self\" >30 Olimpiada Matem\u00e1tica Nacional Ja\u00e9n 2019<\/a><\/h4>\n<div class=\"pt-cv-meta-fields\"><span class=\"entry-date\"> <time datetime=\"2019-07-01T08:35:16+02:00\">1 julio, 2019<\/time><\/span><\/div><\/div><\/div>\n<div class=\"col-md-3 col-sm-6 col-xs-12 pt-cv-content-item pt-cv-1-col\" ><div class='pt-cv-ifield'><a href=\"https:\/\/blogsaverroes.juntadeandalucia.es\/temacustomify\/2019\/05\/15\/deberes-en-verano\/\" class=\"_self pt-cv-href-thumbnail pt-cv-thumb-default\" target=\"_self\" ><img decoding=\"async\" width=\"150\" height=\"150\" src=\"https:\/\/blogsaverroes.juntadeandalucia.es\/temacustomify\/files\/2019\/10\/1920px-Teorema_de_Pit\u00e1goras.Pit\u00e1goras_b.svg-150x150.png\" class=\"pt-cv-thumbnail\" alt=\"Teorema de Pit\u00e1goras\" srcset=\"https:\/\/blogsaverroes.juntadeandalucia.es\/temacustomify\/files\/2019\/10\/1920px-Teorema_de_Pit\u00e1goras.Pit\u00e1goras_b.svg-150x150.png 150w, https:\/\/blogsaverroes.juntadeandalucia.es\/temacustomify\/files\/2019\/10\/1920px-Teorema_de_Pit\u00e1goras.Pit\u00e1goras_b.svg-100x100.png 100w, https:\/\/blogsaverroes.juntadeandalucia.es\/temacustomify\/files\/2019\/10\/1920px-Teorema_de_Pit\u00e1goras.Pit\u00e1goras_b.svg-360x360.png 360w\" sizes=\"(max-width: 150px) 100vw, 150px\" \/><\/a>\n<h4 class=\"pt-cv-title\"><a href=\"https:\/\/blogsaverroes.juntadeandalucia.es\/temacustomify\/2019\/05\/15\/deberes-en-verano\/\" class=\"_self\" target=\"_self\" >Deberes en verano<\/a><\/h4>\n<div class=\"pt-cv-meta-fields\"><span class=\"entry-date\"> <time datetime=\"2019-05-15T11:36:17+02:00\">15 mayo, 2019<\/time><\/span><\/div><\/div><\/div>\n<div class=\"col-md-3 col-sm-6 col-xs-12 pt-cv-content-item pt-cv-1-col\" ><div class='pt-cv-ifield'><a href=\"https:\/\/blogsaverroes.juntadeandalucia.es\/temacustomify\/2019\/04\/11\/actividades-de-refuerzo\/\" class=\"_self pt-cv-href-thumbnail pt-cv-thumb-default\" target=\"_self\" ><img loading=\"lazy\" decoding=\"async\" width=\"150\" height=\"150\" src=\"https:\/\/blogsaverroes.juntadeandalucia.es\/temacustomify\/files\/2019\/10\/late-study-1-150x150.jpg\" class=\"pt-cv-thumbnail\" alt=\"Adolescente estudiando\" srcset=\"https:\/\/blogsaverroes.juntadeandalucia.es\/temacustomify\/files\/2019\/10\/late-study-1-150x150.jpg 150w, https:\/\/blogsaverroes.juntadeandalucia.es\/temacustomify\/files\/2019\/10\/late-study-1-100x100.jpg 100w, https:\/\/blogsaverroes.juntadeandalucia.es\/temacustomify\/files\/2019\/10\/late-study-1-360x360.jpg 360w\" sizes=\"(max-width: 150px) 100vw, 150px\" \/><\/a>\n<h4 class=\"pt-cv-title\"><a href=\"https:\/\/blogsaverroes.juntadeandalucia.es\/temacustomify\/2019\/04\/11\/actividades-de-refuerzo\/\" class=\"_self\" target=\"_self\" >Actividades de refuerzo<\/a><\/h4>\n<div class=\"pt-cv-meta-fields\"><span class=\"entry-date\"> <time datetime=\"2019-04-11T09:37:27+02:00\">11 abril, 2019<\/time><\/span><\/div><\/div><\/div><\/div><\/div><\/div><\/div>\n\t\t\t\t\t\t<\/div>\n\t\t\t\t<\/div>\n\t\t\t\t\t<\/div>\n\t\t<\/div>\n\t\t\t\t\t<\/div>\n\t\t<\/section>\n\t\t\t\t<\/div>\n\t\t","protected":false},"excerpt":{"rendered":"<p>Recursos Talleres Novedades Eventos 24 junio, 2019 \u2013 30 junio, 2019Olimpiadas matem\u00e1ticas Ja\u00e9n 2019 31 julio, 2019Excursi\u00f3n Parque de las Ciencias Ver todos los eventos&hellip;<\/p>\n","protected":false},"author":7051,"featured_media":0,"parent":0,"menu_order":0,"comment_status":"closed","ping_status":"closed","template":"","meta":{"footnotes":""},"aioseo_notices":[],"_links":{"self":[{"href":"https:\/\/blogsaverroes.juntadeandalucia.es\/temacustomify\/wp-json\/wp\/v2\/pages\/37"}],"collection":[{"href":"https:\/\/blogsaverroes.juntadeandalucia.es\/temacustomify\/wp-json\/wp\/v2\/pages"}],"about":[{"href":"https:\/\/blogsaverroes.juntadeandalucia.es\/temacustomify\/wp-json\/wp\/v2\/types\/page"}],"author":[{"embeddable":true,"href":"https:\/\/blogsaverroes.juntadeandalucia.es\/temacustomify\/wp-json\/wp\/v2\/users\/7051"}],"replies":[{"embeddable":true,"href":"https:\/\/blogsaverroes.juntadeandalucia.es\/temacustomify\/wp-json\/wp\/v2\/comments?post=37"}],"version-history":[{"count":37,"href":"https:\/\/blogsaverroes.juntadeandalucia.es\/temacustomify\/wp-json\/wp\/v2\/pages\/37\/revisions"}],"predecessor-version":[{"id":201,"href":"https:\/\/blogsaverroes.juntadeandalucia.es\/temacustomify\/wp-json\/wp\/v2\/pages\/37\/revisions\/201"}],"wp:attachment":[{"href":"https:\/\/blogsaverroes.juntadeandalucia.es\/temacustomify\/wp-json\/wp\/v2\/media?parent=37"}],"curies":[{"name":"wp","href":"https:\/\/api.w.org\/{rel}","templated":true}]}}