{"id":37,"date":"2018-08-06T06:25:24","date_gmt":"2018-08-06T06:25:24","guid":{"rendered":"https:\/\/themify.me\/demo\/themes\/ultra-education\/?page_id=6"},"modified":"2019-10-08T16:22:02","modified_gmt":"2019-10-08T14:22:02","slug":"home","status":"publish","type":"page","link":"https:\/\/blogsaverroes.juntadeandalucia.es\/temakinder\/","title":{"rendered":"Inicio"},"content":{"rendered":"<p><!--themify_builder_static--><\/p>\n<h1><\/h1>\n<h3>Recursos<\/h3>\n<p> <a href=\"https:\/\/blogsaverroes.juntadeandalucia.es\/temakinder\/categoria\/recursos\/\"> Accede para ver m\u00e1s informaci\u00f3n <\/a><\/p>\n<h3>Talleres<\/h3>\n<p> <a href=\"https:\/\/blogsaverroes.juntadeandalucia.es\/temakinder\/categoria\/talleres\/\"> Obtener m\u00e1s informaci\u00f3n <\/a><\/p>\n<h3>Novedades<\/h3>\n<p> <a href=\"https:\/\/blogsaverroes.juntadeandalucia.es\/temakinder\/categoria\/articulos-de-interes\/\"> M\u00e1s informaci\u00f3n pr\u00e1ctica <\/a><\/p>\n<h2><strong>Eventos<\/strong><\/h2>\n<ul id='upcoming-events-0730e4862cac592e3f3bf21b6ba11517' class='upcoming-events'>\n<li><strong>24 junio, 2019 &ndash; 30 junio, 2019<\/strong><br \/> <strong><a href='https:\/\/blogsaverroes.juntadeandalucia.es\/temakinder\/mi-calendario\/?mc_id=2'>Olimpiadas matem\u00e1ticas Ja\u00e9n 2019<\/a><\/strong><\/li>\n<li><strong>31 julio, 2019<\/strong><br \/> <strong><a href='https:\/\/blogsaverroes.juntadeandalucia.es\/temakinder\/mi-calendario\/?mc_id=1'>Excursi\u00f3n Parque de las Ciencias<\/a><\/strong><\/li>\n<\/ul>\n<p><a href=\"https:\/\/blogsaverroes.juntadeandalucia.es\/temakinder\/mi-calendario\/\" > Ver todos los eventos <\/a><\/p>\n<h2>\u00daltimas novedades del Blog<\/h2>\n<p><!--\/themify_builder_static--><\/p>\n","protected":false},"excerpt":{"rendered":"<p>Recursos Accede para ver m\u00e1s informaci\u00f3n Talleres Obtener m\u00e1s informaci\u00f3n Novedades M\u00e1s informaci\u00f3n pr\u00e1ctica Eventos 24 junio, 2019 &ndash; 30 junio, 2019 Olimpiadas matem\u00e1ticas Ja\u00e9n 2019 31 julio, 2019 Excursi\u00f3n Parque de las Ciencias&#46;&#46;&#46;<\/p>\n","protected":false},"author":7051,"featured_media":0,"parent":0,"menu_order":0,"comment_status":"closed","ping_status":"closed","template":"","meta":{"ngg_post_thumbnail":0,"footnotes":""},"aioseo_notices":[],"_links":{"self":[{"href":"https:\/\/blogsaverroes.juntadeandalucia.es\/temakinder\/wp-json\/wp\/v2\/pages\/37"}],"collection":[{"href":"https:\/\/blogsaverroes.juntadeandalucia.es\/temakinder\/wp-json\/wp\/v2\/pages"}],"about":[{"href":"https:\/\/blogsaverroes.juntadeandalucia.es\/temakinder\/wp-json\/wp\/v2\/types\/page"}],"author":[{"embeddable":true,"href":"https:\/\/blogsaverroes.juntadeandalucia.es\/temakinder\/wp-json\/wp\/v2\/users\/7051"}],"replies":[{"embeddable":true,"href":"https:\/\/blogsaverroes.juntadeandalucia.es\/temakinder\/wp-json\/wp\/v2\/comments?post=37"}],"version-history":[{"count":25,"href":"https:\/\/blogsaverroes.juntadeandalucia.es\/temakinder\/wp-json\/wp\/v2\/pages\/37\/revisions"}],"predecessor-version":[{"id":131,"href":"https:\/\/blogsaverroes.juntadeandalucia.es\/temakinder\/wp-json\/wp\/v2\/pages\/37\/revisions\/131"}],"wp:attachment":[{"href":"https:\/\/blogsaverroes.juntadeandalucia.es\/temakinder\/wp-json\/wp\/v2\/media?parent=37"}],"curies":[{"name":"wp","href":"https:\/\/api.w.org\/{rel}","templated":true}]}}