{"id":37,"date":"2018-08-06T06:25:24","date_gmt":"2018-08-06T06:25:24","guid":{"rendered":"https:\/\/themify.me\/demo\/themes\/ultra-education\/?page_id=6"},"modified":"2019-10-08T18:22:18","modified_gmt":"2019-10-08T16:22:18","slug":"home","status":"publish","type":"page","link":"https:\/\/blogsaverroes.juntadeandalucia.es\/temasimfo\/","title":{"rendered":"Inicio"},"content":{"rendered":"<!--themify_builder_content-->\n<div id=\"themify_builder_content-37\" data-postid=\"37\" class=\"themify_builder_content themify_builder_content-37 themify_builder tf_clear\">\n                    <div  data-lazy=\"1\" class=\"module_row themify_builder_row tb_54uq784 tb_first tf_w\">\n                        <div class=\"row_inner col_align_top tb_col_count_1 tf_box tf_rel\">\n                        <div  data-lazy=\"1\" class=\"module_column tb-column col-full tb_vpva784 first\">\n                    <!-- module text -->\n<div  class=\"module module-text tb_43vd784  repeat \" data-lazy=\"1\">\n        <div  class=\"tb_text_wrap\">\n        <h2><strong>Eventos<\/strong><\/h2>\n    <\/div>\n<\/div>\n<!-- \/module text --><!-- module widget -->\n<div  class=\"module module-widget tb_cgp8785  \" data-lazy=\"1\">\n    <\/div>\n<!-- \/module widget -->\n<!-- module buttons -->\n<div  class=\"module module-buttons tb_r6cg785 buttons-horizontal solid  circle\" data-lazy=\"1\">\n        <div class=\"module-buttons-item tf_in_flx\">\n                        <a href=\"https:\/\/blogsaverroes.juntadeandalucia.es\/temasimfo\/mi-calendario\/\" class=\"ui builder_button tf_in_flx blue\" >\n                                                Ver todos los eventos                                        <\/a>\n                <\/div>\n            <\/div>\n<!-- \/module buttons -->\n        <\/div>\n                        <\/div>\n        <\/div>\n                        <div  data-lazy=\"1\" class=\"module_row themify_builder_row tb_gxkx380 tf_w\">\n                        <div class=\"row_inner col_align_top tb_col_count_1 tf_box tf_rel\">\n                        <div  data-lazy=\"1\" class=\"module_column tb-column col-full tb_zeos382 first\">\n                    <!-- module text -->\n<div  class=\"module module-text tb_wv8s382  repeat \" data-lazy=\"1\">\n        <div  class=\"tb_text_wrap\">\n        <h2>\u00daltimas novedades del Blog<\/h2>    <\/div>\n<\/div>\n<!-- \/module text --><!-- module post -->\n<div  class=\"module module-post tb_2rxf383 \">\n    <div  class=\"builder-posts-wrap loops-wrapper grid4 boxed tf_clear tf_clearfix\" data-lazy=\"1\">\n    \n<article id=\"post-128\" class=\"post tf_clearfix cat-1786820 post-128 type-post status-publish format-standard has-post-thumbnail hentry category-articulos-de-interes has-post-title has-post-date has-post-category has-post-tag has-post-comment has-post-author \">\n\t\t                <figure class=\"post-image tf_clearfix\">\n                                                            <a href=\"https:\/\/blogsaverroes.juntadeandalucia.es\/temasimfo\/2019\/07\/11\/matematicas-en-el-antiguo-egipto\/\">\n                                        <img loading=\"lazy\" decoding=\"async\" src=\"https:\/\/blogsaverroes.juntadeandalucia.es\/temasimfo\/files\/2019\/10\/Moskou-papyrus-360x360.jpg\" width=\"360\" height=\"360\" class=\"wp-post-image wp-image-104\" title=\"Papiro\" alt=\"Papiro\" srcset=\"https:\/\/blogsaverroes.juntadeandalucia.es\/temasimfo\/files\/2019\/10\/Moskou-papyrus-360x360.jpg 360w, https:\/\/blogsaverroes.juntadeandalucia.es\/temasimfo\/files\/2019\/10\/Moskou-papyrus-150x150.jpg 150w, https:\/\/blogsaverroes.juntadeandalucia.es\/temasimfo\/files\/2019\/10\/Moskou-papyrus-100x100.jpg 100w\" sizes=\"(max-width: 360px) 100vw, 360px\" \/>                                                                    <\/a>\n                                                                <\/figure>\n                    \t<div class=\"post-content\">\n\t\t<div class=\"post-date-wrap\">\n\t\t\t\t\t\t\t<time datetime=\"2019-07-11\" class=\"post-date entry-date updated\">11 julio, 2019<em>\/<\/em><\/time>\n\t\t\t\t\t\t\t\t<\/div>\n\t\t<h2 class=\"post-title entry-title\"><a href=\"https:\/\/blogsaverroes.juntadeandalucia.es\/temasimfo\/2019\/07\/11\/matematicas-en-el-antiguo-egipto\/\">Matem\u00e1ticas en el Antiguo Egipto<\/a><\/h2>\t\t\t\t        <div class=\"entry-content\">\n\n        \n            <p>Lorem ipsum dolor sit amet, consectetur adipiscing elit. Cras et tortor ac lectus aliquam vestibulum in in ante. Cras eget lectus vulputate, dignissim augue eu, pulvinar nisl. Vivamus vel nibh sed augue volutpat pharetra ut id ex. Maecenas nec erat sodales, rutrum justo non, varius justo. Integer ac eros faucibus purus semper elementum ut sed [&hellip;]<\/p>\n\n                \n            \n        <\/div><!-- \/.entry-content -->\n        \t<\/div>\n    <\/article>\n<!-- \/.post -->\n\n<article id=\"post-126\" class=\"post tf_clearfix cat-1786820 post-126 type-post status-publish format-standard has-post-thumbnail hentry category-articulos-de-interes has-post-title has-post-date has-post-category has-post-tag has-post-comment has-post-author \">\n\t\t                <figure class=\"post-image tf_clearfix\">\n                                                            <a href=\"https:\/\/blogsaverroes.juntadeandalucia.es\/temasimfo\/2019\/07\/01\/30-olimpiada-matematica-nacional-jaen-2019\/\">\n                                        <img loading=\"lazy\" decoding=\"async\" src=\"https:\/\/blogsaverroes.juntadeandalucia.es\/temasimfo\/files\/2019\/10\/30-olimpiada-matematica-nacional-360x360.jpg\" width=\"360\" height=\"360\" class=\"wp-post-image wp-image-96\" title=\"30 olimpiada matem\u00e1tica nacional\" alt=\"30 olimpiada matem\u00e1tica nacional\" srcset=\"https:\/\/blogsaverroes.juntadeandalucia.es\/temasimfo\/files\/2019\/10\/30-olimpiada-matematica-nacional-360x360.jpg 360w, https:\/\/blogsaverroes.juntadeandalucia.es\/temasimfo\/files\/2019\/10\/30-olimpiada-matematica-nacional-150x150.jpg 150w, https:\/\/blogsaverroes.juntadeandalucia.es\/temasimfo\/files\/2019\/10\/30-olimpiada-matematica-nacional-100x100.jpg 100w\" sizes=\"(max-width: 360px) 100vw, 360px\" \/>                                                                    <\/a>\n                                                                <\/figure>\n                    \t<div class=\"post-content\">\n\t\t<div class=\"post-date-wrap\">\n\t\t\t\t\t\t\t<time datetime=\"2019-07-01\" class=\"post-date entry-date updated\">1 julio, 2019<em>\/<\/em><\/time>\n\t\t\t\t\t\t\t\t<\/div>\n\t\t<h2 class=\"post-title entry-title\"><a href=\"https:\/\/blogsaverroes.juntadeandalucia.es\/temasimfo\/2019\/07\/01\/30-olimpiada-matematica-nacional-jaen-2019\/\">30 Olimpiada Matem\u00e1tica Nacional Ja\u00e9n 2019<\/a><\/h2>\t\t\t\t        <div class=\"entry-content\">\n\n        \n            <p>Lorem ipsum dolor sit amet, consectetur adipiscing elit. Cras et tortor ac lectus aliquam vestibulum in in ante. Cras eget lectus vulputate, dignissim augue eu, pulvinar nisl. Vivamus vel nibh sed augue volutpat pharetra ut id ex. Maecenas nec erat sodales, rutrum justo non, varius justo. Integer ac eros faucibus purus semper elementum ut sed [&hellip;]<\/p>\n\n                \n            \n        <\/div><!-- \/.entry-content -->\n        \t<\/div>\n    <\/article>\n<!-- \/.post -->\n\n<article id=\"post-124\" class=\"post tf_clearfix cat-436 post-124 type-post status-publish format-standard has-post-thumbnail hentry category-talleres has-post-title has-post-date has-post-category has-post-tag has-post-comment has-post-author \">\n\t\t                <figure class=\"post-image tf_clearfix\">\n                                                            <a href=\"https:\/\/blogsaverroes.juntadeandalucia.es\/temasimfo\/2019\/05\/15\/deberes-en-verano\/\">\n                                        <img loading=\"lazy\" decoding=\"async\" src=\"https:\/\/blogsaverroes.juntadeandalucia.es\/temasimfo\/files\/2019\/10\/1920px-Teorema_de_Pit\u00e1goras.Pit\u00e1goras_b.svg-360x360.png\" width=\"360\" height=\"360\" class=\"wp-post-image wp-image-98\" title=\"Teorema de Pit\u00e1goras\" alt=\"Teorema de Pit\u00e1goras\" srcset=\"https:\/\/blogsaverroes.juntadeandalucia.es\/temasimfo\/files\/2019\/10\/1920px-Teorema_de_Pit\u00e1goras.Pit\u00e1goras_b.svg-360x360.png 360w, https:\/\/blogsaverroes.juntadeandalucia.es\/temasimfo\/files\/2019\/10\/1920px-Teorema_de_Pit\u00e1goras.Pit\u00e1goras_b.svg-150x150.png 150w, https:\/\/blogsaverroes.juntadeandalucia.es\/temasimfo\/files\/2019\/10\/1920px-Teorema_de_Pit\u00e1goras.Pit\u00e1goras_b.svg-100x100.png 100w\" sizes=\"(max-width: 360px) 100vw, 360px\" \/>                                                                    <\/a>\n                                                                <\/figure>\n                    \t<div class=\"post-content\">\n\t\t<div class=\"post-date-wrap\">\n\t\t\t\t\t\t\t<time datetime=\"2019-05-15\" class=\"post-date entry-date updated\">15 mayo, 2019<em>\/<\/em><\/time>\n\t\t\t\t\t\t\t\t<\/div>\n\t\t<h2 class=\"post-title entry-title\"><a href=\"https:\/\/blogsaverroes.juntadeandalucia.es\/temasimfo\/2019\/05\/15\/deberes-en-verano\/\">Deberes en verano<\/a><\/h2>\t\t\t\t        <div class=\"entry-content\">\n\n        \n            <p>Lorem ipsum dolor sit amet, consectetur adipiscing elit. Cras et tortor ac lectus aliquam vestibulum in in ante. Cras eget lectus vulputate, dignissim augue eu, pulvinar nisl. Vivamus vel nibh sed augue volutpat pharetra ut id ex. Maecenas nec erat sodales, rutrum justo non, varius justo. Integer ac eros faucibus purus semper elementum ut sed [&hellip;]<\/p>\n\n                \n            \n        <\/div><!-- \/.entry-content -->\n        \t<\/div>\n    <\/article>\n<!-- \/.post -->\n\n<article id=\"post-122\" class=\"post tf_clearfix cat-436 post-122 type-post status-publish format-standard has-post-thumbnail hentry category-talleres has-post-title has-post-date has-post-category has-post-tag has-post-comment has-post-author \">\n\t\t                <figure class=\"post-image tf_clearfix\">\n                                                            <a href=\"https:\/\/blogsaverroes.juntadeandalucia.es\/temasimfo\/2019\/04\/11\/actividades-de-refuerzo\/\">\n                                        <img loading=\"lazy\" decoding=\"async\" src=\"https:\/\/blogsaverroes.juntadeandalucia.es\/temasimfo\/files\/2019\/10\/late-study-1-360x360.jpg\" width=\"360\" height=\"360\" class=\"wp-post-image wp-image-102\" title=\"Adolescente estudiando\" alt=\"Adolescente estudiando\" srcset=\"https:\/\/blogsaverroes.juntadeandalucia.es\/temasimfo\/files\/2019\/10\/late-study-1-360x360.jpg 360w, https:\/\/blogsaverroes.juntadeandalucia.es\/temasimfo\/files\/2019\/10\/late-study-1-150x150.jpg 150w, https:\/\/blogsaverroes.juntadeandalucia.es\/temasimfo\/files\/2019\/10\/late-study-1-100x100.jpg 100w\" sizes=\"(max-width: 360px) 100vw, 360px\" \/>                                                                    <\/a>\n                                                                <\/figure>\n                    \t<div class=\"post-content\">\n\t\t<div class=\"post-date-wrap\">\n\t\t\t\t\t\t\t<time datetime=\"2019-04-11\" class=\"post-date entry-date updated\">11 abril, 2019<em>\/<\/em><\/time>\n\t\t\t\t\t\t\t\t<\/div>\n\t\t<h2 class=\"post-title entry-title\"><a href=\"https:\/\/blogsaverroes.juntadeandalucia.es\/temasimfo\/2019\/04\/11\/actividades-de-refuerzo\/\">Actividades de refuerzo<\/a><\/h2>\t\t\t\t        <div class=\"entry-content\">\n\n        \n            <p>Lorem ipsum dolor sit amet, consectetur adipiscing elit. Cras et tortor ac lectus aliquam vestibulum in in ante. Cras eget lectus vulputate, dignissim augue eu, pulvinar nisl. Vivamus vel nibh sed augue volutpat pharetra ut id ex. Maecenas nec erat sodales, rutrum justo non, varius justo. Integer ac eros faucibus purus semper elementum ut sed [&hellip;]<\/p>\n\n                \n            \n        <\/div><!-- \/.entry-content -->\n        \t<\/div>\n    <\/article>\n<!-- \/.post -->\n    <\/div><!-- .builder-posts-wrap -->\n            <\/div>\n<!-- \/module post -->\n            <\/div>\n                        <\/div>\n        <\/div>\n        <\/div>\n<!--\/themify_builder_content-->","protected":false},"excerpt":{"rendered":"<p>Eventos 24 junio, 2019 &ndash; 30 junio, 2019 Olimpiadas matem\u00e1ticas Ja\u00e9n 2019 31 julio, 2019 Excursi\u00f3n Parque de las Ciencias Ver todos los eventos \u00daltimas novedades del Blog<\/p>\n","protected":false},"author":7051,"featured_media":0,"parent":0,"menu_order":0,"comment_status":"closed","ping_status":"closed","template":"","meta":{"ngg_post_thumbnail":0,"footnotes":""},"aioseo_notices":[],"_links":{"self":[{"href":"https:\/\/blogsaverroes.juntadeandalucia.es\/temasimfo\/wp-json\/wp\/v2\/pages\/37"}],"collection":[{"href":"https:\/\/blogsaverroes.juntadeandalucia.es\/temasimfo\/wp-json\/wp\/v2\/pages"}],"about":[{"href":"https:\/\/blogsaverroes.juntadeandalucia.es\/temasimfo\/wp-json\/wp\/v2\/types\/page"}],"author":[{"embeddable":true,"href":"https:\/\/blogsaverroes.juntadeandalucia.es\/temasimfo\/wp-json\/wp\/v2\/users\/7051"}],"replies":[{"embeddable":true,"href":"https:\/\/blogsaverroes.juntadeandalucia.es\/temasimfo\/wp-json\/wp\/v2\/comments?post=37"}],"version-history":[{"count":30,"href":"https:\/\/blogsaverroes.juntadeandalucia.es\/temasimfo\/wp-json\/wp\/v2\/pages\/37\/revisions"}],"predecessor-version":[{"id":183,"href":"https:\/\/blogsaverroes.juntadeandalucia.es\/temasimfo\/wp-json\/wp\/v2\/pages\/37\/revisions\/183"}],"wp:attachment":[{"href":"https:\/\/blogsaverroes.juntadeandalucia.es\/temasimfo\/wp-json\/wp\/v2\/media?parent=37"}],"curies":[{"name":"wp","href":"https:\/\/api.w.org\/{rel}","templated":true}]}}