{"id":70,"date":"2022-02-01T17:46:11","date_gmt":"2022-02-01T17:46:11","guid":{"rendered":"https:\/\/blogsaverroes.juntadeandalucia.es\/ticacn\/?page_id=70"},"modified":"2023-01-24T09:08:19","modified_gmt":"2023-01-24T09:08:19","slug":"datos-del-centro","status":"publish","type":"page","link":"https:\/\/blogsaverroes.juntadeandalucia.es\/ticacn\/datos-del-centro\/","title":{"rendered":"Datos del centro"},"content":{"rendered":"<p><iframe loading=\"lazy\" src=\"https:\/\/www.google.com\/maps\/d\/embed?mid=1SDAon7OUqazgJrcoQrPr7pghGKjGF_B2&amp;ehbc=2E312F\" width=\"640\" height=\"480\"><span style=\"width: 0px;overflow: hidden;line-height: 0\" data-mce-type=\"bookmark\" class=\"mce_SELRES_start\">\ufeff<\/span><\/iframe><\/p>\n<h4>Datos de contacto<\/h4>\n<p>IES Los Pedroches<\/p>\n<p>Direcci\u00f3n:&nbsp; <span class=\"LrzXr\">Av. de la Salchi, s\/n, 14400 Pozoblanco, C\u00f3rdoba<\/span><\/p>\n<p>Tel\u00e9fono \/ FAX: <span class=\"LrzXr zdqRlf kno-fv\"><span data-dtype=\"d3ph\" data-local-attribute=\"d3ph\">957 13 95 46 \/ 957-139547<br \/>\n<\/span><\/span><\/p>\n<p>Email: 14005663.edu@juntadeandalucia.es<\/p>\n<h4>Horarios<\/h4>\n<ul>\n<li>Oficina: de lunes a viernes de 9:30 a 13:00.<\/li>\n<li>Clases en diurno: de 8:30 a 15:00<\/li>\n<li>Clases en nocturno: de 16:30 a 23:00, var\u00edan en funci\u00f3n de la ense\u00f1anza.<\/li>\n<\/ul>\n","protected":false},"excerpt":{"rendered":"<p>\ufeff Datos de contacto IES Los Pedroches Direcci\u00f3n:&nbsp; Av. de la Salchi, s\/n, 14400 Pozoblanco, C\u00f3rdoba Tel\u00e9fono \/ FAX: 957 13 95 46 \/ 957-139547 Email: 14005663.edu@juntadeandalucia.es Horarios Oficina: de lunes a viernes de&#46;&#46;&#46;<\/p>\n","protected":false},"author":14372,"featured_media":0,"parent":0,"menu_order":0,"comment_status":"closed","ping_status":"closed","template":"","meta":{"ngg_post_thumbnail":0,"footnotes":""},"aioseo_notices":[],"_links":{"self":[{"href":"https:\/\/blogsaverroes.juntadeandalucia.es\/ticacn\/wp-json\/wp\/v2\/pages\/70"}],"collection":[{"href":"https:\/\/blogsaverroes.juntadeandalucia.es\/ticacn\/wp-json\/wp\/v2\/pages"}],"about":[{"href":"https:\/\/blogsaverroes.juntadeandalucia.es\/ticacn\/wp-json\/wp\/v2\/types\/page"}],"author":[{"embeddable":true,"href":"https:\/\/blogsaverroes.juntadeandalucia.es\/ticacn\/wp-json\/wp\/v2\/users\/14372"}],"replies":[{"embeddable":true,"href":"https:\/\/blogsaverroes.juntadeandalucia.es\/ticacn\/wp-json\/wp\/v2\/comments?post=70"}],"version-history":[{"count":4,"href":"https:\/\/blogsaverroes.juntadeandalucia.es\/ticacn\/wp-json\/wp\/v2\/pages\/70\/revisions"}],"predecessor-version":[{"id":81,"href":"https:\/\/blogsaverroes.juntadeandalucia.es\/ticacn\/wp-json\/wp\/v2\/pages\/70\/revisions\/81"}],"wp:attachment":[{"href":"https:\/\/blogsaverroes.juntadeandalucia.es\/ticacn\/wp-json\/wp\/v2\/media?parent=70"}],"curies":[{"name":"wp","href":"https:\/\/api.w.org\/{rel}","templated":true}]}}